{"id":17313,"date":"2025-11-20T08:57:02","date_gmt":"2025-11-20T07:57:02","guid":{"rendered":"https:\/\/alpha-calcit.net\/tapetenindustrie-2\/"},"modified":"2026-03-12T08:34:49","modified_gmt":"2026-03-12T07:34:49","slug":"tapetenindustrie-2","status":"publish","type":"page","link":"https:\/\/alpha-calcit.net\/de\/tapetenindustrie-2\/","title":{"rendered":"Tapetenindustrie"},"content":{"rendered":"<p>[et_pb_section fb_built=&#8220;1&#8243; next_background_color=&#8220;#f7f7f7&#8243; admin_label=&#8220;Hero&#8220; _builder_version=&#8220;4.16&#8243; use_background_color_gradient=&#8220;on&#8220; background_color_gradient_direction=&#8220;70deg&#8220; background_color_gradient_stops=&#8220;rgba(40,61,75,0.3) 0%|rgba(128,103,79,0.22) 100%&#8220; background_color_gradient_overlays_image=&#8220;on&#8220; background_color_gradient_start=&#8220;rgba(40,61,75,0.3)&#8220; background_color_gradient_end=&#8220;rgba(128,103,79,0.22)&#8220; background_image=&#8220;https:\/\/alpha-calcit.net\/wp-content\/uploads\/2022\/09\/Tapetenindustrie.jpg&#8220; custom_margin=&#8220;|||&#8220; custom_padding=&#8220;6vw|||&#8220; bottom_divider_style=&#8220;mountains2&#8243; bottom_divider_height=&#8220;20vw&#8220; bottom_divider_repeat=&#8220;0.5x&#8220; bottom_divider_flip=&#8220;horizontal|vertical&#8220; animation_style=&#8220;zoom&#8220; global_colors_info=&#8220;{}&#8220;][et_pb_row _builder_version=&#8220;4.16&#8243; custom_margin=&#8220;|||&#8220; custom_padding=&#8220;27px|0px|0|0px|false|false&#8220; global_colors_info=&#8220;{}&#8220;][et_pb_column type=&#8220;4_4&#8243; _builder_version=&#8220;4.16&#8243; custom_padding=&#8220;|||&#8220; global_colors_info=&#8220;{}&#8220; custom_padding__hover=&#8220;|||&#8220;][et_pb_text _builder_version=&#8220;4.16&#8243; text_font=&#8220;||||||||&#8220; header_font=&#8220;|700|||||||&#8220; header_text_color=&#8220;#ffffff&#8220; header_font_size=&#8220;90px&#8220; header_line_height=&#8220;1.4em&#8220; header_2_font=&#8220;Josefin Sans||||||||&#8220; header_2_text_color=&#8220;rgba(255,255,255,0.6)&#8220; header_2_font_size=&#8220;32px&#8220; header_2_line_height=&#8220;1.4em&#8220; background_layout=&#8220;dark&#8220; animation_style=&#8220;slide&#8220; animation_direction=&#8220;right&#8220; animation_intensity_slide=&#8220;4%&#8220; header_font_size_tablet=&#8220;50px&#8220; header_font_size_phone=&#8220;32px&#8220; header_font_size_last_edited=&#8220;on|desktop&#8220; header_2_font_size_tablet=&#8220;&#8220; header_2_font_size_phone=&#8220;24px&#8220; header_2_font_size_last_edited=&#8220;on|phone&#8220; header_text_shadow_style=&#8220;preset3&#8243; header_text_shadow_color=&#8220;#000000&#8243; global_colors_info=&#8220;{}&#8220;]<\/p>\n<h1>Tapetenindustrie<\/h1>\n<div id=\"gtx-trans\" style=\"position: absolute; left: -48px; top: 5.09375px;\">\n<div class=\"gtx-trans-icon\"> <\/div>\n<\/div>\n<p>[\/et_pb_text][\/et_pb_column][\/et_pb_row][et_pb_row column_structure=&#8220;1_2,1_2&#8243; _builder_version=&#8220;4.16&#8243; custom_padding=&#8220;0|0px|27px|0px|false|false&#8220; locked=&#8220;off&#8220; global_colors_info=&#8220;{}&#8220;][et_pb_column type=&#8220;1_2&#8243; _builder_version=&#8220;4.16&#8243; custom_padding=&#8220;|||&#8220; global_colors_info=&#8220;{}&#8220; custom_padding__hover=&#8220;|||&#8220;][et_pb_text admin_label=&#8220;Text&#8220; _builder_version=&#8220;4.16&#8243; global_colors_info=&#8220;{}&#8220;][\/et_pb_text][\/et_pb_column][et_pb_column type=&#8220;1_2&#8243; _builder_version=&#8220;4.16&#8243; custom_padding=&#8220;|||&#8220; global_colors_info=&#8220;{}&#8220; custom_padding__hover=&#8220;|||&#8220;][et_pb_button button_url=&#8220;#Bereiche&#8220; button_text=&#8220;zu den Produktvarianten&#8220; button_alignment=&#8220;right&#8220; _builder_version=&#8220;4.16&#8243; _module_preset=&#8220;default&#8220; custom_button=&#8220;on&#8220; button_text_size=&#8220;23px&#8220; button_text_color=&#8220;#FFFFFF&#8220; button_bg_color=&#8220;#00478A&#8220; button_border_width=&#8220;0px&#8220; button_border_color=&#8220;#00478A&#8220; button_border_radius=&#8220;100px&#8220; button_font=&#8220;|700|||||||&#8220; animation_style=&#8220;slide&#8220; box_shadow_style=&#8220;preset3&#8243; box_shadow_blur=&#8220;20px&#8220; box_shadow_spread=&#8220;-10px&#8220; global_colors_info=&#8220;{}&#8220;][\/et_pb_button][\/et_pb_column][\/et_pb_row][et_pb_row use_custom_gutter=&#8220;on&#8220; gutter_width=&#8220;1&#8243; disabled_on=&#8220;on|off|off&#8220; module_class=&#8220; et_pb_row_fullwidth&#8220; _builder_version=&#8220;4.16&#8243; width=&#8220;100%&#8220; width_tablet=&#8220;100%&#8220; width_phone=&#8220;&#8220; width_last_edited=&#8220;on|desktop&#8220; max_width=&#8220;100%&#8220; max_width_tablet=&#8220;100%&#8220; max_width_phone=&#8220;&#8220; max_width_last_edited=&#8220;on|desktop&#8220; make_fullwidth=&#8220;on&#8220; locked=&#8220;off&#8220; global_colors_info=&#8220;{}&#8220;][et_pb_column type=&#8220;4_4&#8243; _builder_version=&#8220;4.16&#8243; custom_padding=&#8220;|||&#8220; global_colors_info=&#8220;{}&#8220; custom_padding__hover=&#8220;|||&#8220;][\/et_pb_column][\/et_pb_row][\/et_pb_section][et_pb_section fb_built=&#8220;1&#8243; custom_padding_last_edited=&#8220;off|desktop&#8220; admin_label=&#8220;Services&#8220; _builder_version=&#8220;4.16&#8243; background_color=&#8220;#f7f7f7&#8243; custom_padding=&#8220;|||&#8220; global_colors_info=&#8220;{}&#8220;][et_pb_row admin_label=&#8220;Inhaltlicher Bereich&#8220; _builder_version=&#8220;4.16&#8243; global_colors_info=&#8220;{}&#8220;][et_pb_column type=&#8220;4_4&#8243; _builder_version=&#8220;4.16&#8243; custom_padding=&#8220;|||&#8220; global_colors_info=&#8220;{}&#8220; custom_padding__hover=&#8220;|||&#8220;][et_pb_text admin_label=&#8220;Text&#8220; _builder_version=&#8220;4.16&#8243; text_font=&#8220;||||||||&#8220; text_font_size=&#8220;18px&#8220; text_line_height=&#8220;1.8em&#8220; header_font=&#8220;||||||||&#8220; header_text_color=&#8220;rgba(0,0,0,0)&#8220; header_2_font=&#8220;Josefin Sans|700|||||||&#8220; header_2_font_size=&#8220;48px&#8220; header_2_line_height=&#8220;1.4em&#8220; header_3_font=&#8220;Josefin Sans|700||on|||||&#8220; header_3_text_color=&#8220;rgba(43,51,68,0.2)&#8220; text_orientation=&#8220;justified&#8220; max_width=&#8220;1024px&#8220; module_alignment=&#8220;center&#8220; custom_margin=&#8220;|||&#8220; custom_padding=&#8220;|||&#8220; header_2_font_size_tablet=&#8220;&#8220; header_2_font_size_phone=&#8220;24px&#8220; header_2_font_size_last_edited=&#8220;on|phone&#8220; header_2_line_height_tablet=&#8220;1.4em&#8220; header_2_line_height_last_edited=&#8220;off|desktop&#8220; locked=&#8220;off&#8220; global_colors_info=&#8220;{}&#8220;]<\/p>\n<p>Die vielf\u00e4ltigen Gestaltungsm\u00f6glichkeiten und die verschiedenen Dekorschichten (Struktur- oder Vinyltapete, Papiermotive) sowie die Tr\u00e4germaterialien (Papier oder Vlies) machen die Verwendung von umweltfreundlichen, langlebigen und leicht zu verarbeitenden Tapetenarten zu einem Produkt, das eine gesunde Wohlf\u00fchlatmosph\u00e4re gew\u00e4hrleistet.<\/p>\n<p>Die bei der Herstellung darauf aufgebrachte fl\u00fcssige Makulatur besteht neben PVC aus F\u00fcllstoffen, damit zeitgem\u00e4\u00dfe Tr\u00e4germaterialien wie Vlies leicht zu verarbeiten sind und gleichzeitig eine erhebliche Zeitersparnis bei der Renovierung bieten.<\/p>\n<p>Ebenso ben\u00f6tigen Tapetenbeschichtungen aus PVC, Acrylschaum oder PVC, Druckfarbe oder Lack stabile, besonders wei\u00dfe F\u00fcllstoffe bei ihrer Herstellung durch verschiedene Druck- oder Pr\u00e4geverfahren.<\/p>\n<p>Unsere hierf\u00fcr geeigneten Produkte aus dem Sortiment <strong><em>ALFRIMAL<\/em><\/strong>\u00ae und <strong><em>CALCILIT<\/em><\/strong>\u00ae bieten als ma\u00dfgeschneiderte mineralische Rohstoffe mit jeweils optimierter Partikelgr\u00f6\u00dfenverteilung eine effektive Unterst\u00fctzung in der Vielfalt der m\u00f6glichen Tapetenherstellung.<\/p>\n<p>[\/et_pb_text][\/et_pb_column][\/et_pb_row][\/et_pb_section][et_pb_section fb_built=&#8220;1&#8243; disabled_on=&#8220;off|off|off&#8220; admin_label=&#8220;6-er Auswahl&#8220; module_id=&#8220;Bereiche&#8220; _builder_version=&#8220;4.16&#8243; background_enable_image=&#8220;off&#8220; background_position=&#8220;top_left&#8220; custom_margin=&#8220;0px||||false|false&#8220; custom_padding=&#8220;0px||||false|false&#8220; global_colors_info=&#8220;{}&#8220;][et_pb_row _builder_version=&#8220;4.16&#8243; _module_preset=&#8220;default&#8220; custom_padding=&#8220;50px||||false|false&#8220; global_colors_info=&#8220;{}&#8220;][et_pb_column type=&#8220;4_4&#8243; _builder_version=&#8220;4.16&#8243; _module_preset=&#8220;default&#8220; global_colors_info=&#8220;{}&#8220;][et_pb_text admin_label=&#8220;Text&#8220; _builder_version=&#8220;4.16&#8243; _module_preset=&#8220;default&#8220; global_colors_info=&#8220;{}&#8220;]<\/p>\n<h2 style=\"text-align: center;\"><strong><span style=\"color: #00478a;\">Produktvarianten<\/span><\/strong><\/h2>\n<p>[\/et_pb_text][\/et_pb_column][\/et_pb_row][et_pb_row _builder_version=&#8220;4.16&#8243; _module_preset=&#8220;default&#8220; global_colors_info=&#8220;{}&#8220;][et_pb_column type=&#8220;4_4&#8243; _builder_version=&#8220;4.16&#8243; _module_preset=&#8220;default&#8220; global_colors_info=&#8220;{}&#8220;][dvmd_table_maker tbl_row_header_count=&#8220;0&#8243; admin_label=&#8220;Table Maker&#8220; _builder_version=&#8220;4.16&#8243; _module_preset=&#8220;default&#8220; global_colors_info=&#8220;{}&#8220;][dvmd_table_maker_item col_label=&#8220;Product line&#8220; col_content=&#8220;Product line <strong><em>ALFRIMAL<sup>\u00ae<\/sup><\/em><\/strong>   &#8220; col_column_max_width=&#8220;1fr&#8220; col_chead_cell_color=&#8220;#022d64&#8243; _builder_version=&#8220;4.16&#8243; _module_preset=&#8220;default&#8220; col_tcell_text_text_color=&#8220;#000000&#8243; col_chead_text_font=&#8220;|700|||||||&#8220; col_chead_text_text_color=&#8220;#FFFFFF&#8220; global_colors_info=&#8220;{}&#8220;][\/dvmd_table_maker_item][dvmd_table_maker_item col_label=&#8220;Version&#8220; col_content=&#8220;Version <strong><em>ALFRIMAL<sup>\u00ae<\/sup> 104<\/em><\/strong> <strong><em>ALFRIMAL<sup>\u00ae<\/sup> 106<\/em><\/strong> <strong><em>ALFRIMAL<sup>\u00ae<\/sup> 446 <\/em><\/strong>&#8220; col_column_max_width=&#8220;1fr&#8220; col_chead_cell_color=&#8220;#022d64&#8243; _builder_version=&#8220;4.16&#8243; _module_preset=&#8220;default&#8220; col_tcell_text_text_color=&#8220;#000000&#8243; col_chead_text_font=&#8220;|700|||||||&#8220; col_chead_text_text_color=&#8220;#FFFFFF&#8220; global_colors_info=&#8220;{}&#8220;][\/dvmd_table_maker_item][dvmd_table_maker_item col_label=&#8220;Base&#8220; col_content=&#8220;Base ATH Base ATH Base ATH Base&#8220; col_column_max_width=&#8220;1fr&#8220; col_chead_cell_color=&#8220;#022d64&#8243; _builder_version=&#8220;4.16&#8243; _module_preset=&#8220;default&#8220; col_tcell_text_text_color=&#8220;#000000&#8243; col_chead_text_font=&#8220;|700|||||||&#8220; col_chead_text_text_color=&#8220;#FFFFFF&#8220; global_colors_info=&#8220;{}&#8220;][\/dvmd_table_maker_item][dvmd_table_maker_item col_label=&#8220;Properties \/ Description&#8220; col_content=&#8220;Properties \/ Description serve to increase the service life of the plastic and protect against various damaging influences during its use\/ flame retardant \/ suitable for processing temperatures up to 200 \u00b0 C \/ finest particle size \/ alternative for finest precipitated ATH \/ narrow decomposition temperature gap \/ independent of pH value flame retardant \/ suitable for processing temperatures up to 200 \u00b0 C \/ fine particle size \/ alternative for finest precipitated ATH \/ narrow decomposition temperature gap \/ independent of pH-value flame retardant \/ smoke retardant \/ optimized particle size distribution \/ high loading capacity&#8220; col_column_max_width=&#8220;3fr&#8220; col_chead_cell_color=&#8220;#022d64&#8243; _builder_version=&#8220;4.16&#8243; _module_preset=&#8220;default&#8220; col_tcell_text_text_color=&#8220;#000000&#8243; col_chead_text_font=&#8220;|700|||||||&#8220; col_chead_text_text_color=&#8220;#FFFFFF&#8220; global_colors_info=&#8220;{}&#8220;][\/dvmd_table_maker_item][dvmd_table_maker_item col_label=&#8220;Download Datasheet&#8220; col_column_max_width=&#8220;0.3fr&#8220; col_chead_cell_color=&#8220;#022d64&#8243; _builder_version=&#8220;4.16&#8243; _module_preset=&#8220;default&#8220; col_tcell_text_text_color=&#8220;#000000&#8243; col_chead_text_font=&#8220;|700|||||||&#8220; col_chead_text_text_color=&#8220;#FFFFFF&#8220; global_colors_info=&#8220;{}&#8220;][\/dvmd_table_maker_item][\/dvmd_table_maker][\/et_pb_column][\/et_pb_row][\/et_pb_section][et_pb_section fb_built=&#8220;1&#8243; admin_label=&#8220;Footer1&#8243; _builder_version=&#8220;4.16&#8243; background_color=&#8220;#022D64&#8243; custom_padding=&#8220;|||&#8220; saved_tabs=&#8220;all&#8220; global_colors_info=&#8220;{}&#8220;][et_pb_row use_custom_gutter=&#8220;on&#8220; gutter_width=&#8220;2&#8243; module_id=&#8220;kontakt&#8220; _builder_version=&#8220;4.16&#8243; background_enable_color=&#8220;off&#8220; max_width=&#8220;1440px&#8220; use_custom_width=&#8220;on&#8220; custom_width_px=&#8220;1440px&#8220; locked=&#8220;off&#8220; global_colors_info=&#8220;{}&#8220;][et_pb_column type=&#8220;4_4&#8243; _builder_version=&#8220;4.16&#8243; custom_padding=&#8220;|||&#8220; global_colors_info=&#8220;{}&#8220; custom_padding__hover=&#8220;|||&#8220;][et_pb_menu menu_id=&#8220;9&#8243; menu_style=&#8220;centered&#8220; active_link_color=&#8220;#ffffff&#8220; dropdown_menu_bg_color=&#8220;#00478a&#8220; dropdown_menu_line_color=&#8220;#00478a&#8220; dropdown_menu_text_color=&#8220;#ffffff&#8220; dropdown_menu_active_link_color=&#8220;#ffffff&#8220; mobile_menu_bg_color=&#8220;#00478a&#8220; mobile_menu_text_color=&#8220;#ffffff&#8220; logo=&#8220;https:\/\/alpha-calcit.net\/wp-content\/uploads\/2020\/06\/alpha_logo-300&#215;87-1.png&#8220; _builder_version=&#8220;4.16&#8243; menu_text_color=&#8220;#ffffff&#8220; background_color=&#8220;rgba(0,0,0,0)&#8220; background_layout=&#8220;dark&#8220; global_colors_info=&#8220;{}&#8220;][\/et_pb_menu][\/et_pb_column][\/et_pb_row][et_pb_row use_custom_gutter=&#8220;on&#8220; gutter_width=&#8220;2&#8243; module_id=&#8220;kontakt&#8220; _builder_version=&#8220;4.16&#8243; background_enable_color=&#8220;off&#8220; max_width=&#8220;1440px&#8220; use_custom_width=&#8220;on&#8220; custom_width_px=&#8220;1440px&#8220; locked=&#8220;off&#8220; global_colors_info=&#8220;{}&#8220;][et_pb_column type=&#8220;4_4&#8243; _builder_version=&#8220;4.16&#8243; custom_padding=&#8220;|||&#8220; global_colors_info=&#8220;{}&#8220; custom_padding__hover=&#8220;|||&#8220;][\/et_pb_column][\/et_pb_row][\/et_pb_section]<\/p>\n","protected":false},"excerpt":{"rendered":"<p>Tapetenindustrie Die vielf\u00e4ltigen Gestaltungsm\u00f6glichkeiten und die verschiedenen Dekorschichten (Struktur- oder Vinyltapete, Papiermotive) sowie die Tr\u00e4germaterialien (Papier oder Vlies) machen die Verwendung von umweltfreundlichen, langlebigen und leicht zu verarbeitenden Tapetenarten zu einem Produkt, das eine gesunde Wohlf\u00fchlatmosph\u00e4re gew\u00e4hrleistet. Die bei der Herstellung darauf aufgebrachte fl\u00fcssige Makulatur besteht neben PVC aus F\u00fcllstoffen, damit zeitgem\u00e4\u00dfe Tr\u00e4germaterialien wie Vlies [&hellip;]<\/p>\n","protected":false},"author":8,"featured_media":0,"parent":0,"menu_order":0,"comment_status":"closed","ping_status":"closed","template":"","meta":{"_et_pb_use_builder":"on","_et_pb_old_content":"","_et_gb_content_width":"","footnotes":""},"class_list":["post-17313","page","type-page","status-publish","hentry"],"yoast_head":"<!-- This site is optimized with the Yoast SEO plugin v27.4 - https:\/\/yoast.com\/product\/yoast-seo-wordpress\/ -->\n<title>Tapetenindustrie - Alpha Calcit<\/title>\n<meta name=\"description\" content=\"Die vielf\u00e4ltigen Gestaltungsm\u00f6glichkeiten und die verschiedenen Dekorschichten (Struktur- oder Vinyltapete, Papiermotive) sowie die Tr\u00e4germaterialien (Papier oder Vlies) machen die Verwendung von umweltfreundlichen, langlebigen und leicht zu verarbeitenden Tapetenarten zu einem Produkt, das eine gesunde Wohlf\u00fchlatmosph\u00e4re gew\u00e4hrleistet.\" \/>\n<meta name=\"robots\" content=\"index, follow, max-snippet:-1, max-image-preview:large, max-video-preview:-1\" \/>\n<link rel=\"canonical\" href=\"https:\/\/alpha-calcit.net\/de\/tapetenindustrie-2\/\" \/>\n<meta property=\"og:locale\" content=\"de_DE\" \/>\n<meta property=\"og:type\" content=\"article\" \/>\n<meta property=\"og:title\" content=\"Tapetenindustrie - Alpha Calcit\" \/>\n<meta property=\"og:description\" content=\"Die vielf\u00e4ltigen Gestaltungsm\u00f6glichkeiten und die verschiedenen Dekorschichten (Struktur- oder Vinyltapete, Papiermotive) sowie die Tr\u00e4germaterialien (Papier oder Vlies) machen die Verwendung von umweltfreundlichen, langlebigen und leicht zu verarbeitenden Tapetenarten zu einem Produkt, das eine gesunde Wohlf\u00fchlatmosph\u00e4re gew\u00e4hrleistet.\" \/>\n<meta property=\"og:url\" content=\"https:\/\/alpha-calcit.net\/de\/tapetenindustrie-2\/\" \/>\n<meta property=\"og:site_name\" content=\"Alpha Calcit\" \/>\n<meta property=\"article:modified_time\" content=\"2026-03-12T07:34:49+00:00\" \/>\n<meta name=\"twitter:card\" content=\"summary_large_image\" \/>\n<script type=\"application\/ld+json\" class=\"yoast-schema-graph\">{\"@context\":\"https:\\\/\\\/schema.org\",\"@graph\":[{\"@type\":\"WebPage\",\"@id\":\"https:\\\/\\\/alpha-calcit.net\\\/de\\\/tapetenindustrie-2\\\/\",\"url\":\"https:\\\/\\\/alpha-calcit.net\\\/de\\\/tapetenindustrie-2\\\/\",\"name\":\"Tapetenindustrie - Alpha Calcit\",\"isPartOf\":{\"@id\":\"https:\\\/\\\/alpha-calcit.net\\\/de\\\/#website\"},\"datePublished\":\"2025-11-20T07:57:02+00:00\",\"dateModified\":\"2026-03-12T07:34:49+00:00\",\"description\":\"Die vielf\u00e4ltigen Gestaltungsm\u00f6glichkeiten und die verschiedenen Dekorschichten (Struktur- oder Vinyltapete, Papiermotive) sowie die Tr\u00e4germaterialien (Papier oder Vlies) machen die Verwendung von umweltfreundlichen, langlebigen und leicht zu verarbeitenden Tapetenarten zu einem Produkt, das eine gesunde Wohlf\u00fchlatmosph\u00e4re gew\u00e4hrleistet.\",\"breadcrumb\":{\"@id\":\"https:\\\/\\\/alpha-calcit.net\\\/de\\\/tapetenindustrie-2\\\/#breadcrumb\"},\"inLanguage\":\"de\",\"potentialAction\":[{\"@type\":\"ReadAction\",\"target\":[\"https:\\\/\\\/alpha-calcit.net\\\/de\\\/tapetenindustrie-2\\\/\"]}]},{\"@type\":\"BreadcrumbList\",\"@id\":\"https:\\\/\\\/alpha-calcit.net\\\/de\\\/tapetenindustrie-2\\\/#breadcrumb\",\"itemListElement\":[{\"@type\":\"ListItem\",\"position\":1,\"name\":\"Startseite\",\"item\":\"https:\\\/\\\/alpha-calcit.net\\\/de\\\/\"},{\"@type\":\"ListItem\",\"position\":2,\"name\":\"Tapetenindustrie\"}]},{\"@type\":\"WebSite\",\"@id\":\"https:\\\/\\\/alpha-calcit.net\\\/de\\\/#website\",\"url\":\"https:\\\/\\\/alpha-calcit.net\\\/de\\\/\",\"name\":\"Alpha Calcit\",\"description\":\"\",\"publisher\":{\"@id\":\"https:\\\/\\\/alpha-calcit.net\\\/de\\\/#organization\"},\"potentialAction\":[{\"@type\":\"SearchAction\",\"target\":{\"@type\":\"EntryPoint\",\"urlTemplate\":\"https:\\\/\\\/alpha-calcit.net\\\/de\\\/?s={search_term_string}\"},\"query-input\":{\"@type\":\"PropertyValueSpecification\",\"valueRequired\":true,\"valueName\":\"search_term_string\"}}],\"inLanguage\":\"de\"},{\"@type\":\"Organization\",\"@id\":\"https:\\\/\\\/alpha-calcit.net\\\/de\\\/#organization\",\"name\":\"Alpha Calcit F\u00fcllstoff Gesellschaft mbH & Co. KG\",\"alternateName\":\"Alpha Calcit\",\"url\":\"https:\\\/\\\/alpha-calcit.net\\\/de\\\/\",\"logo\":{\"@type\":\"ImageObject\",\"inLanguage\":\"de\",\"@id\":\"https:\\\/\\\/alpha-calcit.net\\\/de\\\/#\\\/schema\\\/logo\\\/image\\\/\",\"url\":\"https:\\\/\\\/alpha-calcit.net\\\/wp-content\\\/uploads\\\/2022\\\/07\\\/alpha-512px.png\",\"contentUrl\":\"https:\\\/\\\/alpha-calcit.net\\\/wp-content\\\/uploads\\\/2022\\\/07\\\/alpha-512px.png\",\"width\":512,\"height\":512,\"caption\":\"Alpha Calcit F\u00fcllstoff Gesellschaft mbH & Co. KG\"},\"image\":{\"@id\":\"https:\\\/\\\/alpha-calcit.net\\\/de\\\/#\\\/schema\\\/logo\\\/image\\\/\"},\"sameAs\":[\"https:\\\/\\\/www.linkedin.com\\\/company\\\/106003634\"]}]}<\/script>\n<!-- \/ Yoast SEO plugin. -->","yoast_head_json":{"title":"Tapetenindustrie - Alpha Calcit","description":"Die vielf\u00e4ltigen Gestaltungsm\u00f6glichkeiten und die verschiedenen Dekorschichten (Struktur- oder Vinyltapete, Papiermotive) sowie die Tr\u00e4germaterialien (Papier oder Vlies) machen die Verwendung von umweltfreundlichen, langlebigen und leicht zu verarbeitenden Tapetenarten zu einem Produkt, das eine gesunde Wohlf\u00fchlatmosph\u00e4re gew\u00e4hrleistet.","robots":{"index":"index","follow":"follow","max-snippet":"max-snippet:-1","max-image-preview":"max-image-preview:large","max-video-preview":"max-video-preview:-1"},"canonical":"https:\/\/alpha-calcit.net\/de\/tapetenindustrie-2\/","og_locale":"de_DE","og_type":"article","og_title":"Tapetenindustrie - Alpha Calcit","og_description":"Die vielf\u00e4ltigen Gestaltungsm\u00f6glichkeiten und die verschiedenen Dekorschichten (Struktur- oder Vinyltapete, Papiermotive) sowie die Tr\u00e4germaterialien (Papier oder Vlies) machen die Verwendung von umweltfreundlichen, langlebigen und leicht zu verarbeitenden Tapetenarten zu einem Produkt, das eine gesunde Wohlf\u00fchlatmosph\u00e4re gew\u00e4hrleistet.","og_url":"https:\/\/alpha-calcit.net\/de\/tapetenindustrie-2\/","og_site_name":"Alpha Calcit","article_modified_time":"2026-03-12T07:34:49+00:00","twitter_card":"summary_large_image","schema":{"@context":"https:\/\/schema.org","@graph":[{"@type":"WebPage","@id":"https:\/\/alpha-calcit.net\/de\/tapetenindustrie-2\/","url":"https:\/\/alpha-calcit.net\/de\/tapetenindustrie-2\/","name":"Tapetenindustrie - Alpha Calcit","isPartOf":{"@id":"https:\/\/alpha-calcit.net\/de\/#website"},"datePublished":"2025-11-20T07:57:02+00:00","dateModified":"2026-03-12T07:34:49+00:00","description":"Die vielf\u00e4ltigen Gestaltungsm\u00f6glichkeiten und die verschiedenen Dekorschichten (Struktur- oder Vinyltapete, Papiermotive) sowie die Tr\u00e4germaterialien (Papier oder Vlies) machen die Verwendung von umweltfreundlichen, langlebigen und leicht zu verarbeitenden Tapetenarten zu einem Produkt, das eine gesunde Wohlf\u00fchlatmosph\u00e4re gew\u00e4hrleistet.","breadcrumb":{"@id":"https:\/\/alpha-calcit.net\/de\/tapetenindustrie-2\/#breadcrumb"},"inLanguage":"de","potentialAction":[{"@type":"ReadAction","target":["https:\/\/alpha-calcit.net\/de\/tapetenindustrie-2\/"]}]},{"@type":"BreadcrumbList","@id":"https:\/\/alpha-calcit.net\/de\/tapetenindustrie-2\/#breadcrumb","itemListElement":[{"@type":"ListItem","position":1,"name":"Startseite","item":"https:\/\/alpha-calcit.net\/de\/"},{"@type":"ListItem","position":2,"name":"Tapetenindustrie"}]},{"@type":"WebSite","@id":"https:\/\/alpha-calcit.net\/de\/#website","url":"https:\/\/alpha-calcit.net\/de\/","name":"Alpha Calcit","description":"","publisher":{"@id":"https:\/\/alpha-calcit.net\/de\/#organization"},"potentialAction":[{"@type":"SearchAction","target":{"@type":"EntryPoint","urlTemplate":"https:\/\/alpha-calcit.net\/de\/?s={search_term_string}"},"query-input":{"@type":"PropertyValueSpecification","valueRequired":true,"valueName":"search_term_string"}}],"inLanguage":"de"},{"@type":"Organization","@id":"https:\/\/alpha-calcit.net\/de\/#organization","name":"Alpha Calcit F\u00fcllstoff Gesellschaft mbH & Co. KG","alternateName":"Alpha Calcit","url":"https:\/\/alpha-calcit.net\/de\/","logo":{"@type":"ImageObject","inLanguage":"de","@id":"https:\/\/alpha-calcit.net\/de\/#\/schema\/logo\/image\/","url":"https:\/\/alpha-calcit.net\/wp-content\/uploads\/2022\/07\/alpha-512px.png","contentUrl":"https:\/\/alpha-calcit.net\/wp-content\/uploads\/2022\/07\/alpha-512px.png","width":512,"height":512,"caption":"Alpha Calcit F\u00fcllstoff Gesellschaft mbH & Co. KG"},"image":{"@id":"https:\/\/alpha-calcit.net\/de\/#\/schema\/logo\/image\/"},"sameAs":["https:\/\/www.linkedin.com\/company\/106003634"]}]}},"_links":{"self":[{"href":"https:\/\/alpha-calcit.net\/de\/wp-json\/wp\/v2\/pages\/17313","targetHints":{"allow":["GET"]}}],"collection":[{"href":"https:\/\/alpha-calcit.net\/de\/wp-json\/wp\/v2\/pages"}],"about":[{"href":"https:\/\/alpha-calcit.net\/de\/wp-json\/wp\/v2\/types\/page"}],"author":[{"embeddable":true,"href":"https:\/\/alpha-calcit.net\/de\/wp-json\/wp\/v2\/users\/8"}],"replies":[{"embeddable":true,"href":"https:\/\/alpha-calcit.net\/de\/wp-json\/wp\/v2\/comments?post=17313"}],"version-history":[{"count":3,"href":"https:\/\/alpha-calcit.net\/de\/wp-json\/wp\/v2\/pages\/17313\/revisions"}],"predecessor-version":[{"id":17997,"href":"https:\/\/alpha-calcit.net\/de\/wp-json\/wp\/v2\/pages\/17313\/revisions\/17997"}],"wp:attachment":[{"href":"https:\/\/alpha-calcit.net\/de\/wp-json\/wp\/v2\/media?parent=17313"}],"curies":[{"name":"wp","href":"https:\/\/api.w.org\/{rel}","templated":true}]}}