{"id":6280,"date":"2021-01-13T09:44:18","date_gmt":"2021-01-13T08:44:18","guid":{"rendered":"https:\/\/alpha-calcit.net\/konsumgueter\/"},"modified":"2026-03-12T11:39:33","modified_gmt":"2026-03-12T10:39:33","slug":"konsumgueter","status":"publish","type":"page","link":"https:\/\/alpha-calcit.net\/de\/konsumgueter\/","title":{"rendered":"Konsumg\u00fcter"},"content":{"rendered":"<p>[et_pb_section fb_built=&#8220;1&#8243; next_background_color=&#8220;#f7f7f7&#8243; admin_label=&#8220;Hero&#8220; _builder_version=&#8220;4.16&#8243; use_background_color_gradient=&#8220;on&#8220; background_color_gradient_direction=&#8220;70deg&#8220; background_color_gradient_stops=&#8220;rgba(40,61,75,0.3) 0%|rgba(128,103,79,0.22) 100%&#8220; background_color_gradient_overlays_image=&#8220;on&#8220; background_color_gradient_start=&#8220;rgba(40,61,75,0.3)&#8220; background_color_gradient_end=&#8220;rgba(128,103,79,0.22)&#8220; background_image=&#8220;https:\/\/alpha-calcit.net\/wp-content\/uploads\/2020\/07\/iStock-988725610_header.jpg&#8220; custom_margin=&#8220;|||&#8220; custom_padding=&#8220;6vw|||&#8220; bottom_divider_style=&#8220;mountains2&#8243; bottom_divider_height=&#8220;20vw&#8220; bottom_divider_repeat=&#8220;0.5x&#8220; bottom_divider_flip=&#8220;horizontal|vertical&#8220; animation_style=&#8220;zoom&#8220; global_colors_info=&#8220;{}&#8220;][et_pb_row _builder_version=&#8220;4.16&#8243; custom_margin=&#8220;|||&#8220; custom_padding=&#8220;27px|0px|0|0px|false|false&#8220; global_colors_info=&#8220;{}&#8220;][et_pb_column type=&#8220;4_4&#8243; _builder_version=&#8220;4.16&#8243; custom_padding=&#8220;|||&#8220; global_colors_info=&#8220;{}&#8220; custom_padding__hover=&#8220;|||&#8220;][et_pb_text _builder_version=&#8220;4.16&#8243; text_font=&#8220;||||||||&#8220; header_font=&#8220;|700|||||||&#8220; header_text_color=&#8220;#ffffff&#8220; header_font_size=&#8220;90px&#8220; header_line_height=&#8220;1.4em&#8220; header_2_font=&#8220;Josefin Sans||||||||&#8220; header_2_text_color=&#8220;rgba(255,255,255,0.6)&#8220; header_2_font_size=&#8220;32px&#8220; header_2_line_height=&#8220;1.4em&#8220; background_layout=&#8220;dark&#8220; animation_style=&#8220;slide&#8220; animation_direction=&#8220;right&#8220; animation_intensity_slide=&#8220;4%&#8220; header_font_size_tablet=&#8220;50px&#8220; header_font_size_phone=&#8220;32px&#8220; header_font_size_last_edited=&#8220;on|desktop&#8220; header_2_font_size_tablet=&#8220;&#8220; header_2_font_size_phone=&#8220;24px&#8220; header_2_font_size_last_edited=&#8220;on|phone&#8220; header_text_shadow_style=&#8220;preset3&#8243; header_text_shadow_color=&#8220;#000000&#8243; global_colors_info=&#8220;{}&#8220;]<\/p>\n<h1>Konsumg\u00fcter<\/h1>\n<p>[\/et_pb_text][\/et_pb_column][\/et_pb_row][et_pb_row column_structure=&#8220;1_2,1_2&#8243; _builder_version=&#8220;4.16&#8243; custom_padding=&#8220;0|0px|27px|0px|false|false&#8220; locked=&#8220;off&#8220; global_colors_info=&#8220;{}&#8220;][et_pb_column type=&#8220;1_2&#8243; _builder_version=&#8220;4.16&#8243; custom_padding=&#8220;|||&#8220; global_colors_info=&#8220;{}&#8220; custom_padding__hover=&#8220;|||&#8220;][et_pb_text _builder_version=&#8220;4.16&#8243; global_colors_info=&#8220;{}&#8220;][\/et_pb_text][\/et_pb_column][et_pb_column type=&#8220;1_2&#8243; _builder_version=&#8220;4.16&#8243; custom_padding=&#8220;|||&#8220; global_colors_info=&#8220;{}&#8220; custom_padding__hover=&#8220;|||&#8220;][et_pb_button button_url=&#8220;#Bereiche&#8220; button_text=&#8220;Anwendungsbereiche&#8220; button_alignment=&#8220;right&#8220; disabled_on=&#8220;on|off|off&#8220; _builder_version=&#8220;4.16&#8243; custom_button=&#8220;on&#8220; button_text_size=&#8220;24px&#8220; button_text_color=&#8220;rgba(255,255,255,0.9)&#8220; button_bg_color=&#8220;#00478a&#8220; button_border_width=&#8220;0px&#8220; button_border_color=&#8220;#f47a55&#8243; button_border_radius=&#8220;100px&#8220; button_letter_spacing=&#8220;0px&#8220; button_font=&#8220;|700|||||||&#8220; custom_margin=&#8220;|90px||&#8220; custom_margin_phone=&#8220;|70px||&#8220; custom_margin_last_edited=&#8220;off|desktop&#8220; custom_padding=&#8220;|||&#8220; animation_style=&#8220;slide&#8220; animation_direction=&#8220;left&#8220; animation_intensity_slide=&#8220;8%&#8220; button_text_size_phone=&#8220;20px&#8220; button_text_size_last_edited=&#8220;off|desktop&#8220; box_shadow_style=&#8220;preset3&#8243; box_shadow_blur=&#8220;20px&#8220; box_shadow_spread=&#8220;-10px&#8220; global_colors_info=&#8220;{}&#8220; button_text_size__hover_enabled=&#8220;off&#8220; button_one_text_size__hover_enabled=&#8220;off&#8220; button_two_text_size__hover_enabled=&#8220;off&#8220; button_text_color__hover_enabled=&#8220;off&#8220; button_one_text_color__hover_enabled=&#8220;off&#8220; button_two_text_color__hover_enabled=&#8220;off&#8220; button_border_width__hover_enabled=&#8220;off&#8220; button_one_border_width__hover_enabled=&#8220;off&#8220; button_two_border_width__hover_enabled=&#8220;off&#8220; button_border_color__hover_enabled=&#8220;off&#8220; button_one_border_color__hover_enabled=&#8220;off&#8220; button_two_border_color__hover_enabled=&#8220;off&#8220; button_border_radius__hover_enabled=&#8220;off&#8220; button_one_border_radius__hover_enabled=&#8220;off&#8220; button_two_border_radius__hover_enabled=&#8220;off&#8220; button_letter_spacing__hover_enabled=&#8220;off&#8220; button_one_letter_spacing__hover_enabled=&#8220;off&#8220; button_two_letter_spacing__hover_enabled=&#8220;off&#8220; button_bg_color__hover_enabled=&#8220;off&#8220; button_one_bg_color__hover_enabled=&#8220;off&#8220; button_two_bg_color__hover_enabled=&#8220;off&#8220;][\/et_pb_button][\/et_pb_column][\/et_pb_row][et_pb_row use_custom_gutter=&#8220;on&#8220; gutter_width=&#8220;1&#8243; disabled_on=&#8220;on|off|off&#8220; module_class=&#8220; et_pb_row_fullwidth&#8220; _builder_version=&#8220;4.16&#8243; width=&#8220;100%&#8220; width_tablet=&#8220;100%&#8220; width_phone=&#8220;&#8220; width_last_edited=&#8220;on|desktop&#8220; max_width=&#8220;100%&#8220; max_width_tablet=&#8220;100%&#8220; max_width_phone=&#8220;&#8220; max_width_last_edited=&#8220;on|desktop&#8220; make_fullwidth=&#8220;on&#8220; locked=&#8220;off&#8220; global_colors_info=&#8220;{}&#8220;][et_pb_column type=&#8220;4_4&#8243; _builder_version=&#8220;4.16&#8243; custom_padding=&#8220;|||&#8220; global_colors_info=&#8220;{}&#8220; custom_padding__hover=&#8220;|||&#8220;][\/et_pb_column][\/et_pb_row][\/et_pb_section][et_pb_section fb_built=&#8220;1&#8243; custom_padding_last_edited=&#8220;off|desktop&#8220; admin_label=&#8220;Services&#8220; _builder_version=&#8220;4.16&#8243; background_color=&#8220;#f7f7f7&#8243; custom_padding=&#8220;|||&#8220; global_colors_info=&#8220;{}&#8220;][et_pb_row admin_label=&#8220;Inhaltlicher Bereich&#8220; _builder_version=&#8220;4.16&#8243; global_colors_info=&#8220;{}&#8220;][et_pb_column type=&#8220;4_4&#8243; _builder_version=&#8220;4.16&#8243; custom_padding=&#8220;|||&#8220; global_colors_info=&#8220;{}&#8220; custom_padding__hover=&#8220;|||&#8220;][et_pb_text _builder_version=&#8220;4.27.3&#8243; text_font=&#8220;Open Sans||||||||&#8220; text_font_size=&#8220;18px&#8220; text_line_height=&#8220;1.8em&#8220; header_font=&#8220;||||||||&#8220; header_text_color=&#8220;rgba(0,0,0,0)&#8220; header_2_font=&#8220;Josefin Sans|700|||||||&#8220; header_2_font_size=&#8220;48px&#8220; header_2_line_height=&#8220;1.4em&#8220; header_3_font=&#8220;Josefin Sans|700||on|||||&#8220; header_3_text_color=&#8220;rgba(43,51,68,0.2)&#8220; text_orientation=&#8220;center&#8220; max_width=&#8220;1024px&#8220; module_alignment=&#8220;center&#8220; custom_margin=&#8220;|||&#8220; custom_padding=&#8220;|||&#8220; header_2_font_size_tablet=&#8220;&#8220; header_2_font_size_phone=&#8220;24px&#8220; header_2_font_size_last_edited=&#8220;on|phone&#8220; header_2_line_height_tablet=&#8220;1.4em&#8220; header_2_line_height_last_edited=&#8220;off|desktop&#8220; locked=&#8220;off&#8220; global_colors_info=&#8220;{}&#8220;]<\/p>\n<p style=\"text-align: left;\">Sehr viele Produkte unseres t\u00e4glichen Lebens, auch Lebensmittel und Kosmetika, enthalten Industrieminerale wie nat\u00fcrliches gemahlenes <a href=\"https:\/\/alpha-calcit.net\/de\/calciumcarbonat-fuellstoffe\/\"><strong><span style=\"color: #00478a;\">Calciumcarbonat (GCC)<\/span><\/strong><span style=\"color: #06233d;\">.<\/span> <strong><span style=\"color: #00478a;\"><\/span><\/strong><\/a><a href=\"https:\/\/alpha-calcit.net\/de\/calciumcarbonat-fuellstoffe\/\"><strong><span style=\"color: #00478a;\">Standard-GCC<\/span><\/strong><\/a> -Produkte werden in unseren Haushalten zum Reinigen und Polieren von Oberfl\u00e4chen aller Art verwendet. Feinteiliges GCC wirkt als mineralische Reinigungskomponente in Zahnpasta.<a href=\"https:\/\/alpha-calcit.net\/de\/calciumcarbonat-fuellstoffe\/\"> <strong><span style=\"color: #00478a;\">GCC verleiht<\/span><\/strong><\/a> Verpackungen mit qualitativ hochwertigen Aufdrucken aller Art ein sauberes und frisches Erscheinungsbild. Verpackungen in direktem Kontakt mit Lebensmitteln enthalten chemisch reines GCC.<a href=\"https:\/\/alpha-calcit.net\/de\/calciumcarbonat-fuellstoffe\/\"> <strong><span style=\"color: #00478a;\">Auch in Lebensmitteln selbst <\/span><\/strong><\/a>wird Calciumcarbonat als Lebensmittelzusatzstoff E170 eingesetzt.<\/p>\n<p>[\/et_pb_text][\/et_pb_column][\/et_pb_row][\/et_pb_section][et_pb_section fb_built=&#8220;1&#8243; disabled_on=&#8220;off|off|off&#8220; admin_label=&#8220;6-er Auswahl&#8220; module_id=&#8220;Bereiche&#8220; _builder_version=&#8220;4.16&#8243; background_enable_image=&#8220;off&#8220; background_position=&#8220;top_left&#8220; custom_margin=&#8220;0px||||false|false&#8220; custom_padding=&#8220;0px||||false|false&#8220; global_colors_info=&#8220;{}&#8220;][et_pb_row column_structure=&#8220;1_3,1_3,1_3&#8243; use_custom_gutter=&#8220;on&#8220; gutter_width=&#8220;2&#8243; make_equal=&#8220;on&#8220; _builder_version=&#8220;4.16&#8243; background_enable_image=&#8220;off&#8220; width=&#8220;70%&#8220; max_width=&#8220;1024px&#8220; custom_margin=&#8220;0px||||false|false&#8220; custom_padding=&#8220;75px||||false|false&#8220; global_colors_info=&#8220;{}&#8220;][et_pb_column type=&#8220;1_3&#8243; _builder_version=&#8220;4.16&#8243; custom_padding=&#8220;||0px||false|false&#8220; global_colors_info=&#8220;{}&#8220;][et_pb_blurb title=&#8220;Kosmetika   Zahnpasta Pharmazeutika  Nahrungserg\u00e4nzungsmittel&#8220; admin_label=&#8220;Cosmetics \/ Toothpaste \/ Pharmacy \/ Food&#8220; _builder_version=&#8220;4.16&#8243; header_font=&#8220;|700|||||||&#8220; header_text_align=&#8220;center&#8220; header_text_color=&#8220;#ffffff&#8220; header_font_size=&#8220;20px&#8220; header_line_height=&#8220;3em&#8220; body_font_size=&#8220;1px&#8220; background_image=&#8220;https:\/\/alpha-calcit.net\/wp-content\/uploads\/2020\/07\/iStock-988725610_550x550px.jpg&#8220; background_size=&#8220;contain&#8220; text_orientation=&#8220;center&#8220; height=&#8220;280px&#8220; custom_margin=&#8220;||||false|false&#8220; custom_padding=&#8220;||||false|false&#8220; custom_css_main_element=&#8220;background-size: 100%;||transition: all 1.0s ease;&#8220; header_text_shadow_style=&#8220;preset3&#8243; header_text_shadow_color=&#8220;#000000&#8243; global_colors_info=&#8220;{}&#8220; custom_css_main_element__hover_enabled=&#8220;on|hover&#8220; custom_css_main_element__hover=&#8220;background-size: 130%;||&#8220; height__hover_enabled=&#8220;off|hover&#8220;][\/et_pb_blurb][\/et_pb_column][et_pb_column type=&#8220;1_3&#8243; _builder_version=&#8220;4.16&#8243; custom_padding=&#8220;||0px||false|false&#8220; global_colors_info=&#8220;{}&#8220;][et_pb_blurb title=&#8220;Reinigungsmittel&#8220; admin_label=&#8220;Cleaning Agents&#8220; module_id=&#8220;more&#8220; _builder_version=&#8220;4.16&#8243; header_font=&#8220;|700|||||||&#8220; header_text_align=&#8220;center&#8220; header_text_color=&#8220;#ffffff&#8220; header_font_size=&#8220;20px&#8220; header_line_height=&#8220;3em&#8220; background_image=&#8220;https:\/\/alpha-calcit.net\/wp-content\/uploads\/2020\/07\/iStock-510688810_550x550px.jpg&#8220; background_size=&#8220;contain&#8220; height=&#8220;280px&#8220; custom_margin=&#8220;||||false|false&#8220; custom_padding=&#8220;||||false|false&#8220; custom_css_main_element=&#8220;background-size: 100%;||transition: all 1.0s ease;&#8220; header_text_shadow_style=&#8220;preset3&#8243; header_text_shadow_color=&#8220;#000000&#8243; global_colors_info=&#8220;{}&#8220; custom_css_main_element__hover_enabled=&#8220;on|hover&#8220; custom_css_main_element__hover=&#8220;background-size: 130%;||&#8220; height__hover=&#8220;320px&#8220; height__hover_enabled=&#8220;off|desktop&#8220;][\/et_pb_blurb][\/et_pb_column][et_pb_column type=&#8220;1_3&#8243; _builder_version=&#8220;4.16&#8243; custom_padding=&#8220;||0px||false|false&#8220; global_colors_info=&#8220;{}&#8220;][et_pb_blurb title=&#8220;Garten&#8220; admin_label=&#8220;Garden&#8220; module_id=&#8220;more&#8220; _builder_version=&#8220;4.16&#8243; header_font=&#8220;|700|||||||&#8220; header_text_align=&#8220;center&#8220; header_text_color=&#8220;#ffffff&#8220; header_font_size=&#8220;20px&#8220; header_line_height=&#8220;3em&#8220; background_image=&#8220;https:\/\/alpha-calcit.net\/wp-content\/uploads\/2020\/07\/iStock-531560350_550x550px.jpg&#8220; background_size=&#8220;contain&#8220; height=&#8220;280px&#8220; custom_margin=&#8220;||||false|false&#8220; custom_padding=&#8220;||||false|false&#8220; custom_css_main_element=&#8220;background-size: 100%;||transition: all 1.0s ease;&#8220; header_text_shadow_style=&#8220;preset3&#8243; header_text_shadow_color=&#8220;#000000&#8243; global_colors_info=&#8220;{}&#8220; custom_css_main_element__hover_enabled=&#8220;on|hover&#8220; custom_css_main_element__hover=&#8220;background-size: 130%;||&#8220; height__hover=&#8220;320px&#8220; height__hover_enabled=&#8220;off|desktop&#8220;][\/et_pb_blurb][\/et_pb_column][\/et_pb_row][\/et_pb_section][et_pb_section fb_built=&#8220;1&#8243; admin_label=&#8220;Footer1&#8243; _builder_version=&#8220;4.16&#8243; background_color=&#8220;#022D64&#8243; custom_padding=&#8220;|||&#8220; saved_tabs=&#8220;all&#8220; global_colors_info=&#8220;{}&#8220;][et_pb_row use_custom_gutter=&#8220;on&#8220; gutter_width=&#8220;2&#8243; module_id=&#8220;kontakt&#8220; _builder_version=&#8220;4.16&#8243; background_enable_color=&#8220;off&#8220; max_width=&#8220;1440px&#8220; use_custom_width=&#8220;on&#8220; custom_width_px=&#8220;1440px&#8220; locked=&#8220;off&#8220; global_colors_info=&#8220;{}&#8220;][et_pb_column type=&#8220;4_4&#8243; _builder_version=&#8220;4.16&#8243; custom_padding=&#8220;|||&#8220; global_colors_info=&#8220;{}&#8220; custom_padding__hover=&#8220;|||&#8220;][et_pb_menu menu_id=&#8220;9&#8243; menu_style=&#8220;centered&#8220; active_link_color=&#8220;#ffffff&#8220; dropdown_menu_bg_color=&#8220;#00478a&#8220; dropdown_menu_line_color=&#8220;#00478a&#8220; dropdown_menu_text_color=&#8220;#ffffff&#8220; dropdown_menu_active_link_color=&#8220;#ffffff&#8220; mobile_menu_bg_color=&#8220;#00478a&#8220; mobile_menu_text_color=&#8220;#ffffff&#8220; logo=&#8220;https:\/\/alpha-calcit.net\/wp-content\/uploads\/2020\/06\/alpha_logo-300&#215;87-1.png&#8220; _builder_version=&#8220;4.16&#8243; menu_text_color=&#8220;#ffffff&#8220; background_color=&#8220;rgba(0,0,0,0)&#8220; background_layout=&#8220;dark&#8220; global_colors_info=&#8220;{}&#8220;][\/et_pb_menu][\/et_pb_column][\/et_pb_row][et_pb_row use_custom_gutter=&#8220;on&#8220; gutter_width=&#8220;2&#8243; module_id=&#8220;kontakt&#8220; _builder_version=&#8220;4.16&#8243; background_enable_color=&#8220;off&#8220; max_width=&#8220;1440px&#8220; use_custom_width=&#8220;on&#8220; custom_width_px=&#8220;1440px&#8220; locked=&#8220;off&#8220; global_colors_info=&#8220;{}&#8220;][et_pb_column type=&#8220;4_4&#8243; _builder_version=&#8220;4.16&#8243; custom_padding=&#8220;|||&#8220; global_colors_info=&#8220;{}&#8220; custom_padding__hover=&#8220;|||&#8220;][\/et_pb_column][\/et_pb_row][\/et_pb_section]<\/p>\n","protected":false},"excerpt":{"rendered":"<p>Konsumg\u00fcterSehr viele Produkte unseres t\u00e4glichen Lebens, auch Lebensmittel und Kosmetika, enthalten Industrieminerale wie nat\u00fcrliches gemahlenes Calciumcarbonat (GCC). Standard-GCC -Produkte werden in unseren Haushalten zum Reinigen und Polieren von Oberfl\u00e4chen aller Art verwendet. Feinteiliges GCC wirkt als mineralische Reinigungskomponente in Zahnpasta. GCC verleiht Verpackungen mit qualitativ hochwertigen Aufdrucken aller Art ein sauberes und frisches Erscheinungsbild. Verpackungen [&hellip;]<\/p>\n","protected":false},"author":2,"featured_media":0,"parent":0,"menu_order":0,"comment_status":"closed","ping_status":"closed","template":"","meta":{"_et_pb_use_builder":"on","_et_pb_old_content":"","_et_gb_content_width":"","footnotes":""},"class_list":["post-6280","page","type-page","status-publish","hentry"],"yoast_head":"<!-- This site is optimized with the Yoast SEO plugin v27.3 - https:\/\/yoast.com\/product\/yoast-seo-wordpress\/ -->\n<title>Konsumg\u00fcter - Alpha Calcit<\/title>\n<meta name=\"description\" content=\"Sehr viele Produkte unseres t\u00e4glichen Lebens, auch Lebensmittel und Kosmetika, enthalten Industrieminerale wie nat\u00fcrliches gemahlenes Calciumcarbonat (GCC).\" \/>\n<meta name=\"robots\" content=\"index, follow, max-snippet:-1, max-image-preview:large, max-video-preview:-1\" \/>\n<link rel=\"canonical\" href=\"https:\/\/alpha-calcit.net\/de\/konsumgueter\/\" \/>\n<meta property=\"og:locale\" content=\"de_DE\" \/>\n<meta property=\"og:type\" content=\"article\" \/>\n<meta property=\"og:title\" content=\"Konsumg\u00fcter - Alpha Calcit\" \/>\n<meta property=\"og:description\" content=\"Sehr viele Produkte unseres t\u00e4glichen Lebens, auch Lebensmittel und Kosmetika, enthalten Industrieminerale wie nat\u00fcrliches gemahlenes Calciumcarbonat (GCC).\" \/>\n<meta property=\"og:url\" content=\"https:\/\/alpha-calcit.net\/de\/konsumgueter\/\" \/>\n<meta property=\"og:site_name\" content=\"Alpha Calcit\" \/>\n<meta property=\"article:modified_time\" content=\"2026-03-12T10:39:33+00:00\" \/>\n<meta name=\"twitter:card\" content=\"summary_large_image\" \/>\n<script type=\"application\/ld+json\" class=\"yoast-schema-graph\">{\"@context\":\"https:\\\/\\\/schema.org\",\"@graph\":[{\"@type\":\"WebPage\",\"@id\":\"https:\\\/\\\/alpha-calcit.net\\\/de\\\/konsumgueter\\\/\",\"url\":\"https:\\\/\\\/alpha-calcit.net\\\/de\\\/konsumgueter\\\/\",\"name\":\"Konsumg\u00fcter - Alpha Calcit\",\"isPartOf\":{\"@id\":\"https:\\\/\\\/alpha-calcit.net\\\/de\\\/#website\"},\"datePublished\":\"2021-01-13T08:44:18+00:00\",\"dateModified\":\"2026-03-12T10:39:33+00:00\",\"description\":\"Sehr viele Produkte unseres t\u00e4glichen Lebens, auch Lebensmittel und Kosmetika, enthalten Industrieminerale wie nat\u00fcrliches gemahlenes Calciumcarbonat (GCC).\",\"breadcrumb\":{\"@id\":\"https:\\\/\\\/alpha-calcit.net\\\/de\\\/konsumgueter\\\/#breadcrumb\"},\"inLanguage\":\"de\",\"potentialAction\":[{\"@type\":\"ReadAction\",\"target\":[\"https:\\\/\\\/alpha-calcit.net\\\/de\\\/konsumgueter\\\/\"]}]},{\"@type\":\"BreadcrumbList\",\"@id\":\"https:\\\/\\\/alpha-calcit.net\\\/de\\\/konsumgueter\\\/#breadcrumb\",\"itemListElement\":[{\"@type\":\"ListItem\",\"position\":1,\"name\":\"Startseite\",\"item\":\"https:\\\/\\\/alpha-calcit.net\\\/de\\\/\"},{\"@type\":\"ListItem\",\"position\":2,\"name\":\"Konsumg\u00fcter\"}]},{\"@type\":\"WebSite\",\"@id\":\"https:\\\/\\\/alpha-calcit.net\\\/de\\\/#website\",\"url\":\"https:\\\/\\\/alpha-calcit.net\\\/de\\\/\",\"name\":\"Alpha Calcit\",\"description\":\"\",\"publisher\":{\"@id\":\"https:\\\/\\\/alpha-calcit.net\\\/de\\\/#organization\"},\"potentialAction\":[{\"@type\":\"SearchAction\",\"target\":{\"@type\":\"EntryPoint\",\"urlTemplate\":\"https:\\\/\\\/alpha-calcit.net\\\/de\\\/?s={search_term_string}\"},\"query-input\":{\"@type\":\"PropertyValueSpecification\",\"valueRequired\":true,\"valueName\":\"search_term_string\"}}],\"inLanguage\":\"de\"},{\"@type\":\"Organization\",\"@id\":\"https:\\\/\\\/alpha-calcit.net\\\/de\\\/#organization\",\"name\":\"Alpha Calcit F\u00fcllstoff Gesellschaft mbH & Co. KG\",\"alternateName\":\"Alpha Calcit\",\"url\":\"https:\\\/\\\/alpha-calcit.net\\\/de\\\/\",\"logo\":{\"@type\":\"ImageObject\",\"inLanguage\":\"de\",\"@id\":\"https:\\\/\\\/alpha-calcit.net\\\/de\\\/#\\\/schema\\\/logo\\\/image\\\/\",\"url\":\"https:\\\/\\\/alpha-calcit.net\\\/wp-content\\\/uploads\\\/2022\\\/07\\\/alpha-512px.png\",\"contentUrl\":\"https:\\\/\\\/alpha-calcit.net\\\/wp-content\\\/uploads\\\/2022\\\/07\\\/alpha-512px.png\",\"width\":512,\"height\":512,\"caption\":\"Alpha Calcit F\u00fcllstoff Gesellschaft mbH & Co. KG\"},\"image\":{\"@id\":\"https:\\\/\\\/alpha-calcit.net\\\/de\\\/#\\\/schema\\\/logo\\\/image\\\/\"},\"sameAs\":[\"https:\\\/\\\/www.linkedin.com\\\/company\\\/106003634\"]}]}<\/script>\n<!-- \/ Yoast SEO plugin. -->","yoast_head_json":{"title":"Konsumg\u00fcter - Alpha Calcit","description":"Sehr viele Produkte unseres t\u00e4glichen Lebens, auch Lebensmittel und Kosmetika, enthalten Industrieminerale wie nat\u00fcrliches gemahlenes Calciumcarbonat (GCC).","robots":{"index":"index","follow":"follow","max-snippet":"max-snippet:-1","max-image-preview":"max-image-preview:large","max-video-preview":"max-video-preview:-1"},"canonical":"https:\/\/alpha-calcit.net\/de\/konsumgueter\/","og_locale":"de_DE","og_type":"article","og_title":"Konsumg\u00fcter - Alpha Calcit","og_description":"Sehr viele Produkte unseres t\u00e4glichen Lebens, auch Lebensmittel und Kosmetika, enthalten Industrieminerale wie nat\u00fcrliches gemahlenes Calciumcarbonat (GCC).","og_url":"https:\/\/alpha-calcit.net\/de\/konsumgueter\/","og_site_name":"Alpha Calcit","article_modified_time":"2026-03-12T10:39:33+00:00","twitter_card":"summary_large_image","schema":{"@context":"https:\/\/schema.org","@graph":[{"@type":"WebPage","@id":"https:\/\/alpha-calcit.net\/de\/konsumgueter\/","url":"https:\/\/alpha-calcit.net\/de\/konsumgueter\/","name":"Konsumg\u00fcter - Alpha Calcit","isPartOf":{"@id":"https:\/\/alpha-calcit.net\/de\/#website"},"datePublished":"2021-01-13T08:44:18+00:00","dateModified":"2026-03-12T10:39:33+00:00","description":"Sehr viele Produkte unseres t\u00e4glichen Lebens, auch Lebensmittel und Kosmetika, enthalten Industrieminerale wie nat\u00fcrliches gemahlenes Calciumcarbonat (GCC).","breadcrumb":{"@id":"https:\/\/alpha-calcit.net\/de\/konsumgueter\/#breadcrumb"},"inLanguage":"de","potentialAction":[{"@type":"ReadAction","target":["https:\/\/alpha-calcit.net\/de\/konsumgueter\/"]}]},{"@type":"BreadcrumbList","@id":"https:\/\/alpha-calcit.net\/de\/konsumgueter\/#breadcrumb","itemListElement":[{"@type":"ListItem","position":1,"name":"Startseite","item":"https:\/\/alpha-calcit.net\/de\/"},{"@type":"ListItem","position":2,"name":"Konsumg\u00fcter"}]},{"@type":"WebSite","@id":"https:\/\/alpha-calcit.net\/de\/#website","url":"https:\/\/alpha-calcit.net\/de\/","name":"Alpha Calcit","description":"","publisher":{"@id":"https:\/\/alpha-calcit.net\/de\/#organization"},"potentialAction":[{"@type":"SearchAction","target":{"@type":"EntryPoint","urlTemplate":"https:\/\/alpha-calcit.net\/de\/?s={search_term_string}"},"query-input":{"@type":"PropertyValueSpecification","valueRequired":true,"valueName":"search_term_string"}}],"inLanguage":"de"},{"@type":"Organization","@id":"https:\/\/alpha-calcit.net\/de\/#organization","name":"Alpha Calcit F\u00fcllstoff Gesellschaft mbH & Co. KG","alternateName":"Alpha Calcit","url":"https:\/\/alpha-calcit.net\/de\/","logo":{"@type":"ImageObject","inLanguage":"de","@id":"https:\/\/alpha-calcit.net\/de\/#\/schema\/logo\/image\/","url":"https:\/\/alpha-calcit.net\/wp-content\/uploads\/2022\/07\/alpha-512px.png","contentUrl":"https:\/\/alpha-calcit.net\/wp-content\/uploads\/2022\/07\/alpha-512px.png","width":512,"height":512,"caption":"Alpha Calcit F\u00fcllstoff Gesellschaft mbH & Co. KG"},"image":{"@id":"https:\/\/alpha-calcit.net\/de\/#\/schema\/logo\/image\/"},"sameAs":["https:\/\/www.linkedin.com\/company\/106003634"]}]}},"_links":{"self":[{"href":"https:\/\/alpha-calcit.net\/de\/wp-json\/wp\/v2\/pages\/6280","targetHints":{"allow":["GET"]}}],"collection":[{"href":"https:\/\/alpha-calcit.net\/de\/wp-json\/wp\/v2\/pages"}],"about":[{"href":"https:\/\/alpha-calcit.net\/de\/wp-json\/wp\/v2\/types\/page"}],"author":[{"embeddable":true,"href":"https:\/\/alpha-calcit.net\/de\/wp-json\/wp\/v2\/users\/2"}],"replies":[{"embeddable":true,"href":"https:\/\/alpha-calcit.net\/de\/wp-json\/wp\/v2\/comments?post=6280"}],"version-history":[{"count":8,"href":"https:\/\/alpha-calcit.net\/de\/wp-json\/wp\/v2\/pages\/6280\/revisions"}],"predecessor-version":[{"id":15164,"href":"https:\/\/alpha-calcit.net\/de\/wp-json\/wp\/v2\/pages\/6280\/revisions\/15164"}],"wp:attachment":[{"href":"https:\/\/alpha-calcit.net\/de\/wp-json\/wp\/v2\/media?parent=6280"}],"curies":[{"name":"wp","href":"https:\/\/api.w.org\/{rel}","templated":true}]}}