{"id":6308,"date":"2021-01-13T09:44:29","date_gmt":"2021-01-13T08:44:29","guid":{"rendered":"https:\/\/alpha-calcit.net\/aluminiumhydroxid-flammschutzmittel\/"},"modified":"2026-03-19T13:23:31","modified_gmt":"2026-03-19T12:23:31","slug":"aluminiumhydroxid-flammschutzmittel","status":"publish","type":"page","link":"https:\/\/alpha-calcit.net\/de\/aluminiumhydroxid-flammschutzmittel\/","title":{"rendered":"Aluminiumhydroxid \u2013 Flammschutzmittel"},"content":{"rendered":"<p>[et_pb_section fb_built=&#8220;1&#8243; next_background_color=&#8220;#f7f7f7&#8243; admin_label=&#8220;Hero&#8220; _builder_version=&#8220;4.16&#8243; background_color=&#8220;#00478a&#8220; use_background_color_gradient=&#8220;on&#8220; background_color_gradient_direction=&#8220;70deg&#8220; background_color_gradient_stops=&#8220;rgba(40,61,75,0.3) 0%|rgba(128,103,79,0.22) 100%&#8220; background_color_gradient_overlays_image=&#8220;on&#8220; background_color_gradient_start=&#8220;rgba(40,61,75,0.3)&#8220; background_color_gradient_end=&#8220;rgba(128,103,79,0.22)&#8220; background_image=&#8220;https:\/\/alpha-calcit.net\/wp-content\/uploads\/2022\/07\/wire-1098059-scaled.jpg&#8220; custom_margin=&#8220;|||&#8220; custom_padding=&#8220;6vw|||&#8220; bottom_divider_style=&#8220;mountains2&#8243; bottom_divider_height=&#8220;20vw&#8220; bottom_divider_repeat=&#8220;0.5x&#8220; bottom_divider_flip=&#8220;horizontal|vertical&#8220; animation_style=&#8220;zoom&#8220; global_colors_info=&#8220;{}&#8220;][et_pb_row _builder_version=&#8220;4.16&#8243; min_height=&#8220;327.8px&#8220; custom_margin=&#8220;|||&#8220; custom_padding=&#8220;27px|0px|0|0px|false|false&#8220; global_colors_info=&#8220;{}&#8220;][et_pb_column type=&#8220;4_4&#8243; _builder_version=&#8220;4.16&#8243; custom_padding=&#8220;|||&#8220; global_colors_info=&#8220;{}&#8220; custom_padding__hover=&#8220;|||&#8220;][et_pb_text _builder_version=&#8220;4.16&#8243; text_font=&#8220;||||||||&#8220; header_font=&#8220;|700|||||||&#8220; header_text_color=&#8220;#ffffff&#8220; header_font_size=&#8220;64px&#8220; header_line_height=&#8220;1.4em&#8220; header_2_font=&#8220;Josefin Sans||||||||&#8220; header_2_text_color=&#8220;rgba(255,255,255,0.6)&#8220; header_2_font_size=&#8220;32px&#8220; header_2_line_height=&#8220;1.4em&#8220; background_layout=&#8220;dark&#8220; animation_style=&#8220;slide&#8220; animation_direction=&#8220;right&#8220; animation_intensity_slide=&#8220;4%&#8220; header_font_size_tablet=&#8220;50px&#8220; header_font_size_phone=&#8220;32px&#8220; header_font_size_last_edited=&#8220;on|desktop&#8220; header_2_font_size_tablet=&#8220;&#8220; header_2_font_size_phone=&#8220;24px&#8220; header_2_font_size_last_edited=&#8220;on|phone&#8220; header_text_shadow_style=&#8220;preset3&#8243; header_text_shadow_color=&#8220;#000000&#8243; global_colors_info=&#8220;{}&#8220;]<\/p>\n<h1>Flammschutzmittel<br \/>ALUMINIUMHYDROXIDE<\/h1>\n<p><span style=\"font-size: xx-large;\"><strong>&#8211; f\u00fcr Ihre Sicherheit &#8211;<\/strong><\/span><\/p>\n<p>&nbsp;<\/p>\n<p>[\/et_pb_text][\/et_pb_column][\/et_pb_row][et_pb_row column_structure=&#8220;1_2,1_2&#8243; _builder_version=&#8220;4.16&#8243; custom_padding=&#8220;0|0px|27px|0px|false|false&#8220; locked=&#8220;off&#8220; global_colors_info=&#8220;{}&#8220;][et_pb_column type=&#8220;1_2&#8243; _builder_version=&#8220;4.16&#8243; custom_padding=&#8220;|||&#8220; global_colors_info=&#8220;{}&#8220; custom_padding__hover=&#8220;|||&#8220;][et_pb_text _builder_version=&#8220;4.16&#8243; global_colors_info=&#8220;{}&#8220;][\/et_pb_text][\/et_pb_column][et_pb_column type=&#8220;1_2&#8243; _builder_version=&#8220;4.16&#8243; custom_padding=&#8220;|||&#8220; global_colors_info=&#8220;{}&#8220; custom_padding__hover=&#8220;|||&#8220;][et_pb_button button_url=&#8220;#sektion&#8220; button_text=&#8220;Erfahren Sie mehr &#8230;&#8220; button_alignment=&#8220;right&#8220; _builder_version=&#8220;4.16&#8243; _module_preset=&#8220;default&#8220; custom_button=&#8220;on&#8220; button_text_size=&#8220;23px&#8220; button_text_color=&#8220;#FFFFFF&#8220; button_bg_color=&#8220;#00478A&#8220; button_border_width=&#8220;0px&#8220; button_border_color=&#8220;#00478A&#8220; button_border_radius=&#8220;100px&#8220; animation_style=&#8220;slide&#8220; animation_intensity_slide=&#8220;8%&#8220; box_shadow_style=&#8220;preset3&#8243; box_shadow_blur=&#8220;20px&#8220; box_shadow_spread=&#8220;-10px&#8220; global_colors_info=&#8220;{}&#8220;][\/et_pb_button][\/et_pb_column][\/et_pb_row][et_pb_row use_custom_gutter=&#8220;on&#8220; gutter_width=&#8220;1&#8243; disabled_on=&#8220;on|off|off&#8220; module_class=&#8220; et_pb_row_fullwidth&#8220; _builder_version=&#8220;4.16&#8243; width=&#8220;100%&#8220; width_tablet=&#8220;100%&#8220; width_phone=&#8220;&#8220; width_last_edited=&#8220;on|desktop&#8220; max_width=&#8220;100%&#8220; max_width_tablet=&#8220;100%&#8220; max_width_phone=&#8220;&#8220; max_width_last_edited=&#8220;on|desktop&#8220; make_fullwidth=&#8220;on&#8220; locked=&#8220;off&#8220; global_colors_info=&#8220;{}&#8220;][et_pb_column type=&#8220;4_4&#8243; _builder_version=&#8220;4.16&#8243; custom_padding=&#8220;|||&#8220; global_colors_info=&#8220;{}&#8220; custom_padding__hover=&#8220;|||&#8220;][\/et_pb_column][\/et_pb_row][\/et_pb_section][et_pb_section fb_built=&#8220;1&#8243; module_id=&#8220;Sektion&#8220; _builder_version=&#8220;4.16&#8243; background_color=&#8220;#f7f7f7&#8243; min_height=&#8220;494.8px&#8220; global_colors_info=&#8220;{}&#8220;][et_pb_row _builder_version=&#8220;4.27.3&#8243; global_colors_info=&#8220;{}&#8220;][et_pb_column type=&#8220;4_4&#8243; _builder_version=&#8220;4.16&#8243; global_colors_info=&#8220;{}&#8220;][et_pb_text _builder_version=&#8220;4.27.3&#8243; header_line_height=&#8220;1.7em&#8220; header_2_font=&#8220;|700||on|||||&#8220; header_2_font_size=&#8220;42px&#8220; header_2_line_height=&#8220;1.7em&#8220; header_3_font=&#8220;|300|||||||&#8220; header_3_font_size=&#8220;25px&#8220; header_3_line_height=&#8220;1.2em&#8220; width=&#8220;100%&#8220; global_colors_info=&#8220;{}&#8220;]<\/p>\n<p style=\"text-align: justify;\"><span style=\"font-size: medium;\">Die Produkte der Kabel-, Gummi- und Thermoplastindustrie m\u00fcssen im Brandfall sicher sein, damit Menschen die Gefahrenzone verlassen k\u00f6nnen, bevor sich ein Feuer ausbreitet.<\/span><\/p>\n<p style=\"text-align: justify;\"><span style=\"font-size: medium;\">Zu diesem Zweck wurde die <em><strong><span style=\"color: #00478a;\">ALFRIMAL<sup>\u00ae\u00a0<\/sup><\/span><\/strong><\/em>Produktpalette entwickelt, die \u2013 je nach spezifischer Oberfl\u00e4che des Materials \u2013 ihr im Kristall gebundenes Wasser in unterschiedlichen Raten freisetzen kann: entweder als Wasser-Booster oder gleichm\u00e4\u00dfig \u00fcber einen l\u00e4ngeren Zeitraum, um Fluchtwege so lange wie m\u00f6glich vor Brandausbreitung zu sch\u00fctzen.<\/span><\/p>\n<p style=\"text-align: justify;\"><span style=\"font-size: medium;\">Als halogenfreier, flammhemmender Wirkstoff reagiert <em><strong><span style=\"color: #00478a;\">ALFRIMAL<sup>\u00ae\u00a0<\/sup><\/span><\/strong><\/em>sofort auf den im Brandfall auftretenden Temperaturanstieg und wirkt rauchhemmend, ohne die Verarbeitung von Materialien hinsichtlich Farbe, Oberfl\u00e4che oder Griffigkeit zu beeintr\u00e4chtigen, und ist somit f\u00fcr alle Marktanforderungen in den unterschiedlichsten Bereichen verf\u00fcgbar und anwendbar.<\/span><\/p>\n<p style=\"text-align: justify;\"><span style=\"font-size: medium;\">Hochwei\u00dfes, halogenfreies Flammschutzmittel auf ATH-Basis f\u00fcr feste Oberfl\u00e4chen \u2013 ohne schwarze Flecken \u2013 optimale physikalische F\u00fcllstoffeigenschaften f\u00fchren zu exzellenter chemischer Best\u00e4ndigkeit und Schmutzabweisung der Produktoberfl\u00e4che. Dank seiner <b>hydrophoben, speziellen <\/b><b>Beschichtung<\/b> zeigt das <span style=\"color: #666666;\">neue Produkt <\/span><b><br \/><i><span style=\"color: #00478a;\">ALFRIMAL<em><strong><sup>\u00ae<\/sup><\/strong><\/em> 549<\/span> <span style=\"color: #00478a;\">XS HS <\/span><\/i><\/b>beste physikalische Eigenschaften und eine <b>Reduzierung der Viskosit\u00e4t<\/b>. Mit seiner exzellenten chemischen Best\u00e4ndigkeit macht es medienbest\u00e4ndige Oberfl\u00e4chen von Mineralwerkstoffen schmutzabweisend und ist \u201ehart\u201c genug, um eine exzellente Schlagfestigkeit zu gew\u00e4hrleisten, aber gleichzeitig \u201eweich\u201c genug, um eine verschlei\u00dffreie, schnelle Verarbeitung zu erm\u00f6glichen und die Lebensdauer von Maschinenteilen nicht negativ zu beeinflussen.<\/span><\/p>\n<p>&nbsp;<\/p>\n<h3><span style=\"color: #00478a;\"><em><strong>ALFRIMAL<\/strong><\/em><\/span><span style=\"color: #00478a;\"><em><strong><sup>\u00ae <\/sup>\u00a0<\/strong><\/em><\/span><span style=\"color: #00478a;\"><em><strong>&#8211; wie funktioniert Flammschutz im Produkt?<\/strong><br \/><\/em><br \/><\/span><\/h3>\n<p><span style=\"font-size: medium;\"><em><strong><span style=\"color: #00478a;\">ALFRIMAL<sup>\u00ae<\/sup><\/span><\/strong><\/em>, auf Aluminiumhydroxid-Basis, wirkt flammhemmend, indem es bei einer Umgebungstemperatur von ca. 200 \u00b0C und dar\u00fcber ein Drittel seines Gewichts als Wasser freisetzt.<\/span><br \/><span style=\"font-size: medium;\">1. Diese Reaktion ist endotherm und k\u00fchlt die Brandquelle ab.<\/span><br \/><span style=\"font-size: medium;\">2. Das Wasser verhindert, dass der Sauerstoff der Umgebungsluft die durch die Pyrolyse entstehenden brennbaren Gase erreicht.<\/span><br \/><span style=\"font-size: medium;\">3. Das Aluminiumoxid verbleibt als inerte Schutzschicht auf der Oberfl\u00e4che des Feststoffs.<\/span><\/p>\n<p>[\/et_pb_text][\/et_pb_column][\/et_pb_row][\/et_pb_section][et_pb_section fb_built=&#8220;1&#8243; _builder_version=&#8220;4.16&#8243; min_height=&#8220;519px&#8220; custom_padding=&#8220;0px|||||&#8220; global_colors_info=&#8220;{}&#8220;][et_pb_row _builder_version=&#8220;4.27.3&#8243; min_height=&#8220;325px&#8220; custom_margin=&#8220;-56px|auto||auto||&#8220; global_colors_info=&#8220;{}&#8220;][et_pb_column type=&#8220;4_4&#8243; _builder_version=&#8220;4.16&#8243; global_colors_info=&#8220;{}&#8220;][et_pb_text _builder_version=&#8220;4.27.3&#8243; header_line_height=&#8220;1.4em&#8220; header_2_font_size=&#8220;50px&#8220; header_2_line_height=&#8220;1.4em&#8220; header_2_font_size_tablet=&#8220;&#8220; header_2_font_size_phone=&#8220;&#8220; header_2_font_size_last_edited=&#8220;on|desktop&#8220; global_colors_info=&#8220;{}&#8220;]<\/p>\n<ul>\n<li><span style=\"color: #00478a; font-size: medium;\"><a style=\"color: #00478a;\" href=\"https:\/\/alpha-calcit.net\/wp-content\/uploads\/2022\/10\/Application-leaflet_Alfrimal-104-106-Finest.pdf\"><em><strong>ALFRIMAL<sup>\u00ae<\/sup><\/strong><\/em> 104\u00a0<\/a><\/span><\/li>\n<li style=\"text-align: left;\"><span style=\"color: #00478a; font-size: medium;\"><a style=\"color: #00478a;\" href=\"https:\/\/alpha-calcit.net\/wp-content\/uploads\/2022\/10\/Application-leaflet_Alfrimal-104-HS.pdf\" target=\"_blank\" rel=\"attachment noopener wp-att-3192 noreferrer\"><em><strong>ALFRIMAL<sup>\u00ae <\/sup><\/strong><\/em>104 HS<\/a><\/span><\/li>\n<li><span style=\"color: #00478a; font-size: medium;\"><a style=\"color: #00478a;\" href=\"https:\/\/alpha-calcit.net\/wp-content\/uploads\/2022\/10\/Application-leaflet_Alfrimal-104-106-Finest.pdf\"><em><strong>ALFRIMAL<sup>\u00ae<\/sup><\/strong><\/em> 105\u00a0<\/a><\/span><\/li>\n<li style=\"text-align: left;\"><span style=\"color: #00478a; font-size: medium;\"><a style=\"color: #00478a;\" href=\"https:\/\/alpha-calcit.net\/wp-content\/uploads\/2022\/10\/Application-leaflet_Alfrimal-104-106-Finest.pdf\" target=\"_blank\" rel=\"noopener noreferrer\"><em><strong>ALFRIMAL<sup>\u00ae<\/sup> <\/strong><\/em>106<\/a><\/span><\/li>\n<li style=\"text-align: left;\"><span style=\"color: #00478a; font-size: medium;\"><a style=\"color: #00478a;\" href=\"https:\/\/alpha-calcit.net\/wp-content\/uploads\/2022\/10\/Application-leaflet_Alfrimal-106-HS.pdf\" target=\"_blank\" rel=\"attachment noopener wp-att-3196 noreferrer\"><em><strong>A<\/strong><\/em><\/a><a style=\"color: #00478a;\" href=\"https:\/\/alpha-calcit.net\/wp-content\/uploads\/2022\/10\/Application-leaflet_Alfrimal-106-HS.pdf\" target=\"_blank\" rel=\"attachment noopener wp-att-3199 noreferrer\"><em><strong>LFRIMAL<sup>\u00ae<\/sup><\/strong><\/em> 106 HS<\/a><\/span><\/li>\n<li style=\"text-align: left;\"><span style=\"font-size: medium;\"><a href=\"https:\/\/alpha-calcit.net\/wp-content\/uploads\/2025\/11\/Application-leaflet_ALFRIMAL-443-449-S.pdf\"><span style=\"color: #00478a;\"><em><strong>ALFRIMAL<sup>\u00ae <\/sup><\/strong><\/em>443 \/ 444 S \/ 446 \/ 447 S \/ 448 \/ 449 \/ 449 S<\/span><\/a><\/span><\/li>\n<li style=\"text-align: left;\"><span style=\"color: #00478a; font-size: medium;\"><a style=\"color: #00478a;\" href=\"https:\/\/alpha-calcit.net\/wp-content\/uploads\/2022\/10\/Application-leaflet_Alfrimal-506-P_509-P_12.2025.pdf\" target=\"_blank\" rel=\"attachment noopener wp-att-3196 noreferrer\"><em><strong>ALFRIMAL<sup>\u00ae <\/sup><\/strong><\/em>506 P<\/a><\/span><\/li>\n<li><span style=\"color: #00478a; font-size: medium;\"><a style=\"color: #00478a;\" href=\"https:\/\/alpha-calcit.net\/wp-content\/uploads\/2022\/10\/Application-leaflet_Alfrimal-506-P_509-P_12.2025.pdf\"><em><strong>ALFRIMAL<sup>\u00ae<\/sup><\/strong><\/em> 509 P\u00a0<\/a><\/span><\/li>\n<li><span style=\"color: #00478a; font-size: medium;\"><a style=\"color: #00478a;\" href=\"https:\/\/alpha-calcit.net\/wp-content\/uploads\/2025\/10\/Application-leaflet_Alfrimal-XS-XS-HS-for-solid-surface_01-engl.-10.2025.pdf\"><em><strong>ALFRIMAL<sup>\u00ae<\/sup><\/strong> <\/em>500 XS &#8211; f\u00fcr \u201eSolid Surface\u201c<\/a><\/span><\/li>\n<li><span style=\"color: #00478a; font-size: medium;\"><em><strong>ALFRIMAL<sup>\u00ae<\/sup><\/strong><\/em> 501 X\u00a0<\/span><\/li>\n<li style=\"text-align: left;\"><span style=\"color: #00478a; font-size: medium;\"><a style=\"color: #00478a;\" href=\"https:\/\/alpha-calcit.net\/wp-content\/uploads\/2025\/10\/Application-leaflet_Alfrimal-XS-XS-HS-for-solid-surface_01-engl.-10.2025.pdf\"><em><strong>ALFRIMAL<sup>\u00ae <\/sup><\/strong><\/em>547 XS &#8211; f\u00fcr \u201eSolid Surface\u201c<\/a><\/span><\/li>\n<li style=\"text-align: left;\"><span style=\"color: #00478a; font-size: medium;\"><a style=\"color: #00478a;\" href=\"https:\/\/alpha-calcit.net\/wp-content\/uploads\/2025\/10\/Application-leaflet_Alfrimal-XS-XS-HS-for-solid-surface_01-engl.-10.2025.pdf\"><em><strong>ALFRIMAL<sup>\u00ae<\/sup><\/strong> <\/em>549 XS &#8211; f\u00fcr \u201eSolid Surface\u201c<\/a><\/span><\/li>\n<li style=\"text-align: left;\"><a href=\"https:\/\/alpha-calcit.net\/wp-content\/uploads\/2025\/10\/Application-leaflet_Alfrimal-XS-XS-HS-for-solid-surface_01-engl.-10.2025.pdf\"><span style=\"color: #333399;\"><span style=\"color: #06233d;\"><span style=\"color: #00478a;\"><span style=\"font-size: medium;\"><em><strong>ALFRIMAL<sup>\u00ae <\/sup><\/strong><\/em>549 XS HS &#8211; f\u00fcr \u201eSolid Surface\u201c<\/span><\/span><\/span><\/span><\/a><\/li>\n<li><span style=\"color: #00478a; font-size: medium;\"><em><strong>ALFRIMAL<sup>\u00ae<\/sup><\/strong><\/em> 802\u00a0<\/span><\/li>\n<li><span style=\"color: #00478a; font-size: medium;\"><em><strong>ALFRIMAL<sup>\u00ae<\/sup><\/strong><\/em> 849 S\u00a0<\/span><\/li>\n<\/ul>\n<p>[\/et_pb_text][\/et_pb_column][\/et_pb_row][\/et_pb_section][et_pb_section fb_built=&#8220;1&#8243; admin_label=&#8220;Footer1&#8243; _builder_version=&#8220;4.16&#8243; background_color=&#8220;#022D64&#8243; min_height=&#8220;826px&#8220; custom_margin=&#8220;187px|||||&#8220; custom_padding=&#8220;|||&#8220; saved_tabs=&#8220;all&#8220; global_colors_info=&#8220;{}&#8220;][et_pb_row use_custom_gutter=&#8220;on&#8220; gutter_width=&#8220;2&#8243; module_id=&#8220;kontakt&#8220; _builder_version=&#8220;4.16&#8243; background_enable_color=&#8220;off&#8220; max_width=&#8220;1440px&#8220; use_custom_width=&#8220;on&#8220; custom_width_px=&#8220;1440px&#8220; locked=&#8220;off&#8220; global_colors_info=&#8220;{}&#8220;][et_pb_column type=&#8220;4_4&#8243; _builder_version=&#8220;4.16&#8243; custom_padding=&#8220;|||&#8220; global_colors_info=&#8220;{}&#8220; custom_padding__hover=&#8220;|||&#8220;][et_pb_menu menu_id=&#8220;9&#8243; menu_style=&#8220;centered&#8220; active_link_color=&#8220;#ffffff&#8220; dropdown_menu_bg_color=&#8220;#00478a&#8220; dropdown_menu_line_color=&#8220;#00478a&#8220; dropdown_menu_text_color=&#8220;#ffffff&#8220; dropdown_menu_active_link_color=&#8220;#ffffff&#8220; mobile_menu_bg_color=&#8220;#00478a&#8220; mobile_menu_text_color=&#8220;#ffffff&#8220; logo=&#8220;https:\/\/alpha-calcit.net\/wp-content\/uploads\/2020\/06\/alpha_logo-300&#215;87-1.png&#8220; _builder_version=&#8220;4.16&#8243; menu_text_color=&#8220;#ffffff&#8220; background_color=&#8220;rgba(0,0,0,0)&#8220; background_layout=&#8220;dark&#8220; global_colors_info=&#8220;{}&#8220;][\/et_pb_menu][\/et_pb_column][\/et_pb_row][et_pb_row use_custom_gutter=&#8220;on&#8220; gutter_width=&#8220;2&#8243; module_id=&#8220;kontakt&#8220; _builder_version=&#8220;4.16&#8243; background_enable_color=&#8220;off&#8220; max_width=&#8220;1440px&#8220; use_custom_width=&#8220;on&#8220; custom_width_px=&#8220;1440px&#8220; locked=&#8220;off&#8220; global_colors_info=&#8220;{}&#8220;][et_pb_column type=&#8220;4_4&#8243; _builder_version=&#8220;4.16&#8243; custom_padding=&#8220;|||&#8220; global_colors_info=&#8220;{}&#8220; custom_padding__hover=&#8220;|||&#8220;][\/et_pb_column][\/et_pb_row][\/et_pb_section]<\/p>\n","protected":false},"excerpt":{"rendered":"<p>FlammschutzmittelALUMINIUMHYDROXIDE &#8211; f\u00fcr Ihre Sicherheit &#8211; &nbsp;Die Produkte der Kabel-, Gummi- und Thermoplastindustrie m\u00fcssen im Brandfall sicher sein, damit Menschen die Gefahrenzone verlassen k\u00f6nnen, bevor sich ein Feuer ausbreitet. Zu diesem Zweck wurde die ALFRIMAL\u00ae\u00a0Produktpalette entwickelt, die \u2013 je nach spezifischer Oberfl\u00e4che des Materials \u2013 ihr im Kristall gebundenes Wasser in unterschiedlichen Raten freisetzen kann: [&hellip;]<\/p>\n","protected":false},"author":2,"featured_media":0,"parent":0,"menu_order":0,"comment_status":"closed","ping_status":"closed","template":"","meta":{"_et_pb_use_builder":"on","_et_pb_old_content":"","_et_gb_content_width":"","footnotes":""},"class_list":["post-6308","page","type-page","status-publish","hentry"],"yoast_head":"<!-- This site is optimized with the Yoast SEO plugin v27.3 - https:\/\/yoast.com\/product\/yoast-seo-wordpress\/ -->\n<title>Aluminiumhydroxid als Flammschutzmittel in Produkten<\/title>\n<meta name=\"description\" content=\"Aluminiumhydroxid als Flammschutzmittel in Produkten der Kabel-, Gummi- und Thermoplastindustrie:\" \/>\n<meta name=\"robots\" content=\"index, follow, max-snippet:-1, max-image-preview:large, max-video-preview:-1\" \/>\n<link rel=\"canonical\" href=\"https:\/\/alpha-calcit.net\/de\/aluminiumhydroxid-flammschutzmittel\/\" \/>\n<meta property=\"og:locale\" content=\"de_DE\" \/>\n<meta property=\"og:type\" content=\"article\" \/>\n<meta property=\"og:title\" content=\"Aluminiumhydroxid als Flammschutzmittel in Produkten\" \/>\n<meta property=\"og:description\" content=\"Aluminiumhydroxid als Flammschutzmittel in Produkten der Kabel-, Gummi- und Thermoplastindustrie:\" \/>\n<meta property=\"og:url\" content=\"https:\/\/alpha-calcit.net\/de\/aluminiumhydroxid-flammschutzmittel\/\" \/>\n<meta property=\"og:site_name\" content=\"Alpha Calcit\" \/>\n<meta property=\"article:modified_time\" content=\"2026-03-19T12:23:31+00:00\" \/>\n<meta name=\"twitter:card\" content=\"summary_large_image\" \/>\n<script type=\"application\/ld+json\" class=\"yoast-schema-graph\">{\"@context\":\"https:\\\/\\\/schema.org\",\"@graph\":[{\"@type\":\"WebPage\",\"@id\":\"https:\\\/\\\/alpha-calcit.net\\\/de\\\/aluminiumhydroxid-flammschutzmittel\\\/\",\"url\":\"https:\\\/\\\/alpha-calcit.net\\\/de\\\/aluminiumhydroxid-flammschutzmittel\\\/\",\"name\":\"Aluminiumhydroxid als Flammschutzmittel in Produkten\",\"isPartOf\":{\"@id\":\"https:\\\/\\\/alpha-calcit.net\\\/de\\\/#website\"},\"datePublished\":\"2021-01-13T08:44:29+00:00\",\"dateModified\":\"2026-03-19T12:23:31+00:00\",\"description\":\"Aluminiumhydroxid als Flammschutzmittel in Produkten der Kabel-, Gummi- und Thermoplastindustrie:\",\"breadcrumb\":{\"@id\":\"https:\\\/\\\/alpha-calcit.net\\\/de\\\/aluminiumhydroxid-flammschutzmittel\\\/#breadcrumb\"},\"inLanguage\":\"de\",\"potentialAction\":[{\"@type\":\"ReadAction\",\"target\":[\"https:\\\/\\\/alpha-calcit.net\\\/de\\\/aluminiumhydroxid-flammschutzmittel\\\/\"]}]},{\"@type\":\"BreadcrumbList\",\"@id\":\"https:\\\/\\\/alpha-calcit.net\\\/de\\\/aluminiumhydroxid-flammschutzmittel\\\/#breadcrumb\",\"itemListElement\":[{\"@type\":\"ListItem\",\"position\":1,\"name\":\"Startseite\",\"item\":\"https:\\\/\\\/alpha-calcit.net\\\/de\\\/\"},{\"@type\":\"ListItem\",\"position\":2,\"name\":\"Aluminiumhydroxid \u2013 Flammschutzmittel\"}]},{\"@type\":\"WebSite\",\"@id\":\"https:\\\/\\\/alpha-calcit.net\\\/de\\\/#website\",\"url\":\"https:\\\/\\\/alpha-calcit.net\\\/de\\\/\",\"name\":\"Alpha Calcit\",\"description\":\"\",\"publisher\":{\"@id\":\"https:\\\/\\\/alpha-calcit.net\\\/de\\\/#organization\"},\"potentialAction\":[{\"@type\":\"SearchAction\",\"target\":{\"@type\":\"EntryPoint\",\"urlTemplate\":\"https:\\\/\\\/alpha-calcit.net\\\/de\\\/?s={search_term_string}\"},\"query-input\":{\"@type\":\"PropertyValueSpecification\",\"valueRequired\":true,\"valueName\":\"search_term_string\"}}],\"inLanguage\":\"de\"},{\"@type\":\"Organization\",\"@id\":\"https:\\\/\\\/alpha-calcit.net\\\/de\\\/#organization\",\"name\":\"Alpha Calcit F\u00fcllstoff Gesellschaft mbH & Co. KG\",\"alternateName\":\"Alpha Calcit\",\"url\":\"https:\\\/\\\/alpha-calcit.net\\\/de\\\/\",\"logo\":{\"@type\":\"ImageObject\",\"inLanguage\":\"de\",\"@id\":\"https:\\\/\\\/alpha-calcit.net\\\/de\\\/#\\\/schema\\\/logo\\\/image\\\/\",\"url\":\"https:\\\/\\\/alpha-calcit.net\\\/wp-content\\\/uploads\\\/2022\\\/07\\\/alpha-512px.png\",\"contentUrl\":\"https:\\\/\\\/alpha-calcit.net\\\/wp-content\\\/uploads\\\/2022\\\/07\\\/alpha-512px.png\",\"width\":512,\"height\":512,\"caption\":\"Alpha Calcit F\u00fcllstoff Gesellschaft mbH & Co. KG\"},\"image\":{\"@id\":\"https:\\\/\\\/alpha-calcit.net\\\/de\\\/#\\\/schema\\\/logo\\\/image\\\/\"},\"sameAs\":[\"https:\\\/\\\/www.linkedin.com\\\/company\\\/106003634\"]}]}<\/script>\n<!-- \/ Yoast SEO plugin. -->","yoast_head_json":{"title":"Aluminiumhydroxid als Flammschutzmittel in Produkten","description":"Aluminiumhydroxid als Flammschutzmittel in Produkten der Kabel-, Gummi- und Thermoplastindustrie:","robots":{"index":"index","follow":"follow","max-snippet":"max-snippet:-1","max-image-preview":"max-image-preview:large","max-video-preview":"max-video-preview:-1"},"canonical":"https:\/\/alpha-calcit.net\/de\/aluminiumhydroxid-flammschutzmittel\/","og_locale":"de_DE","og_type":"article","og_title":"Aluminiumhydroxid als Flammschutzmittel in Produkten","og_description":"Aluminiumhydroxid als Flammschutzmittel in Produkten der Kabel-, Gummi- und Thermoplastindustrie:","og_url":"https:\/\/alpha-calcit.net\/de\/aluminiumhydroxid-flammschutzmittel\/","og_site_name":"Alpha Calcit","article_modified_time":"2026-03-19T12:23:31+00:00","twitter_card":"summary_large_image","schema":{"@context":"https:\/\/schema.org","@graph":[{"@type":"WebPage","@id":"https:\/\/alpha-calcit.net\/de\/aluminiumhydroxid-flammschutzmittel\/","url":"https:\/\/alpha-calcit.net\/de\/aluminiumhydroxid-flammschutzmittel\/","name":"Aluminiumhydroxid als Flammschutzmittel in Produkten","isPartOf":{"@id":"https:\/\/alpha-calcit.net\/de\/#website"},"datePublished":"2021-01-13T08:44:29+00:00","dateModified":"2026-03-19T12:23:31+00:00","description":"Aluminiumhydroxid als Flammschutzmittel in Produkten der Kabel-, Gummi- und Thermoplastindustrie:","breadcrumb":{"@id":"https:\/\/alpha-calcit.net\/de\/aluminiumhydroxid-flammschutzmittel\/#breadcrumb"},"inLanguage":"de","potentialAction":[{"@type":"ReadAction","target":["https:\/\/alpha-calcit.net\/de\/aluminiumhydroxid-flammschutzmittel\/"]}]},{"@type":"BreadcrumbList","@id":"https:\/\/alpha-calcit.net\/de\/aluminiumhydroxid-flammschutzmittel\/#breadcrumb","itemListElement":[{"@type":"ListItem","position":1,"name":"Startseite","item":"https:\/\/alpha-calcit.net\/de\/"},{"@type":"ListItem","position":2,"name":"Aluminiumhydroxid \u2013 Flammschutzmittel"}]},{"@type":"WebSite","@id":"https:\/\/alpha-calcit.net\/de\/#website","url":"https:\/\/alpha-calcit.net\/de\/","name":"Alpha Calcit","description":"","publisher":{"@id":"https:\/\/alpha-calcit.net\/de\/#organization"},"potentialAction":[{"@type":"SearchAction","target":{"@type":"EntryPoint","urlTemplate":"https:\/\/alpha-calcit.net\/de\/?s={search_term_string}"},"query-input":{"@type":"PropertyValueSpecification","valueRequired":true,"valueName":"search_term_string"}}],"inLanguage":"de"},{"@type":"Organization","@id":"https:\/\/alpha-calcit.net\/de\/#organization","name":"Alpha Calcit F\u00fcllstoff Gesellschaft mbH & Co. KG","alternateName":"Alpha Calcit","url":"https:\/\/alpha-calcit.net\/de\/","logo":{"@type":"ImageObject","inLanguage":"de","@id":"https:\/\/alpha-calcit.net\/de\/#\/schema\/logo\/image\/","url":"https:\/\/alpha-calcit.net\/wp-content\/uploads\/2022\/07\/alpha-512px.png","contentUrl":"https:\/\/alpha-calcit.net\/wp-content\/uploads\/2022\/07\/alpha-512px.png","width":512,"height":512,"caption":"Alpha Calcit F\u00fcllstoff Gesellschaft mbH & Co. KG"},"image":{"@id":"https:\/\/alpha-calcit.net\/de\/#\/schema\/logo\/image\/"},"sameAs":["https:\/\/www.linkedin.com\/company\/106003634"]}]}},"_links":{"self":[{"href":"https:\/\/alpha-calcit.net\/de\/wp-json\/wp\/v2\/pages\/6308","targetHints":{"allow":["GET"]}}],"collection":[{"href":"https:\/\/alpha-calcit.net\/de\/wp-json\/wp\/v2\/pages"}],"about":[{"href":"https:\/\/alpha-calcit.net\/de\/wp-json\/wp\/v2\/types\/page"}],"author":[{"embeddable":true,"href":"https:\/\/alpha-calcit.net\/de\/wp-json\/wp\/v2\/users\/2"}],"replies":[{"embeddable":true,"href":"https:\/\/alpha-calcit.net\/de\/wp-json\/wp\/v2\/comments?post=6308"}],"version-history":[{"count":62,"href":"https:\/\/alpha-calcit.net\/de\/wp-json\/wp\/v2\/pages\/6308\/revisions"}],"predecessor-version":[{"id":18297,"href":"https:\/\/alpha-calcit.net\/de\/wp-json\/wp\/v2\/pages\/6308\/revisions\/18297"}],"wp:attachment":[{"href":"https:\/\/alpha-calcit.net\/de\/wp-json\/wp\/v2\/media?parent=6308"}],"curies":[{"name":"wp","href":"https:\/\/api.w.org\/{rel}","templated":true}]}}