{"id":6312,"date":"2021-01-13T09:44:30","date_gmt":"2021-01-13T08:44:30","guid":{"rendered":"https:\/\/alpha-calcit.net\/titandioxide-weisspigmente\/"},"modified":"2026-03-19T13:35:41","modified_gmt":"2026-03-19T12:35:41","slug":"titandioxide-weisspigmente","status":"publish","type":"page","link":"https:\/\/alpha-calcit.net\/de\/titandioxide-weisspigmente\/","title":{"rendered":"Titandioxide \u2013 Wei\u00dfpigmente"},"content":{"rendered":"<p>[et_pb_section fb_built=&#8220;1&#8243; next_background_color=&#8220;#f7f7f7&#8243; admin_label=&#8220;Hero&#8220; _builder_version=&#8220;4.16&#8243; background_color=&#8220;#00478a&#8220; use_background_color_gradient=&#8220;on&#8220; background_color_gradient_direction=&#8220;70deg&#8220; background_color_gradient_stops=&#8220;rgba(40,61,75,0.3) 0%|rgba(128,103,79,0.22) 100%&#8220; background_color_gradient_overlays_image=&#8220;on&#8220; background_color_gradient_start=&#8220;rgba(40,61,75,0.3)&#8220; background_color_gradient_end=&#8220;rgba(128,103,79,0.22)&#8220; background_image=&#8220;https:\/\/alpha-calcit.net\/wp-content\/uploads\/2022\/07\/paint-933395-scaled.jpg&#8220; width=&#8220;100%&#8220; max_width_tablet=&#8220;&#8220; max_width_phone=&#8220;&#8220; max_width_last_edited=&#8220;on|desktop&#8220; custom_margin=&#8220;|||&#8220; custom_padding=&#8220;6vw|||&#8220; bottom_divider_style=&#8220;mountains2&#8243; bottom_divider_height=&#8220;20vw&#8220; bottom_divider_repeat=&#8220;0.5x&#8220; bottom_divider_flip=&#8220;horizontal|vertical&#8220; animation_style=&#8220;zoom&#8220; global_colors_info=&#8220;{}&#8220;][et_pb_row _builder_version=&#8220;4.16&#8243; custom_margin=&#8220;|||&#8220; custom_padding=&#8220;27px|0px|0|0px|false|false&#8220; global_colors_info=&#8220;{}&#8220;][et_pb_column type=&#8220;4_4&#8243; _builder_version=&#8220;4.16&#8243; custom_padding=&#8220;|||&#8220; global_colors_info=&#8220;{}&#8220; custom_padding__hover=&#8220;|||&#8220;][et_pb_text _builder_version=&#8220;4.16&#8243; text_font=&#8220;||||||||&#8220; header_font=&#8220;|700|||||||&#8220; header_text_color=&#8220;#ffffff&#8220; header_font_size=&#8220;64px&#8220; header_line_height=&#8220;1.4em&#8220; header_2_font=&#8220;Josefin Sans||||||||&#8220; header_2_text_color=&#8220;rgba(255,255,255,0.6)&#8220; header_2_font_size=&#8220;32px&#8220; header_2_line_height=&#8220;1.4em&#8220; background_layout=&#8220;dark&#8220; animation_style=&#8220;slide&#8220; animation_direction=&#8220;right&#8220; animation_intensity_slide=&#8220;4%&#8220; header_font_size_tablet=&#8220;50px&#8220; header_font_size_phone=&#8220;32px&#8220; header_font_size_last_edited=&#8220;on|desktop&#8220; header_2_font_size_tablet=&#8220;&#8220; header_2_font_size_phone=&#8220;24px&#8220; header_2_font_size_last_edited=&#8220;on|phone&#8220; header_text_shadow_style=&#8220;preset3&#8243; header_text_shadow_color=&#8220;#000000&#8243; global_colors_info=&#8220;{}&#8220;]<\/p>\n<h1>Wei\u00dfpigmente<br \/>TITANDIOXID<\/h1>\n<p>[\/et_pb_text][\/et_pb_column][\/et_pb_row][et_pb_row column_structure=&#8220;1_2,1_2&#8243; _builder_version=&#8220;4.16&#8243; custom_padding=&#8220;0|0px|27px|0px|false|false&#8220; locked=&#8220;off&#8220; global_colors_info=&#8220;{}&#8220;][et_pb_column type=&#8220;1_2&#8243; _builder_version=&#8220;4.16&#8243; custom_padding=&#8220;|||&#8220; global_colors_info=&#8220;{}&#8220; custom_padding__hover=&#8220;|||&#8220;][et_pb_text _builder_version=&#8220;4.16&#8243; global_colors_info=&#8220;{}&#8220;][\/et_pb_text][\/et_pb_column][et_pb_column type=&#8220;1_2&#8243; _builder_version=&#8220;4.16&#8243; custom_padding=&#8220;|||&#8220; global_colors_info=&#8220;{}&#8220; custom_padding__hover=&#8220;|||&#8220;][et_pb_button button_url=&#8220;#sektion&#8220; button_text=&#8220;Erfahren Sie mehr &#8230;&#8220; button_alignment=&#8220;right&#8220; module_id=&#8220;sektion&#8220; _builder_version=&#8220;4.16&#8243; _module_preset=&#8220;default&#8220; custom_button=&#8220;on&#8220; button_text_size=&#8220;23px&#8220; button_text_color=&#8220;#FFFFFF&#8220; button_bg_color=&#8220;#00478A&#8220; button_border_width=&#8220;0px&#8220; button_border_color=&#8220;#00478A&#8220; button_border_radius=&#8220;100px&#8220; button_font=&#8220;|700|||||||&#8220; animation_style=&#8220;slide&#8220; animation_intensity_slide=&#8220;8%&#8220; motion_trigger_start=&#8220;bottom&#8220; box_shadow_style=&#8220;preset3&#8243; box_shadow_blur=&#8220;20px&#8220; box_shadow_spread=&#8220;-10px&#8220; global_colors_info=&#8220;{}&#8220;][\/et_pb_button][\/et_pb_column][\/et_pb_row][\/et_pb_section][et_pb_section fb_built=&#8220;1&#8243; _builder_version=&#8220;4.27.3&#8243; background_color=&#8220;#f7f7f7&#8243; width=&#8220;100%&#8220; max_width=&#8220;100%&#8220; module_alignment=&#8220;center&#8220; min_height=&#8220;228.4px&#8220; custom_padding=&#8220;0px||0px||false|false&#8220; global_colors_info=&#8220;{}&#8220;][et_pb_row _builder_version=&#8220;4.27.3&#8243; width=&#8220;100%&#8220; module_alignment=&#8220;center&#8220; custom_margin=&#8220;-76px||||false|false&#8220; custom_padding=&#8220;|0px||||&#8220; global_colors_info=&#8220;{}&#8220;][et_pb_column type=&#8220;4_4&#8243; _builder_version=&#8220;4.16&#8243; global_colors_info=&#8220;{}&#8220;][et_pb_text _builder_version=&#8220;4.16&#8243; header_font=&#8220;|700|||||||&#8220; header_line_height=&#8220;1.7em&#8220; header_2_font=&#8220;|700||on|||||&#8220; header_2_font_size=&#8220;42px&#8220; header_2_line_height=&#8220;1.7em&#8220; header_3_font=&#8220;|300|||||||&#8220; header_3_font_size=&#8220;25px&#8220; header_3_line_height=&#8220;1.2em&#8220; width=&#8220;100%&#8220; module_alignment=&#8220;center&#8220; global_colors_info=&#8220;{}&#8220;]<\/p>\n<p style=\"text-align: left;\"><span style=\"font-size: medium;\">Das Titandioxid (TiO<sub>2<\/sub>) Pigment geh\u00f6rt zu den effektivsten Wei\u00dfpigmenten auf dem Markt und kennzeichnet sich durch sein ausgezeichnetes Deckverm\u00f6gen, einen hohen Wei\u00dfgrad und eine hohe spezifische Oberfl\u00e4che.<\/span><\/p>\n<p><span style=\"font-size: medium;\">Die Hauptvorteile bei der Verwendung unserer TiO<sub>2<\/sub> Produkte sind Helligkeit und ein sehr hoher Brechungsindex sowie seine ausgezeichnete Pigment Verarbeitbarkeit, Haltbarkeit, thermische Stabilit\u00e4t und photochemische Aktivit\u00e4t.<\/span><\/p>\n<p><span style=\"font-size: medium;\">Aufgrund der hohen Opazit\u00e4t ist TiO<sub>2<\/sub> besonders geeignet f\u00fcr Anwendungen in<\/span><\/p>\n<ul>\n<li><span style=\"font-size: medium;\">Farben\u00a0\u00a0\u00a0\u00a0\u00a0<\/span><\/li>\n<li><span style=\"font-size: medium;\">Kunststoffen<\/span><\/li>\n<li><span style=\"font-size: medium;\">Papier<\/span><\/li>\n<li><span style=\"font-size: medium;\">Tinte<\/span><\/li>\n<li><span style=\"font-size: medium;\">Beschichtungen<\/span><\/li>\n<li><span style=\"font-size: medium;\">Medikamente &amp; Zahnpasta<\/span><\/li>\n<\/ul>\n<p>[\/et_pb_text][\/et_pb_column][\/et_pb_row][\/et_pb_section][et_pb_section fb_built=&#8220;1&#8243; _builder_version=&#8220;4.27.3&#8243; min_height=&#8220;379.8px&#8220; custom_padding=&#8220;0px||||false|false&#8220; global_colors_info=&#8220;{}&#8220;][et_pb_row _builder_version=&#8220;4.27.3&#8243; width=&#8220;97.5%&#8220; custom_margin=&#8220;0px||||false|false&#8220; custom_padding=&#8220;||0px||false|false&#8220; global_colors_info=&#8220;{}&#8220;][et_pb_column type=&#8220;4_4&#8243; _builder_version=&#8220;4.16&#8243; global_colors_info=&#8220;{}&#8220;][et_pb_text _builder_version=&#8220;4.27.3&#8243; text_text_color=&#8220;#000000&#8243; header_text_color=&#8220;#00478A&#8220; header_line_height=&#8220;1.4em&#8220; header_2_font_size=&#8220;50px&#8220; header_2_line_height=&#8220;1.4em&#8220; width=&#8220;100%&#8220; width_tablet=&#8220;164.7%&#8220; width_phone=&#8220;164.7%&#8220; width_last_edited=&#8220;on|desktop&#8220; max_width=&#8220;100%&#8220; max_width_tablet=&#8220;100%&#8220; max_width_phone=&#8220;100%&#8220; max_width_last_edited=&#8220;on|desktop&#8220; module_alignment=&#8220;center&#8220; custom_margin=&#8220;|||-224px||&#8220; custom_padding=&#8220;1px|0px||0px||&#8220; header_2_font_size_tablet=&#8220;&#8220; header_2_font_size_phone=&#8220;&#8220; header_2_font_size_last_edited=&#8220;on|desktop&#8220; global_colors_info=&#8220;{}&#8220;]<\/p>\n<p><span style=\"font-size: large;\"><strong><em><a href=\"https:\/\/alpha-calcit.net\/wp-content\/uploads\/2020\/10\/AL-ALPHAWHITE-TI-RC-GX-V2-1.pdf\" target=\"_blank\" rel=\"noopener noreferrer\"><span style=\"color: #00478a;\"><span style=\"font-size: x-large;\"><b><i>ALPHAWHITE<\/i><\/b><\/span><b><i><span style=\"font-size: x-large;\">\u00ae<\/span><\/i><\/b><\/span><\/a><\/em><\/strong><\/span><\/p>\n<p><span style=\"font-size: large;\"><strong><em><span style=\"color: #00478a;\"><b><i><span style=\"font-size: x-large;\"><\/span><\/i><\/b><\/span><\/em><\/strong><\/span><\/p>\n<p><span style=\"font-size: large;\"><strong><em><span style=\"color: #00478a;\"><b><i><span style=\"font-size: x-large;\"><\/span><\/i><\/b><\/span><\/em><\/strong><\/span><\/p>\n<p><span style=\"font-size: medium;\">Zur Produktfamilie <em><strong><a href=\"https:\/\/alpha-calcit.net\/wp-content\/uploads\/2020\/10\/AL-ALPHAWHITE-TI-RC-GX-V2-1.pdf\" target=\"_blank\" rel=\"noopener noreferrer\"><span style=\"color: #00478a;\">ALPHAWHITE\u00ae<\/span><\/a><\/strong><\/em> geh\u00f6ren vordispergierte Titandioxidqualit\u00e4ten.<\/span><br \/><span style=\"font-size: medium;\">Mit dem Einsatz dieser Produkte lassen sich Probleme bei der Dispergierung, wie sie von Nutzern bei der Dispersion von reinem, extrem feinem Titandioxid oft beschrieben werden, vermeiden.<\/span><br \/><span style=\"font-size: medium;\">Die Wirksamkeit dieser Titandioxide entwickelt sich innerhalb k\u00fcrzester Dispersionszeit vollst\u00e4ndig.<\/span><\/p>\n<p><span style=\"font-size: medium;\">Um die f\u00fcr Ihre Anwendung optimale Variante zu w\u00e4hlen, sprechen Sie uns gerne an &#8211; zur Auswahl stehen:<\/span><\/p>\n<ul>\n<li style=\"text-align: left;\"><span style=\"font-size: medium;\"><a href=\"https:\/\/alpha-calcit.net\/wp-content\/uploads\/2022\/10\/Application-leaflet_ALPHAWHITE.pdf\"><span style=\"color: #00478a;\"><em><strong>ALPHAWHITE<b><i>\u00ae<\/i><\/b> TI RC GX 1 P \/ 81 P<\/strong><\/em><\/span><\/a><\/span><\/li>\n<li><span style=\"font-size: medium;\"><a href=\"https:\/\/alpha-calcit.net\/wp-content\/uploads\/2024\/04\/AL-ALPHAWHITE-TI-RC-823_Vers.-08.2023_KS.pdf\"><span style=\"color: #00478a;\"><em><strong>ALPHAWHITE\u00ae RC 823\u00a0<\/strong><\/em><\/span><\/a><\/span><\/li>\n<li><span style=\"color: #00478a; font-size: medium;\"><em><strong>TITANDIOXID RCL 188 \/ 595 \/ 596\/ 696 ( auf spezielle Anfrage)<\/strong><\/em><\/span><\/li>\n<li><span style=\"color: #00478a; font-size: medium;\"><em><strong>ALMISIL<a style=\"color: #00478a;\" href=\"https:\/\/alpha-calcit.net\/wp-content\/uploads\/2024\/11\/AL-ALMISIL-CC-87_Vers.-08.2023_KS.pdf\">\u00ae<\/a> CC 87 (calciniertes Kaolin) als Extender<\/strong><\/em><\/span><\/li>\n<\/ul>\n<p>[\/et_pb_text][\/et_pb_column][\/et_pb_row][\/et_pb_section][et_pb_section fb_built=&#8220;1&#8243; admin_label=&#8220;Footer1&#8243; _builder_version=&#8220;4.16&#8243; background_color=&#8220;#022D64&#8243; custom_padding=&#8220;|||&#8220; saved_tabs=&#8220;all&#8220; global_colors_info=&#8220;{}&#8220;][et_pb_row use_custom_gutter=&#8220;on&#8220; gutter_width=&#8220;2&#8243; module_id=&#8220;kontakt&#8220; _builder_version=&#8220;4.16&#8243; background_enable_color=&#8220;off&#8220; max_width=&#8220;1440px&#8220; use_custom_width=&#8220;on&#8220; custom_width_px=&#8220;1440px&#8220; locked=&#8220;off&#8220; global_colors_info=&#8220;{}&#8220;][et_pb_column type=&#8220;4_4&#8243; _builder_version=&#8220;4.16&#8243; custom_padding=&#8220;|||&#8220; global_colors_info=&#8220;{}&#8220; custom_padding__hover=&#8220;|||&#8220;][et_pb_menu menu_id=&#8220;9&#8243; menu_style=&#8220;centered&#8220; active_link_color=&#8220;#ffffff&#8220; dropdown_menu_bg_color=&#8220;#00478a&#8220; dropdown_menu_line_color=&#8220;#00478a&#8220; dropdown_menu_text_color=&#8220;#ffffff&#8220; dropdown_menu_active_link_color=&#8220;#ffffff&#8220; mobile_menu_bg_color=&#8220;#00478a&#8220; mobile_menu_text_color=&#8220;#ffffff&#8220; logo=&#8220;https:\/\/alpha-calcit.net\/wp-content\/uploads\/2020\/06\/alpha_logo-300&#215;87-1.png&#8220; _builder_version=&#8220;4.16&#8243; menu_text_color=&#8220;#ffffff&#8220; background_color=&#8220;rgba(0,0,0,0)&#8220; background_layout=&#8220;dark&#8220; custom_padding=&#8220;0px|||||&#8220; global_colors_info=&#8220;{}&#8220;][\/et_pb_menu][\/et_pb_column][\/et_pb_row][et_pb_row use_custom_gutter=&#8220;on&#8220; gutter_width=&#8220;2&#8243; module_id=&#8220;kontakt&#8220; _builder_version=&#8220;4.16&#8243; background_enable_color=&#8220;off&#8220; max_width=&#8220;1440px&#8220; use_custom_width=&#8220;on&#8220; custom_width_px=&#8220;1440px&#8220; locked=&#8220;off&#8220; global_colors_info=&#8220;{}&#8220;][et_pb_column type=&#8220;4_4&#8243; _builder_version=&#8220;4.16&#8243; custom_padding=&#8220;|||&#8220; global_colors_info=&#8220;{}&#8220; custom_padding__hover=&#8220;|||&#8220;][\/et_pb_column][\/et_pb_row][\/et_pb_section]<\/p>\n","protected":false},"excerpt":{"rendered":"<p>Wei\u00dfpigmenteTITANDIOXIDDas Titandioxid (TiO2) Pigment geh\u00f6rt zu den effektivsten Wei\u00dfpigmenten auf dem Markt und kennzeichnet sich durch sein ausgezeichnetes Deckverm\u00f6gen, einen hohen Wei\u00dfgrad und eine hohe spezifische Oberfl\u00e4che. Die Hauptvorteile bei der Verwendung unserer TiO2 Produkte sind Helligkeit und ein sehr hoher Brechungsindex sowie seine ausgezeichnete Pigment Verarbeitbarkeit, Haltbarkeit, thermische Stabilit\u00e4t und photochemische Aktivit\u00e4t. Aufgrund der [&hellip;]<\/p>\n","protected":false},"author":2,"featured_media":0,"parent":0,"menu_order":0,"comment_status":"closed","ping_status":"closed","template":"","meta":{"_et_pb_use_builder":"on","_et_pb_old_content":"","_et_gb_content_width":"","footnotes":""},"class_list":["post-6312","page","type-page","status-publish","hentry"],"yoast_head":"<!-- This site is optimized with the Yoast SEO plugin v27.3 - https:\/\/yoast.com\/product\/yoast-seo-wordpress\/ -->\n<title>Titandioxid (TiO2) Pigment. Eine der effektivsten Wei\u00dfpigmente.<\/title>\n<meta name=\"description\" content=\"Das Titandioxid (TiO2) Pigment geh\u00f6rt zu den effektivsten Wei\u00dfpigmenten auf dem Markt. Erfahren Sie mehr.\" \/>\n<meta name=\"robots\" content=\"index, follow, max-snippet:-1, max-image-preview:large, max-video-preview:-1\" \/>\n<link rel=\"canonical\" href=\"https:\/\/alpha-calcit.net\/de\/titandioxide-weisspigmente\/\" \/>\n<meta property=\"og:locale\" content=\"de_DE\" \/>\n<meta property=\"og:type\" content=\"article\" \/>\n<meta property=\"og:title\" content=\"Titandioxid (TiO2) Pigment. Eine der effektivsten Wei\u00dfpigmente.\" \/>\n<meta property=\"og:description\" content=\"Das Titandioxid (TiO2) Pigment geh\u00f6rt zu den effektivsten Wei\u00dfpigmenten auf dem Markt. Erfahren Sie mehr.\" \/>\n<meta property=\"og:url\" content=\"https:\/\/alpha-calcit.net\/de\/titandioxide-weisspigmente\/\" \/>\n<meta property=\"og:site_name\" content=\"Alpha Calcit\" \/>\n<meta property=\"article:modified_time\" content=\"2026-03-19T12:35:41+00:00\" \/>\n<meta name=\"twitter:card\" content=\"summary_large_image\" \/>\n<script type=\"application\/ld+json\" class=\"yoast-schema-graph\">{\"@context\":\"https:\\\/\\\/schema.org\",\"@graph\":[{\"@type\":\"WebPage\",\"@id\":\"https:\\\/\\\/alpha-calcit.net\\\/de\\\/titandioxide-weisspigmente\\\/\",\"url\":\"https:\\\/\\\/alpha-calcit.net\\\/de\\\/titandioxide-weisspigmente\\\/\",\"name\":\"Titandioxid (TiO2) Pigment. Eine der effektivsten Wei\u00dfpigmente.\",\"isPartOf\":{\"@id\":\"https:\\\/\\\/alpha-calcit.net\\\/de\\\/#website\"},\"datePublished\":\"2021-01-13T08:44:30+00:00\",\"dateModified\":\"2026-03-19T12:35:41+00:00\",\"description\":\"Das Titandioxid (TiO2) Pigment geh\u00f6rt zu den effektivsten Wei\u00dfpigmenten auf dem Markt. Erfahren Sie mehr.\",\"breadcrumb\":{\"@id\":\"https:\\\/\\\/alpha-calcit.net\\\/de\\\/titandioxide-weisspigmente\\\/#breadcrumb\"},\"inLanguage\":\"de\",\"potentialAction\":[{\"@type\":\"ReadAction\",\"target\":[\"https:\\\/\\\/alpha-calcit.net\\\/de\\\/titandioxide-weisspigmente\\\/\"]}]},{\"@type\":\"BreadcrumbList\",\"@id\":\"https:\\\/\\\/alpha-calcit.net\\\/de\\\/titandioxide-weisspigmente\\\/#breadcrumb\",\"itemListElement\":[{\"@type\":\"ListItem\",\"position\":1,\"name\":\"Startseite\",\"item\":\"https:\\\/\\\/alpha-calcit.net\\\/de\\\/\"},{\"@type\":\"ListItem\",\"position\":2,\"name\":\"Titandioxide \u2013 Wei\u00dfpigmente\"}]},{\"@type\":\"WebSite\",\"@id\":\"https:\\\/\\\/alpha-calcit.net\\\/de\\\/#website\",\"url\":\"https:\\\/\\\/alpha-calcit.net\\\/de\\\/\",\"name\":\"Alpha Calcit\",\"description\":\"\",\"publisher\":{\"@id\":\"https:\\\/\\\/alpha-calcit.net\\\/de\\\/#organization\"},\"potentialAction\":[{\"@type\":\"SearchAction\",\"target\":{\"@type\":\"EntryPoint\",\"urlTemplate\":\"https:\\\/\\\/alpha-calcit.net\\\/de\\\/?s={search_term_string}\"},\"query-input\":{\"@type\":\"PropertyValueSpecification\",\"valueRequired\":true,\"valueName\":\"search_term_string\"}}],\"inLanguage\":\"de\"},{\"@type\":\"Organization\",\"@id\":\"https:\\\/\\\/alpha-calcit.net\\\/de\\\/#organization\",\"name\":\"Alpha Calcit F\u00fcllstoff Gesellschaft mbH & Co. KG\",\"alternateName\":\"Alpha Calcit\",\"url\":\"https:\\\/\\\/alpha-calcit.net\\\/de\\\/\",\"logo\":{\"@type\":\"ImageObject\",\"inLanguage\":\"de\",\"@id\":\"https:\\\/\\\/alpha-calcit.net\\\/de\\\/#\\\/schema\\\/logo\\\/image\\\/\",\"url\":\"https:\\\/\\\/alpha-calcit.net\\\/wp-content\\\/uploads\\\/2022\\\/07\\\/alpha-512px.png\",\"contentUrl\":\"https:\\\/\\\/alpha-calcit.net\\\/wp-content\\\/uploads\\\/2022\\\/07\\\/alpha-512px.png\",\"width\":512,\"height\":512,\"caption\":\"Alpha Calcit F\u00fcllstoff Gesellschaft mbH & Co. KG\"},\"image\":{\"@id\":\"https:\\\/\\\/alpha-calcit.net\\\/de\\\/#\\\/schema\\\/logo\\\/image\\\/\"},\"sameAs\":[\"https:\\\/\\\/www.linkedin.com\\\/company\\\/106003634\"]}]}<\/script>\n<!-- \/ Yoast SEO plugin. -->","yoast_head_json":{"title":"Titandioxid (TiO2) Pigment. Eine der effektivsten Wei\u00dfpigmente.","description":"Das Titandioxid (TiO2) Pigment geh\u00f6rt zu den effektivsten Wei\u00dfpigmenten auf dem Markt. Erfahren Sie mehr.","robots":{"index":"index","follow":"follow","max-snippet":"max-snippet:-1","max-image-preview":"max-image-preview:large","max-video-preview":"max-video-preview:-1"},"canonical":"https:\/\/alpha-calcit.net\/de\/titandioxide-weisspigmente\/","og_locale":"de_DE","og_type":"article","og_title":"Titandioxid (TiO2) Pigment. Eine der effektivsten Wei\u00dfpigmente.","og_description":"Das Titandioxid (TiO2) Pigment geh\u00f6rt zu den effektivsten Wei\u00dfpigmenten auf dem Markt. Erfahren Sie mehr.","og_url":"https:\/\/alpha-calcit.net\/de\/titandioxide-weisspigmente\/","og_site_name":"Alpha Calcit","article_modified_time":"2026-03-19T12:35:41+00:00","twitter_card":"summary_large_image","schema":{"@context":"https:\/\/schema.org","@graph":[{"@type":"WebPage","@id":"https:\/\/alpha-calcit.net\/de\/titandioxide-weisspigmente\/","url":"https:\/\/alpha-calcit.net\/de\/titandioxide-weisspigmente\/","name":"Titandioxid (TiO2) Pigment. Eine der effektivsten Wei\u00dfpigmente.","isPartOf":{"@id":"https:\/\/alpha-calcit.net\/de\/#website"},"datePublished":"2021-01-13T08:44:30+00:00","dateModified":"2026-03-19T12:35:41+00:00","description":"Das Titandioxid (TiO2) Pigment geh\u00f6rt zu den effektivsten Wei\u00dfpigmenten auf dem Markt. Erfahren Sie mehr.","breadcrumb":{"@id":"https:\/\/alpha-calcit.net\/de\/titandioxide-weisspigmente\/#breadcrumb"},"inLanguage":"de","potentialAction":[{"@type":"ReadAction","target":["https:\/\/alpha-calcit.net\/de\/titandioxide-weisspigmente\/"]}]},{"@type":"BreadcrumbList","@id":"https:\/\/alpha-calcit.net\/de\/titandioxide-weisspigmente\/#breadcrumb","itemListElement":[{"@type":"ListItem","position":1,"name":"Startseite","item":"https:\/\/alpha-calcit.net\/de\/"},{"@type":"ListItem","position":2,"name":"Titandioxide \u2013 Wei\u00dfpigmente"}]},{"@type":"WebSite","@id":"https:\/\/alpha-calcit.net\/de\/#website","url":"https:\/\/alpha-calcit.net\/de\/","name":"Alpha Calcit","description":"","publisher":{"@id":"https:\/\/alpha-calcit.net\/de\/#organization"},"potentialAction":[{"@type":"SearchAction","target":{"@type":"EntryPoint","urlTemplate":"https:\/\/alpha-calcit.net\/de\/?s={search_term_string}"},"query-input":{"@type":"PropertyValueSpecification","valueRequired":true,"valueName":"search_term_string"}}],"inLanguage":"de"},{"@type":"Organization","@id":"https:\/\/alpha-calcit.net\/de\/#organization","name":"Alpha Calcit F\u00fcllstoff Gesellschaft mbH & Co. KG","alternateName":"Alpha Calcit","url":"https:\/\/alpha-calcit.net\/de\/","logo":{"@type":"ImageObject","inLanguage":"de","@id":"https:\/\/alpha-calcit.net\/de\/#\/schema\/logo\/image\/","url":"https:\/\/alpha-calcit.net\/wp-content\/uploads\/2022\/07\/alpha-512px.png","contentUrl":"https:\/\/alpha-calcit.net\/wp-content\/uploads\/2022\/07\/alpha-512px.png","width":512,"height":512,"caption":"Alpha Calcit F\u00fcllstoff Gesellschaft mbH & Co. KG"},"image":{"@id":"https:\/\/alpha-calcit.net\/de\/#\/schema\/logo\/image\/"},"sameAs":["https:\/\/www.linkedin.com\/company\/106003634"]}]}},"_links":{"self":[{"href":"https:\/\/alpha-calcit.net\/de\/wp-json\/wp\/v2\/pages\/6312","targetHints":{"allow":["GET"]}}],"collection":[{"href":"https:\/\/alpha-calcit.net\/de\/wp-json\/wp\/v2\/pages"}],"about":[{"href":"https:\/\/alpha-calcit.net\/de\/wp-json\/wp\/v2\/types\/page"}],"author":[{"embeddable":true,"href":"https:\/\/alpha-calcit.net\/de\/wp-json\/wp\/v2\/users\/2"}],"replies":[{"embeddable":true,"href":"https:\/\/alpha-calcit.net\/de\/wp-json\/wp\/v2\/comments?post=6312"}],"version-history":[{"count":43,"href":"https:\/\/alpha-calcit.net\/de\/wp-json\/wp\/v2\/pages\/6312\/revisions"}],"predecessor-version":[{"id":17499,"href":"https:\/\/alpha-calcit.net\/de\/wp-json\/wp\/v2\/pages\/6312\/revisions\/17499"}],"wp:attachment":[{"href":"https:\/\/alpha-calcit.net\/de\/wp-json\/wp\/v2\/media?parent=6312"}],"curies":[{"name":"wp","href":"https:\/\/api.w.org\/{rel}","templated":true}]}}