{"id":6320,"date":"2021-01-13T09:44:33","date_gmt":"2021-01-13T08:44:33","guid":{"rendered":"https:\/\/alpha-calcit.net\/pigment-fuellstoffmischungen\/"},"modified":"2025-12-01T08:37:34","modified_gmt":"2025-12-01T07:37:34","slug":"pigment-fuellstoffmischungen","status":"publish","type":"page","link":"https:\/\/alpha-calcit.net\/de\/pigment-fuellstoffmischungen\/","title":{"rendered":"Pigment-\/F\u00fcllstoffmischungen"},"content":{"rendered":"<p>[et_pb_section fb_built=&#8220;1&#8243; next_background_color=&#8220;#ffffff&#8220; admin_label=&#8220;Hero&#8220; _builder_version=&#8220;4.16&#8243; background_color=&#8220;#00478a&#8220; use_background_color_gradient=&#8220;on&#8220; background_color_gradient_direction=&#8220;70deg&#8220; background_color_gradient_stops=&#8220;rgba(40,61,75,0.3) 0%|rgba(128,103,79,0.22) 100%&#8220; background_color_gradient_overlays_image=&#8220;on&#8220; background_color_gradient_start=&#8220;rgba(40,61,75,0.3)&#8220; background_color_gradient_end=&#8220;rgba(128,103,79,0.22)&#8220; background_image=&#8220;https:\/\/alpha-calcit.net\/wp-content\/uploads\/2022\/07\/laboratory-2815641-scaled.jpg&#8220; custom_margin=&#8220;|||&#8220; custom_padding=&#8220;2vw|||||&#8220; bottom_divider_style=&#8220;mountains2&#8243; bottom_divider_height=&#8220;20vw&#8220; bottom_divider_repeat=&#8220;0.5x&#8220; bottom_divider_flip=&#8220;horizontal|vertical&#8220; animation_style=&#8220;zoom&#8220; global_colors_info=&#8220;{}&#8220;][et_pb_row _builder_version=&#8220;4.16&#8243; custom_margin=&#8220;|||&#8220; custom_padding=&#8220;27px|0px|0|0px|false|false&#8220; global_colors_info=&#8220;{}&#8220;][et_pb_column type=&#8220;4_4&#8243; _builder_version=&#8220;4.16&#8243; custom_padding=&#8220;|||&#8220; global_colors_info=&#8220;{}&#8220; custom_padding__hover=&#8220;|||&#8220;][et_pb_text _builder_version=&#8220;4.16&#8243; text_font=&#8220;||||||||&#8220; header_font=&#8220;|700|||||||&#8220; header_text_color=&#8220;#ffffff&#8220; header_font_size=&#8220;64px&#8220; header_line_height=&#8220;1.4em&#8220; header_2_font=&#8220;Josefin Sans||||||||&#8220; header_2_text_color=&#8220;rgba(255,255,255,0.6)&#8220; header_2_font_size=&#8220;32px&#8220; header_2_line_height=&#8220;1.4em&#8220; background_layout=&#8220;dark&#8220; animation_style=&#8220;slide&#8220; animation_direction=&#8220;right&#8220; animation_intensity_slide=&#8220;4%&#8220; header_font_size_tablet=&#8220;50px&#8220; header_font_size_phone=&#8220;32px&#8220; header_font_size_last_edited=&#8220;on|desktop&#8220; header_2_font_size_tablet=&#8220;&#8220; header_2_font_size_phone=&#8220;24px&#8220; header_2_font_size_last_edited=&#8220;on|phone&#8220; header_text_shadow_style=&#8220;preset3&#8243; header_text_shadow_color=&#8220;#000000&#8243; global_colors_info=&#8220;{}&#8220;]<\/p>\n<h1>Pigmentmischungen<br \/>TRIPAK<sup>\u00ae<\/sup><\/h1>\n<p>[\/et_pb_text][\/et_pb_column][\/et_pb_row][et_pb_row column_structure=&#8220;1_2,1_2&#8243; _builder_version=&#8220;4.16&#8243; custom_padding=&#8220;0|0px|27px|0px|false|false&#8220; locked=&#8220;off&#8220; global_colors_info=&#8220;{}&#8220;][et_pb_column type=&#8220;1_2&#8243; _builder_version=&#8220;4.16&#8243; custom_padding=&#8220;|||&#8220; global_colors_info=&#8220;{}&#8220; custom_padding__hover=&#8220;|||&#8220;][et_pb_text _builder_version=&#8220;4.16&#8243; global_colors_info=&#8220;{}&#8220;][\/et_pb_text][\/et_pb_column][et_pb_column type=&#8220;1_2&#8243; _builder_version=&#8220;4.16&#8243; custom_padding=&#8220;|||&#8220; global_colors_info=&#8220;{}&#8220; custom_padding__hover=&#8220;|||&#8220;][et_pb_button button_url=&#8220;#sektion&#8220; button_text=&#8220;Erfahren Sie mehr &#8230;&#8220; button_alignment=&#8220;right&#8220; module_id=&#8220;sektion&#8220; _builder_version=&#8220;4.16&#8243; _module_preset=&#8220;default&#8220; custom_button=&#8220;on&#8220; button_text_size=&#8220;23px&#8220; button_text_color=&#8220;#FFFFFF&#8220; button_bg_color=&#8220;#00478A&#8220; button_border_width=&#8220;0px&#8220; button_border_color=&#8220;#00478A&#8220; button_border_radius=&#8220;100px&#8220; button_font=&#8220;|700|||||||&#8220; animation_style=&#8220;slide&#8220; box_shadow_style=&#8220;preset3&#8243; box_shadow_blur=&#8220;20px&#8220; box_shadow_spread=&#8220;-10px&#8220; global_colors_info=&#8220;{}&#8220;][\/et_pb_button][\/et_pb_column][\/et_pb_row][et_pb_row use_custom_gutter=&#8220;on&#8220; gutter_width=&#8220;1&#8243; disabled_on=&#8220;on|off|off&#8220; module_class=&#8220; et_pb_row_fullwidth&#8220; _builder_version=&#8220;4.16&#8243; width=&#8220;100%&#8220; width_tablet=&#8220;100%&#8220; width_phone=&#8220;&#8220; width_last_edited=&#8220;on|desktop&#8220; max_width=&#8220;100%&#8220; max_width_tablet=&#8220;100%&#8220; max_width_phone=&#8220;&#8220; max_width_last_edited=&#8220;on|desktop&#8220; make_fullwidth=&#8220;on&#8220; locked=&#8220;off&#8220; global_colors_info=&#8220;{}&#8220;][et_pb_column type=&#8220;4_4&#8243; _builder_version=&#8220;4.16&#8243; custom_padding=&#8220;|||&#8220; global_colors_info=&#8220;{}&#8220; custom_padding__hover=&#8220;|||&#8220;][\/et_pb_column][\/et_pb_row][\/et_pb_section][et_pb_section fb_built=&#8220;1&#8243; _builder_version=&#8220;4.16&#8243; custom_padding=&#8220;45px|||||&#8220; global_colors_info=&#8220;{}&#8220;][et_pb_row _builder_version=&#8220;4.27.3&#8243; min_height=&#8220;572.9px&#8220; custom_padding=&#8220;0px|||||&#8220; global_colors_info=&#8220;{}&#8220;][et_pb_column type=&#8220;4_4&#8243; _builder_version=&#8220;4.16&#8243; global_colors_info=&#8220;{}&#8220;][et_pb_text _builder_version=&#8220;4.16&#8243; header_line_height=&#8220;1.4em&#8220; header_2_font_size=&#8220;50px&#8220; header_2_line_height=&#8220;1.4em&#8220; header_2_font_size_tablet=&#8220;&#8220; header_2_font_size_phone=&#8220;&#8220; header_2_font_size_last_edited=&#8220;on|desktop&#8220; global_colors_info=&#8220;{}&#8220;]<\/p>\n<h3><span style=\"color: #00478a;\"><em><strong>TRIPAK<\/strong><\/em><sup>\u00ae<\/sup><em><strong>\u00a0und\u00a0<\/strong><\/em><em><strong>TRIPAK<\/strong><\/em><sup>\u00ae<\/sup><\/span><em><strong><span style=\"color: #00478a;\">Eco<\/span>\u00a0<\/strong><\/em><\/h3>\n<p><em><strong><\/strong><\/em><\/p>\n<p><em><strong><\/strong><\/em><\/p>\n<p><span style=\"font-size: medium;\">Bei der Produktfamilie <strong><em>TRIPAK<\/em><sup>\u00ae<\/sup><\/strong> handelt es sich um ma\u00dfgeschneiderte additivierte Produkte auf Basis von Industriemineralen, die sich f\u00fcr Anstrichfarben im Au\u00dfen- und Innenbereich eignen.<\/span><\/p>\n<p><span style=\"font-size: medium;\">Es stehen optimierte <strong><em>TRIPAK<\/em><sup>\u00ae<\/sup><\/strong> Produkte zur Verf\u00fcgung, die an das vom Kunden gew\u00e4hlte Bindemittelsystem und nach seiner speziellen Anforderung im jeweiligen Einsatzgebiet angepasst werden.<\/span><br \/><span style=\"font-size: medium;\">Der Einsatz von Produkten dieser individuellen Linie erm\u00f6glicht individuelle Beschichtungen auf h\u00f6chstem Qualit\u00e4tsniveau sowie eine lebenslange Garantie gegen Ausbl\u00fchen. .<\/span><\/p>\n<p><span style=\"font-size: medium;\">Es stehen wei\u00dfpigmentierte Hightech-Versionen zur Verf\u00fcgung, die effizient vordispergierte Wei\u00dfpigmente mit mattierenden Effekten f\u00fcr allen Arten von Wandfarben kombinieren.<\/span><\/p>\n<p><span style=\"font-size: medium;\">Die neueste Generation dieser Produktlinie, <strong><em>TRIPAK<\/em><sup>\u00ae<\/sup><\/strong> <em><strong>ECO<\/strong><\/em>, kommt <strong>ohne organische Biozide<\/strong> in Anwendungen von Innenraum-Wandfarben aus, da Industriemineralien mit hohen pH-Werten kombiniert werden, um <em><strong>TRIPAK<sup>\u00ae<\/sup><\/strong> <strong>ECO<\/strong><\/em> w\u00e4hrend der Lagerung und Handhabung zu sch\u00fctzen und die resultierende Wandfarbe gegen mikrobiologische Verunreinigungen zu stabilisieren.<\/span><\/p>\n<p><span style=\"font-size: medium;\">\u00a0<\/span><\/p>\n<ul>\n<li><span style=\"font-size: medium; color: #00478a;\"><a href=\"https:\/\/alpha-calcit.net\/wp-content\/uploads\/2020\/10\/AL-TRIPAK-V1.pdf\" target=\"_blank\" rel=\"noopener noreferrer\" style=\"color: #00478a;\"><strong><em>TRIPAK<\/em><sup>\u00ae<\/sup><\/strong> \u2013 F\u00dcR JEDE GEW\u00dcNSCHTE FARBE<\/a><\/span><\/li>\n<li><a href=\"https:\/\/alpha-calcit.net\/wp-content\/uploads\/2023\/03\/Application-leaflet_Tripak-Eco.pdf\"><span style=\"font-size: medium;\"><span style=\"color: #00478a;\"><em><strong>TRIPAK<sup>\u00ae<\/sup> ECO<\/strong> <\/em>\u2013 Neue Produkte, frei von organischen Bioziden<\/span><\/span><\/a><\/li>\n<\/ul>\n<p>[\/et_pb_text][\/et_pb_column][\/et_pb_row][\/et_pb_section][et_pb_section fb_built=&#8220;1&#8243; admin_label=&#8220;Footer1&#8243; _builder_version=&#8220;4.16&#8243; background_color=&#8220;#022D64&#8243; custom_padding=&#8220;|||&#8220; saved_tabs=&#8220;all&#8220; global_colors_info=&#8220;{}&#8220;][et_pb_row use_custom_gutter=&#8220;on&#8220; gutter_width=&#8220;2&#8243; module_id=&#8220;kontakt&#8220; _builder_version=&#8220;4.16&#8243; background_enable_color=&#8220;off&#8220; max_width=&#8220;1440px&#8220; use_custom_width=&#8220;on&#8220; custom_width_px=&#8220;1440px&#8220; locked=&#8220;off&#8220; global_colors_info=&#8220;{}&#8220;][et_pb_column type=&#8220;4_4&#8243; _builder_version=&#8220;4.16&#8243; custom_padding=&#8220;|||&#8220; global_colors_info=&#8220;{}&#8220; custom_padding__hover=&#8220;|||&#8220;][et_pb_menu menu_id=&#8220;9&#8243; menu_style=&#8220;centered&#8220; active_link_color=&#8220;#ffffff&#8220; dropdown_menu_bg_color=&#8220;#00478a&#8220; dropdown_menu_line_color=&#8220;#00478a&#8220; dropdown_menu_text_color=&#8220;#ffffff&#8220; dropdown_menu_active_link_color=&#8220;#ffffff&#8220; mobile_menu_bg_color=&#8220;#00478a&#8220; mobile_menu_text_color=&#8220;#ffffff&#8220; logo=&#8220;https:\/\/alpha-calcit.net\/wp-content\/uploads\/2020\/06\/alpha_logo-300&#215;87-1.png&#8220; _builder_version=&#8220;4.16&#8243; menu_text_color=&#8220;#ffffff&#8220; background_color=&#8220;rgba(0,0,0,0)&#8220; background_layout=&#8220;dark&#8220; global_colors_info=&#8220;{}&#8220;][\/et_pb_menu][\/et_pb_column][\/et_pb_row][et_pb_row use_custom_gutter=&#8220;on&#8220; gutter_width=&#8220;2&#8243; module_id=&#8220;kontakt&#8220; _builder_version=&#8220;4.16&#8243; background_enable_color=&#8220;off&#8220; max_width=&#8220;1440px&#8220; use_custom_width=&#8220;on&#8220; custom_width_px=&#8220;1440px&#8220; locked=&#8220;off&#8220; global_colors_info=&#8220;{}&#8220;][et_pb_column type=&#8220;4_4&#8243; _builder_version=&#8220;4.16&#8243; custom_padding=&#8220;|||&#8220; global_colors_info=&#8220;{}&#8220; custom_padding__hover=&#8220;|||&#8220;][\/et_pb_column][\/et_pb_row][\/et_pb_section]<\/p>\n","protected":false},"excerpt":{"rendered":"<p>PigmentmischungenTRIPAK\u00aeTRIPAK\u00ae\u00a0und\u00a0TRIPAK\u00aeEco\u00a0 Bei der Produktfamilie TRIPAK\u00ae handelt es sich um ma\u00dfgeschneiderte additivierte Produkte auf Basis von Industriemineralen, die sich f\u00fcr Anstrichfarben im Au\u00dfen- und Innenbereich eignen. Es stehen optimierte TRIPAK\u00ae Produkte zur Verf\u00fcgung, die an das vom Kunden gew\u00e4hlte Bindemittelsystem und nach seiner speziellen Anforderung im jeweiligen Einsatzgebiet angepasst werden.Der Einsatz von Produkten dieser individuellen Linie [&hellip;]<\/p>\n","protected":false},"author":2,"featured_media":0,"parent":0,"menu_order":0,"comment_status":"closed","ping_status":"closed","template":"","meta":{"_et_pb_use_builder":"on","_et_pb_old_content":"","_et_gb_content_width":"","footnotes":""},"class_list":["post-6320","page","type-page","status-publish","hentry"],"yoast_head":"<!-- This site is optimized with the Yoast SEO plugin v27.3 - https:\/\/yoast.com\/product\/yoast-seo-wordpress\/ -->\n<title>Pigmentmischungen und F\u00fcllstoffmischungen von Alpha Calcit<\/title>\n<meta name=\"description\" content=\"Pigmentmischungen und F\u00fcllstoffmischungen von Alpha Calcit\" \/>\n<meta name=\"robots\" content=\"index, follow, max-snippet:-1, max-image-preview:large, max-video-preview:-1\" \/>\n<link rel=\"canonical\" href=\"https:\/\/alpha-calcit.net\/de\/pigment-fuellstoffmischungen\/\" \/>\n<meta property=\"og:locale\" content=\"de_DE\" \/>\n<meta property=\"og:type\" content=\"article\" \/>\n<meta property=\"og:title\" content=\"Pigmentmischungen und F\u00fcllstoffmischungen von Alpha Calcit\" \/>\n<meta property=\"og:description\" content=\"Pigmentmischungen und F\u00fcllstoffmischungen von Alpha Calcit\" \/>\n<meta property=\"og:url\" content=\"https:\/\/alpha-calcit.net\/de\/pigment-fuellstoffmischungen\/\" \/>\n<meta property=\"og:site_name\" content=\"Alpha Calcit\" \/>\n<meta property=\"article:modified_time\" content=\"2025-12-01T07:37:34+00:00\" \/>\n<meta name=\"twitter:card\" content=\"summary_large_image\" \/>\n<script type=\"application\/ld+json\" class=\"yoast-schema-graph\">{\"@context\":\"https:\\\/\\\/schema.org\",\"@graph\":[{\"@type\":\"WebPage\",\"@id\":\"https:\\\/\\\/alpha-calcit.net\\\/de\\\/pigment-fuellstoffmischungen\\\/\",\"url\":\"https:\\\/\\\/alpha-calcit.net\\\/de\\\/pigment-fuellstoffmischungen\\\/\",\"name\":\"Pigmentmischungen und F\u00fcllstoffmischungen von Alpha Calcit\",\"isPartOf\":{\"@id\":\"https:\\\/\\\/alpha-calcit.net\\\/de\\\/#website\"},\"datePublished\":\"2021-01-13T08:44:33+00:00\",\"dateModified\":\"2025-12-01T07:37:34+00:00\",\"description\":\"Pigmentmischungen und F\u00fcllstoffmischungen von Alpha Calcit\",\"breadcrumb\":{\"@id\":\"https:\\\/\\\/alpha-calcit.net\\\/de\\\/pigment-fuellstoffmischungen\\\/#breadcrumb\"},\"inLanguage\":\"de\",\"potentialAction\":[{\"@type\":\"ReadAction\",\"target\":[\"https:\\\/\\\/alpha-calcit.net\\\/de\\\/pigment-fuellstoffmischungen\\\/\"]}]},{\"@type\":\"BreadcrumbList\",\"@id\":\"https:\\\/\\\/alpha-calcit.net\\\/de\\\/pigment-fuellstoffmischungen\\\/#breadcrumb\",\"itemListElement\":[{\"@type\":\"ListItem\",\"position\":1,\"name\":\"Startseite\",\"item\":\"https:\\\/\\\/alpha-calcit.net\\\/de\\\/\"},{\"@type\":\"ListItem\",\"position\":2,\"name\":\"Pigment-\\\/F\u00fcllstoffmischungen\"}]},{\"@type\":\"WebSite\",\"@id\":\"https:\\\/\\\/alpha-calcit.net\\\/de\\\/#website\",\"url\":\"https:\\\/\\\/alpha-calcit.net\\\/de\\\/\",\"name\":\"Alpha Calcit\",\"description\":\"\",\"publisher\":{\"@id\":\"https:\\\/\\\/alpha-calcit.net\\\/de\\\/#organization\"},\"potentialAction\":[{\"@type\":\"SearchAction\",\"target\":{\"@type\":\"EntryPoint\",\"urlTemplate\":\"https:\\\/\\\/alpha-calcit.net\\\/de\\\/?s={search_term_string}\"},\"query-input\":{\"@type\":\"PropertyValueSpecification\",\"valueRequired\":true,\"valueName\":\"search_term_string\"}}],\"inLanguage\":\"de\"},{\"@type\":\"Organization\",\"@id\":\"https:\\\/\\\/alpha-calcit.net\\\/de\\\/#organization\",\"name\":\"Alpha Calcit F\u00fcllstoff Gesellschaft mbH & Co. KG\",\"alternateName\":\"Alpha Calcit\",\"url\":\"https:\\\/\\\/alpha-calcit.net\\\/de\\\/\",\"logo\":{\"@type\":\"ImageObject\",\"inLanguage\":\"de\",\"@id\":\"https:\\\/\\\/alpha-calcit.net\\\/de\\\/#\\\/schema\\\/logo\\\/image\\\/\",\"url\":\"https:\\\/\\\/alpha-calcit.net\\\/wp-content\\\/uploads\\\/2022\\\/07\\\/alpha-512px.png\",\"contentUrl\":\"https:\\\/\\\/alpha-calcit.net\\\/wp-content\\\/uploads\\\/2022\\\/07\\\/alpha-512px.png\",\"width\":512,\"height\":512,\"caption\":\"Alpha Calcit F\u00fcllstoff Gesellschaft mbH & Co. KG\"},\"image\":{\"@id\":\"https:\\\/\\\/alpha-calcit.net\\\/de\\\/#\\\/schema\\\/logo\\\/image\\\/\"},\"sameAs\":[\"https:\\\/\\\/www.linkedin.com\\\/company\\\/106003634\"]}]}<\/script>\n<!-- \/ Yoast SEO plugin. -->","yoast_head_json":{"title":"Pigmentmischungen und F\u00fcllstoffmischungen von Alpha Calcit","description":"Pigmentmischungen und F\u00fcllstoffmischungen von Alpha Calcit","robots":{"index":"index","follow":"follow","max-snippet":"max-snippet:-1","max-image-preview":"max-image-preview:large","max-video-preview":"max-video-preview:-1"},"canonical":"https:\/\/alpha-calcit.net\/de\/pigment-fuellstoffmischungen\/","og_locale":"de_DE","og_type":"article","og_title":"Pigmentmischungen und F\u00fcllstoffmischungen von Alpha Calcit","og_description":"Pigmentmischungen und F\u00fcllstoffmischungen von Alpha Calcit","og_url":"https:\/\/alpha-calcit.net\/de\/pigment-fuellstoffmischungen\/","og_site_name":"Alpha Calcit","article_modified_time":"2025-12-01T07:37:34+00:00","twitter_card":"summary_large_image","schema":{"@context":"https:\/\/schema.org","@graph":[{"@type":"WebPage","@id":"https:\/\/alpha-calcit.net\/de\/pigment-fuellstoffmischungen\/","url":"https:\/\/alpha-calcit.net\/de\/pigment-fuellstoffmischungen\/","name":"Pigmentmischungen und F\u00fcllstoffmischungen von Alpha Calcit","isPartOf":{"@id":"https:\/\/alpha-calcit.net\/de\/#website"},"datePublished":"2021-01-13T08:44:33+00:00","dateModified":"2025-12-01T07:37:34+00:00","description":"Pigmentmischungen und F\u00fcllstoffmischungen von Alpha Calcit","breadcrumb":{"@id":"https:\/\/alpha-calcit.net\/de\/pigment-fuellstoffmischungen\/#breadcrumb"},"inLanguage":"de","potentialAction":[{"@type":"ReadAction","target":["https:\/\/alpha-calcit.net\/de\/pigment-fuellstoffmischungen\/"]}]},{"@type":"BreadcrumbList","@id":"https:\/\/alpha-calcit.net\/de\/pigment-fuellstoffmischungen\/#breadcrumb","itemListElement":[{"@type":"ListItem","position":1,"name":"Startseite","item":"https:\/\/alpha-calcit.net\/de\/"},{"@type":"ListItem","position":2,"name":"Pigment-\/F\u00fcllstoffmischungen"}]},{"@type":"WebSite","@id":"https:\/\/alpha-calcit.net\/de\/#website","url":"https:\/\/alpha-calcit.net\/de\/","name":"Alpha Calcit","description":"","publisher":{"@id":"https:\/\/alpha-calcit.net\/de\/#organization"},"potentialAction":[{"@type":"SearchAction","target":{"@type":"EntryPoint","urlTemplate":"https:\/\/alpha-calcit.net\/de\/?s={search_term_string}"},"query-input":{"@type":"PropertyValueSpecification","valueRequired":true,"valueName":"search_term_string"}}],"inLanguage":"de"},{"@type":"Organization","@id":"https:\/\/alpha-calcit.net\/de\/#organization","name":"Alpha Calcit F\u00fcllstoff Gesellschaft mbH & Co. KG","alternateName":"Alpha Calcit","url":"https:\/\/alpha-calcit.net\/de\/","logo":{"@type":"ImageObject","inLanguage":"de","@id":"https:\/\/alpha-calcit.net\/de\/#\/schema\/logo\/image\/","url":"https:\/\/alpha-calcit.net\/wp-content\/uploads\/2022\/07\/alpha-512px.png","contentUrl":"https:\/\/alpha-calcit.net\/wp-content\/uploads\/2022\/07\/alpha-512px.png","width":512,"height":512,"caption":"Alpha Calcit F\u00fcllstoff Gesellschaft mbH & Co. KG"},"image":{"@id":"https:\/\/alpha-calcit.net\/de\/#\/schema\/logo\/image\/"},"sameAs":["https:\/\/www.linkedin.com\/company\/106003634"]}]}},"_links":{"self":[{"href":"https:\/\/alpha-calcit.net\/de\/wp-json\/wp\/v2\/pages\/6320","targetHints":{"allow":["GET"]}}],"collection":[{"href":"https:\/\/alpha-calcit.net\/de\/wp-json\/wp\/v2\/pages"}],"about":[{"href":"https:\/\/alpha-calcit.net\/de\/wp-json\/wp\/v2\/types\/page"}],"author":[{"embeddable":true,"href":"https:\/\/alpha-calcit.net\/de\/wp-json\/wp\/v2\/users\/2"}],"replies":[{"embeddable":true,"href":"https:\/\/alpha-calcit.net\/de\/wp-json\/wp\/v2\/comments?post=6320"}],"version-history":[{"count":12,"href":"https:\/\/alpha-calcit.net\/de\/wp-json\/wp\/v2\/pages\/6320\/revisions"}],"predecessor-version":[{"id":17400,"href":"https:\/\/alpha-calcit.net\/de\/wp-json\/wp\/v2\/pages\/6320\/revisions\/17400"}],"wp:attachment":[{"href":"https:\/\/alpha-calcit.net\/de\/wp-json\/wp\/v2\/media?parent=6320"}],"curies":[{"name":"wp","href":"https:\/\/api.w.org\/{rel}","templated":true}]}}