{"id":6324,"date":"2021-01-13T09:44:34","date_gmt":"2021-01-13T08:44:34","guid":{"rendered":"https:\/\/alpha-calcit.net\/massgeschneiderte-loesungen\/"},"modified":"2025-12-01T08:51:52","modified_gmt":"2025-12-01T07:51:52","slug":"titandioxid-slurry-titandioxid-tio2-pigmente","status":"publish","type":"page","link":"https:\/\/alpha-calcit.net\/de\/titandioxid-slurry-titandioxid-tio2-pigmente\/","title":{"rendered":"Titandioxid Slurry"},"content":{"rendered":"<p>[et_pb_section fb_built=&#8220;1&#8243; next_background_color=&#8220;#ffffff&#8220; admin_label=&#8220;Hero&#8220; _builder_version=&#8220;4.16&#8243; background_color=&#8220;#00478a&#8220; use_background_color_gradient=&#8220;on&#8220; background_color_gradient_direction=&#8220;70deg&#8220; background_color_gradient_stops=&#8220;rgba(40,61,75,0.3) 0%|rgba(128,103,79,0.22) 100%&#8220; background_color_gradient_overlays_image=&#8220;on&#8220; background_color_gradient_start=&#8220;rgba(40,61,75,0.3)&#8220; background_color_gradient_end=&#8220;rgba(128,103,79,0.22)&#8220; background_image=&#8220;https:\/\/alpha-calcit.net\/wp-content\/uploads\/2023\/03\/iStock-528979660.jpg&#8220; min_height=&#8220;531.9px&#8220; custom_margin=&#8220;|||&#8220; custom_padding=&#8220;6vw|||&#8220; bottom_divider_style=&#8220;mountains2&#8243; bottom_divider_height=&#8220;20vw&#8220; bottom_divider_repeat=&#8220;0.5x&#8220; bottom_divider_flip=&#8220;horizontal|vertical&#8220; animation_style=&#8220;zoom&#8220; global_colors_info=&#8220;{}&#8220;][et_pb_row _builder_version=&#8220;4.16&#8243; custom_margin=&#8220;|||&#8220; custom_padding=&#8220;27px|0px|0|0px|false|false&#8220; global_colors_info=&#8220;{}&#8220;][et_pb_column type=&#8220;4_4&#8243; _builder_version=&#8220;4.16&#8243; custom_padding=&#8220;|||&#8220; global_colors_info=&#8220;{}&#8220; custom_padding__hover=&#8220;|||&#8220;][et_pb_text _builder_version=&#8220;4.27.3&#8243; text_font=&#8220;||||||||&#8220; header_font=&#8220;|700|||||||&#8220; header_text_color=&#8220;#ffffff&#8220; header_font_size=&#8220;64px&#8220; header_line_height=&#8220;1.4em&#8220; header_2_font=&#8220;Josefin Sans||||||||&#8220; header_2_text_color=&#8220;rgba(255,255,255,0.6)&#8220; header_2_font_size=&#8220;32px&#8220; header_2_line_height=&#8220;1.4em&#8220; background_layout=&#8220;dark&#8220; animation_style=&#8220;slide&#8220; animation_direction=&#8220;right&#8220; animation_intensity_slide=&#8220;4%&#8220; header_font_size_tablet=&#8220;50px&#8220; header_font_size_phone=&#8220;30px&#8220; header_font_size_last_edited=&#8220;on|phone&#8220; header_2_font_size_tablet=&#8220;&#8220; header_2_font_size_phone=&#8220;24px&#8220; header_2_font_size_last_edited=&#8220;on|phone&#8220; custom_css_free_form=&#8220;h1 span {||  padding-left: 100px}&#8220; header_text_shadow_style=&#8220;preset3&#8243; header_text_shadow_color=&#8220;#000000&#8243; global_colors_info=&#8220;{}&#8220;]<\/p>\n<h1><em><strong>ALPHAWHITE<\/strong><\/em><b><i>\u00ae <\/i><\/b>TiO<sub>2<\/sub> &#8211; SLURRY<span><br \/>\n<span> &#8211; kundenspezifische L\u00f6sungen<\/span><\/h1>\n<p>&nbsp;<\/p>\n<p>[\/et_pb_text][\/et_pb_column][\/et_pb_row][et_pb_row column_structure=&#8220;1_2,1_2&#8243; _builder_version=&#8220;4.16&#8243; custom_padding=&#8220;0|0px|27px|0px|false|false&#8220; locked=&#8220;off&#8220; global_colors_info=&#8220;{}&#8220;][et_pb_column type=&#8220;1_2&#8243; _builder_version=&#8220;4.16&#8243; custom_padding=&#8220;|||&#8220; global_colors_info=&#8220;{}&#8220; custom_padding__hover=&#8220;|||&#8220;][et_pb_text _builder_version=&#8220;4.16&#8243; global_colors_info=&#8220;{}&#8220;][\/et_pb_text][\/et_pb_column][et_pb_column type=&#8220;1_2&#8243; _builder_version=&#8220;4.16&#8243; custom_padding=&#8220;|||&#8220; global_colors_info=&#8220;{}&#8220; custom_padding__hover=&#8220;|||&#8220;][et_pb_button button_url=&#8220;#Form&#8220; button_text=&#8220;Erfahren Sie mehr &#8230;&#8220; button_alignment=&#8220;right&#8220; module_id=&#8220;Form&#8220; _builder_version=&#8220;4.16&#8243; _module_preset=&#8220;default&#8220; custom_button=&#8220;on&#8220; button_text_size=&#8220;23px&#8220; button_text_color=&#8220;#FFFFFF&#8220; button_bg_color=&#8220;#00478A&#8220; button_border_width=&#8220;0px&#8220; button_border_color=&#8220;#00478A&#8220; button_border_radius=&#8220;100px&#8220; button_font=&#8220;|700|||||||&#8220; animation_style=&#8220;slide&#8220; motion_trigger_start=&#8220;bottom&#8220; box_shadow_style=&#8220;preset3&#8243; box_shadow_blur=&#8220;20px&#8220; box_shadow_spread=&#8220;-11px&#8220; global_colors_info=&#8220;{}&#8220;][\/et_pb_button][\/et_pb_column][\/et_pb_row][et_pb_row use_custom_gutter=&#8220;on&#8220; gutter_width=&#8220;1&#8243; disabled_on=&#8220;on|off|off&#8220; module_class=&#8220; et_pb_row_fullwidth&#8220; _builder_version=&#8220;4.16&#8243; width=&#8220;100%&#8220; width_tablet=&#8220;100%&#8220; width_phone=&#8220;&#8220; width_last_edited=&#8220;on|desktop&#8220; max_width=&#8220;100%&#8220; max_width_tablet=&#8220;100%&#8220; max_width_phone=&#8220;&#8220; max_width_last_edited=&#8220;on|desktop&#8220; custom_margin=&#8220;139px|auto||auto||&#8220; make_fullwidth=&#8220;on&#8220; locked=&#8220;off&#8220; global_colors_info=&#8220;{}&#8220;][et_pb_column type=&#8220;4_4&#8243; _builder_version=&#8220;4.16&#8243; custom_padding=&#8220;|||&#8220; global_colors_info=&#8220;{}&#8220; custom_padding__hover=&#8220;|||&#8220;][\/et_pb_column][\/et_pb_row][\/et_pb_section][et_pb_section fb_built=&#8220;1&#8243; _builder_version=&#8220;4.16&#8243; custom_margin=&#8220;-133px|||||&#8220; global_colors_info=&#8220;{}&#8220;][et_pb_row _builder_version=&#8220;4.27.3&#8243; global_colors_info=&#8220;{}&#8220;][et_pb_column type=&#8220;4_4&#8243; _builder_version=&#8220;4.16&#8243; global_colors_info=&#8220;{}&#8220;][et_pb_text _builder_version=&#8220;4.27.3&#8243; header_line_height=&#8220;1.4em&#8220; header_2_font_size=&#8220;50px&#8220; header_2_line_height=&#8220;1.4em&#8220; custom_padding=&#8220;1px|||||&#8220; header_2_font_size_tablet=&#8220;&#8220; header_2_font_size_phone=&#8220;&#8220; header_2_font_size_last_edited=&#8220;on|desktop&#8220; global_colors_info=&#8220;{}&#8220;]<\/p>\n<h3>\u00a0<\/h3>\n<h3><span style=\"color: #00478a;\"><em><strong>ALPHAWHITE<\/strong><\/em>\u00ae <em>TI Slurry<\/em><\/span><\/h3>\n<h3>\u00a0<\/h3>\n<p><span style=\"font-size: medium;\">Das Titandioxid (TiO<sub>2<\/sub>) Pigment geh\u00f6rt zu den effektivsten Wei\u00dfpigmenten auf dem Markt und kennzeichnet sich durch sein ausgezeichnetes Deckverm\u00f6gen, einen hohen Wei\u00dfgrad und eine hohe spezifische Oberfl\u00e4che. Bei der Aufsch\u00e4umung des Pigments im Wasser und der Zugabe von unterschiedlichen Additiven entsteht eine stabile Dispersion in Form einer TiO2 Slurry.<\/span><\/p>\n<p><span style=\"font-size: medium;\">Das BICEPS = Best In Class Effective Particle Spread (Best-in-Class wirksame Partikelverteilung)-Produkt <span style=\"color: #00478a;\"><strong><em>ALPHAWHITE<b><i>\u00ae<\/i><\/b><\/em> <em>TI 73 SL<\/em><\/strong><\/span> ist eine neue, gut dispergierte, hochgef\u00fcllte und agglomeratfreie TiO<sub>2<\/sub>-Slurry.<\/span><\/p>\n<p><span style=\"font-size: medium;\">Sie erm\u00f6glicht eine vereinfachte Handhabung des Materials in einer Vielzahl von Anwendungen, wie Farben und Lacken, Beschichtungen, Papier, Pappen, Klebstoffen, Kunststoffen und Gummi, Bodenbel\u00e4gen, Keramik, Dachbaustoffen, mit einer <span style=\"color: #00478a;\"><strong>Einsparung von 5 % TiO<sub>2<\/sub><\/strong> <span style=\"color: #666666;\">oder mehr unter Beibehaltung aller Anwendungsvorteile wie:<\/span><\/span><\/span><\/p>\n<ul>\n<li><span style=\"font-size: medium;\">Helligkeit<\/span><\/li>\n<li><span style=\"font-size: medium;\">sehr hoher Brechungsindex<\/span><\/li>\n<li><span style=\"font-size: medium;\">ausgezeichnete Pigment Verarbeitbarkeit<\/span><\/li>\n<li><span style=\"font-size: medium;\">Haltbarkeit &amp; thermische Stabilit\u00e4t<\/span><\/li>\n<li><span style=\"font-size: medium;\">photochemische Aktivit\u00e4t<\/span><\/li>\n<\/ul>\n<p><span style=\"font-size: medium;\">Das vordispergierte BICEPS-Produkt <span style=\"color: #00478a;\"><strong><em>ALPHAWHITE<\/em><b><i>\u00ae<\/i><\/b> <em>TI 73 SL<\/em><\/strong><\/span> kombiniert die Vorteile der BICEPS mit einer perfekten Vordispersion des Wei\u00dfpigments in der Slurry.<\/span><\/p>\n<p><span style=\"font-size: medium;\">F\u00fcr Kunden mit spezifischen Anforderungen, die mit den 3 <span style=\"color: #00478a;\"><em><strong>ALPHAWHITE<b><i>\u00ae<\/i><\/b><\/strong> <strong>TI SL<\/strong><\/em><\/span> Basisprodukten nicht erf\u00fcllt werden k\u00f6nnen, stehen kundenspezifische und innovative L\u00f6sungen zur Verf\u00fcgung. Bitte sprechen Sie uns an.<\/span><\/p>\n<p><span style=\"font-size: medium;\">\u00a0<\/span><\/p>\n<ul>\n<li><span style=\"font-size: medium;\"><a href=\"https:\/\/alpha-calcit.net\/wp-content\/uploads\/2025\/09\/000-Application-leaflet_Alphawhite-slurry_25.09.2025.pdf\"><em><strong><span style=\"color: #000080;\">ALPHAWHITE\u00ae TI 68 SL 961<\/span><\/strong><\/em><\/a><\/span><\/li>\n<li><span style=\"font-size: medium;\"><a href=\"https:\/\/alpha-calcit.net\/wp-content\/uploads\/2025\/09\/000-Application-leaflet_Alphawhite-slurry_25.09.2025.pdf\"><em><strong><span style=\"color: #000080;\">ALPHAWHITE\u00ae TI 73 SL 962<\/span><\/strong><\/em><\/a><\/span><\/li>\n<li><a href=\"https:\/\/alpha-calcit.net\/wp-content\/uploads\/2025\/09\/000-Application-leaflet_Alphawhite-slurry_25.09.2025.pdf\"><em><strong><span style=\"color: #000080;\"><span style=\"font-size: medium;\">ALPHAWHITE\u00ae TI 78 SL 963<\/span><\/span><\/strong><\/em><\/a><\/li>\n<\/ul>\n<p>[\/et_pb_text][\/et_pb_column][\/et_pb_row][\/et_pb_section][et_pb_section fb_built=&#8220;1&#8243; disabled_on=&#8220;on|on|on&#8220; _builder_version=&#8220;4.16&#8243; min_height=&#8220;73px&#8220; custom_padding=&#8220;0px|||||&#8220; disabled=&#8220;on&#8220; global_colors_info=&#8220;{}&#8220;][\/et_pb_section][et_pb_section fb_built=&#8220;1&#8243; admin_label=&#8220;Footer1&#8243; _builder_version=&#8220;4.16&#8243; background_color=&#8220;#022D64&#8243; min_height=&#8220;481px&#8220; custom_padding=&#8220;|||&#8220; saved_tabs=&#8220;all&#8220; global_colors_info=&#8220;{}&#8220;][et_pb_row use_custom_gutter=&#8220;on&#8220; gutter_width=&#8220;2&#8243; module_id=&#8220;kontakt&#8220; _builder_version=&#8220;4.16&#8243; background_enable_color=&#8220;off&#8220; max_width=&#8220;1440px&#8220; use_custom_width=&#8220;on&#8220; custom_width_px=&#8220;1440px&#8220; locked=&#8220;off&#8220; global_colors_info=&#8220;{}&#8220;][et_pb_column type=&#8220;4_4&#8243; _builder_version=&#8220;4.16&#8243; custom_padding=&#8220;|||&#8220; global_colors_info=&#8220;{}&#8220; custom_padding__hover=&#8220;|||&#8220;][et_pb_menu menu_id=&#8220;9&#8243; menu_style=&#8220;centered&#8220; active_link_color=&#8220;#ffffff&#8220; dropdown_menu_bg_color=&#8220;#00478a&#8220; dropdown_menu_line_color=&#8220;#00478a&#8220; dropdown_menu_text_color=&#8220;#ffffff&#8220; dropdown_menu_active_link_color=&#8220;#ffffff&#8220; mobile_menu_bg_color=&#8220;#00478a&#8220; mobile_menu_text_color=&#8220;#ffffff&#8220; logo=&#8220;https:\/\/alpha-calcit.net\/wp-content\/uploads\/2020\/06\/alpha_logo-300&#215;87-1.png&#8220; _builder_version=&#8220;4.16&#8243; menu_text_color=&#8220;#ffffff&#8220; background_color=&#8220;rgba(0,0,0,0)&#8220; background_layout=&#8220;dark&#8220; global_colors_info=&#8220;{}&#8220;][\/et_pb_menu][\/et_pb_column][\/et_pb_row][et_pb_row use_custom_gutter=&#8220;on&#8220; gutter_width=&#8220;2&#8243; module_id=&#8220;kontakt&#8220; _builder_version=&#8220;4.16&#8243; background_enable_color=&#8220;off&#8220; max_width=&#8220;1440px&#8220; use_custom_width=&#8220;on&#8220; custom_width_px=&#8220;1440px&#8220; locked=&#8220;off&#8220; global_colors_info=&#8220;{}&#8220;][et_pb_column type=&#8220;4_4&#8243; _builder_version=&#8220;4.16&#8243; custom_padding=&#8220;|||&#8220; global_colors_info=&#8220;{}&#8220; custom_padding__hover=&#8220;|||&#8220;][\/et_pb_column][\/et_pb_row][\/et_pb_section]<\/p>\n","protected":false},"excerpt":{"rendered":"<p>ALPHAWHITE\u00ae TiO2 &#8211; SLURRY &#8211; kundenspezifische L\u00f6sungen &nbsp;\u00a0 ALPHAWHITE\u00ae TI Slurry \u00a0 Das Titandioxid (TiO2) Pigment geh\u00f6rt zu den effektivsten Wei\u00dfpigmenten auf dem Markt und kennzeichnet sich durch sein ausgezeichnetes Deckverm\u00f6gen, einen hohen Wei\u00dfgrad und eine hohe spezifische Oberfl\u00e4che. Bei der Aufsch\u00e4umung des Pigments im Wasser und der Zugabe von unterschiedlichen Additiven entsteht eine stabile [&hellip;]<\/p>\n","protected":false},"author":2,"featured_media":0,"parent":0,"menu_order":0,"comment_status":"closed","ping_status":"closed","template":"","meta":{"_et_pb_use_builder":"on","_et_pb_old_content":"","_et_gb_content_width":"","footnotes":""},"class_list":["post-6324","page","type-page","status-publish","hentry"],"yoast_head":"<!-- This site is optimized with the Yoast SEO plugin v27.3 - https:\/\/yoast.com\/product\/yoast-seo-wordpress\/ -->\n<title>Titandioxid Slurry (TiO2) Pigmente von Alpha Calcit<\/title>\n<meta name=\"description\" content=\"Erfahre mehr \u00fcber Titandioxid Slurry - Titandioxid (TiO2) Pigmente von Alpha Calcit.\" \/>\n<meta name=\"robots\" content=\"index, follow, max-snippet:-1, max-image-preview:large, max-video-preview:-1\" \/>\n<link rel=\"canonical\" href=\"https:\/\/alpha-calcit.net\/de\/titandioxid-slurry-titandioxid-tio2-pigmente\/\" \/>\n<meta property=\"og:locale\" content=\"de_DE\" \/>\n<meta property=\"og:type\" content=\"article\" \/>\n<meta property=\"og:title\" content=\"Titandioxid Slurry (TiO2) Pigmente von Alpha Calcit\" \/>\n<meta property=\"og:description\" content=\"Erfahre mehr \u00fcber Titandioxid Slurry - Titandioxid (TiO2) Pigmente von Alpha Calcit.\" \/>\n<meta property=\"og:url\" content=\"https:\/\/alpha-calcit.net\/de\/titandioxid-slurry-titandioxid-tio2-pigmente\/\" \/>\n<meta property=\"og:site_name\" content=\"Alpha Calcit\" \/>\n<meta property=\"article:modified_time\" content=\"2025-12-01T07:51:52+00:00\" \/>\n<meta name=\"twitter:card\" content=\"summary_large_image\" \/>\n<script type=\"application\/ld+json\" class=\"yoast-schema-graph\">{\"@context\":\"https:\\\/\\\/schema.org\",\"@graph\":[{\"@type\":\"WebPage\",\"@id\":\"https:\\\/\\\/alpha-calcit.net\\\/de\\\/titandioxid-slurry-titandioxid-tio2-pigmente\\\/\",\"url\":\"https:\\\/\\\/alpha-calcit.net\\\/de\\\/titandioxid-slurry-titandioxid-tio2-pigmente\\\/\",\"name\":\"Titandioxid Slurry (TiO2) Pigmente von Alpha Calcit\",\"isPartOf\":{\"@id\":\"https:\\\/\\\/alpha-calcit.net\\\/de\\\/#website\"},\"datePublished\":\"2021-01-13T08:44:34+00:00\",\"dateModified\":\"2025-12-01T07:51:52+00:00\",\"description\":\"Erfahre mehr \u00fcber Titandioxid Slurry - Titandioxid (TiO2) Pigmente von Alpha Calcit.\",\"breadcrumb\":{\"@id\":\"https:\\\/\\\/alpha-calcit.net\\\/de\\\/titandioxid-slurry-titandioxid-tio2-pigmente\\\/#breadcrumb\"},\"inLanguage\":\"de\",\"potentialAction\":[{\"@type\":\"ReadAction\",\"target\":[\"https:\\\/\\\/alpha-calcit.net\\\/de\\\/titandioxid-slurry-titandioxid-tio2-pigmente\\\/\"]}]},{\"@type\":\"BreadcrumbList\",\"@id\":\"https:\\\/\\\/alpha-calcit.net\\\/de\\\/titandioxid-slurry-titandioxid-tio2-pigmente\\\/#breadcrumb\",\"itemListElement\":[{\"@type\":\"ListItem\",\"position\":1,\"name\":\"Startseite\",\"item\":\"https:\\\/\\\/alpha-calcit.net\\\/de\\\/\"},{\"@type\":\"ListItem\",\"position\":2,\"name\":\"Titandioxid Slurry\"}]},{\"@type\":\"WebSite\",\"@id\":\"https:\\\/\\\/alpha-calcit.net\\\/de\\\/#website\",\"url\":\"https:\\\/\\\/alpha-calcit.net\\\/de\\\/\",\"name\":\"Alpha Calcit\",\"description\":\"\",\"publisher\":{\"@id\":\"https:\\\/\\\/alpha-calcit.net\\\/de\\\/#organization\"},\"potentialAction\":[{\"@type\":\"SearchAction\",\"target\":{\"@type\":\"EntryPoint\",\"urlTemplate\":\"https:\\\/\\\/alpha-calcit.net\\\/de\\\/?s={search_term_string}\"},\"query-input\":{\"@type\":\"PropertyValueSpecification\",\"valueRequired\":true,\"valueName\":\"search_term_string\"}}],\"inLanguage\":\"de\"},{\"@type\":\"Organization\",\"@id\":\"https:\\\/\\\/alpha-calcit.net\\\/de\\\/#organization\",\"name\":\"Alpha Calcit F\u00fcllstoff Gesellschaft mbH & Co. KG\",\"alternateName\":\"Alpha Calcit\",\"url\":\"https:\\\/\\\/alpha-calcit.net\\\/de\\\/\",\"logo\":{\"@type\":\"ImageObject\",\"inLanguage\":\"de\",\"@id\":\"https:\\\/\\\/alpha-calcit.net\\\/de\\\/#\\\/schema\\\/logo\\\/image\\\/\",\"url\":\"https:\\\/\\\/alpha-calcit.net\\\/wp-content\\\/uploads\\\/2022\\\/07\\\/alpha-512px.png\",\"contentUrl\":\"https:\\\/\\\/alpha-calcit.net\\\/wp-content\\\/uploads\\\/2022\\\/07\\\/alpha-512px.png\",\"width\":512,\"height\":512,\"caption\":\"Alpha Calcit F\u00fcllstoff Gesellschaft mbH & Co. KG\"},\"image\":{\"@id\":\"https:\\\/\\\/alpha-calcit.net\\\/de\\\/#\\\/schema\\\/logo\\\/image\\\/\"},\"sameAs\":[\"https:\\\/\\\/www.linkedin.com\\\/company\\\/106003634\"]}]}<\/script>\n<!-- \/ Yoast SEO plugin. -->","yoast_head_json":{"title":"Titandioxid Slurry (TiO2) Pigmente von Alpha Calcit","description":"Erfahre mehr \u00fcber Titandioxid Slurry - Titandioxid (TiO2) Pigmente von Alpha Calcit.","robots":{"index":"index","follow":"follow","max-snippet":"max-snippet:-1","max-image-preview":"max-image-preview:large","max-video-preview":"max-video-preview:-1"},"canonical":"https:\/\/alpha-calcit.net\/de\/titandioxid-slurry-titandioxid-tio2-pigmente\/","og_locale":"de_DE","og_type":"article","og_title":"Titandioxid Slurry (TiO2) Pigmente von Alpha Calcit","og_description":"Erfahre mehr \u00fcber Titandioxid Slurry - Titandioxid (TiO2) Pigmente von Alpha Calcit.","og_url":"https:\/\/alpha-calcit.net\/de\/titandioxid-slurry-titandioxid-tio2-pigmente\/","og_site_name":"Alpha Calcit","article_modified_time":"2025-12-01T07:51:52+00:00","twitter_card":"summary_large_image","schema":{"@context":"https:\/\/schema.org","@graph":[{"@type":"WebPage","@id":"https:\/\/alpha-calcit.net\/de\/titandioxid-slurry-titandioxid-tio2-pigmente\/","url":"https:\/\/alpha-calcit.net\/de\/titandioxid-slurry-titandioxid-tio2-pigmente\/","name":"Titandioxid Slurry (TiO2) Pigmente von Alpha Calcit","isPartOf":{"@id":"https:\/\/alpha-calcit.net\/de\/#website"},"datePublished":"2021-01-13T08:44:34+00:00","dateModified":"2025-12-01T07:51:52+00:00","description":"Erfahre mehr \u00fcber Titandioxid Slurry - Titandioxid (TiO2) Pigmente von Alpha Calcit.","breadcrumb":{"@id":"https:\/\/alpha-calcit.net\/de\/titandioxid-slurry-titandioxid-tio2-pigmente\/#breadcrumb"},"inLanguage":"de","potentialAction":[{"@type":"ReadAction","target":["https:\/\/alpha-calcit.net\/de\/titandioxid-slurry-titandioxid-tio2-pigmente\/"]}]},{"@type":"BreadcrumbList","@id":"https:\/\/alpha-calcit.net\/de\/titandioxid-slurry-titandioxid-tio2-pigmente\/#breadcrumb","itemListElement":[{"@type":"ListItem","position":1,"name":"Startseite","item":"https:\/\/alpha-calcit.net\/de\/"},{"@type":"ListItem","position":2,"name":"Titandioxid Slurry"}]},{"@type":"WebSite","@id":"https:\/\/alpha-calcit.net\/de\/#website","url":"https:\/\/alpha-calcit.net\/de\/","name":"Alpha Calcit","description":"","publisher":{"@id":"https:\/\/alpha-calcit.net\/de\/#organization"},"potentialAction":[{"@type":"SearchAction","target":{"@type":"EntryPoint","urlTemplate":"https:\/\/alpha-calcit.net\/de\/?s={search_term_string}"},"query-input":{"@type":"PropertyValueSpecification","valueRequired":true,"valueName":"search_term_string"}}],"inLanguage":"de"},{"@type":"Organization","@id":"https:\/\/alpha-calcit.net\/de\/#organization","name":"Alpha Calcit F\u00fcllstoff Gesellschaft mbH & Co. KG","alternateName":"Alpha Calcit","url":"https:\/\/alpha-calcit.net\/de\/","logo":{"@type":"ImageObject","inLanguage":"de","@id":"https:\/\/alpha-calcit.net\/de\/#\/schema\/logo\/image\/","url":"https:\/\/alpha-calcit.net\/wp-content\/uploads\/2022\/07\/alpha-512px.png","contentUrl":"https:\/\/alpha-calcit.net\/wp-content\/uploads\/2022\/07\/alpha-512px.png","width":512,"height":512,"caption":"Alpha Calcit F\u00fcllstoff Gesellschaft mbH & Co. KG"},"image":{"@id":"https:\/\/alpha-calcit.net\/de\/#\/schema\/logo\/image\/"},"sameAs":["https:\/\/www.linkedin.com\/company\/106003634"]}]}},"_links":{"self":[{"href":"https:\/\/alpha-calcit.net\/de\/wp-json\/wp\/v2\/pages\/6324","targetHints":{"allow":["GET"]}}],"collection":[{"href":"https:\/\/alpha-calcit.net\/de\/wp-json\/wp\/v2\/pages"}],"about":[{"href":"https:\/\/alpha-calcit.net\/de\/wp-json\/wp\/v2\/types\/page"}],"author":[{"embeddable":true,"href":"https:\/\/alpha-calcit.net\/de\/wp-json\/wp\/v2\/users\/2"}],"replies":[{"embeddable":true,"href":"https:\/\/alpha-calcit.net\/de\/wp-json\/wp\/v2\/comments?post=6324"}],"version-history":[{"count":28,"href":"https:\/\/alpha-calcit.net\/de\/wp-json\/wp\/v2\/pages\/6324\/revisions"}],"predecessor-version":[{"id":17402,"href":"https:\/\/alpha-calcit.net\/de\/wp-json\/wp\/v2\/pages\/6324\/revisions\/17402"}],"wp:attachment":[{"href":"https:\/\/alpha-calcit.net\/de\/wp-json\/wp\/v2\/media?parent=6324"}],"curies":[{"name":"wp","href":"https:\/\/api.w.org\/{rel}","templated":true}]}}