{"id":6332,"date":"2021-01-13T09:44:37","date_gmt":"2021-01-13T08:44:37","guid":{"rendered":"https:\/\/alpha-calcit.net\/flammschutzmittel-magnesiumhydroxid\/"},"modified":"2026-03-19T13:26:10","modified_gmt":"2026-03-19T12:26:10","slug":"flammschutzmittel-magnesiumhydroxid","status":"publish","type":"page","link":"https:\/\/alpha-calcit.net\/de\/flammschutzmittel-magnesiumhydroxid\/","title":{"rendered":"Flammschutzmittel \u2013 Magnesiumhydroxid"},"content":{"rendered":"<p>[et_pb_section fb_built=&#8220;1&#8243; next_background_color=&#8220;#f7f7f7&#8243; admin_label=&#8220;Hero&#8220; _builder_version=&#8220;4.16&#8243; background_color=&#8220;#00478a&#8220; use_background_color_gradient=&#8220;on&#8220; background_color_gradient_direction=&#8220;70deg&#8220; background_color_gradient_stops=&#8220;rgba(40,61,75,0.3) 0%|rgba(128,103,79,0.22) 100%&#8220; background_color_gradient_overlays_image=&#8220;on&#8220; background_color_gradient_start=&#8220;rgba(40,61,75,0.3)&#8220; background_color_gradient_end=&#8220;rgba(128,103,79,0.22)&#8220; background_image=&#8220;https:\/\/alpha-calcit.net\/wp-content\/uploads\/2022\/07\/pexels-brett-sayles-2881232-scaled.jpg&#8220; custom_margin=&#8220;|||&#8220; custom_padding=&#8220;6vw|||&#8220; bottom_divider_style=&#8220;mountains2&#8243; bottom_divider_height=&#8220;20vw&#8220; bottom_divider_repeat=&#8220;0.5x&#8220; bottom_divider_flip=&#8220;horizontal|vertical&#8220; animation_style=&#8220;zoom&#8220; global_colors_info=&#8220;{}&#8220;][et_pb_row _builder_version=&#8220;4.16&#8243; custom_margin=&#8220;|||&#8220; custom_padding=&#8220;27px|0px|0|0px|false|false&#8220; global_colors_info=&#8220;{}&#8220;][et_pb_column type=&#8220;4_4&#8243; _builder_version=&#8220;4.16&#8243; custom_padding=&#8220;|||&#8220; global_colors_info=&#8220;{}&#8220; custom_padding__hover=&#8220;|||&#8220;][et_pb_text _builder_version=&#8220;4.16&#8243; text_font=&#8220;||||||||&#8220; header_font=&#8220;|700|||||||&#8220; header_text_color=&#8220;#ffffff&#8220; header_font_size=&#8220;64px&#8220; header_line_height=&#8220;1.4em&#8220; header_2_font=&#8220;Josefin Sans||||||||&#8220; header_2_text_color=&#8220;rgba(255,255,255,0.6)&#8220; header_2_font_size=&#8220;32px&#8220; header_2_line_height=&#8220;1.4em&#8220; background_layout=&#8220;dark&#8220; animation_style=&#8220;slide&#8220; animation_direction=&#8220;right&#8220; animation_intensity_slide=&#8220;4%&#8220; header_font_size_tablet=&#8220;50px&#8220; header_font_size_phone=&#8220;32px&#8220; header_font_size_last_edited=&#8220;on|desktop&#8220; header_2_font_size_tablet=&#8220;&#8220; header_2_font_size_phone=&#8220;24px&#8220; header_2_font_size_last_edited=&#8220;on|phone&#8220; header_text_shadow_style=&#8220;preset3&#8243; header_text_shadow_color=&#8220;#000000&#8243; global_colors_info=&#8220;{}&#8220;]<\/p>\n<h1>Flammschutzmittel<br \/>MAGNESIUMHYDROXID<\/h1>\n<p><span style=\"font-size: xx-large;\"><strong>&#8211; wo Sicherheit wichtig ist &#8211;<\/strong><\/span><\/p>\n<p><span style=\"font-size: xx-large;\"><strong>\u00a0<\/strong><\/span><\/p>\n<p>&nbsp;<\/p>\n<p>[\/et_pb_text][\/et_pb_column][\/et_pb_row][et_pb_row column_structure=&#8220;1_2,1_2&#8243; _builder_version=&#8220;4.16&#8243; custom_padding=&#8220;0|0px|27px|0px|false|false&#8220; locked=&#8220;off&#8220; global_colors_info=&#8220;{}&#8220;][et_pb_column type=&#8220;1_2&#8243; _builder_version=&#8220;4.16&#8243; custom_padding=&#8220;|||&#8220; global_colors_info=&#8220;{}&#8220; custom_padding__hover=&#8220;|||&#8220;][et_pb_text _builder_version=&#8220;4.16&#8243; global_colors_info=&#8220;{}&#8220;][\/et_pb_text][\/et_pb_column][et_pb_column type=&#8220;1_2&#8243; _builder_version=&#8220;4.16&#8243; custom_padding=&#8220;|||&#8220; global_colors_info=&#8220;{}&#8220; custom_padding__hover=&#8220;|||&#8220;][et_pb_button button_url=&#8220;#sektion&#8220; button_text=&#8220;Erfahren Sie mehr &#8230;&#8220; button_alignment=&#8220;right&#8220; module_id=&#8220;sektion&#8220; _builder_version=&#8220;4.16&#8243; _module_preset=&#8220;default&#8220; custom_button=&#8220;on&#8220; button_text_size=&#8220;23px&#8220; button_text_color=&#8220;#FFFFFF&#8220; button_bg_color=&#8220;#00478A&#8220; button_border_width=&#8220;0px&#8220; button_border_color=&#8220;#00478A&#8220; button_border_radius=&#8220;100px&#8220; button_font=&#8220;|700|||||||&#8220; animation_style=&#8220;slide&#8220; animation_direction=&#8220;left&#8220; animation_intensity_slide=&#8220;8%&#8220; box_shadow_style=&#8220;preset3&#8243; box_shadow_blur=&#8220;20px&#8220; box_shadow_spread=&#8220;-10px&#8220; global_colors_info=&#8220;{}&#8220;][\/et_pb_button][\/et_pb_column][\/et_pb_row][et_pb_row use_custom_gutter=&#8220;on&#8220; gutter_width=&#8220;1&#8243; disabled_on=&#8220;on|off|off&#8220; module_class=&#8220; et_pb_row_fullwidth&#8220; _builder_version=&#8220;4.16&#8243; width=&#8220;100%&#8220; width_tablet=&#8220;100%&#8220; width_phone=&#8220;&#8220; width_last_edited=&#8220;on|desktop&#8220; max_width=&#8220;100%&#8220; max_width_tablet=&#8220;100%&#8220; max_width_phone=&#8220;&#8220; max_width_last_edited=&#8220;on|desktop&#8220; make_fullwidth=&#8220;on&#8220; locked=&#8220;off&#8220; global_colors_info=&#8220;{}&#8220;][et_pb_column type=&#8220;4_4&#8243; _builder_version=&#8220;4.16&#8243; custom_padding=&#8220;|||&#8220; global_colors_info=&#8220;{}&#8220; custom_padding__hover=&#8220;|||&#8220;][\/et_pb_column][\/et_pb_row][\/et_pb_section][et_pb_section fb_built=&#8220;1&#8243; module_id=&#8220;Sektion&#8220; _builder_version=&#8220;4.16&#8243; background_color=&#8220;#f7f7f7&#8243; global_colors_info=&#8220;{}&#8220;][et_pb_row _builder_version=&#8220;4.16&#8243; global_colors_info=&#8220;{}&#8220;][et_pb_column type=&#8220;4_4&#8243; _builder_version=&#8220;4.16&#8243; global_colors_info=&#8220;{}&#8220;][et_pb_text _builder_version=&#8220;4.27.3&#8243; header_line_height=&#8220;1.7em&#8220; header_2_font=&#8220;|700||on|||||&#8220; header_2_font_size=&#8220;42px&#8220; header_2_line_height=&#8220;1.7em&#8220; header_3_font=&#8220;|300|||||||&#8220; header_3_font_size=&#8220;25px&#8220; header_3_line_height=&#8220;1.2em&#8220; module_alignment=&#8220;center&#8220; custom_padding=&#8220;||0px|||&#8220; global_colors_info=&#8220;{}&#8220;]<\/p>\n<h3><span style=\"color: #000080;\"><strong>Flammschutz in unserem Alltag<\/strong><\/span><\/h3>\n<p>Aluminiumhydroxid (ATH) und Magnesiumhydroxid Mg(OH)2 funktionieren gut als Flammschutzmittel, indem sie bei bestimmten Temperaturen etwa ein Drittel ihrer Masse in Form von Wasser freisetzen.<\/p>\n<p>F\u00fcllstoffe, die mit Flammschutz auf Basis von Aluminiumhydroxid ausger\u00fcstet sind, geben bereits bei Verarbeitungstemperaturen \u00fcber 200 \u00b0C das kristallgebundene Wasser ab und sind daher bei h\u00f6heren Verarbeitungstemperaturen &gt; 200 \u00b0C als Flammschutzmittel nicht einsetzbar.F\u00fcr Anwendungen mit Verarbeitungstemperaturen \u00fcber 200 \u00b0C bieten sich Produkte auf Magnesiumhydroxidbasis, wie aus unserer Produktserie <strong><span style=\"color: #000080;\"><em>ALFRIMAL\u00ae MG <\/em><\/span><\/strong>an, da sie ihr Wasser erst oberhalb dieser Temperatur abgeben und in vielen Produktionsprozessen daher besser verarbeitbar sind.Im Brandfall wirkt ALFRIMAL\u00ae MG als effektiver Rauchgasf\u00e4nger von sauren Rauchgasen in halogenhaltigen und halogenfreien Systemen.<\/p>\n<p>Die Wasserabspaltung beginnt erst bei etwa 300\u00b0C, weshalb Magnesiumhydroxid problemlos bei hohen Verarbeitungstemperaturen, wie heute z.B. bei der PP-Verarbeitung \u00fcblich, eingesetzt werden kann.<\/p>\n<p>&nbsp;<\/p>\n<h3><span style=\"color: #000080;\">H\u00e4ufig gestellte Fragen &#8211; FAQs<\/span><\/h3>\n<p>&nbsp;<\/p>\n<h4><span style=\"color: #000080;\"><strong>In welchen Materialien ist Flammschutz enthalten?<\/strong><\/span><\/h4>\n<p>&#8211; Kunststoffe + Kautschuk (z.B. Reifen\/ Stromstecker\/ Lichtschalter)<\/p>\n<p>&#8211; Farben &amp; Lacke (z.B. Brandschutzfarbe \/ Autolacke<\/p>\n<p>&#8211; Kabelummantelung (z.B. wall box \/ Stromkabel \/ Ladekabel)<\/p>\n<p>&#8211; Textile Bodenbel\u00e4ge (z.B. Badematten, Sisalmatten\/ Teppichr\u00fccken)<\/p>\n<p>&#8211; Elastomere (z.B. Linoleumboden)- Bauchemie (Fugenmasse\/Kleber\/Putze)<\/p>\n<p>&#8211; D\u00e4mmstoffe (z.B. Isolierschaum\/Deckenplatte)<\/p>\n<p>&#8211; PVC\/Polyester\/Duroplaste (z.B. Vergu\u00df-\/Spachtelmasse, Folien\/ beschichtete Gewebe)<\/p>\n<p>&nbsp;<\/p>\n<p>&nbsp;<\/p>\n<h4><span style=\"color: #000080;\"><strong>In welchen Bereichen des t\u00e4glichen Lebens kommt Flammschutz zum Einsatz?<\/strong><\/span><\/h4>\n<p>&#8211; \u00d6ffentliche Geb\u00e4ude (Krankenhaus\/Schulen\/Verwaltungen\/Sporthalle)<\/p>\n<p>&#8211; Alle Arten von Verkehrsmittel (Auto\/Bahn\/Bus\/Flugzeug)<\/p>\n<p>&#8211; Berufsbekleidung (z.B. Feuerwehr\/Chemie)<\/p>\n<p>&#8211; Textilen Wohnraum-Ausstattungen (Teppich\/Tapete\/Bodenbelag\/Baustoffe)<\/p>\n<p>&#8211; Elektroger\u00e4te (f\u00fcr Garten\/K\u00fcche\/Haushalt\/B\u00fcro)\u00a0 \u00a0 u.v.m.<\/p>\n<p>&nbsp;<\/p>\n<p>&nbsp;<\/p>\n<h4><span style=\"color: #000080;\"><strong>Welchen Grund hat die Verwendung von Flammschutz?<\/strong><\/span><\/h4>\n<p>Die Produkte auf dem Markt m\u00fcssen im Brandfall sicher sein, damit die Menschen den Bereich verlassen k\u00f6nnen, bevor sich ein Feuer ausbreitet. Flammschutzmittel, die im Brandfall unmittelbar als &#8222;Feuerl\u00f6scher&#8220; wirken, sollen weder das Mischen und die Verarbeitung, noch die Farbe, die Oberfl\u00e4che oder die Griffigkeit des Endproduktes beeintr\u00e4chtigen. Zu diesem Zweck wurde eine ganze Reihe von <span style=\"font-size: medium;\"><span style=\"color: #00478a;\"><em><strong>ALFRIMAL<sup>\u00ae <\/sup><\/strong><\/em><\/span><\/span>Produkten\u00a0 entwickelt, die f\u00fcr alle Marktanforderungen und f\u00fcr unterschiedlichste Materialien erh\u00e4ltlich sind.<\/p>\n<p>&nbsp;<\/p>\n<p>&nbsp;<\/p>\n<h4><span style=\"color: #000080;\"><strong>Wie wirkt Flammschutz im Kunststoff?<\/strong><\/span><\/h4>\n<p>Die vorteilhaften Eigenschaften bei Verarbeitung und Anwendung von\u00a0Kunststoffen gehen auf das flexible Kohlenwasserstoffgrundger\u00fcst zur\u00fcck.\u00a0Ein f\u00fcr viele Anwendungen gravierender Nachteil von Kunststoff besteht in\u00a0seiner leichten Brennbarkeit, durch Zugabe von Flammschutzmitteln werde diese deutlich reduziert.<\/p>\n<p><strong>Halogenhaltige<\/strong> Kunststoffe sind dagegen verh\u00e4ltnism\u00e4\u00dfig schwer entflammbar. Brennen halogenhaltige Kunststoffe aber erst einmal, dann ist das entstehende Rauchgas toxisch nicht unbedenklich und enth\u00e4lt korrosive Halogenwasserstoffs\u00e4uren sowie schwarze Partikel, welche die Rauchgasdichte drastisch erh\u00f6hen. Die Brennbarkeit von Kunststoff wird durch Zugabe von Flammschutzmitteln deutlich reduziert. Flammschutzmittel f\u00fcr Kunststoffe basieren entweder auf einer wirksamen Komponente oder bestehen aus einem Flammschutzmittelsystem aus mehreren wirksamen Komponenten mit dem Ziel der Vermeidung oder zumindest der effektiven Verz\u00f6gerung einer Beteiligung des Kunststoffproduktes an einem Entstehungsbrand.<\/p>\n<p>Optimal flammgesch\u00fctzte Kunststoffprodukte tragen signifikant weder zum Brandgeschehen noch zur Brandweiterleitung bei und minimieren gleichzeitig die im Brandfalle aus der Verbrennung des Kunststoffes freiwerdende W\u00e4rmemenge sowie die Rauchgasdichte, so dass z. B. <b>Fluchtwege l\u00e4nger passierbar bleiben.<\/b><\/p>\n<p>Die Zugabe von <b><i>ALFRIMAL<\/i><\/b><b><i>\u00ae<\/i><\/b> reduziert effektiv die Rauchgasdichte gerade auch halogenhaltiger Systeme. Gleichzeitig werden die sauren Brandgase durch das basische <b><i>ALFRIMAL<\/i><\/b><b><i>\u00ae<\/i><\/b> neutralisiert, was die Korrosivit\u00e4t reduziert. <b><i>ALFRIMAL<\/i><\/b><b><i>\u00ae<\/i><\/b> <b><i>MG <\/i><\/b>funktioniert aufgrund seines hohen pH-Wertes von 10 zur\u00a0Rauchgasdichteminimierung optimal.<\/p>\n<p>&nbsp;<\/p>\n<h3 style=\"text-align: justify;\"><span style=\"color: #00478a;\"><em><strong>Produktserie ALFRIMAL<sup>\u00ae <\/sup>MG<\/strong><\/em><\/span><\/h3>\n<p>&nbsp;<\/p>\n<p style=\"text-align: justify;\"><span style=\"color: #000080;\"><b><i>ALFRIMAL<\/i><\/b><b><i>\u00ae<\/i><\/b><\/span> <em><strong><span style=\"color: #000080;\">MG<\/span><\/strong><\/em> ein nat\u00fcrliches Magnesiumhydroxid, zeigt eine hohe Aktivit\u00e4t als F\u00e4nger saurer Brandgase in halogenhaltigen Flammschutzmittelsystemen sowie PVC. <span style=\"color: #000080;\"><b><i>ALFRIMAL<\/i><\/b><b><i>\u00ae<\/i><\/b><\/span> <em><strong><span style=\"color: #000080;\">MG <\/span><\/strong><\/em>wird als Flammschutzmittel bei Verarbeitungstemperaturen &gt; 300\u00b0 C eingesetzt. Eine hydrophobe Oberfl\u00e4chenbeschichtung verbessert die Dispergierbarkeit beim Einsatz in s\u00e4mtlichen Kunststoffsystemen. Durch gute Vertr\u00e4glichkeit des <span style=\"color: #000080;\"><b><i>ALFRIMAL<\/i><\/b><b><i>\u00ae<\/i><\/b><\/span> <em><strong><span style=\"color: #000080;\">MG<\/span><\/strong><\/em> mit Polymeren sind hohe F\u00fcllgrade realisierbar. Gerade f\u00fcr Endprodukte, die mit wasserundurchl\u00e4ssigen Schichten kaschiert werden, stellt <span style=\"color: #000080;\"><b><i>ALFRIMAL<\/i><\/b><b><i>\u00ae<\/i><\/b><\/span> <em><strong><span style=\"color: #000080;\">MG <\/span><\/strong><\/em>eine gute Wahl dar.<\/p>\n<p>&nbsp;<\/p>\n<ul>\n<li><span style=\"color: #00478a; font-size: medium;\"><a style=\"color: #00478a;\" href=\"https:\/\/alpha-calcit.net\/wp-content\/uploads\/2026\/02\/AL-ALFRIMAL-MGH-2_H-2_4_H-4_346_Vers.02.2026_KS.pdf\" target=\"_blank\" rel=\"noopener noreferrer\"><em><strong><span style=\"color: #000080;\"><b><i>ALFRIMAL<\/i><\/b><b><i>\u00ae<\/i><\/b><\/span> <span style=\"color: #000080;\">MG<\/span><\/strong><\/em><\/a> <em><strong><span style=\"color: #000080;\">2<\/span><\/strong><\/em><\/span><\/li>\n<li><span style=\"color: #00478a; font-size: medium;\"><a style=\"color: #00478a;\" href=\"https:\/\/alpha-calcit.net\/wp-content\/uploads\/2026\/02\/AL-ALFRIMAL-MGH-2_H-2_4_H-4_346_Vers.02.2026_KS.pdf\" target=\"_blank\" rel=\"noopener noreferrer\"><em><strong><span style=\"color: #000080;\"><b><i>ALFRIMAL<\/i><\/b><b><i>\u00ae<\/i><\/b><\/span> <span style=\"color: #000080;\">MG<\/span><\/strong><\/em><\/a><em><strong><span style=\"color: #000080;\">-H 2<\/span><\/strong><\/em><\/span><\/li>\n<li><span style=\"color: #00478a; font-size: medium;\"><a style=\"color: #00478a;\" href=\"https:\/\/alpha-calcit.net\/wp-content\/uploads\/2026\/02\/AL-ALFRIMAL-MGH-2_H-2_4_H-4_346_Vers.02.2026_KS.pdf\" target=\"_blank\" rel=\"noopener noreferrer\"><em><strong><span style=\"color: #000080;\"><b><i>ALFRIMAL<\/i><\/b><b><i>\u00ae<\/i><\/b><\/span> <span style=\"color: #000080;\">MG 346<\/span><\/strong><\/em><\/a><\/span><\/li>\n<li><span style=\"color: #00478a; font-size: medium;\"><a style=\"color: #00478a;\" href=\"https:\/\/alpha-calcit.net\/wp-content\/uploads\/2026\/02\/AL-ALFRIMAL-MGH-2_H-2_4_H-4_346_Vers.02.2026_KS.pdf\" target=\"_blank\" rel=\"noopener noreferrer\"><em><strong><span style=\"color: #000080;\"><b><i>ALFRIMAL<\/i><\/b><b><i>\u00ae<\/i><\/b><\/span> <span style=\"color: #000080;\">MG 4<\/span><\/strong><\/em><\/a><\/span><\/li>\n<li><a style=\"font-size: medium; color: #00478a;\" href=\"https:\/\/alpha-calcit.net\/wp-content\/uploads\/2026\/02\/AL-ALFRIMAL-MGH-2_H-2_4_H-4_346_Vers.02.2026_KS.pdf\" target=\"_blank\" rel=\"noopener noreferrer\"><em><strong><span style=\"color: #000080;\"><b><i>ALFRIMAL<\/i><\/b><b><i>\u00ae<\/i><\/b><\/span> <span style=\"color: #000080;\">MG-H 4<\/span><\/strong><\/em><\/a><\/li>\n<\/ul>\n<p>[\/et_pb_text][\/et_pb_column][\/et_pb_row][\/et_pb_section][et_pb_section fb_built=&#8220;1&#8243; admin_label=&#8220;Footer1&#8243; _builder_version=&#8220;4.16&#8243; background_color=&#8220;#022D64&#8243; custom_padding=&#8220;|||&#8220; saved_tabs=&#8220;all&#8220; global_colors_info=&#8220;{}&#8220;][et_pb_row use_custom_gutter=&#8220;on&#8220; gutter_width=&#8220;2&#8243; module_id=&#8220;kontakt&#8220; _builder_version=&#8220;4.16&#8243; background_enable_color=&#8220;off&#8220; max_width=&#8220;1440px&#8220; use_custom_width=&#8220;on&#8220; custom_width_px=&#8220;1440px&#8220; locked=&#8220;off&#8220; global_colors_info=&#8220;{}&#8220;][et_pb_column type=&#8220;4_4&#8243; _builder_version=&#8220;4.16&#8243; custom_padding=&#8220;|||&#8220; global_colors_info=&#8220;{}&#8220; custom_padding__hover=&#8220;|||&#8220;][et_pb_menu menu_id=&#8220;9&#8243; menu_style=&#8220;centered&#8220; active_link_color=&#8220;#ffffff&#8220; dropdown_menu_bg_color=&#8220;#00478a&#8220; dropdown_menu_line_color=&#8220;#00478a&#8220; dropdown_menu_text_color=&#8220;#ffffff&#8220; dropdown_menu_active_link_color=&#8220;#ffffff&#8220; mobile_menu_bg_color=&#8220;#00478a&#8220; mobile_menu_text_color=&#8220;#ffffff&#8220; logo=&#8220;https:\/\/alpha-calcit.net\/wp-content\/uploads\/2020\/06\/alpha_logo-300&#215;87-1.png&#8220; _builder_version=&#8220;4.16&#8243; menu_text_color=&#8220;#ffffff&#8220; background_color=&#8220;rgba(0,0,0,0)&#8220; background_layout=&#8220;dark&#8220; global_colors_info=&#8220;{}&#8220;][\/et_pb_menu][\/et_pb_column][\/et_pb_row][et_pb_row use_custom_gutter=&#8220;on&#8220; gutter_width=&#8220;2&#8243; module_id=&#8220;kontakt&#8220; _builder_version=&#8220;4.16&#8243; background_enable_color=&#8220;off&#8220; max_width=&#8220;1440px&#8220; use_custom_width=&#8220;on&#8220; custom_width_px=&#8220;1440px&#8220; locked=&#8220;off&#8220; global_colors_info=&#8220;{}&#8220;][et_pb_column type=&#8220;4_4&#8243; _builder_version=&#8220;4.16&#8243; custom_padding=&#8220;|||&#8220; global_colors_info=&#8220;{}&#8220; custom_padding__hover=&#8220;|||&#8220;][\/et_pb_column][\/et_pb_row][\/et_pb_section]<\/p>\n","protected":false},"excerpt":{"rendered":"<p>FlammschutzmittelMAGNESIUMHYDROXID &#8211; wo Sicherheit wichtig ist &#8211; \u00a0 &nbsp;Flammschutz in unserem Alltag Aluminiumhydroxid (ATH) und Magnesiumhydroxid Mg(OH)2 funktionieren gut als Flammschutzmittel, indem sie bei bestimmten Temperaturen etwa ein Drittel ihrer Masse in Form von Wasser freisetzen. F\u00fcllstoffe, die mit Flammschutz auf Basis von Aluminiumhydroxid ausger\u00fcstet sind, geben bereits bei Verarbeitungstemperaturen \u00fcber 200 \u00b0C das kristallgebundene [&hellip;]<\/p>\n","protected":false},"author":2,"featured_media":0,"parent":0,"menu_order":0,"comment_status":"closed","ping_status":"closed","template":"","meta":{"_et_pb_use_builder":"on","_et_pb_old_content":"","_et_gb_content_width":"","footnotes":""},"class_list":["post-6332","page","type-page","status-publish","hentry"],"yoast_head":"<!-- This site is optimized with the Yoast SEO plugin v27.3 - https:\/\/yoast.com\/product\/yoast-seo-wordpress\/ -->\n<title>halogenfreies Magnesiumhydroxid auf mineralischer Basis<\/title>\n<meta name=\"description\" content=\"Halogenfreies Magnesiumhydroxid als mineralisches Flammschutzmittel f\u00fcr Anwendungen mit Verarbeitungstemperaturen \u00fcber 250 \u00b0C.\" \/>\n<meta name=\"robots\" content=\"index, follow, max-snippet:-1, max-image-preview:large, max-video-preview:-1\" \/>\n<link rel=\"canonical\" href=\"https:\/\/alpha-calcit.net\/de\/flammschutzmittel-magnesiumhydroxid\/\" \/>\n<meta property=\"og:locale\" content=\"de_DE\" \/>\n<meta property=\"og:type\" content=\"article\" \/>\n<meta property=\"og:title\" content=\"halogenfreies Magnesiumhydroxid auf mineralischer Basis\" \/>\n<meta property=\"og:description\" content=\"Halogenfreies Magnesiumhydroxid als mineralisches Flammschutzmittel f\u00fcr Anwendungen mit Verarbeitungstemperaturen \u00fcber 250 \u00b0C.\" \/>\n<meta property=\"og:url\" content=\"https:\/\/alpha-calcit.net\/de\/flammschutzmittel-magnesiumhydroxid\/\" \/>\n<meta property=\"og:site_name\" content=\"Alpha Calcit\" \/>\n<meta property=\"article:modified_time\" content=\"2026-03-19T12:26:10+00:00\" \/>\n<meta name=\"twitter:card\" content=\"summary_large_image\" \/>\n<script type=\"application\/ld+json\" class=\"yoast-schema-graph\">{\"@context\":\"https:\\\/\\\/schema.org\",\"@graph\":[{\"@type\":\"WebPage\",\"@id\":\"https:\\\/\\\/alpha-calcit.net\\\/de\\\/flammschutzmittel-magnesiumhydroxid\\\/\",\"url\":\"https:\\\/\\\/alpha-calcit.net\\\/de\\\/flammschutzmittel-magnesiumhydroxid\\\/\",\"name\":\"halogenfreies Magnesiumhydroxid auf mineralischer Basis\",\"isPartOf\":{\"@id\":\"https:\\\/\\\/alpha-calcit.net\\\/de\\\/#website\"},\"datePublished\":\"2021-01-13T08:44:37+00:00\",\"dateModified\":\"2026-03-19T12:26:10+00:00\",\"description\":\"Halogenfreies Magnesiumhydroxid als mineralisches Flammschutzmittel f\u00fcr Anwendungen mit Verarbeitungstemperaturen \u00fcber 250 \u00b0C.\",\"breadcrumb\":{\"@id\":\"https:\\\/\\\/alpha-calcit.net\\\/de\\\/flammschutzmittel-magnesiumhydroxid\\\/#breadcrumb\"},\"inLanguage\":\"de\",\"potentialAction\":[{\"@type\":\"ReadAction\",\"target\":[\"https:\\\/\\\/alpha-calcit.net\\\/de\\\/flammschutzmittel-magnesiumhydroxid\\\/\"]}]},{\"@type\":\"BreadcrumbList\",\"@id\":\"https:\\\/\\\/alpha-calcit.net\\\/de\\\/flammschutzmittel-magnesiumhydroxid\\\/#breadcrumb\",\"itemListElement\":[{\"@type\":\"ListItem\",\"position\":1,\"name\":\"Startseite\",\"item\":\"https:\\\/\\\/alpha-calcit.net\\\/de\\\/\"},{\"@type\":\"ListItem\",\"position\":2,\"name\":\"Flammschutzmittel \u2013 Magnesiumhydroxid\"}]},{\"@type\":\"WebSite\",\"@id\":\"https:\\\/\\\/alpha-calcit.net\\\/de\\\/#website\",\"url\":\"https:\\\/\\\/alpha-calcit.net\\\/de\\\/\",\"name\":\"Alpha Calcit\",\"description\":\"\",\"publisher\":{\"@id\":\"https:\\\/\\\/alpha-calcit.net\\\/de\\\/#organization\"},\"potentialAction\":[{\"@type\":\"SearchAction\",\"target\":{\"@type\":\"EntryPoint\",\"urlTemplate\":\"https:\\\/\\\/alpha-calcit.net\\\/de\\\/?s={search_term_string}\"},\"query-input\":{\"@type\":\"PropertyValueSpecification\",\"valueRequired\":true,\"valueName\":\"search_term_string\"}}],\"inLanguage\":\"de\"},{\"@type\":\"Organization\",\"@id\":\"https:\\\/\\\/alpha-calcit.net\\\/de\\\/#organization\",\"name\":\"Alpha Calcit F\u00fcllstoff Gesellschaft mbH & Co. KG\",\"alternateName\":\"Alpha Calcit\",\"url\":\"https:\\\/\\\/alpha-calcit.net\\\/de\\\/\",\"logo\":{\"@type\":\"ImageObject\",\"inLanguage\":\"de\",\"@id\":\"https:\\\/\\\/alpha-calcit.net\\\/de\\\/#\\\/schema\\\/logo\\\/image\\\/\",\"url\":\"https:\\\/\\\/alpha-calcit.net\\\/wp-content\\\/uploads\\\/2022\\\/07\\\/alpha-512px.png\",\"contentUrl\":\"https:\\\/\\\/alpha-calcit.net\\\/wp-content\\\/uploads\\\/2022\\\/07\\\/alpha-512px.png\",\"width\":512,\"height\":512,\"caption\":\"Alpha Calcit F\u00fcllstoff Gesellschaft mbH & Co. KG\"},\"image\":{\"@id\":\"https:\\\/\\\/alpha-calcit.net\\\/de\\\/#\\\/schema\\\/logo\\\/image\\\/\"},\"sameAs\":[\"https:\\\/\\\/www.linkedin.com\\\/company\\\/106003634\"]}]}<\/script>\n<!-- \/ Yoast SEO plugin. -->","yoast_head_json":{"title":"halogenfreies Magnesiumhydroxid auf mineralischer Basis","description":"Halogenfreies Magnesiumhydroxid als mineralisches Flammschutzmittel f\u00fcr Anwendungen mit Verarbeitungstemperaturen \u00fcber 250 \u00b0C.","robots":{"index":"index","follow":"follow","max-snippet":"max-snippet:-1","max-image-preview":"max-image-preview:large","max-video-preview":"max-video-preview:-1"},"canonical":"https:\/\/alpha-calcit.net\/de\/flammschutzmittel-magnesiumhydroxid\/","og_locale":"de_DE","og_type":"article","og_title":"halogenfreies Magnesiumhydroxid auf mineralischer Basis","og_description":"Halogenfreies Magnesiumhydroxid als mineralisches Flammschutzmittel f\u00fcr Anwendungen mit Verarbeitungstemperaturen \u00fcber 250 \u00b0C.","og_url":"https:\/\/alpha-calcit.net\/de\/flammschutzmittel-magnesiumhydroxid\/","og_site_name":"Alpha Calcit","article_modified_time":"2026-03-19T12:26:10+00:00","twitter_card":"summary_large_image","schema":{"@context":"https:\/\/schema.org","@graph":[{"@type":"WebPage","@id":"https:\/\/alpha-calcit.net\/de\/flammschutzmittel-magnesiumhydroxid\/","url":"https:\/\/alpha-calcit.net\/de\/flammschutzmittel-magnesiumhydroxid\/","name":"halogenfreies Magnesiumhydroxid auf mineralischer Basis","isPartOf":{"@id":"https:\/\/alpha-calcit.net\/de\/#website"},"datePublished":"2021-01-13T08:44:37+00:00","dateModified":"2026-03-19T12:26:10+00:00","description":"Halogenfreies Magnesiumhydroxid als mineralisches Flammschutzmittel f\u00fcr Anwendungen mit Verarbeitungstemperaturen \u00fcber 250 \u00b0C.","breadcrumb":{"@id":"https:\/\/alpha-calcit.net\/de\/flammschutzmittel-magnesiumhydroxid\/#breadcrumb"},"inLanguage":"de","potentialAction":[{"@type":"ReadAction","target":["https:\/\/alpha-calcit.net\/de\/flammschutzmittel-magnesiumhydroxid\/"]}]},{"@type":"BreadcrumbList","@id":"https:\/\/alpha-calcit.net\/de\/flammschutzmittel-magnesiumhydroxid\/#breadcrumb","itemListElement":[{"@type":"ListItem","position":1,"name":"Startseite","item":"https:\/\/alpha-calcit.net\/de\/"},{"@type":"ListItem","position":2,"name":"Flammschutzmittel \u2013 Magnesiumhydroxid"}]},{"@type":"WebSite","@id":"https:\/\/alpha-calcit.net\/de\/#website","url":"https:\/\/alpha-calcit.net\/de\/","name":"Alpha Calcit","description":"","publisher":{"@id":"https:\/\/alpha-calcit.net\/de\/#organization"},"potentialAction":[{"@type":"SearchAction","target":{"@type":"EntryPoint","urlTemplate":"https:\/\/alpha-calcit.net\/de\/?s={search_term_string}"},"query-input":{"@type":"PropertyValueSpecification","valueRequired":true,"valueName":"search_term_string"}}],"inLanguage":"de"},{"@type":"Organization","@id":"https:\/\/alpha-calcit.net\/de\/#organization","name":"Alpha Calcit F\u00fcllstoff Gesellschaft mbH & Co. KG","alternateName":"Alpha Calcit","url":"https:\/\/alpha-calcit.net\/de\/","logo":{"@type":"ImageObject","inLanguage":"de","@id":"https:\/\/alpha-calcit.net\/de\/#\/schema\/logo\/image\/","url":"https:\/\/alpha-calcit.net\/wp-content\/uploads\/2022\/07\/alpha-512px.png","contentUrl":"https:\/\/alpha-calcit.net\/wp-content\/uploads\/2022\/07\/alpha-512px.png","width":512,"height":512,"caption":"Alpha Calcit F\u00fcllstoff Gesellschaft mbH & Co. KG"},"image":{"@id":"https:\/\/alpha-calcit.net\/de\/#\/schema\/logo\/image\/"},"sameAs":["https:\/\/www.linkedin.com\/company\/106003634"]}]}},"_links":{"self":[{"href":"https:\/\/alpha-calcit.net\/de\/wp-json\/wp\/v2\/pages\/6332","targetHints":{"allow":["GET"]}}],"collection":[{"href":"https:\/\/alpha-calcit.net\/de\/wp-json\/wp\/v2\/pages"}],"about":[{"href":"https:\/\/alpha-calcit.net\/de\/wp-json\/wp\/v2\/types\/page"}],"author":[{"embeddable":true,"href":"https:\/\/alpha-calcit.net\/de\/wp-json\/wp\/v2\/users\/2"}],"replies":[{"embeddable":true,"href":"https:\/\/alpha-calcit.net\/de\/wp-json\/wp\/v2\/comments?post=6332"}],"version-history":[{"count":26,"href":"https:\/\/alpha-calcit.net\/de\/wp-json\/wp\/v2\/pages\/6332\/revisions"}],"predecessor-version":[{"id":18294,"href":"https:\/\/alpha-calcit.net\/de\/wp-json\/wp\/v2\/pages\/6332\/revisions\/18294"}],"wp:attachment":[{"href":"https:\/\/alpha-calcit.net\/de\/wp-json\/wp\/v2\/media?parent=6332"}],"curies":[{"name":"wp","href":"https:\/\/api.w.org\/{rel}","templated":true}]}}