{"id":8953,"date":"2022-07-19T14:42:59","date_gmt":"2022-07-19T12:42:59","guid":{"rendered":"https:\/\/alpha-calcit.net\/?page_id=8953"},"modified":"2026-03-12T08:36:21","modified_gmt":"2026-03-12T07:36:21","slug":"allgemeine-lieferbedingungen","status":"publish","type":"page","link":"https:\/\/alpha-calcit.net\/de\/allgemeine-lieferbedingungen\/","title":{"rendered":"Allgemeine Lieferbedingungen"},"content":{"rendered":"<p>[et_pb_section fb_built=&#8220;1&#8243; admin_label=&#8220;Hero&#8220; _builder_version=&#8220;4.16&#8243; background_color=&#8220;#00478a&#8220; use_background_color_gradient=&#8220;on&#8220; background_color_gradient_direction=&#8220;70deg&#8220; background_color_gradient_stops=&#8220;rgba(40,61,75,0.3) 0%|rgba(128,103,79,0.22) 100%&#8220; background_color_gradient_overlays_image=&#8220;on&#8220; background_color_gradient_start=&#8220;rgba(40,61,75,0.3)&#8220; background_color_gradient_end=&#8220;rgba(128,103,79,0.22)&#8220; background_image=&#8220;https:\/\/alpha-calcit.net\/wp-content\/uploads\/2022\/07\/businessman-2682712-Bild-von-Gerd-Altmann-1920&#215;817-1.jpg&#8220; custom_margin=&#8220;|||&#8220; custom_padding=&#8220;6vw|||&#8220; bottom_divider_style=&#8220;mountains2&#8243; bottom_divider_color=&#8220;#f7f7f7&#8243; bottom_divider_height=&#8220;20vw&#8220; bottom_divider_repeat=&#8220;0.5x&#8220; bottom_divider_flip=&#8220;horizontal|vertical&#8220; animation_style=&#8220;zoom&#8220; global_colors_info=&#8220;{}&#8220;][et_pb_row _builder_version=&#8220;4.16&#8243; custom_margin=&#8220;|||&#8220; custom_padding=&#8220;27px|0px|0|0px|false|false&#8220; global_colors_info=&#8220;{}&#8220;][et_pb_column type=&#8220;4_4&#8243; _builder_version=&#8220;4.16&#8243; custom_padding=&#8220;|||&#8220; global_colors_info=&#8220;{}&#8220; custom_padding__hover=&#8220;|||&#8220;][et_pb_text _builder_version=&#8220;4.16&#8243; text_font=&#8220;||||||||&#8220; header_font=&#8220;|700|||||||&#8220; header_text_color=&#8220;#ffffff&#8220; header_font_size=&#8220;90px&#8220; header_line_height=&#8220;1.4em&#8220; header_2_font=&#8220;Josefin Sans||||||||&#8220; header_2_text_color=&#8220;rgba(255,255,255,0.6)&#8220; header_2_font_size=&#8220;32px&#8220; header_2_line_height=&#8220;1.4em&#8220; background_layout=&#8220;dark&#8220; animation_style=&#8220;slide&#8220; animation_direction=&#8220;right&#8220; animation_intensity_slide=&#8220;4%&#8220; header_font_size_tablet=&#8220;50px&#8220; header_font_size_phone=&#8220;32px&#8220; header_font_size_last_edited=&#8220;on|desktop&#8220; header_2_font_size_tablet=&#8220;&#8220; header_2_font_size_phone=&#8220;24px&#8220; header_2_font_size_last_edited=&#8220;on|phone&#8220; header_text_shadow_style=&#8220;preset3&#8243; header_text_shadow_color=&#8220;#000000&#8243; global_colors_info=&#8220;{}&#8220;]<\/p>\n<h1>Downloads<\/h1>\n<p>[\/et_pb_text][\/et_pb_column][\/et_pb_row][et_pb_row column_structure=&#8220;1_2,1_2&#8243; _builder_version=&#8220;4.16&#8243; custom_padding=&#8220;0|0px|27px|0px|false|false&#8220; locked=&#8220;off&#8220; global_colors_info=&#8220;{}&#8220;][et_pb_column type=&#8220;1_2&#8243; _builder_version=&#8220;4.16&#8243; custom_padding=&#8220;|||&#8220; global_colors_info=&#8220;{}&#8220; custom_padding__hover=&#8220;|||&#8220;][et_pb_text _builder_version=&#8220;4.16&#8243; header_3_font=&#8220;|800|||||||&#8220; header_3_text_color=&#8220;#ffffff&#8220; header_3_font_size=&#8220;26px&#8220; background_enable_color=&#8220;off&#8220; custom_padding=&#8220;20px|20px|20px|20px|false|false&#8220; header_3_text_shadow_style=&#8220;preset3&#8243; header_3_text_shadow_color=&#8220;#000000&#8243; global_colors_info=&#8220;{}&#8220;][\/et_pb_text][et_pb_divider show_divider=&#8220;off&#8220; _builder_version=&#8220;4.16&#8243; global_colors_info=&#8220;{}&#8220;][\/et_pb_divider][\/et_pb_column][et_pb_column type=&#8220;1_2&#8243; _builder_version=&#8220;4.16&#8243; custom_padding=&#8220;|||&#8220; global_colors_info=&#8220;{}&#8220; custom_padding__hover=&#8220;|||&#8220;][\/et_pb_column][\/et_pb_row][et_pb_row _builder_version=&#8220;4.16&#8243; _module_preset=&#8220;default&#8220; global_colors_info=&#8220;{}&#8220;][et_pb_column type=&#8220;4_4&#8243; _builder_version=&#8220;4.16&#8243; _module_preset=&#8220;default&#8220; global_colors_info=&#8220;{}&#8220;][et_pb_text _builder_version=&#8220;4.16&#8243; _module_preset=&#8220;default&#8220; global_colors_info=&#8220;{}&#8220;][\/et_pb_text][\/et_pb_column][\/et_pb_row][\/et_pb_section][et_pb_section fb_built=&#8220;1&#8243; _builder_version=&#8220;4.16&#8243; background_color=&#8220;#f7f7f7&#8243; global_colors_info=&#8220;{}&#8220;][et_pb_row use_custom_gutter=&#8220;on&#8220; gutter_width=&#8220;2&#8243; make_equal=&#8220;on&#8220; module_id=&#8220;more&#8220; _builder_version=&#8220;4.16&#8243; background_enable_image=&#8220;off&#8220; width=&#8220;70%&#8220; custom_margin=&#8220;0px||||false|false&#8220; custom_padding=&#8220;75px||||false|false&#8220; global_colors_info=&#8220;{}&#8220;][et_pb_column type=&#8220;4_4&#8243; _builder_version=&#8220;4.16&#8243; custom_padding=&#8220;||0px||false|false&#8220; global_colors_info=&#8220;{}&#8220;][et_pb_text admin_label=&#8220;General terms of delivery&#8220; _builder_version=&#8220;4.16&#8243; text_font=&#8220;||||||||&#8220; text_font_size=&#8220;20px&#8220; text_line_height=&#8220;1.9em&#8220; header_font=&#8220;||||||||&#8220; header_2_font=&#8220;|700||on|||||&#8220; header_2_font_size=&#8220;42px&#8220; header_2_line_height=&#8220;1.4em&#8220; text_orientation=&#8220;center&#8220; max_width_last_edited=&#8220;off|desktop&#8220; module_alignment=&#8220;center&#8220; header_2_font_size_tablet=&#8220;40px&#8220; header_2_font_size_phone=&#8220;32px&#8220; header_2_font_size_last_edited=&#8220;on|phone&#8220; global_colors_info=&#8220;{}&#8220;]<\/p>\n<h2 style=\"text-align: center;\"><span style=\"color: #00478a;\">Allgemeine Lieferbedingungen<\/span><\/h2>\n<h3 style=\"text-align: center;\">Europ\u00e4ische Vertriebsorganisation:<\/h3>\n<p>[\/et_pb_text][\/et_pb_column][\/et_pb_row][et_pb_row column_structure=&#8220;1_4,3_4&#8243; _builder_version=&#8220;4.16&#8243; _module_preset=&#8220;default&#8220; global_colors_info=&#8220;{}&#8220;][et_pb_column type=&#8220;1_4&#8243; _builder_version=&#8220;4.16&#8243; _module_preset=&#8220;default&#8220; global_colors_info=&#8220;{}&#8220;][\/et_pb_column][et_pb_column type=&#8220;3_4&#8243; _builder_version=&#8220;4.16&#8243; _module_preset=&#8220;default&#8220; global_colors_info=&#8220;{}&#8220;][et_pb_text admin_label=&#8220;Download PDFs&#8220; _builder_version=&#8220;4.25.2&#8243; _module_preset=&#8220;default&#8220; width=&#8220;100%&#8220; custom_margin=&#8220;|||-114px||&#8220; custom_padding=&#8220;||7px|||&#8220; global_colors_info=&#8220;{}&#8220;]<\/p>\n<h4><strong>DEUTSCHLAND: <span style=\"color: #00478a;\">Alpha Calcit F\u00fcllstoffgesellschaft mbH &amp; Co. KG<\/span><br \/><\/strong><\/h4>\n<h4><a href=\"https:\/\/alpha-calcit.net\/wp-content\/uploads\/2022\/08\/Alpha_Allgemeine-Lieferbedingungen_20211210.pdf\" target=\"_blank\" rel=\"noopener noreferrer\">Allgemeine Lieferbedingungen DE <\/a><strong><a href=\"https:\/\/alpha-calcit.net\/wp-content\/uploads\/2022\/08\/Alpha_Allgemeine-Lieferbedingungen_20211210.pdf\" target=\"_blank\" rel=\"noopener noreferrer\"><img loading=\"lazy\" decoding=\"async\" class=\"alignnone wp-image-5760\" src=\"https:\/\/alpha-calcit.net\/wp-content\/uploads\/2020\/11\/pdf-icon_400x400-300x300.png\" alt=\"PDF Download\" width=\"25\" height=\"25\" srcset=\"https:\/\/alpha-calcit.net\/wp-content\/uploads\/2020\/11\/pdf-icon_400x400-300x300.png 300w, https:\/\/alpha-calcit.net\/wp-content\/uploads\/2020\/11\/pdf-icon_400x400-150x150.png 150w, https:\/\/alpha-calcit.net\/wp-content\/uploads\/2020\/11\/pdf-icon_400x400.png 400w\" sizes=\"auto, (max-width: 25px) 100vw, 25px\" \/><\/a><\/strong><\/h4>\n<p>&nbsp;<\/p>\n<p>&nbsp;<\/p>\n<h4><strong>\u00d6STERREICH: <span style=\"color: #00478a;\">Alpha Mineral F\u00fcllstoffgesellschaft m.b.H.<\/span><br \/><\/strong><\/h4>\n<h4><a href=\"https:\/\/alpha-calcit.net\/wp-content\/uploads\/2022\/04\/Allgemeine-Lieferungsbedingungen-Alpha-Mineral-2022-04-EN.pdf\" target=\"_blank\" rel=\"noopener noreferrer\">Allgemeine Lieferbedingungen EN <\/a><strong><a href=\"https:\/\/alpha-calcit.net\/wp-content\/uploads\/2022\/04\/Allgemeine-Lieferungsbedingungen-Alpha-Mineral-2022-04-EN.pdf\" target=\"_blank\" rel=\"noopener noreferrer\"><img loading=\"lazy\" decoding=\"async\" class=\"alignnone wp-image-5760\" src=\"https:\/\/alpha-calcit.net\/wp-content\/uploads\/2020\/11\/pdf-icon_400x400-300x300.png\" alt=\"PDF Download\" width=\"25\" height=\"25\" srcset=\"https:\/\/alpha-calcit.net\/wp-content\/uploads\/2020\/11\/pdf-icon_400x400-300x300.png 300w, https:\/\/alpha-calcit.net\/wp-content\/uploads\/2020\/11\/pdf-icon_400x400-150x150.png 150w, https:\/\/alpha-calcit.net\/wp-content\/uploads\/2020\/11\/pdf-icon_400x400.png 400w\" sizes=\"auto, (max-width: 25px) 100vw, 25px\" \/><\/a><\/strong><\/h4>\n<h4><a href=\"https:\/\/alpha-calcit.net\/wp-content\/uploads\/2022\/04\/Allgemeine-Lieferungsbedingungen-Alpha-Mineral-2022-04-DE.pdf\" target=\"_blank\" rel=\"noopener noreferrer\">Allgemeine Lieferbedingungen DE <\/a><strong><a href=\"https:\/\/alpha-calcit.net\/wp-content\/uploads\/2022\/04\/Allgemeine-Lieferungsbedingungen-Alpha-Mineral-2022-04-DE.pdf\" target=\"_blank\" rel=\"noopener noreferrer\"><img loading=\"lazy\" decoding=\"async\" class=\"alignnone wp-image-5760\" src=\"https:\/\/alpha-calcit.net\/wp-content\/uploads\/2020\/11\/pdf-icon_400x400-300x300.png\" alt=\"PDF Download\" width=\"25\" height=\"25\" srcset=\"https:\/\/alpha-calcit.net\/wp-content\/uploads\/2020\/11\/pdf-icon_400x400-300x300.png 300w, https:\/\/alpha-calcit.net\/wp-content\/uploads\/2020\/11\/pdf-icon_400x400-150x150.png 150w, https:\/\/alpha-calcit.net\/wp-content\/uploads\/2020\/11\/pdf-icon_400x400.png 400w\" sizes=\"auto, (max-width: 25px) 100vw, 25px\" \/><\/a><\/strong><\/h4>\n<p>&nbsp;<\/p>\n<p>&nbsp;<\/p>\n<h4><strong>Italien: <span style=\"color: #00478a;\">Alpha Calcit Italia S.r.l.<\/span><\/strong><\/h4>\n<h4><a href=\"https:\/\/alpha-calcit.net\/wp-content\/uploads\/2024\/08\/Condizioni-generali-di-vendita-ALPHA-MICRONdefinitive.pdf\"><span style=\"color: #000000;\">Allgemeine Lieferbedingungen IT<\/span><\/a> <strong><a href=\"https:\/\/alpha-calcit.net\/wp-content\/uploads\/2024\/08\/Condizioni-generali-di-vendita-ALPHA-MICRONdefinitive.pdf\"><img loading=\"lazy\" decoding=\"async\" class=\"alignnone wp-image-5760\" src=\"https:\/\/alpha-calcit.net\/wp-content\/uploads\/2020\/11\/pdf-icon_400x400-300x300.png\" alt=\"PDF Download\" width=\"25\" height=\"25\" srcset=\"https:\/\/alpha-calcit.net\/wp-content\/uploads\/2020\/11\/pdf-icon_400x400-300x300.png 300w, https:\/\/alpha-calcit.net\/wp-content\/uploads\/2020\/11\/pdf-icon_400x400-150x150.png 150w, https:\/\/alpha-calcit.net\/wp-content\/uploads\/2020\/11\/pdf-icon_400x400.png 400w\" sizes=\"auto, (max-width: 25px) 100vw, 25px\" \/><\/a><\/strong><\/h4>\n<p>[\/et_pb_text][et_pb_text admin_label=&#8220;Abstand&#8220; _builder_version=&#8220;4.16&#8243; _module_preset=&#8220;default&#8220; global_colors_info=&#8220;{}&#8220;][\/et_pb_text][\/et_pb_column][\/et_pb_row][\/et_pb_section][et_pb_section fb_built=&#8220;1&#8243; admin_label=&#8220;Footer1&#8243; _builder_version=&#8220;4.16&#8243; background_color=&#8220;#022D64&#8243; custom_padding=&#8220;|||&#8220; saved_tabs=&#8220;all&#8220; global_colors_info=&#8220;{}&#8220;][et_pb_row use_custom_gutter=&#8220;on&#8220; gutter_width=&#8220;2&#8243; module_id=&#8220;kontakt&#8220; _builder_version=&#8220;4.16&#8243; background_enable_color=&#8220;off&#8220; max_width=&#8220;1440px&#8220; use_custom_width=&#8220;on&#8220; custom_width_px=&#8220;1440px&#8220; locked=&#8220;off&#8220; global_colors_info=&#8220;{}&#8220;][et_pb_column type=&#8220;4_4&#8243; _builder_version=&#8220;4.16&#8243; custom_padding=&#8220;|||&#8220; global_colors_info=&#8220;{}&#8220; custom_padding__hover=&#8220;|||&#8220;][et_pb_menu menu_id=&#8220;9&#8243; menu_style=&#8220;centered&#8220; active_link_color=&#8220;#ffffff&#8220; dropdown_menu_bg_color=&#8220;#00478a&#8220; dropdown_menu_line_color=&#8220;#00478a&#8220; dropdown_menu_text_color=&#8220;#ffffff&#8220; dropdown_menu_active_link_color=&#8220;#ffffff&#8220; mobile_menu_bg_color=&#8220;#00478a&#8220; mobile_menu_text_color=&#8220;#ffffff&#8220; logo=&#8220;https:\/\/alpha-calcit.net\/wp-content\/uploads\/2020\/06\/alpha_logo-300&#215;87-1.png&#8220; _builder_version=&#8220;4.16&#8243; menu_text_color=&#8220;#ffffff&#8220; background_color=&#8220;rgba(0,0,0,0)&#8220; background_layout=&#8220;dark&#8220; global_colors_info=&#8220;{}&#8220;][\/et_pb_menu][\/et_pb_column][\/et_pb_row][et_pb_row use_custom_gutter=&#8220;on&#8220; gutter_width=&#8220;2&#8243; module_id=&#8220;kontakt&#8220; _builder_version=&#8220;4.16&#8243; background_enable_color=&#8220;off&#8220; max_width=&#8220;1440px&#8220; use_custom_width=&#8220;on&#8220; custom_width_px=&#8220;1440px&#8220; locked=&#8220;off&#8220; global_colors_info=&#8220;{}&#8220;][et_pb_column type=&#8220;4_4&#8243; _builder_version=&#8220;4.16&#8243; custom_padding=&#8220;|||&#8220; global_colors_info=&#8220;{}&#8220; custom_padding__hover=&#8220;|||&#8220;][\/et_pb_column][\/et_pb_row][\/et_pb_section]<\/p>\n","protected":false},"excerpt":{"rendered":"<p>DownloadsAllgemeine Lieferbedingungen Europ\u00e4ische Vertriebsorganisation:DEUTSCHLAND: Alpha Calcit F\u00fcllstoffgesellschaft mbH &amp; Co. KG Allgemeine Lieferbedingungen DE &nbsp; &nbsp; \u00d6STERREICH: Alpha Mineral F\u00fcllstoffgesellschaft m.b.H. Allgemeine Lieferbedingungen EN Allgemeine Lieferbedingungen DE &nbsp; &nbsp; Italien: Alpha Calcit Italia S.r.l. Allgemeine Lieferbedingungen IT<\/p>\n","protected":false},"author":2,"featured_media":0,"parent":0,"menu_order":0,"comment_status":"closed","ping_status":"closed","template":"","meta":{"_et_pb_use_builder":"on","_et_pb_old_content":"","_et_gb_content_width":"","footnotes":""},"class_list":["post-8953","page","type-page","status-publish","hentry"],"yoast_head":"<!-- This site is optimized with the Yoast SEO plugin v27.3 - https:\/\/yoast.com\/product\/yoast-seo-wordpress\/ -->\n<title>Allgemeine Lieferbedingungen - Alpha Calcit<\/title>\n<meta name=\"description\" content=\"Die AGB von Alpha Calcit.\" \/>\n<meta name=\"robots\" content=\"index, follow, max-snippet:-1, max-image-preview:large, max-video-preview:-1\" \/>\n<link rel=\"canonical\" href=\"https:\/\/alpha-calcit.net\/de\/allgemeine-lieferbedingungen\/\" \/>\n<meta property=\"og:locale\" content=\"de_DE\" \/>\n<meta property=\"og:type\" content=\"article\" \/>\n<meta property=\"og:title\" content=\"Allgemeine Lieferbedingungen - Alpha Calcit\" \/>\n<meta property=\"og:description\" content=\"Die AGB von Alpha Calcit.\" \/>\n<meta property=\"og:url\" content=\"https:\/\/alpha-calcit.net\/de\/allgemeine-lieferbedingungen\/\" \/>\n<meta property=\"og:site_name\" content=\"Alpha Calcit\" \/>\n<meta property=\"article:modified_time\" content=\"2026-03-12T07:36:21+00:00\" \/>\n<meta property=\"og:image\" content=\"https:\/\/alpha-calcit.net\/wp-content\/uploads\/2020\/11\/pdf-icon_400x400.png\" \/>\n\t<meta property=\"og:image:width\" content=\"400\" \/>\n\t<meta property=\"og:image:height\" content=\"400\" \/>\n\t<meta property=\"og:image:type\" content=\"image\/png\" \/>\n<meta name=\"twitter:card\" content=\"summary_large_image\" \/>\n<script type=\"application\/ld+json\" class=\"yoast-schema-graph\">{\"@context\":\"https:\\\/\\\/schema.org\",\"@graph\":[{\"@type\":\"WebPage\",\"@id\":\"https:\\\/\\\/alpha-calcit.net\\\/de\\\/allgemeine-lieferbedingungen\\\/\",\"url\":\"https:\\\/\\\/alpha-calcit.net\\\/de\\\/allgemeine-lieferbedingungen\\\/\",\"name\":\"Allgemeine Lieferbedingungen - Alpha Calcit\",\"isPartOf\":{\"@id\":\"https:\\\/\\\/alpha-calcit.net\\\/de\\\/#website\"},\"primaryImageOfPage\":{\"@id\":\"https:\\\/\\\/alpha-calcit.net\\\/de\\\/allgemeine-lieferbedingungen\\\/#primaryimage\"},\"image\":{\"@id\":\"https:\\\/\\\/alpha-calcit.net\\\/de\\\/allgemeine-lieferbedingungen\\\/#primaryimage\"},\"thumbnailUrl\":\"https:\\\/\\\/alpha-calcit.net\\\/wp-content\\\/uploads\\\/2020\\\/11\\\/pdf-icon_400x400-300x300.png\",\"datePublished\":\"2022-07-19T12:42:59+00:00\",\"dateModified\":\"2026-03-12T07:36:21+00:00\",\"description\":\"Die AGB von Alpha Calcit.\",\"breadcrumb\":{\"@id\":\"https:\\\/\\\/alpha-calcit.net\\\/de\\\/allgemeine-lieferbedingungen\\\/#breadcrumb\"},\"inLanguage\":\"de\",\"potentialAction\":[{\"@type\":\"ReadAction\",\"target\":[\"https:\\\/\\\/alpha-calcit.net\\\/de\\\/allgemeine-lieferbedingungen\\\/\"]}]},{\"@type\":\"ImageObject\",\"inLanguage\":\"de\",\"@id\":\"https:\\\/\\\/alpha-calcit.net\\\/de\\\/allgemeine-lieferbedingungen\\\/#primaryimage\",\"url\":\"https:\\\/\\\/alpha-calcit.net\\\/wp-content\\\/uploads\\\/2020\\\/11\\\/pdf-icon_400x400-300x300.png\",\"contentUrl\":\"https:\\\/\\\/alpha-calcit.net\\\/wp-content\\\/uploads\\\/2020\\\/11\\\/pdf-icon_400x400-300x300.png\"},{\"@type\":\"BreadcrumbList\",\"@id\":\"https:\\\/\\\/alpha-calcit.net\\\/de\\\/allgemeine-lieferbedingungen\\\/#breadcrumb\",\"itemListElement\":[{\"@type\":\"ListItem\",\"position\":1,\"name\":\"Startseite\",\"item\":\"https:\\\/\\\/alpha-calcit.net\\\/de\\\/\"},{\"@type\":\"ListItem\",\"position\":2,\"name\":\"Allgemeine Lieferbedingungen\"}]},{\"@type\":\"WebSite\",\"@id\":\"https:\\\/\\\/alpha-calcit.net\\\/de\\\/#website\",\"url\":\"https:\\\/\\\/alpha-calcit.net\\\/de\\\/\",\"name\":\"Alpha Calcit\",\"description\":\"\",\"publisher\":{\"@id\":\"https:\\\/\\\/alpha-calcit.net\\\/de\\\/#organization\"},\"potentialAction\":[{\"@type\":\"SearchAction\",\"target\":{\"@type\":\"EntryPoint\",\"urlTemplate\":\"https:\\\/\\\/alpha-calcit.net\\\/de\\\/?s={search_term_string}\"},\"query-input\":{\"@type\":\"PropertyValueSpecification\",\"valueRequired\":true,\"valueName\":\"search_term_string\"}}],\"inLanguage\":\"de\"},{\"@type\":\"Organization\",\"@id\":\"https:\\\/\\\/alpha-calcit.net\\\/de\\\/#organization\",\"name\":\"Alpha Calcit F\u00fcllstoff Gesellschaft mbH & Co. KG\",\"alternateName\":\"Alpha Calcit\",\"url\":\"https:\\\/\\\/alpha-calcit.net\\\/de\\\/\",\"logo\":{\"@type\":\"ImageObject\",\"inLanguage\":\"de\",\"@id\":\"https:\\\/\\\/alpha-calcit.net\\\/de\\\/#\\\/schema\\\/logo\\\/image\\\/\",\"url\":\"https:\\\/\\\/alpha-calcit.net\\\/wp-content\\\/uploads\\\/2022\\\/07\\\/alpha-512px.png\",\"contentUrl\":\"https:\\\/\\\/alpha-calcit.net\\\/wp-content\\\/uploads\\\/2022\\\/07\\\/alpha-512px.png\",\"width\":512,\"height\":512,\"caption\":\"Alpha Calcit F\u00fcllstoff Gesellschaft mbH & Co. KG\"},\"image\":{\"@id\":\"https:\\\/\\\/alpha-calcit.net\\\/de\\\/#\\\/schema\\\/logo\\\/image\\\/\"},\"sameAs\":[\"https:\\\/\\\/www.linkedin.com\\\/company\\\/106003634\"]}]}<\/script>\n<!-- \/ Yoast SEO plugin. -->","yoast_head_json":{"title":"Allgemeine Lieferbedingungen - Alpha Calcit","description":"Die AGB von Alpha Calcit.","robots":{"index":"index","follow":"follow","max-snippet":"max-snippet:-1","max-image-preview":"max-image-preview:large","max-video-preview":"max-video-preview:-1"},"canonical":"https:\/\/alpha-calcit.net\/de\/allgemeine-lieferbedingungen\/","og_locale":"de_DE","og_type":"article","og_title":"Allgemeine Lieferbedingungen - Alpha Calcit","og_description":"Die AGB von Alpha Calcit.","og_url":"https:\/\/alpha-calcit.net\/de\/allgemeine-lieferbedingungen\/","og_site_name":"Alpha Calcit","article_modified_time":"2026-03-12T07:36:21+00:00","og_image":[{"width":400,"height":400,"url":"https:\/\/alpha-calcit.net\/wp-content\/uploads\/2020\/11\/pdf-icon_400x400.png","type":"image\/png"}],"twitter_card":"summary_large_image","schema":{"@context":"https:\/\/schema.org","@graph":[{"@type":"WebPage","@id":"https:\/\/alpha-calcit.net\/de\/allgemeine-lieferbedingungen\/","url":"https:\/\/alpha-calcit.net\/de\/allgemeine-lieferbedingungen\/","name":"Allgemeine Lieferbedingungen - Alpha Calcit","isPartOf":{"@id":"https:\/\/alpha-calcit.net\/de\/#website"},"primaryImageOfPage":{"@id":"https:\/\/alpha-calcit.net\/de\/allgemeine-lieferbedingungen\/#primaryimage"},"image":{"@id":"https:\/\/alpha-calcit.net\/de\/allgemeine-lieferbedingungen\/#primaryimage"},"thumbnailUrl":"https:\/\/alpha-calcit.net\/wp-content\/uploads\/2020\/11\/pdf-icon_400x400-300x300.png","datePublished":"2022-07-19T12:42:59+00:00","dateModified":"2026-03-12T07:36:21+00:00","description":"Die AGB von Alpha Calcit.","breadcrumb":{"@id":"https:\/\/alpha-calcit.net\/de\/allgemeine-lieferbedingungen\/#breadcrumb"},"inLanguage":"de","potentialAction":[{"@type":"ReadAction","target":["https:\/\/alpha-calcit.net\/de\/allgemeine-lieferbedingungen\/"]}]},{"@type":"ImageObject","inLanguage":"de","@id":"https:\/\/alpha-calcit.net\/de\/allgemeine-lieferbedingungen\/#primaryimage","url":"https:\/\/alpha-calcit.net\/wp-content\/uploads\/2020\/11\/pdf-icon_400x400-300x300.png","contentUrl":"https:\/\/alpha-calcit.net\/wp-content\/uploads\/2020\/11\/pdf-icon_400x400-300x300.png"},{"@type":"BreadcrumbList","@id":"https:\/\/alpha-calcit.net\/de\/allgemeine-lieferbedingungen\/#breadcrumb","itemListElement":[{"@type":"ListItem","position":1,"name":"Startseite","item":"https:\/\/alpha-calcit.net\/de\/"},{"@type":"ListItem","position":2,"name":"Allgemeine Lieferbedingungen"}]},{"@type":"WebSite","@id":"https:\/\/alpha-calcit.net\/de\/#website","url":"https:\/\/alpha-calcit.net\/de\/","name":"Alpha Calcit","description":"","publisher":{"@id":"https:\/\/alpha-calcit.net\/de\/#organization"},"potentialAction":[{"@type":"SearchAction","target":{"@type":"EntryPoint","urlTemplate":"https:\/\/alpha-calcit.net\/de\/?s={search_term_string}"},"query-input":{"@type":"PropertyValueSpecification","valueRequired":true,"valueName":"search_term_string"}}],"inLanguage":"de"},{"@type":"Organization","@id":"https:\/\/alpha-calcit.net\/de\/#organization","name":"Alpha Calcit F\u00fcllstoff Gesellschaft mbH & Co. KG","alternateName":"Alpha Calcit","url":"https:\/\/alpha-calcit.net\/de\/","logo":{"@type":"ImageObject","inLanguage":"de","@id":"https:\/\/alpha-calcit.net\/de\/#\/schema\/logo\/image\/","url":"https:\/\/alpha-calcit.net\/wp-content\/uploads\/2022\/07\/alpha-512px.png","contentUrl":"https:\/\/alpha-calcit.net\/wp-content\/uploads\/2022\/07\/alpha-512px.png","width":512,"height":512,"caption":"Alpha Calcit F\u00fcllstoff Gesellschaft mbH & Co. KG"},"image":{"@id":"https:\/\/alpha-calcit.net\/de\/#\/schema\/logo\/image\/"},"sameAs":["https:\/\/www.linkedin.com\/company\/106003634"]}]}},"_links":{"self":[{"href":"https:\/\/alpha-calcit.net\/de\/wp-json\/wp\/v2\/pages\/8953","targetHints":{"allow":["GET"]}}],"collection":[{"href":"https:\/\/alpha-calcit.net\/de\/wp-json\/wp\/v2\/pages"}],"about":[{"href":"https:\/\/alpha-calcit.net\/de\/wp-json\/wp\/v2\/types\/page"}],"author":[{"embeddable":true,"href":"https:\/\/alpha-calcit.net\/de\/wp-json\/wp\/v2\/users\/2"}],"replies":[{"embeddable":true,"href":"https:\/\/alpha-calcit.net\/de\/wp-json\/wp\/v2\/comments?post=8953"}],"version-history":[{"count":15,"href":"https:\/\/alpha-calcit.net\/de\/wp-json\/wp\/v2\/pages\/8953\/revisions"}],"predecessor-version":[{"id":17451,"href":"https:\/\/alpha-calcit.net\/de\/wp-json\/wp\/v2\/pages\/8953\/revisions\/17451"}],"wp:attachment":[{"href":"https:\/\/alpha-calcit.net\/de\/wp-json\/wp\/v2\/media?parent=8953"}],"curies":[{"name":"wp","href":"https:\/\/api.w.org\/{rel}","templated":true}]}}