{"id":9073,"date":"2022-07-22T16:54:58","date_gmt":"2022-07-22T14:54:58","guid":{"rendered":"https:\/\/alpha-calcit.net\/?page_id=9073"},"modified":"2026-03-12T11:25:46","modified_gmt":"2026-03-12T10:25:46","slug":"kontakt-allgemein","status":"publish","type":"page","link":"https:\/\/alpha-calcit.net\/de\/kontakt-allgemein\/","title":{"rendered":"Kontakt Allgemein"},"content":{"rendered":"<p>[et_pb_section fb_built=&#8220;1&#8243; next_background_color=&#8220;#ffffff&#8220; admin_label=&#8220;Hero&#8220; _builder_version=&#8220;4.16&#8243; background_enable_color=&#8220;off&#8220; use_background_color_gradient=&#8220;on&#8220; background_color_gradient_direction=&#8220;70deg&#8220; background_color_gradient_stops=&#8220;rgba(40,61,75,0.3) 0%|rgba(128,103,79,0.22) 100%&#8220; background_color_gradient_overlays_image=&#8220;on&#8220; background_color_gradient_start=&#8220;rgba(40,61,75,0.3)&#8220; background_color_gradient_end=&#8220;rgba(128,103,79,0.22)&#8220; background_image=&#8220;https:\/\/alpha-calcit.net\/wp-content\/uploads\/2022\/07\/contact-6604783-1920&#215;817-1.jpg&#8220; height=&#8220;650px&#8220; height_tablet=&#8220;875px&#8220; height_phone=&#8220;335px&#8220; height_last_edited=&#8220;on|phone&#8220; custom_margin=&#8220;|||&#8220; custom_padding=&#8220;3vw|||||&#8220; bottom_divider_style=&#8220;mountains2&#8243; bottom_divider_height=&#8220;20vw&#8220; bottom_divider_repeat=&#8220;0.5x&#8220; bottom_divider_flip=&#8220;horizontal|vertical&#8220; animation_style=&#8220;zoom&#8220; locked=&#8220;off&#8220; global_colors_info=&#8220;{}&#8220;][et_pb_row disabled_on=&#8220;off|off|off&#8220; admin_label=&#8220;Zeile&#8220; _builder_version=&#8220;4.16&#8243; custom_margin=&#8220;|||&#8220; custom_padding=&#8220;27px|0px|0|0px|false|false&#8220; global_colors_info=&#8220;{}&#8220;][et_pb_column type=&#8220;4_4&#8243; _builder_version=&#8220;4.16&#8243; custom_padding=&#8220;|||&#8220; global_colors_info=&#8220;{}&#8220; custom_padding__hover=&#8220;|||&#8220;][et_pb_text _builder_version=&#8220;4.16&#8243; text_font=&#8220;||||||||&#8220; header_font=&#8220;|700|||||||&#8220; header_text_color=&#8220;#ffffff&#8220; header_font_size=&#8220;90px&#8220; header_line_height=&#8220;1.4em&#8220; header_2_font=&#8220;Josefin Sans||||||||&#8220; header_2_text_color=&#8220;rgba(255,255,255,0.6)&#8220; header_2_font_size=&#8220;32px&#8220; header_2_line_height=&#8220;1.4em&#8220; background_layout=&#8220;dark&#8220; animation_style=&#8220;slide&#8220; animation_direction=&#8220;right&#8220; animation_intensity_slide=&#8220;4%&#8220; header_font_size_tablet=&#8220;50px&#8220; header_font_size_phone=&#8220;32px&#8220; header_font_size_last_edited=&#8220;on|desktop&#8220; header_2_font_size_tablet=&#8220;&#8220; header_2_font_size_phone=&#8220;24px&#8220; header_2_font_size_last_edited=&#8220;on|phone&#8220; header_text_shadow_style=&#8220;preset3&#8243; header_text_shadow_color=&#8220;#000000&#8243; global_colors_info=&#8220;{}&#8220;]<\/p>\n<h1>Kontakt<br \/>\u00a0 \u00a0\u00a0\u00a0 Allgemein<\/h1>\n<p>[\/et_pb_text][\/et_pb_column][\/et_pb_row][et_pb_row column_structure=&#8220;1_2,1_2&#8243; _builder_version=&#8220;4.16&#8243; min_height=&#8220;78.3px&#8220; custom_margin=&#8220;30px|auto||auto||&#8220; custom_padding=&#8220;0|0px|27px|0px|false|false&#8220; locked=&#8220;off&#8220; global_colors_info=&#8220;{}&#8220;][et_pb_column type=&#8220;1_2&#8243; _builder_version=&#8220;4.16&#8243; custom_padding=&#8220;|||&#8220; global_colors_info=&#8220;{}&#8220; custom_padding__hover=&#8220;|||&#8220;][et_pb_text _builder_version=&#8220;4.16&#8243; header_3_font=&#8220;|800|||||||&#8220; header_3_text_color=&#8220;#ffffff&#8220; header_3_font_size=&#8220;26px&#8220; background_enable_color=&#8220;off&#8220; custom_padding=&#8220;20px|20px|20px|20px|false|false&#8220; header_3_text_shadow_style=&#8220;preset3&#8243; header_3_text_shadow_color=&#8220;#000000&#8243; global_colors_info=&#8220;{}&#8220;][\/et_pb_text][et_pb_divider show_divider=&#8220;off&#8220; _builder_version=&#8220;4.16&#8243; global_colors_info=&#8220;{}&#8220;][\/et_pb_divider][\/et_pb_column][et_pb_column type=&#8220;1_2&#8243; _builder_version=&#8220;4.16&#8243; custom_padding=&#8220;|||&#8220; global_colors_info=&#8220;{}&#8220; custom_padding__hover=&#8220;|||&#8220;][et_pb_button button_url=&#8220;#Form&#8220; button_text=&#8220;Erfahren Sie mehr &#8230;&#8220; button_alignment=&#8220;right&#8220; _builder_version=&#8220;4.16&#8243; _module_preset=&#8220;default&#8220; custom_button=&#8220;on&#8220; button_text_size=&#8220;23px&#8220; button_text_color=&#8220;#FFFFFF&#8220; button_bg_color=&#8220;#00478A&#8220; button_border_width=&#8220;0px&#8220; button_border_color=&#8220;#00478A&#8220; button_border_radius=&#8220;100px&#8220; button_font=&#8220;|700|||||||&#8220; animation_style=&#8220;slide&#8220; animation_direction=&#8220;left&#8220; animation_intensity_slide=&#8220;8%&#8220; box_shadow_style=&#8220;preset3&#8243; box_shadow_blur=&#8220;20px&#8220; box_shadow_spread=&#8220;-10px&#8220; global_colors_info=&#8220;{}&#8220;][\/et_pb_button][\/et_pb_column][\/et_pb_row][\/et_pb_section][et_pb_section fb_built=&#8220;1&#8243; module_id=&#8220;Form&#8220; _builder_version=&#8220;4.16&#8243; _module_preset=&#8220;default&#8220; global_colors_info=&#8220;{}&#8220;][et_pb_row _builder_version=&#8220;4.16&#8243; _module_preset=&#8220;default&#8220; background_color=&#8220;RGBA(255,255,255,0)&#8220; custom_padding=&#8220;45px|||||&#8220; global_colors_info=&#8220;{}&#8220;][et_pb_column type=&#8220;4_4&#8243; _builder_version=&#8220;4.16&#8243; _module_preset=&#8220;default&#8220; global_colors_info=&#8220;{}&#8220;][et_pb_text _builder_version=&#8220;4.16&#8243; _module_preset=&#8220;default&#8220; text_font_size=&#8220;15px&#8220; global_colors_info=&#8220;{}&#8220;]<\/p>\n<p style=\"text-align: justify;\"><span style=\"color: #666666; font-size: medium;\">Wir freuen uns, dass Sie Interesse an unserem Unternehmen und unseren Produkten haben.<\/span><\/p>\n<p style=\"text-align: justify;\"><span style=\"color: #666666; font-size: medium;\">F\u00fcr Anliegen, die die Bereiche Produktion oder Vertrieb betreffen, w\u00e4hlen Sie bitte die Kontakte unter der jeweils oben angegebenen Rubrik im Bereich &#8222;Kommunikation&#8220;.<\/span><\/p>\n<p style=\"text-align: justify;\"><span style=\"color: #666666; font-size: medium;\">F\u00fcr alle anderen Themen bitten wir Sie, folgendes Formular auszuf\u00fcllen und uns Ihr Anliegen kurz zu schildern, damit wir uns umgehend mit Ihnen in Verbindung setzen k\u00f6nnen.<\/span><\/p>\n<p>[\/et_pb_text][\/et_pb_column][\/et_pb_row][et_pb_row column_structure=&#8220;1_5,3_5,1_5&#8243; _builder_version=&#8220;4.16&#8243; _module_preset=&#8220;default&#8220; background_color=&#8220;#022d64&#8243; custom_padding=&#8220;45px|||||&#8220; global_colors_info=&#8220;{}&#8220;][et_pb_column type=&#8220;1_5&#8243; _builder_version=&#8220;4.16&#8243; _module_preset=&#8220;default&#8220; global_colors_info=&#8220;{}&#8220;][\/et_pb_column][et_pb_column type=&#8220;3_5&#8243; _builder_version=&#8220;4.16&#8243; _module_preset=&#8220;default&#8220; global_colors_info=&#8220;{}&#8220;][et_pb_text admin_label=&#8220;CF7&#8243; _builder_version=&#8220;4.16&#8243; custom_margin=&#8220;0px||0px||false|false&#8220; custom_padding=&#8220;0px||0px||false|false&#8220; locked=&#8220;off&#8220; global_colors_info=&#8220;{}&#8220;]<\/p>\n\n<div class=\"wpcf7 no-js\" id=\"wpcf7-f9084-o1\" lang=\"de-DE\" dir=\"ltr\" data-wpcf7-id=\"9084\">\n<div class=\"screen-reader-response\"><p role=\"status\" aria-live=\"polite\" aria-atomic=\"true\"><\/p> <ul><\/ul><\/div>\n<form action=\"\/de\/wp-json\/wp\/v2\/pages\/9073#wpcf7-f9084-o1\" method=\"post\" class=\"wpcf7-form init\" aria-label=\"Kontaktformular\" novalidate=\"novalidate\" data-status=\"init\">\n<fieldset class=\"hidden-fields-container\"><input type=\"hidden\" name=\"_wpcf7\" value=\"9084\" \/><input type=\"hidden\" name=\"_wpcf7_version\" value=\"6.1.5\" \/><input type=\"hidden\" name=\"_wpcf7_locale\" value=\"de_DE\" \/><input type=\"hidden\" name=\"_wpcf7_unit_tag\" value=\"wpcf7-f9084-o1\" \/><input type=\"hidden\" name=\"_wpcf7_container_post\" value=\"0\" \/><input type=\"hidden\" name=\"_wpcf7_posted_data_hash\" value=\"\" \/>\n<\/fieldset>\n<p><span id=\"wpcf7-69dc390f41976-wrapper\" class=\"wpcf7-form-control-wrap surname-wrap\" style=\"display:none !important; visibility:hidden !important;\"><label for=\"wpcf7-69dc390f41976-field\" class=\"hp-message\">Bitte lasse dieses Feld leer.<\/label><input id=\"wpcf7-69dc390f41976-field\"  class=\"wpcf7-form-control wpcf7-text\" type=\"text\" name=\"surname\" value=\"\" size=\"40\" tabindex=\"-1\" autocomplete=\"new-password\" \/><\/span><span class=\"wpcf7-form-control-wrap\" data-name=\"text-n\"><input size=\"40\" maxlength=\"400\" class=\"wpcf7-form-control wpcf7-text wpcf7-validates-as-required\" aria-required=\"true\" aria-invalid=\"false\" placeholder=\"Name\" value=\"\" type=\"text\" name=\"text-n\" \/><\/span>\n<\/p>\n<p><span class=\"wpcf7-form-control-wrap\" data-name=\"text-em\"><input size=\"40\" maxlength=\"400\" class=\"wpcf7-form-control wpcf7-email wpcf7-validates-as-required wpcf7-text wpcf7-validates-as-email\" aria-required=\"true\" aria-invalid=\"false\" placeholder=\"E-Mail\" value=\"\" type=\"email\" name=\"text-em\" \/><\/span><span id=\"wpcf7-69dc390f41b1e-wrapper\" class=\"wpcf7-form-control-wrap Website-wrap\" ><label for=\"wpcf7-69dc390f41b1e-field\" class=\"hp-message\">Bitte lasse dieses Feld leer.<\/label><input id=\"wpcf7-69dc390f41b1e-field\"  class=\"wpcf7-form-control wpcf7-text\" type=\"text\" name=\"Website\" value=\"\" size=\"40\" tabindex=\"-1\" autocomplete=\"new-password\" \/><\/span>\n<\/p>\n<p><span class=\"wpcf7-form-control-wrap\" data-name=\"Rufnummer\"><input size=\"40\" maxlength=\"400\" class=\"wpcf7-form-control wpcf7-tel wpcf7-text wpcf7-validates-as-tel\" aria-invalid=\"false\" placeholder=\"Rufnummer\" value=\"\" type=\"tel\" name=\"Rufnummer\" \/><\/span>\n<\/p>\n<p><span class=\"wpcf7-form-control-wrap\" data-name=\"Thema\"><input size=\"40\" maxlength=\"400\" class=\"wpcf7-form-control wpcf7-text\" aria-invalid=\"false\" placeholder=\"Thema\" value=\"\" type=\"text\" name=\"Thema\" \/><\/span>\n<\/p>\n<p><span class=\"wpcf7-form-control-wrap\" data-name=\"text-mes\"><textarea cols=\"40\" rows=\"10\" maxlength=\"2000\" class=\"wpcf7-form-control wpcf7-textarea wpcf7-validates-as-required\" aria-required=\"true\" aria-invalid=\"false\" placeholder=\"Ihre Nachricht\" name=\"text-mes\"><\/textarea><\/span><span id=\"wpcf7-69dc390f41c63-wrapper\" class=\"wpcf7-form-control-wrap mail-wrap\" style=\"display:none !important; visibility:hidden !important;\"><label for=\"wpcf7-69dc390f41c63-field\" class=\"hp-message\">Bitte lasse dieses Feld leer.<\/label><input id=\"wpcf7-69dc390f41c63-field\"  class=\"wpcf7-form-control wpcf7-text\" type=\"text\" name=\"mail\" value=\"\" size=\"40\" tabindex=\"-1\" autocomplete=\"new-password\" \/><\/span>\n<\/p>\n<p><input class=\"wpcf7-form-control wpcf7-submit has-spinner\" type=\"submit\" value=\"SENDEN\" \/>\n<\/p><div class=\"wpcf7-response-output\" aria-hidden=\"true\"><\/div>\n<\/form>\n<\/div>\n\n<p>[\/et_pb_text][\/et_pb_column][et_pb_column type=&#8220;1_5&#8243; _builder_version=&#8220;4.16&#8243; _module_preset=&#8220;default&#8220; global_colors_info=&#8220;{}&#8220;][\/et_pb_column][\/et_pb_row][\/et_pb_section][et_pb_section fb_built=&#8220;1&#8243; admin_label=&#8220;Footer1&#8243; _builder_version=&#8220;4.16&#8243; background_color=&#8220;#022D64&#8243; custom_padding=&#8220;|||&#8220; saved_tabs=&#8220;all&#8220; global_colors_info=&#8220;{}&#8220;][et_pb_row use_custom_gutter=&#8220;on&#8220; gutter_width=&#8220;2&#8243; module_id=&#8220;kontakt&#8220; _builder_version=&#8220;4.16&#8243; background_enable_color=&#8220;off&#8220; max_width=&#8220;1440px&#8220; use_custom_width=&#8220;on&#8220; custom_width_px=&#8220;1440px&#8220; locked=&#8220;off&#8220; global_colors_info=&#8220;{}&#8220;][et_pb_column type=&#8220;4_4&#8243; _builder_version=&#8220;4.16&#8243; custom_padding=&#8220;|||&#8220; global_colors_info=&#8220;{}&#8220; custom_padding__hover=&#8220;|||&#8220;][et_pb_menu menu_id=&#8220;9&#8243; menu_style=&#8220;centered&#8220; active_link_color=&#8220;#ffffff&#8220; dropdown_menu_bg_color=&#8220;#00478a&#8220; dropdown_menu_line_color=&#8220;#00478a&#8220; dropdown_menu_text_color=&#8220;#ffffff&#8220; dropdown_menu_active_link_color=&#8220;#ffffff&#8220; mobile_menu_bg_color=&#8220;#00478a&#8220; mobile_menu_text_color=&#8220;#ffffff&#8220; logo=&#8220;https:\/\/alpha-calcit.net\/wp-content\/uploads\/2020\/06\/alpha_logo-300&#215;87-1.png&#8220; _builder_version=&#8220;4.16&#8243; menu_text_color=&#8220;#ffffff&#8220; background_color=&#8220;rgba(0,0,0,0)&#8220; background_layout=&#8220;dark&#8220; global_colors_info=&#8220;{}&#8220;][\/et_pb_menu][\/et_pb_column][\/et_pb_row][et_pb_row use_custom_gutter=&#8220;on&#8220; gutter_width=&#8220;2&#8243; module_id=&#8220;kontakt&#8220; _builder_version=&#8220;4.16&#8243; background_enable_color=&#8220;off&#8220; max_width=&#8220;1440px&#8220; use_custom_width=&#8220;on&#8220; custom_width_px=&#8220;1440px&#8220; locked=&#8220;off&#8220; global_colors_info=&#8220;{}&#8220;][et_pb_column type=&#8220;4_4&#8243; _builder_version=&#8220;4.16&#8243; custom_padding=&#8220;|||&#8220; global_colors_info=&#8220;{}&#8220; custom_padding__hover=&#8220;|||&#8220;][\/et_pb_column][\/et_pb_row][\/et_pb_section]<\/p>\n","protected":false},"excerpt":{"rendered":"<p>Kontakt\u00a0 \u00a0\u00a0\u00a0 AllgemeinWir freuen uns, dass Sie Interesse an unserem Unternehmen und unseren Produkten haben. F\u00fcr Anliegen, die die Bereiche Produktion oder Vertrieb betreffen, w\u00e4hlen Sie bitte die Kontakte unter der jeweils oben angegebenen Rubrik im Bereich &#8222;Kommunikation&#8220;. F\u00fcr alle anderen Themen bitten wir Sie, folgendes Formular auszuf\u00fcllen und uns Ihr Anliegen kurz zu schildern, [&hellip;]<\/p>\n","protected":false},"author":2,"featured_media":0,"parent":0,"menu_order":0,"comment_status":"closed","ping_status":"closed","template":"","meta":{"_et_pb_use_builder":"on","_et_pb_old_content":"","_et_gb_content_width":"","footnotes":""},"class_list":["post-9073","page","type-page","status-publish","hentry"],"yoast_head":"<!-- This site is optimized with the Yoast SEO plugin v27.3 - https:\/\/yoast.com\/product\/yoast-seo-wordpress\/ -->\n<title>Kontakt Allgemein - Alpha Calcit<\/title>\n<meta name=\"description\" content=\"Wir freuen uns, dass Sie Interesse an unserem Unternehmen und unseren Produkten haben.F\u00fcr Anliegen, die die Bereiche Produktion oder Vertrieb betreffen, w\u00e4hlen Sie bitte die Kontakte unter der jeweils oben angegebenen Rubrik im Bereich \u201eKommunikation\u201c.\" \/>\n<meta name=\"robots\" content=\"index, follow, max-snippet:-1, max-image-preview:large, max-video-preview:-1\" \/>\n<link rel=\"canonical\" href=\"https:\/\/alpha-calcit.net\/de\/kontakt-allgemein\/\" \/>\n<meta property=\"og:locale\" content=\"de_DE\" \/>\n<meta property=\"og:type\" content=\"article\" \/>\n<meta property=\"og:title\" content=\"Kontakt Allgemein - Alpha Calcit\" \/>\n<meta property=\"og:description\" content=\"Wir freuen uns, dass Sie Interesse an unserem Unternehmen und unseren Produkten haben.F\u00fcr Anliegen, die die Bereiche Produktion oder Vertrieb betreffen, w\u00e4hlen Sie bitte die Kontakte unter der jeweils oben angegebenen Rubrik im Bereich \u201eKommunikation\u201c.\" \/>\n<meta property=\"og:url\" content=\"https:\/\/alpha-calcit.net\/de\/kontakt-allgemein\/\" \/>\n<meta property=\"og:site_name\" content=\"Alpha Calcit\" \/>\n<meta property=\"article:modified_time\" content=\"2026-03-12T10:25:46+00:00\" \/>\n<meta name=\"twitter:card\" content=\"summary_large_image\" \/>\n<script type=\"application\/ld+json\" class=\"yoast-schema-graph\">{\"@context\":\"https:\\\/\\\/schema.org\",\"@graph\":[{\"@type\":\"WebPage\",\"@id\":\"https:\\\/\\\/alpha-calcit.net\\\/de\\\/kontakt-allgemein\\\/\",\"url\":\"https:\\\/\\\/alpha-calcit.net\\\/de\\\/kontakt-allgemein\\\/\",\"name\":\"Kontakt Allgemein - Alpha Calcit\",\"isPartOf\":{\"@id\":\"https:\\\/\\\/alpha-calcit.net\\\/de\\\/#website\"},\"datePublished\":\"2022-07-22T14:54:58+00:00\",\"dateModified\":\"2026-03-12T10:25:46+00:00\",\"description\":\"Wir freuen uns, dass Sie Interesse an unserem Unternehmen und unseren Produkten haben.F\u00fcr Anliegen, die die Bereiche Produktion oder Vertrieb betreffen, w\u00e4hlen Sie bitte die Kontakte unter der jeweils oben angegebenen Rubrik im Bereich \u201eKommunikation\u201c.\",\"breadcrumb\":{\"@id\":\"https:\\\/\\\/alpha-calcit.net\\\/de\\\/kontakt-allgemein\\\/#breadcrumb\"},\"inLanguage\":\"de\",\"potentialAction\":[{\"@type\":\"ReadAction\",\"target\":[\"https:\\\/\\\/alpha-calcit.net\\\/de\\\/kontakt-allgemein\\\/\"]}]},{\"@type\":\"BreadcrumbList\",\"@id\":\"https:\\\/\\\/alpha-calcit.net\\\/de\\\/kontakt-allgemein\\\/#breadcrumb\",\"itemListElement\":[{\"@type\":\"ListItem\",\"position\":1,\"name\":\"Startseite\",\"item\":\"https:\\\/\\\/alpha-calcit.net\\\/de\\\/\"},{\"@type\":\"ListItem\",\"position\":2,\"name\":\"Kontakt Allgemein\"}]},{\"@type\":\"WebSite\",\"@id\":\"https:\\\/\\\/alpha-calcit.net\\\/de\\\/#website\",\"url\":\"https:\\\/\\\/alpha-calcit.net\\\/de\\\/\",\"name\":\"Alpha Calcit\",\"description\":\"\",\"publisher\":{\"@id\":\"https:\\\/\\\/alpha-calcit.net\\\/de\\\/#organization\"},\"potentialAction\":[{\"@type\":\"SearchAction\",\"target\":{\"@type\":\"EntryPoint\",\"urlTemplate\":\"https:\\\/\\\/alpha-calcit.net\\\/de\\\/?s={search_term_string}\"},\"query-input\":{\"@type\":\"PropertyValueSpecification\",\"valueRequired\":true,\"valueName\":\"search_term_string\"}}],\"inLanguage\":\"de\"},{\"@type\":\"Organization\",\"@id\":\"https:\\\/\\\/alpha-calcit.net\\\/de\\\/#organization\",\"name\":\"Alpha Calcit F\u00fcllstoff Gesellschaft mbH & Co. KG\",\"alternateName\":\"Alpha Calcit\",\"url\":\"https:\\\/\\\/alpha-calcit.net\\\/de\\\/\",\"logo\":{\"@type\":\"ImageObject\",\"inLanguage\":\"de\",\"@id\":\"https:\\\/\\\/alpha-calcit.net\\\/de\\\/#\\\/schema\\\/logo\\\/image\\\/\",\"url\":\"https:\\\/\\\/alpha-calcit.net\\\/wp-content\\\/uploads\\\/2022\\\/07\\\/alpha-512px.png\",\"contentUrl\":\"https:\\\/\\\/alpha-calcit.net\\\/wp-content\\\/uploads\\\/2022\\\/07\\\/alpha-512px.png\",\"width\":512,\"height\":512,\"caption\":\"Alpha Calcit F\u00fcllstoff Gesellschaft mbH & Co. KG\"},\"image\":{\"@id\":\"https:\\\/\\\/alpha-calcit.net\\\/de\\\/#\\\/schema\\\/logo\\\/image\\\/\"},\"sameAs\":[\"https:\\\/\\\/www.linkedin.com\\\/company\\\/106003634\"]}]}<\/script>\n<!-- \/ Yoast SEO plugin. -->","yoast_head_json":{"title":"Kontakt Allgemein - Alpha Calcit","description":"Wir freuen uns, dass Sie Interesse an unserem Unternehmen und unseren Produkten haben.F\u00fcr Anliegen, die die Bereiche Produktion oder Vertrieb betreffen, w\u00e4hlen Sie bitte die Kontakte unter der jeweils oben angegebenen Rubrik im Bereich \u201eKommunikation\u201c.","robots":{"index":"index","follow":"follow","max-snippet":"max-snippet:-1","max-image-preview":"max-image-preview:large","max-video-preview":"max-video-preview:-1"},"canonical":"https:\/\/alpha-calcit.net\/de\/kontakt-allgemein\/","og_locale":"de_DE","og_type":"article","og_title":"Kontakt Allgemein - Alpha Calcit","og_description":"Wir freuen uns, dass Sie Interesse an unserem Unternehmen und unseren Produkten haben.F\u00fcr Anliegen, die die Bereiche Produktion oder Vertrieb betreffen, w\u00e4hlen Sie bitte die Kontakte unter der jeweils oben angegebenen Rubrik im Bereich \u201eKommunikation\u201c.","og_url":"https:\/\/alpha-calcit.net\/de\/kontakt-allgemein\/","og_site_name":"Alpha Calcit","article_modified_time":"2026-03-12T10:25:46+00:00","twitter_card":"summary_large_image","schema":{"@context":"https:\/\/schema.org","@graph":[{"@type":"WebPage","@id":"https:\/\/alpha-calcit.net\/de\/kontakt-allgemein\/","url":"https:\/\/alpha-calcit.net\/de\/kontakt-allgemein\/","name":"Kontakt Allgemein - Alpha Calcit","isPartOf":{"@id":"https:\/\/alpha-calcit.net\/de\/#website"},"datePublished":"2022-07-22T14:54:58+00:00","dateModified":"2026-03-12T10:25:46+00:00","description":"Wir freuen uns, dass Sie Interesse an unserem Unternehmen und unseren Produkten haben.F\u00fcr Anliegen, die die Bereiche Produktion oder Vertrieb betreffen, w\u00e4hlen Sie bitte die Kontakte unter der jeweils oben angegebenen Rubrik im Bereich \u201eKommunikation\u201c.","breadcrumb":{"@id":"https:\/\/alpha-calcit.net\/de\/kontakt-allgemein\/#breadcrumb"},"inLanguage":"de","potentialAction":[{"@type":"ReadAction","target":["https:\/\/alpha-calcit.net\/de\/kontakt-allgemein\/"]}]},{"@type":"BreadcrumbList","@id":"https:\/\/alpha-calcit.net\/de\/kontakt-allgemein\/#breadcrumb","itemListElement":[{"@type":"ListItem","position":1,"name":"Startseite","item":"https:\/\/alpha-calcit.net\/de\/"},{"@type":"ListItem","position":2,"name":"Kontakt Allgemein"}]},{"@type":"WebSite","@id":"https:\/\/alpha-calcit.net\/de\/#website","url":"https:\/\/alpha-calcit.net\/de\/","name":"Alpha Calcit","description":"","publisher":{"@id":"https:\/\/alpha-calcit.net\/de\/#organization"},"potentialAction":[{"@type":"SearchAction","target":{"@type":"EntryPoint","urlTemplate":"https:\/\/alpha-calcit.net\/de\/?s={search_term_string}"},"query-input":{"@type":"PropertyValueSpecification","valueRequired":true,"valueName":"search_term_string"}}],"inLanguage":"de"},{"@type":"Organization","@id":"https:\/\/alpha-calcit.net\/de\/#organization","name":"Alpha Calcit F\u00fcllstoff Gesellschaft mbH & Co. KG","alternateName":"Alpha Calcit","url":"https:\/\/alpha-calcit.net\/de\/","logo":{"@type":"ImageObject","inLanguage":"de","@id":"https:\/\/alpha-calcit.net\/de\/#\/schema\/logo\/image\/","url":"https:\/\/alpha-calcit.net\/wp-content\/uploads\/2022\/07\/alpha-512px.png","contentUrl":"https:\/\/alpha-calcit.net\/wp-content\/uploads\/2022\/07\/alpha-512px.png","width":512,"height":512,"caption":"Alpha Calcit F\u00fcllstoff Gesellschaft mbH & Co. KG"},"image":{"@id":"https:\/\/alpha-calcit.net\/de\/#\/schema\/logo\/image\/"},"sameAs":["https:\/\/www.linkedin.com\/company\/106003634"]}]}},"_links":{"self":[{"href":"https:\/\/alpha-calcit.net\/de\/wp-json\/wp\/v2\/pages\/9073","targetHints":{"allow":["GET"]}}],"collection":[{"href":"https:\/\/alpha-calcit.net\/de\/wp-json\/wp\/v2\/pages"}],"about":[{"href":"https:\/\/alpha-calcit.net\/de\/wp-json\/wp\/v2\/types\/page"}],"author":[{"embeddable":true,"href":"https:\/\/alpha-calcit.net\/de\/wp-json\/wp\/v2\/users\/2"}],"replies":[{"embeddable":true,"href":"https:\/\/alpha-calcit.net\/de\/wp-json\/wp\/v2\/comments?post=9073"}],"version-history":[{"count":45,"href":"https:\/\/alpha-calcit.net\/de\/wp-json\/wp\/v2\/pages\/9073\/revisions"}],"predecessor-version":[{"id":17447,"href":"https:\/\/alpha-calcit.net\/de\/wp-json\/wp\/v2\/pages\/9073\/revisions\/17447"}],"wp:attachment":[{"href":"https:\/\/alpha-calcit.net\/de\/wp-json\/wp\/v2\/media?parent=9073"}],"curies":[{"name":"wp","href":"https:\/\/api.w.org\/{rel}","templated":true}]}}