{"id":17188,"date":"2025-11-13T10:53:23","date_gmt":"2025-11-13T09:53:23","guid":{"rendered":"https:\/\/alpha-calcit.net\/protection-du-soubassement\/"},"modified":"2026-03-12T12:37:22","modified_gmt":"2026-03-12T11:37:22","slug":"protection-du-soubassement","status":"publish","type":"page","link":"https:\/\/alpha-calcit.net\/fr\/protection-du-soubassement\/","title":{"rendered":"Protection du soubassement"},"content":{"rendered":"<p>[et_pb_section fb_built=\u00a0\u00bb1&Prime; next_background_color=\u00a0\u00bb#f7f7f7&Prime; admin_label=\u00a0\u00bbHero\u00a0\u00bb _builder_version=\u00a0\u00bb4.16&Prime; use_background_color_gradient=\u00a0\u00bbon\u00a0\u00bb background_color_gradient_direction=\u00a0\u00bb70deg\u00a0\u00bb background_color_gradient_stops=\u00a0\u00bbrgba(40,61,75,0.3) 0%|rgba(128,103,79,0.22) 100%\u00a0\u00bb background_color_gradient_overlays_image=\u00a0\u00bbon\u00a0\u00bb background_color_gradient_start=\u00a0\u00bbrgba(40,61,75,0.3)\u00a0\u00bb background_color_gradient_end=\u00a0\u00bbrgba(128,103,79,0.22)\u00a0\u00bb background_image=\u00a0\u00bbhttps:\/\/alpha-calcit.net\/wp-content\/uploads\/2022\/09\/Unterbodenschutz.jpg\u00a0\u00bb custom_margin=\u00a0\u00bb|||\u00a0\u00bb custom_padding=\u00a0\u00bb6vw|||\u00a0\u00bb bottom_divider_style=\u00a0\u00bbmountains2&Prime; bottom_divider_height=\u00a0\u00bb20vw\u00a0\u00bb bottom_divider_repeat=\u00a0\u00bb0.5x\u00a0\u00bb bottom_divider_flip=\u00a0\u00bbhorizontal|vertical\u00a0\u00bb animation_style=\u00a0\u00bbzoom\u00a0\u00bb global_colors_info=\u00a0\u00bb{}\u00a0\u00bb][et_pb_row _builder_version=\u00a0\u00bb4.16&Prime; custom_margin=\u00a0\u00bb|||\u00a0\u00bb custom_padding=\u00a0\u00bb27px|0px|0|0px|false|false\u00a0\u00bb global_colors_info=\u00a0\u00bb{}\u00a0\u00bb][et_pb_column type=\u00a0\u00bb4_4&Prime; _builder_version=\u00a0\u00bb4.16&Prime; custom_padding=\u00a0\u00bb|||\u00a0\u00bb global_colors_info=\u00a0\u00bb{}\u00a0\u00bb custom_padding__hover=\u00a0\u00bb|||\u00a0\u00bb][et_pb_text _builder_version=\u00a0\u00bb4.16&Prime; text_font=\u00a0\u00bb||||||||\u00a0\u00bb header_font=\u00a0\u00bb|700|||||||\u00a0\u00bb header_text_color=\u00a0\u00bb#ffffff\u00a0\u00bb header_font_size=\u00a0\u00bb90px\u00a0\u00bb header_line_height=\u00a0\u00bb1.4em\u00a0\u00bb header_2_font=\u00a0\u00bbJosefin Sans||||||||\u00a0\u00bb header_2_text_color=\u00a0\u00bbrgba(255,255,255,0.6)\u00a0\u00bb header_2_font_size=\u00a0\u00bb32px\u00a0\u00bb header_2_line_height=\u00a0\u00bb1.4em\u00a0\u00bb background_layout=\u00a0\u00bbdark\u00a0\u00bb animation_style=\u00a0\u00bbslide\u00a0\u00bb animation_direction=\u00a0\u00bbright\u00a0\u00bb animation_intensity_slide=\u00a0\u00bb4%\u00a0\u00bb header_font_size_tablet=\u00a0\u00bb50px\u00a0\u00bb header_font_size_phone=\u00a0\u00bb32px\u00a0\u00bb header_font_size_last_edited=\u00a0\u00bbon|desktop\u00a0\u00bb header_2_font_size_tablet=\u00a0\u00bb\u00a0\u00bb header_2_font_size_phone=\u00a0\u00bb24px\u00a0\u00bb header_2_font_size_last_edited=\u00a0\u00bbon|phone\u00a0\u00bb header_text_shadow_style=\u00a0\u00bbpreset3&Prime; header_text_shadow_color=\u00a0\u00bb#000000&Prime; global_colors_info=\u00a0\u00bb{}\u00a0\u00bb]<\/p>\n<h1>Protection du soubassement<\/h1>\n<p>[\/et_pb_text][\/et_pb_column][\/et_pb_row][et_pb_row column_structure=\u00a0\u00bb1_2,1_2&Prime; _builder_version=\u00a0\u00bb4.16&Prime; custom_padding=\u00a0\u00bb0|0px|27px|0px|false|false\u00a0\u00bb locked=\u00a0\u00bboff\u00a0\u00bb global_colors_info=\u00a0\u00bb{}\u00a0\u00bb][et_pb_column type=\u00a0\u00bb1_2&Prime; _builder_version=\u00a0\u00bb4.16&Prime; custom_padding=\u00a0\u00bb|||\u00a0\u00bb global_colors_info=\u00a0\u00bb{}\u00a0\u00bb custom_padding__hover=\u00a0\u00bb|||\u00a0\u00bb][et_pb_text admin_label=\u00a0\u00bbText\u00a0\u00bb _builder_version=\u00a0\u00bb4.16&Prime; global_colors_info=\u00a0\u00bb{}\u00a0\u00bb][\/et_pb_text][\/et_pb_column][et_pb_column type=\u00a0\u00bb1_2&Prime; _builder_version=\u00a0\u00bb4.16&Prime; custom_padding=\u00a0\u00bb|||\u00a0\u00bb global_colors_info=\u00a0\u00bb{}\u00a0\u00bb custom_padding__hover=\u00a0\u00bb|||\u00a0\u00bb][et_pb_button button_url=\u00a0\u00bb#Bereiche\u00a0\u00bb button_text=\u00a0\u00bbVers les diff\u00e9rentes versions du produit&#8230;\u00a0\u00bb button_alignment=\u00a0\u00bbright\u00a0\u00bb _builder_version=\u00a0\u00bb4.16&Prime; _module_preset=\u00a0\u00bbdefault\u00a0\u00bb custom_button=\u00a0\u00bbon\u00a0\u00bb button_text_size=\u00a0\u00bb23px\u00a0\u00bb button_text_color=\u00a0\u00bb#FFFFFF\u00a0\u00bb button_bg_color=\u00a0\u00bb#00478A\u00a0\u00bb button_border_width=\u00a0\u00bb0px\u00a0\u00bb button_border_color=\u00a0\u00bb#00478A\u00a0\u00bb button_border_radius=\u00a0\u00bb100px\u00a0\u00bb button_font=\u00a0\u00bb|700|||||||\u00a0\u00bb animation_style=\u00a0\u00bbslide\u00a0\u00bb animation_intensity_slide=\u00a0\u00bb8%\u00a0\u00bb box_shadow_style=\u00a0\u00bbpreset3&Prime; box_shadow_blur=\u00a0\u00bb20px\u00a0\u00bb box_shadow_spread=\u00a0\u00bb-10px\u00a0\u00bb global_colors_info=\u00a0\u00bb{}\u00a0\u00bb][\/et_pb_button][\/et_pb_column][\/et_pb_row][et_pb_row use_custom_gutter=\u00a0\u00bbon\u00a0\u00bb gutter_width=\u00a0\u00bb1&Prime; disabled_on=\u00a0\u00bbon|off|off\u00a0\u00bb module_class=\u00a0\u00bb et_pb_row_fullwidth\u00a0\u00bb _builder_version=\u00a0\u00bb4.16&Prime; width=\u00a0\u00bb100%\u00a0\u00bb width_tablet=\u00a0\u00bb100%\u00a0\u00bb width_phone=\u00a0\u00bb\u00a0\u00bb width_last_edited=\u00a0\u00bbon|desktop\u00a0\u00bb max_width=\u00a0\u00bb100%\u00a0\u00bb max_width_tablet=\u00a0\u00bb100%\u00a0\u00bb max_width_phone=\u00a0\u00bb\u00a0\u00bb max_width_last_edited=\u00a0\u00bbon|desktop\u00a0\u00bb make_fullwidth=\u00a0\u00bbon\u00a0\u00bb locked=\u00a0\u00bboff\u00a0\u00bb global_colors_info=\u00a0\u00bb{}\u00a0\u00bb][et_pb_column type=\u00a0\u00bb4_4&Prime; _builder_version=\u00a0\u00bb4.16&Prime; custom_padding=\u00a0\u00bb|||\u00a0\u00bb global_colors_info=\u00a0\u00bb{}\u00a0\u00bb custom_padding__hover=\u00a0\u00bb|||\u00a0\u00bb][\/et_pb_column][\/et_pb_row][\/et_pb_section][et_pb_section fb_built=\u00a0\u00bb1&Prime; custom_padding_last_edited=\u00a0\u00bboff|desktop\u00a0\u00bb admin_label=\u00a0\u00bbServices\u00a0\u00bb _builder_version=\u00a0\u00bb4.16&Prime; background_color=\u00a0\u00bb#f7f7f7&Prime; custom_padding=\u00a0\u00bb|||\u00a0\u00bb global_colors_info=\u00a0\u00bb{}\u00a0\u00bb][et_pb_row admin_label=\u00a0\u00bbDomaine de contenu\u00a0\u00bb _builder_version=\u00a0\u00bb4.16&Prime; global_colors_info=\u00a0\u00bb{}\u00a0\u00bb][et_pb_column type=\u00a0\u00bb4_4&Prime; _builder_version=\u00a0\u00bb4.16&Prime; custom_padding=\u00a0\u00bb|||\u00a0\u00bb global_colors_info=\u00a0\u00bb{}\u00a0\u00bb custom_padding__hover=\u00a0\u00bb|||\u00a0\u00bb][et_pb_text admin_label=\u00a0\u00bbText\u00a0\u00bb _builder_version=\u00a0\u00bb4.16&Prime; text_font=\u00a0\u00bb||||||||\u00a0\u00bb text_font_size=\u00a0\u00bb18px\u00a0\u00bb text_line_height=\u00a0\u00bb1.8em\u00a0\u00bb header_font=\u00a0\u00bb||||||||\u00a0\u00bb header_text_color=\u00a0\u00bbrgba(0,0,0,0)\u00a0\u00bb header_2_font=\u00a0\u00bbJosefin Sans|700|||||||\u00a0\u00bb header_2_font_size=\u00a0\u00bb48px\u00a0\u00bb header_2_line_height=\u00a0\u00bb1.4em\u00a0\u00bb header_3_font=\u00a0\u00bbJosefin Sans|700||on|||||\u00a0\u00bb header_3_text_color=\u00a0\u00bbrgba(43,51,68,0.2)\u00a0\u00bb text_orientation=\u00a0\u00bbjustified\u00a0\u00bb max_width=\u00a0\u00bb1024px\u00a0\u00bb module_alignment=\u00a0\u00bbcenter\u00a0\u00bb custom_margin=\u00a0\u00bb|||\u00a0\u00bb custom_padding=\u00a0\u00bb|||\u00a0\u00bb header_2_font_size_tablet=\u00a0\u00bb\u00a0\u00bb header_2_font_size_phone=\u00a0\u00bb24px\u00a0\u00bb header_2_font_size_last_edited=\u00a0\u00bbon|phone\u00a0\u00bb header_2_line_height_tablet=\u00a0\u00bb1.4em\u00a0\u00bb header_2_line_height_last_edited=\u00a0\u00bboff|desktop\u00a0\u00bb locked=\u00a0\u00bboff\u00a0\u00bb global_colors_info=\u00a0\u00bb{}\u00a0\u00bb]<\/p>\n<p>La pluie, la neige, le sel de d\u00e9neigement, les projections de pierres ainsi que la chaleur de l\u2019asphalte endommagent le soubassement des v\u00e9hicules en raison de sollicitations permanentes. Afin d\u2019assurer la long\u00e9vit\u00e9 des mat\u00e9riaux du soubassement et d\u2019\u00e9viter sa corrosion, la protection du soubassement \u00e0 appliquer, g\u00e9n\u00e9ralement \u00e0 base de PVC, est le plus souvent pulv\u00e9ris\u00e9e, mais peut aussi \u00eatre appliqu\u00e9e au pinceau sous forme de p\u00e2te cireuse si n\u00e9cessaire. Des charges sont ajout\u00e9es au m\u00e9lange de poudre polym\u00e8re \u00e0 base de PVC et d\u2019additifs, qui soutiennent de mani\u00e8re optimale ces exigences et ne gouttent pas.   <\/p>\n<p>[\/et_pb_text][\/et_pb_column][\/et_pb_row][\/et_pb_section][et_pb_section fb_built=\u00a0\u00bb1&Prime; disabled_on=\u00a0\u00bboff|off|off\u00a0\u00bb admin_label=\u00a0\u00bb6-er Auswahl\u00a0\u00bb module_id=\u00a0\u00bbDomaines\u00a0\u00bb _builder_version=\u00a0\u00bb4.16&Prime; background_enable_image=\u00a0\u00bboff\u00a0\u00bb background_position=\u00a0\u00bbtop_left\u00a0\u00bb custom_margin=\u00a0\u00bb0px||||false|false\u00a0\u00bb custom_padding=\u00a0\u00bb0px||||false|false\u00a0\u00bb global_colors_info=\u00a0\u00bb{}\u00a0\u00bb][et_pb_row _builder_version=\u00a0\u00bb4.16&Prime; _module_preset=\u00a0\u00bbdefault\u00a0\u00bb custom_padding=\u00a0\u00bb50px||||false|false\u00a0\u00bb global_colors_info=\u00a0\u00bb{}\u00a0\u00bb][et_pb_column type=\u00a0\u00bb4_4&Prime; _builder_version=\u00a0\u00bb4.16&Prime; _module_preset=\u00a0\u00bbdefault\u00a0\u00bb global_colors_info=\u00a0\u00bb{}\u00a0\u00bb][et_pb_text admin_label=\u00a0\u00bbText\u00a0\u00bb _builder_version=\u00a0\u00bb4.16&Prime; _module_preset=\u00a0\u00bbdefault\u00a0\u00bb global_colors_info=\u00a0\u00bb{}\u00a0\u00bb]<\/p>\n<h2 style=\"text-align: center;\"><strong><span style=\"color: #00478a;\">Variantes de produits<\/span><\/strong><\/h2>\n<div id=\"gtx-trans\" style=\"position: absolute; left: 118px; top: 72.5781px;\">\n<div class=\"gtx-trans-icon\"> <\/div>\n<\/div>\n<p>[\/et_pb_text][\/et_pb_column][\/et_pb_row][et_pb_row _builder_version=\u00a0\u00bb4.16&Prime; _module_preset=\u00a0\u00bbdefault\u00a0\u00bb global_colors_info=\u00a0\u00bb{}\u00a0\u00bb][et_pb_column type=\u00a0\u00bb4_4&Prime; _builder_version=\u00a0\u00bb4.16&Prime; _module_preset=\u00a0\u00bbdefault\u00a0\u00bb global_colors_info=\u00a0\u00bb{}\u00a0\u00bb][dvmd_table_maker tbl_row_header_count=\u00a0\u00bb0&Prime; admin_label=\u00a0\u00bbTable Maker\u00a0\u00bb _builder_version=\u00a0\u00bb4.27.3&Prime; _module_preset=\u00a0\u00bbdefault\u00a0\u00bb global_colors_info=\u00a0\u00bb{}\u00a0\u00bb][dvmd_table_maker_item col_label=\u00a0\u00bbProduktlinie\u00a0\u00bb col_content=\u00a0\u00bbProduktlinie<br \/>\n<strong><em>ALFRIMAL<sup>\u00ae<\/sup><\/em><\/strong>\u00a0\u00bb col_column_max_width=\u00a0\u00bb1fr\u00a0\u00bb col_chead_cell_color=\u00a0\u00bb#022d64&Prime; _builder_version=\u00a0\u00bb4.27.3&Prime; _module_preset=\u00a0\u00bbdefault\u00a0\u00bb col_tcell_text_text_color=\u00a0\u00bb#000000&Prime; col_chead_text_font=\u00a0\u00bb|700|||||||\u00a0\u00bb col_chead_text_text_color=\u00a0\u00bb#FFFFFF\u00a0\u00bb global_colors_info=\u00a0\u00bb{}\u00a0\u00bb][\/dvmd_table_maker_item][dvmd_table_maker_item col_label=\u00a0\u00bbVariante\u00a0\u00bb col_content=\u00a0\u00bbVariante<br \/>\n<strong><em>ALFRIMAL\u00ae<sup>\u00ae<\/sup> 448 \/ 449 \/ 449 S<\/em><\/strong>\u00a0\u00bb col_column_max_width=\u00a0\u00bb1fr\u00a0\u00bb col_chead_cell_color=\u00a0\u00bb#022d64&Prime; _builder_version=\u00a0\u00bb4.27.3&Prime; _module_preset=\u00a0\u00bbdefault\u00a0\u00bb col_tcell_text_text_color=\u00a0\u00bb#000000&Prime; col_chead_text_font=\u00a0\u00bb|700|||||||\u00a0\u00bb col_chead_text_text_color=\u00a0\u00bb#FFFFFF\u00a0\u00bb global_colors_info=\u00a0\u00bb{}\u00a0\u00bb][\/dvmd_table_maker_item][dvmd_table_maker_item col_label=\u00a0\u00bbBasis\u00a0\u00bb col_content=\u00a0\u00bbBasis<br \/>\nATH Basis\u00a0\u00bb col_column_max_width=\u00a0\u00bb1fr\u00a0\u00bb col_chead_cell_color=\u00a0\u00bb#022d64&Prime; _builder_version=\u00a0\u00bb4.27.3&Prime; _module_preset=\u00a0\u00bbdefault\u00a0\u00bb col_tcell_text_text_color=\u00a0\u00bb#000000&Prime; col_chead_text_font=\u00a0\u00bb|700|||||||\u00a0\u00bb col_chead_text_text_color=\u00a0\u00bb#FFFFFF\u00a0\u00bb global_colors_info=\u00a0\u00bb{}\u00a0\u00bb][\/dvmd_table_maker_item][dvmd_table_maker_item col_label=\u00a0\u00bbProperties\/ Description\u00a0\u00bb col_content=\u00a0\u00bbProperties\/ Description<br \/>\nFlame retardant \/ Suitable for processing temperatures up to 200 \u00b0C \/ Smoke retardant \/ Optimised particle size distribution \/ High loading capacity\u00a0\u00bb col_column_max_width=\u00a0\u00bb3fr\u00a0\u00bb col_chead_cell_color=\u00a0\u00bb#022d64&Prime; _builder_version=\u00a0\u00bb4.27.3&Prime; _module_preset=\u00a0\u00bbdefault\u00a0\u00bb col_tcell_text_text_color=\u00a0\u00bb#000000&Prime; col_chead_text_font=\u00a0\u00bb|700|||||||\u00a0\u00bb col_chead_text_text_color=\u00a0\u00bb#FFFFFF\u00a0\u00bb global_colors_info=\u00a0\u00bb{}\u00a0\u00bb][\/dvmd_table_maker_item][dvmd_table_maker_item col_label=\u00a0\u00bbDownload Datenblatt\u00a0\u00bb col_content=\u00a0\u00bbDownload Data sheet<br \/>\n<a href=%22https:\/\/alpha-calcit.net\/wp-content\/uploads\/2025\/11\/Application-leaflet_ALFRIMAL-443-449-S.pdf%22><img src=%22https:\/\/alpha-calcit.net\/wp-content\/uploads\/2022\/09\/download-icon.png%22><\/a>\u00a0\u00bb col_column_max_width=\u00a0\u00bb0.3fr\u00a0\u00bb col_chead_cell_color=\u00a0\u00bb#022d64&Prime; _builder_version=\u00a0\u00bb4.27.3&Prime; _module_preset=\u00a0\u00bbdefault\u00a0\u00bb col_tcell_text_text_color=\u00a0\u00bb#000000&Prime; col_chead_text_font=\u00a0\u00bb|700|||||||\u00a0\u00bb col_chead_text_text_color=\u00a0\u00bb#FFFFFF\u00a0\u00bb global_colors_info=\u00a0\u00bb{}\u00a0\u00bb][\/dvmd_table_maker_item][\/dvmd_table_maker][\/et_pb_column][\/et_pb_row][\/et_pb_section][et_pb_section fb_built=\u00a0\u00bb1&Prime; admin_label=\u00a0\u00bbFooter1&Prime; _builder_version=\u00a0\u00bb4.16&Prime; background_color=\u00a0\u00bb#022D64&Prime; custom_padding=\u00a0\u00bb|||\u00a0\u00bb saved_tabs=\u00a0\u00bball\u00a0\u00bb global_colors_info=\u00a0\u00bb{}\u00a0\u00bb][et_pb_row use_custom_gutter=\u00a0\u00bbon\u00a0\u00bb gutter_width=\u00a0\u00bb2&Prime; module_id=\u00a0\u00bbkontakt\u00a0\u00bb _builder_version=\u00a0\u00bb4.16&Prime; background_enable_color=\u00a0\u00bboff\u00a0\u00bb max_width=\u00a0\u00bb1440px\u00a0\u00bb use_custom_width=\u00a0\u00bbon\u00a0\u00bb custom_width_px=\u00a0\u00bb1440px\u00a0\u00bb locked=\u00a0\u00bboff\u00a0\u00bb global_colors_info=\u00a0\u00bb{}\u00a0\u00bb][et_pb_column type=\u00a0\u00bb4_4&Prime; _builder_version=\u00a0\u00bb4.16&Prime; custom_padding=\u00a0\u00bb|||\u00a0\u00bb global_colors_info=\u00a0\u00bb{}\u00a0\u00bb custom_padding__hover=\u00a0\u00bb|||\u00a0\u00bb][et_pb_menu menu_id=\u00a0\u00bb9&Prime; menu_style=\u00a0\u00bbcentered\u00a0\u00bb active_link_color=\u00a0\u00bb#ffffff\u00a0\u00bb dropdown_menu_bg_color=\u00a0\u00bb#00478a\u00a0\u00bb dropdown_menu_line_color=\u00a0\u00bb#00478a\u00a0\u00bb dropdown_menu_text_color=\u00a0\u00bb#ffffff\u00a0\u00bb dropdown_menu_active_link_color=\u00a0\u00bb#ffffff\u00a0\u00bb mobile_menu_bg_color=\u00a0\u00bb#00478a\u00a0\u00bb mobile_menu_text_color=\u00a0\u00bb#ffffff\u00a0\u00bb logo=\u00a0\u00bbhttps:\/\/alpha-calcit.net\/wp-content\/uploads\/2020\/06\/alpha_logo-300&#215;87-1.png\u00a0\u00bb _builder_version=\u00a0\u00bb4.16&Prime; menu_text_color=\u00a0\u00bb#ffffff\u00a0\u00bb background_color=\u00a0\u00bbrgba(0,0,0,0)\u00a0\u00bb background_layout=\u00a0\u00bbdark\u00a0\u00bb global_colors_info=\u00a0\u00bb{}\u00a0\u00bb][\/et_pb_menu][\/et_pb_column][\/et_pb_row][et_pb_row use_custom_gutter=\u00a0\u00bbon\u00a0\u00bb gutter_width=\u00a0\u00bb2&Prime; module_id=\u00a0\u00bbkontakt\u00a0\u00bb _builder_version=\u00a0\u00bb4.16&Prime; background_enable_color=\u00a0\u00bboff\u00a0\u00bb max_width=\u00a0\u00bb1440px\u00a0\u00bb use_custom_width=\u00a0\u00bbon\u00a0\u00bb custom_width_px=\u00a0\u00bb1440px\u00a0\u00bb locked=\u00a0\u00bboff\u00a0\u00bb global_colors_info=\u00a0\u00bb{}\u00a0\u00bb][et_pb_column type=\u00a0\u00bb4_4&Prime; _builder_version=\u00a0\u00bb4.16&Prime; custom_padding=\u00a0\u00bb|||\u00a0\u00bb global_colors_info=\u00a0\u00bb{}\u00a0\u00bb custom_padding__hover=\u00a0\u00bb|||\u00a0\u00bb][\/et_pb_column][\/et_pb_row][\/et_pb_section]<\/p>\n","protected":false},"excerpt":{"rendered":"<p>Protection du soubassementLa pluie, la neige, le sel de d\u00e9neigement, les projections de pierres ainsi que la chaleur de l\u2019asphalte endommagent le soubassement des v\u00e9hicules en raison de sollicitations permanentes. Afin d\u2019assurer la long\u00e9vit\u00e9 des mat\u00e9riaux du soubassement et d\u2019\u00e9viter sa corrosion, la protection du soubassement \u00e0 appliquer, g\u00e9n\u00e9ralement \u00e0 base de PVC, est le [&hellip;]<\/p>\n","protected":false},"author":8,"featured_media":0,"parent":0,"menu_order":0,"comment_status":"closed","ping_status":"closed","template":"","meta":{"_et_pb_use_builder":"on","_et_pb_old_content":"","_et_gb_content_width":"","footnotes":""},"class_list":["post-17188","page","type-page","status-publish","hentry"],"yoast_head":"<!-- This site is optimized with the Yoast SEO plugin v27.5 - https:\/\/yoast.com\/product\/yoast-seo-wordpress\/ -->\n<title>Protection du soubassement - Alpha Calcit<\/title>\n<meta name=\"description\" content=\"La pluie, la neige, le sel de d\u00e9neigement, les projections de pierres ainsi que la chaleur de l\u2019asphalte endommagent le soubassement des v\u00e9hicules en raison de sollicitations permanentes.\" \/>\n<meta name=\"robots\" content=\"index, follow, max-snippet:-1, max-image-preview:large, max-video-preview:-1\" \/>\n<link rel=\"canonical\" href=\"https:\/\/alpha-calcit.net\/fr\/protection-du-soubassement\/\" \/>\n<meta property=\"og:locale\" content=\"fr_FR\" \/>\n<meta property=\"og:type\" content=\"article\" \/>\n<meta property=\"og:title\" content=\"Protection du soubassement - Alpha Calcit\" \/>\n<meta property=\"og:description\" content=\"La pluie, la neige, le sel de d\u00e9neigement, les projections de pierres ainsi que la chaleur de l\u2019asphalte endommagent le soubassement des v\u00e9hicules en raison de sollicitations permanentes.\" \/>\n<meta property=\"og:url\" content=\"https:\/\/alpha-calcit.net\/fr\/protection-du-soubassement\/\" \/>\n<meta property=\"og:site_name\" content=\"Alpha Calcit\" \/>\n<meta property=\"article:modified_time\" content=\"2026-03-12T11:37:22+00:00\" \/>\n<meta name=\"twitter:card\" content=\"summary_large_image\" \/>\n<script type=\"application\/ld+json\" class=\"yoast-schema-graph\">{\"@context\":\"https:\\\/\\\/schema.org\",\"@graph\":[{\"@type\":\"WebPage\",\"@id\":\"https:\\\/\\\/alpha-calcit.net\\\/fr\\\/protection-du-soubassement\\\/\",\"url\":\"https:\\\/\\\/alpha-calcit.net\\\/fr\\\/protection-du-soubassement\\\/\",\"name\":\"Protection du soubassement - Alpha Calcit\",\"isPartOf\":{\"@id\":\"https:\\\/\\\/alpha-calcit.net\\\/fr\\\/#website\"},\"datePublished\":\"2025-11-13T09:53:23+00:00\",\"dateModified\":\"2026-03-12T11:37:22+00:00\",\"description\":\"La pluie, la neige, le sel de d\u00e9neigement, les projections de pierres ainsi que la chaleur de l\u2019asphalte endommagent le soubassement des v\u00e9hicules en raison de sollicitations permanentes.\",\"breadcrumb\":{\"@id\":\"https:\\\/\\\/alpha-calcit.net\\\/fr\\\/protection-du-soubassement\\\/#breadcrumb\"},\"inLanguage\":\"fr-FR\",\"potentialAction\":[{\"@type\":\"ReadAction\",\"target\":[\"https:\\\/\\\/alpha-calcit.net\\\/fr\\\/protection-du-soubassement\\\/\"]}]},{\"@type\":\"BreadcrumbList\",\"@id\":\"https:\\\/\\\/alpha-calcit.net\\\/fr\\\/protection-du-soubassement\\\/#breadcrumb\",\"itemListElement\":[{\"@type\":\"ListItem\",\"position\":1,\"name\":\"Startseite\",\"item\":\"https:\\\/\\\/alpha-calcit.net\\\/fr\\\/\"},{\"@type\":\"ListItem\",\"position\":2,\"name\":\"Protection du soubassement\"}]},{\"@type\":\"WebSite\",\"@id\":\"https:\\\/\\\/alpha-calcit.net\\\/fr\\\/#website\",\"url\":\"https:\\\/\\\/alpha-calcit.net\\\/fr\\\/\",\"name\":\"Alpha Calcit\",\"description\":\"\",\"publisher\":{\"@id\":\"https:\\\/\\\/alpha-calcit.net\\\/fr\\\/#organization\"},\"potentialAction\":[{\"@type\":\"SearchAction\",\"target\":{\"@type\":\"EntryPoint\",\"urlTemplate\":\"https:\\\/\\\/alpha-calcit.net\\\/fr\\\/?s={search_term_string}\"},\"query-input\":{\"@type\":\"PropertyValueSpecification\",\"valueRequired\":true,\"valueName\":\"search_term_string\"}}],\"inLanguage\":\"fr-FR\"},{\"@type\":\"Organization\",\"@id\":\"https:\\\/\\\/alpha-calcit.net\\\/fr\\\/#organization\",\"name\":\"Alpha Calcit F\u00fcllstoff Gesellschaft mbH & Co. KG\",\"alternateName\":\"Alpha Calcit\",\"url\":\"https:\\\/\\\/alpha-calcit.net\\\/fr\\\/\",\"logo\":{\"@type\":\"ImageObject\",\"inLanguage\":\"fr-FR\",\"@id\":\"https:\\\/\\\/alpha-calcit.net\\\/fr\\\/#\\\/schema\\\/logo\\\/image\\\/\",\"url\":\"https:\\\/\\\/alpha-calcit.net\\\/wp-content\\\/uploads\\\/2022\\\/07\\\/alpha-512px.png\",\"contentUrl\":\"https:\\\/\\\/alpha-calcit.net\\\/wp-content\\\/uploads\\\/2022\\\/07\\\/alpha-512px.png\",\"width\":512,\"height\":512,\"caption\":\"Alpha Calcit F\u00fcllstoff Gesellschaft mbH & Co. KG\"},\"image\":{\"@id\":\"https:\\\/\\\/alpha-calcit.net\\\/fr\\\/#\\\/schema\\\/logo\\\/image\\\/\"},\"sameAs\":[\"https:\\\/\\\/www.linkedin.com\\\/company\\\/106003634\"]}]}<\/script>\n<!-- \/ Yoast SEO plugin. -->","yoast_head_json":{"title":"Protection du soubassement - Alpha Calcit","description":"La pluie, la neige, le sel de d\u00e9neigement, les projections de pierres ainsi que la chaleur de l\u2019asphalte endommagent le soubassement des v\u00e9hicules en raison de sollicitations permanentes.","robots":{"index":"index","follow":"follow","max-snippet":"max-snippet:-1","max-image-preview":"max-image-preview:large","max-video-preview":"max-video-preview:-1"},"canonical":"https:\/\/alpha-calcit.net\/fr\/protection-du-soubassement\/","og_locale":"fr_FR","og_type":"article","og_title":"Protection du soubassement - Alpha Calcit","og_description":"La pluie, la neige, le sel de d\u00e9neigement, les projections de pierres ainsi que la chaleur de l\u2019asphalte endommagent le soubassement des v\u00e9hicules en raison de sollicitations permanentes.","og_url":"https:\/\/alpha-calcit.net\/fr\/protection-du-soubassement\/","og_site_name":"Alpha Calcit","article_modified_time":"2026-03-12T11:37:22+00:00","twitter_card":"summary_large_image","schema":{"@context":"https:\/\/schema.org","@graph":[{"@type":"WebPage","@id":"https:\/\/alpha-calcit.net\/fr\/protection-du-soubassement\/","url":"https:\/\/alpha-calcit.net\/fr\/protection-du-soubassement\/","name":"Protection du soubassement - Alpha Calcit","isPartOf":{"@id":"https:\/\/alpha-calcit.net\/fr\/#website"},"datePublished":"2025-11-13T09:53:23+00:00","dateModified":"2026-03-12T11:37:22+00:00","description":"La pluie, la neige, le sel de d\u00e9neigement, les projections de pierres ainsi que la chaleur de l\u2019asphalte endommagent le soubassement des v\u00e9hicules en raison de sollicitations permanentes.","breadcrumb":{"@id":"https:\/\/alpha-calcit.net\/fr\/protection-du-soubassement\/#breadcrumb"},"inLanguage":"fr-FR","potentialAction":[{"@type":"ReadAction","target":["https:\/\/alpha-calcit.net\/fr\/protection-du-soubassement\/"]}]},{"@type":"BreadcrumbList","@id":"https:\/\/alpha-calcit.net\/fr\/protection-du-soubassement\/#breadcrumb","itemListElement":[{"@type":"ListItem","position":1,"name":"Startseite","item":"https:\/\/alpha-calcit.net\/fr\/"},{"@type":"ListItem","position":2,"name":"Protection du soubassement"}]},{"@type":"WebSite","@id":"https:\/\/alpha-calcit.net\/fr\/#website","url":"https:\/\/alpha-calcit.net\/fr\/","name":"Alpha Calcit","description":"","publisher":{"@id":"https:\/\/alpha-calcit.net\/fr\/#organization"},"potentialAction":[{"@type":"SearchAction","target":{"@type":"EntryPoint","urlTemplate":"https:\/\/alpha-calcit.net\/fr\/?s={search_term_string}"},"query-input":{"@type":"PropertyValueSpecification","valueRequired":true,"valueName":"search_term_string"}}],"inLanguage":"fr-FR"},{"@type":"Organization","@id":"https:\/\/alpha-calcit.net\/fr\/#organization","name":"Alpha Calcit F\u00fcllstoff Gesellschaft mbH & Co. KG","alternateName":"Alpha Calcit","url":"https:\/\/alpha-calcit.net\/fr\/","logo":{"@type":"ImageObject","inLanguage":"fr-FR","@id":"https:\/\/alpha-calcit.net\/fr\/#\/schema\/logo\/image\/","url":"https:\/\/alpha-calcit.net\/wp-content\/uploads\/2022\/07\/alpha-512px.png","contentUrl":"https:\/\/alpha-calcit.net\/wp-content\/uploads\/2022\/07\/alpha-512px.png","width":512,"height":512,"caption":"Alpha Calcit F\u00fcllstoff Gesellschaft mbH & Co. KG"},"image":{"@id":"https:\/\/alpha-calcit.net\/fr\/#\/schema\/logo\/image\/"},"sameAs":["https:\/\/www.linkedin.com\/company\/106003634"]}]}},"_links":{"self":[{"href":"https:\/\/alpha-calcit.net\/fr\/wp-json\/wp\/v2\/pages\/17188","targetHints":{"allow":["GET"]}}],"collection":[{"href":"https:\/\/alpha-calcit.net\/fr\/wp-json\/wp\/v2\/pages"}],"about":[{"href":"https:\/\/alpha-calcit.net\/fr\/wp-json\/wp\/v2\/types\/page"}],"author":[{"embeddable":true,"href":"https:\/\/alpha-calcit.net\/fr\/wp-json\/wp\/v2\/users\/8"}],"replies":[{"embeddable":true,"href":"https:\/\/alpha-calcit.net\/fr\/wp-json\/wp\/v2\/comments?post=17188"}],"version-history":[{"count":5,"href":"https:\/\/alpha-calcit.net\/fr\/wp-json\/wp\/v2\/pages\/17188\/revisions"}],"predecessor-version":[{"id":18121,"href":"https:\/\/alpha-calcit.net\/fr\/wp-json\/wp\/v2\/pages\/17188\/revisions\/18121"}],"wp:attachment":[{"href":"https:\/\/alpha-calcit.net\/fr\/wp-json\/wp\/v2\/media?parent=17188"}],"curies":[{"name":"wp","href":"https:\/\/api.w.org\/{rel}","templated":true}]}}