{"id":17320,"date":"2025-11-20T09:31:35","date_gmt":"2025-11-20T08:31:35","guid":{"rendered":"https:\/\/alpha-calcit.net\/revetements-de-sol-interieur\/"},"modified":"2025-11-20T09:31:41","modified_gmt":"2025-11-20T08:31:41","slug":"revetements-de-sol-interieur","status":"publish","type":"page","link":"https:\/\/alpha-calcit.net\/fr\/revetements-de-sol-interieur\/","title":{"rendered":"rev\u00eatements de sol int\u00e9rieur"},"content":{"rendered":"<p>[et_pb_section fb_built=\u00a0\u00bb1&Prime; next_background_color=\u00a0\u00bb#f7f7f7&Prime; admin_label=\u00a0\u00bbHero\u00a0\u00bb _builder_version=\u00a0\u00bb4.16&Prime; use_background_color_gradient=\u00a0\u00bbon\u00a0\u00bb background_color_gradient_direction=\u00a0\u00bb70deg\u00a0\u00bb background_color_gradient_stops=\u00a0\u00bbrgba(40,61,75,0.3) 0%|rgba(128,103,79,0.22) 100%\u00a0\u00bb background_color_gradient_overlays_image=\u00a0\u00bbon\u00a0\u00bb background_color_gradient_start=\u00a0\u00bbrgba(40,61,75,0.3)\u00a0\u00bb background_color_gradient_end=\u00a0\u00bbrgba(128,103,79,0.22)\u00a0\u00bb background_image=\u00a0\u00bbhttps:\/\/alpha-calcit.net\/wp-content\/uploads\/2022\/09\/iStock-839890612_550x550px-e1665393151596.jpg\u00a0\u00bb custom_margin=\u00a0\u00bb|||\u00a0\u00bb custom_padding=\u00a0\u00bb6vw|||\u00a0\u00bb bottom_divider_style=\u00a0\u00bbmountains2&Prime; bottom_divider_height=\u00a0\u00bb20vw\u00a0\u00bb bottom_divider_repeat=\u00a0\u00bb0.5x\u00a0\u00bb bottom_divider_flip=\u00a0\u00bbhorizontal|vertical\u00a0\u00bb animation_style=\u00a0\u00bbzoom\u00a0\u00bb global_colors_info=\u00a0\u00bb{}\u00a0\u00bb][et_pb_row _builder_version=\u00a0\u00bb4.16&Prime; custom_margin=\u00a0\u00bb|||\u00a0\u00bb custom_padding=\u00a0\u00bb27px|0px|0|0px|false|false\u00a0\u00bb global_colors_info=\u00a0\u00bb{}\u00a0\u00bb][et_pb_column type=\u00a0\u00bb4_4&Prime; _builder_version=\u00a0\u00bb4.16&Prime; custom_padding=\u00a0\u00bb|||\u00a0\u00bb global_colors_info=\u00a0\u00bb{}\u00a0\u00bb custom_padding__hover=\u00a0\u00bb|||\u00a0\u00bb][et_pb_text _builder_version=\u00a0\u00bb4.27.3&Prime; text_font=\u00a0\u00bb||||||||\u00a0\u00bb header_font=\u00a0\u00bb|700|||||||\u00a0\u00bb header_text_color=\u00a0\u00bb#ffffff\u00a0\u00bb header_font_size=\u00a0\u00bb90px\u00a0\u00bb header_line_height=\u00a0\u00bb1.4em\u00a0\u00bb header_2_font=\u00a0\u00bbJosefin Sans||||||||\u00a0\u00bb header_2_text_color=\u00a0\u00bbrgba(255,255,255,0.6)\u00a0\u00bb header_2_font_size=\u00a0\u00bb32px\u00a0\u00bb header_2_line_height=\u00a0\u00bb1.4em\u00a0\u00bb background_layout=\u00a0\u00bbdark\u00a0\u00bb animation_style=\u00a0\u00bbslide\u00a0\u00bb animation_direction=\u00a0\u00bbright\u00a0\u00bb animation_intensity_slide=\u00a0\u00bb4%\u00a0\u00bb hover_enabled=\u00a0\u00bb0&Prime; header_font_size_tablet=\u00a0\u00bb50px\u00a0\u00bb header_font_size_phone=\u00a0\u00bb32px\u00a0\u00bb header_font_size_last_edited=\u00a0\u00bbon|desktop\u00a0\u00bb header_2_font_size_tablet=\u00a0\u00bb\u00a0\u00bb header_2_font_size_phone=\u00a0\u00bb24px\u00a0\u00bb header_2_font_size_last_edited=\u00a0\u00bbon|phone\u00a0\u00bb header_text_shadow_style=\u00a0\u00bbpreset3&Prime; header_text_shadow_color=\u00a0\u00bb#000000&Prime; global_colors_info=\u00a0\u00bb{}\u00a0\u00bb sticky_enabled=\u00a0\u00bb0&Prime;]<\/p>\n<p>Rev\u00eatements de sol d&rsquo;int\u00e9rieur<\/p>\n<p>[\/et_pb_text][\/et_pb_column][\/et_pb_row][et_pb_row column_structure=\u00a0\u00bb1_2,1_2&Prime; _builder_version=\u00a0\u00bb4.16&Prime; custom_padding=\u00a0\u00bb0|0px|27px|0px|false|false\u00a0\u00bb locked=\u00a0\u00bboff\u00a0\u00bb global_colors_info=\u00a0\u00bb{}\u00a0\u00bb][et_pb_column type=\u00a0\u00bb1_2&Prime; _builder_version=\u00a0\u00bb4.16&Prime; custom_padding=\u00a0\u00bb|||\u00a0\u00bb global_colors_info=\u00a0\u00bb{}\u00a0\u00bb custom_padding__hover=\u00a0\u00bb|||\u00a0\u00bb][et_pb_text admin_label=\u00a0\u00bbText\u00a0\u00bb _builder_version=\u00a0\u00bb4.16&Prime; global_colors_info=\u00a0\u00bb{}\u00a0\u00bb][\/et_pb_text][\/et_pb_column][et_pb_column type=\u00a0\u00bb1_2&Prime; _builder_version=\u00a0\u00bb4.16&Prime; custom_padding=\u00a0\u00bb|||\u00a0\u00bb global_colors_info=\u00a0\u00bb{}\u00a0\u00bb custom_padding__hover=\u00a0\u00bb|||\u00a0\u00bb][et_pb_button button_url=\u00a0\u00bb#Bereiche\u00a0\u00bb button_text=\u00a0\u00bbVers les diff\u00e9rentes versions du produit&#8230;\u00a0\u00bb button_alignment=\u00a0\u00bbright\u00a0\u00bb _builder_version=\u00a0\u00bb4.16&Prime; _module_preset=\u00a0\u00bbdefault\u00a0\u00bb custom_button=\u00a0\u00bbon\u00a0\u00bb button_text_size=\u00a0\u00bb23px\u00a0\u00bb button_text_color=\u00a0\u00bb#FFFFFF\u00a0\u00bb button_bg_color=\u00a0\u00bb#00478A\u00a0\u00bb button_border_width=\u00a0\u00bb0px\u00a0\u00bb button_border_color=\u00a0\u00bb#00478A\u00a0\u00bb button_border_radius=\u00a0\u00bb100px\u00a0\u00bb button_font=\u00a0\u00bb|700|||||||\u00a0\u00bb animation_style=\u00a0\u00bbslide\u00a0\u00bb animation_intensity_slide=\u00a0\u00bb8%\u00a0\u00bb box_shadow_style=\u00a0\u00bbpreset3&Prime; box_shadow_blur=\u00a0\u00bb20px\u00a0\u00bb box_shadow_spread=\u00a0\u00bb-10px\u00a0\u00bb global_colors_info=\u00a0\u00bb{}\u00a0\u00bb][\/et_pb_button][\/et_pb_column][\/et_pb_row][et_pb_row use_custom_gutter=\u00a0\u00bbon\u00a0\u00bb gutter_width=\u00a0\u00bb1&Prime; disabled_on=\u00a0\u00bbon|off|off\u00a0\u00bb module_class=\u00a0\u00bb et_pb_row_fullwidth\u00a0\u00bb _builder_version=\u00a0\u00bb4.16&Prime; width=\u00a0\u00bb100%\u00a0\u00bb width_tablet=\u00a0\u00bb100%\u00a0\u00bb width_phone=\u00a0\u00bb\u00a0\u00bb width_last_edited=\u00a0\u00bbon|desktop\u00a0\u00bb max_width=\u00a0\u00bb100%\u00a0\u00bb max_width_tablet=\u00a0\u00bb100%\u00a0\u00bb max_width_phone=\u00a0\u00bb\u00a0\u00bb max_width_last_edited=\u00a0\u00bbon|desktop\u00a0\u00bb make_fullwidth=\u00a0\u00bbon\u00a0\u00bb locked=\u00a0\u00bboff\u00a0\u00bb global_colors_info=\u00a0\u00bb{}\u00a0\u00bb][et_pb_column type=\u00a0\u00bb4_4&Prime; _builder_version=\u00a0\u00bb4.16&Prime; custom_padding=\u00a0\u00bb|||\u00a0\u00bb global_colors_info=\u00a0\u00bb{}\u00a0\u00bb custom_padding__hover=\u00a0\u00bb|||\u00a0\u00bb][\/et_pb_column][\/et_pb_row][\/et_pb_section][et_pb_section fb_built=\u00a0\u00bb1&Prime; custom_padding_last_edited=\u00a0\u00bboff|desktop\u00a0\u00bb admin_label=\u00a0\u00bbServices\u00a0\u00bb _builder_version=\u00a0\u00bb4.16&Prime; background_color=\u00a0\u00bb#f7f7f7&Prime; custom_padding=\u00a0\u00bb|||\u00a0\u00bb global_colors_info=\u00a0\u00bb{}\u00a0\u00bb][et_pb_row admin_label=\u00a0\u00bbDomaine de contenu\u00a0\u00bb _builder_version=\u00a0\u00bb4.16&Prime; global_colors_info=\u00a0\u00bb{}\u00a0\u00bb][et_pb_column type=\u00a0\u00bb4_4&Prime; _builder_version=\u00a0\u00bb4.16&Prime; custom_padding=\u00a0\u00bb|||\u00a0\u00bb global_colors_info=\u00a0\u00bb{}\u00a0\u00bb custom_padding__hover=\u00a0\u00bb|||\u00a0\u00bb][et_pb_text admin_label=\u00a0\u00bbText\u00a0\u00bb _builder_version=\u00a0\u00bb4.16&Prime; text_font=\u00a0\u00bb||||||||\u00a0\u00bb text_font_size=\u00a0\u00bb18px\u00a0\u00bb text_line_height=\u00a0\u00bb1.8em\u00a0\u00bb header_font=\u00a0\u00bb||||||||\u00a0\u00bb header_text_color=\u00a0\u00bbrgba(0,0,0,0)\u00a0\u00bb header_2_font=\u00a0\u00bbJosefin Sans|700|||||||\u00a0\u00bb header_2_font_size=\u00a0\u00bb48px\u00a0\u00bb header_2_line_height=\u00a0\u00bb1.4em\u00a0\u00bb header_3_font=\u00a0\u00bbJosefin Sans|700||on|||||\u00a0\u00bb header_3_text_color=\u00a0\u00bbrgba(43,51,68,0.2)\u00a0\u00bb text_orientation=\u00a0\u00bbjustified\u00a0\u00bb max_width=\u00a0\u00bb1024px\u00a0\u00bb module_alignment=\u00a0\u00bbcenter\u00a0\u00bb custom_margin=\u00a0\u00bb|||\u00a0\u00bb custom_padding=\u00a0\u00bb|||\u00a0\u00bb header_2_font_size_tablet=\u00a0\u00bb\u00a0\u00bb header_2_font_size_phone=\u00a0\u00bb24px\u00a0\u00bb header_2_font_size_last_edited=\u00a0\u00bbon|phone\u00a0\u00bb header_2_line_height_tablet=\u00a0\u00bb1.4em\u00a0\u00bb header_2_line_height_last_edited=\u00a0\u00bboff|desktop\u00a0\u00bb locked=\u00a0\u00bboff\u00a0\u00bb global_colors_info=\u00a0\u00bb{}\u00a0\u00bb]<\/p>\n<p>Les diff\u00e9rentes propri\u00e9t\u00e9s et classifications des rev\u00eatements de sol, telles que la r\u00e9sistance \u00e0 la lumi\u00e8re et \u00e0 la d\u00e9coloration, la r\u00e9sistance au feu, le confort de marche, l&rsquo;isolation thermique et l&rsquo;isolation phonique, imposent des exigences \u00e9lev\u00e9es tant \u00e0 la qualit\u00e9 du dossier de la moquette qu&rsquo;aux charges utilis\u00e9es dans sa composition.<\/p>\n<p><\/p>\n<p>Nous avons bas\u00e9 nos exigences de qualit\u00e9 sur ces crit\u00e8res lors de la fabrication de charges sur mesure \u00e0 base de carbonate de calcium naturel. Gr\u00e2ce \u00e0 des d\u00e9cennies d&rsquo;exp\u00e9rience, cela a abouti \u00e0 des gammes de produits efficaces et optimales telles que CALCITUFT\u00ae, FOAMCARB\u00ae et CALCIFILL\u00ae.<\/p>\n<p><\/p>\n<p>Afin de pouvoir continuer \u00e0 proposer des produits durables \u00e0 l&rsquo;avenir, plusieurs produits CALCIFILL\u00ae sont d\u00e9j\u00e0 inclus et certifi\u00e9s dans notre gamme de charges recycl\u00e9es, et d&rsquo;autres suivront.<\/p>\n<p>[\/et_pb_text][\/et_pb_column][\/et_pb_row][\/et_pb_section][et_pb_section fb_built=\u00a0\u00bb1&Prime; disabled_on=\u00a0\u00bboff|off|off\u00a0\u00bb admin_label=\u00a0\u00bb6-er Auswahl\u00a0\u00bb module_id=\u00a0\u00bbDomaines\u00a0\u00bb _builder_version=\u00a0\u00bb4.16&Prime; background_enable_image=\u00a0\u00bboff\u00a0\u00bb background_position=\u00a0\u00bbtop_left\u00a0\u00bb custom_margin=\u00a0\u00bb0px||||false|false\u00a0\u00bb custom_padding=\u00a0\u00bb0px||||false|false\u00a0\u00bb global_colors_info=\u00a0\u00bb{}\u00a0\u00bb][et_pb_row _builder_version=\u00a0\u00bb4.16&Prime; _module_preset=\u00a0\u00bbdefault\u00a0\u00bb custom_padding=\u00a0\u00bb50px||||false|false\u00a0\u00bb global_colors_info=\u00a0\u00bb{}\u00a0\u00bb][et_pb_column type=\u00a0\u00bb4_4&Prime; _builder_version=\u00a0\u00bb4.16&Prime; _module_preset=\u00a0\u00bbdefault\u00a0\u00bb global_colors_info=\u00a0\u00bb{}\u00a0\u00bb][et_pb_text admin_label=\u00a0\u00bbText\u00a0\u00bb _builder_version=\u00a0\u00bb4.16&Prime; _module_preset=\u00a0\u00bbdefault\u00a0\u00bb global_colors_info=\u00a0\u00bb{}\u00a0\u00bb]<\/p>\n<h2 style=\"text-align: center;\"><strong><span style=\"color: #00478a;\">variantes de produits<\/span><\/strong><\/h2>\n<p>[\/et_pb_text][\/et_pb_column][\/et_pb_row][et_pb_row _builder_version=\u00a0\u00bb4.16&Prime; _module_preset=\u00a0\u00bbdefault\u00a0\u00bb global_colors_info=\u00a0\u00bb{}\u00a0\u00bb][et_pb_column type=\u00a0\u00bb4_4&Prime; _builder_version=\u00a0\u00bb4.16&Prime; _module_preset=\u00a0\u00bbdefault\u00a0\u00bb global_colors_info=\u00a0\u00bb{}\u00a0\u00bb]<\/p>\n<p>[dvmd_table_maker tbl_row_header_count=\u00a0\u00bb0&Prime; admin_label=\u00a0\u00bbTable Maker\u00a0\u00bb _builder_version=\u00a0\u00bb4.16&Prime; _module_preset=\u00a0\u00bbdefault\u00a0\u00bb global_colors_info=\u00a0\u00bb{}\u00a0\u00bb][dvmd_table_maker_item col_label=\u00a0\u00bbProduktlinie\u00a0\u00bb col_content=\u00a0\u00bbProduktlinie\u00a0<strong><em>ALFRIMAL<sup>\u00ae<\/sup><\/em><\/strong>\u00a0<strong><em>FOAMCARB<sup>\u00ae<\/sup><\/em><\/strong>\u00a0\u00bb col_column_max_width=\u00a0\u00bb1fr\u00a0\u00bb col_chead_cell_color=\u00a0\u00bb#022d64&Prime; _builder_version=\u00a0\u00bb4.16&Prime; _module_preset=\u00a0\u00bbdefault\u00a0\u00bb col_tcell_text_text_color=\u00a0\u00bb#000000&Prime; col_chead_text_font=\u00a0\u00bb|700|||||||\u00a0\u00bb col_chead_text_text_color=\u00a0\u00bb#FFFFFF\u00a0\u00bb global_colors_info=\u00a0\u00bb{}\u00a0\u00bb][\/dvmd_table_maker_item][dvmd_table_maker_item col_label=\u00a0\u00bbVariante\u00a0\u00bb col_content=\u00a0\u00bbVariante <strong><em>ALFRIMAL<sup>\u00ae<\/sup>\u00a0104<\/em><\/strong>\u00a0<strong><em>ALFRIMAL<sup>\u00ae<\/sup>\u00a0443 \/ 446 \/ 448 \/ 449 \/ 449 S<\/em><\/strong>\u00a0<strong><em>FOAMCARB<sup>\u00ae<\/sup>\u00a0401 W \/ 401 E \/ 505 W<\/em><\/strong>\u00a0\u00bb col_column_max_width=\u00a0\u00bb1fr\u00a0\u00bb col_chead_cell_color=\u00a0\u00bb#022d64&Prime; _builder_version=\u00a0\u00bb4.16&Prime; _module_preset=\u00a0\u00bbdefault\u00a0\u00bb col_tcell_text_text_color=\u00a0\u00bb#000000&Prime; col_chead_text_font=\u00a0\u00bb|700|||||||\u00a0\u00bb col_chead_text_text_color=\u00a0\u00bb#FFFFFF\u00a0\u00bb global_colors_info=\u00a0\u00bb{}\u00a0\u00bb][\/dvmd_table_maker_item][dvmd_table_maker_item col_label=\u00a0\u00bbBasis\u00a0\u00bb col_content=\u00a0\u00bbBasis ATH Basis ATH Basis Calciumcarbonat\u00a0\u00bb col_column_max_width=\u00a0\u00bb1fr\u00a0\u00bb col_chead_cell_color=\u00a0\u00bb#022d64&Prime; _builder_version=\u00a0\u00bb4.16&Prime; _module_preset=\u00a0\u00bbdefault\u00a0\u00bb col_tcell_text_text_color=\u00a0\u00bb#000000&Prime; col_chead_text_font=\u00a0\u00bb|700|||||||\u00a0\u00bb col_chead_text_text_color=\u00a0\u00bb#FFFFFF\u00a0\u00bb global_colors_info=\u00a0\u00bb{}\u00a0\u00bb][\/dvmd_table_maker_item][dvmd_table_maker_item col_label=\u00a0\u00bbEigenschaften\/Beschreibung\u00a0\u00bb col_content=\u00a0\u00bbEigenschaften\/Beschreibung flammhemmend \/ geeignet f\u00fcr Verarbeitungstemperaturen bis 200 \u00b0 C \/ feinste Partikelgr\u00f6\u00dfe \/ Alternative f\u00fcr feinstgef\u00e4lltes ATH \/ enge Zersetzungstemperaturl\u00fccke \/ unabh\u00e4ngig vom pH-Wert flammhemmend \/ rauchhemmend\/ optimierte Partikelgr\u00f6\u00dfenverteilung \/ hohe Beladungkapazit\u00e4t sehr reiner Kalkstein \/ gut ausgepr\u00e4gter Oberschnitt \/ verbessert die mechanischen Eigenschaften und f\u00fcr viele Anwendungsbereiche wie Klebstoffe, Duroplaste, Latex- und Gummimaterialien geeignet\u00a0\u00bb col_column_max_width=\u00a0\u00bb3fr\u00a0\u00bb col_chead_cell_color=\u00a0\u00bb#022d64&Prime; _builder_version=\u00a0\u00bb4.16&Prime; _module_preset=\u00a0\u00bbdefault\u00a0\u00bb col_tcell_text_text_color=\u00a0\u00bb#000000&Prime; col_chead_text_font=\u00a0\u00bb|700|||||||\u00a0\u00bb col_chead_text_text_color=\u00a0\u00bb#FFFFFF\u00a0\u00bb global_colors_info=\u00a0\u00bb{}\u00a0\u00bb][\/dvmd_table_maker_item][dvmd_table_maker_item col_label=\u00a0\u00bbDownload Datenblatt\u00a0\u00bb col_content=\u00a0\u00bbDownload Datenblatt\u00a0<a href=\"%22https:\/\/alpha-calcit.net\/wp-content\/uploads\/2022\/10\/Application-leaflet_Alfrimal-104-106-Finest.pdf%22\"><img decoding=\"async\" src=\"%22https:\/\/alpha-calcit.net\/wp-content\/uploads\/2022\/09\/download-icon.png%22\" \/><\/a>\u00a0<a href=\"%22https:\/\/alpha-calcit.net\/wp-content\/uploads\/2022\/10\/Application-leaflet_Alfrimal-443_449-S.pdf%22\"><img decoding=\"async\" src=\"%22https:\/\/alpha-calcit.net\/wp-content\/uploads\/2022\/09\/download-icon.png%22\" \/><\/a>\u00a0<a href=\"%22https:\/\/alpha-calcit.net\/wp-content\/uploads\/2020\/10\/AL-FOAMCARB-V2-1.pdf%22\"><img decoding=\"async\" src=\"%22https:\/\/alpha-calcit.net\/wp-content\/uploads\/2022\/09\/download-icon.png%22\" \/><\/a>\u00a0\u00bb col_column_max_width=\u00a0\u00bb0.3fr\u00a0\u00bb col_chead_cell_color=\u00a0\u00bb#022d64&Prime; _builder_version=\u00a0\u00bb4.16&Prime; _module_preset=\u00a0\u00bbdefault\u00a0\u00bb col_tcell_text_text_color=\u00a0\u00bb#000000&Prime; col_chead_text_font=\u00a0\u00bb|700|||||||\u00a0\u00bb col_chead_text_text_color=\u00a0\u00bb#FFFFFF\u00a0\u00bb global_colors_info=\u00a0\u00bb{}\u00a0\u00bb][\/dvmd_table_maker_item][\/dvmd_table_maker]<\/p>\n<p>[\/et_pb_column][\/et_pb_row][\/et_pb_section][et_pb_section fb_built=\u00a0\u00bb1&Prime; admin_label=\u00a0\u00bbFooter1&Prime; _builder_version=\u00a0\u00bb4.16&Prime; background_color=\u00a0\u00bb#022D64&Prime; custom_padding=\u00a0\u00bb|||\u00a0\u00bb saved_tabs=\u00a0\u00bball\u00a0\u00bb global_colors_info=\u00a0\u00bb{}\u00a0\u00bb][et_pb_row use_custom_gutter=\u00a0\u00bbon\u00a0\u00bb gutter_width=\u00a0\u00bb2&Prime; module_id=\u00a0\u00bbkontakt\u00a0\u00bb _builder_version=\u00a0\u00bb4.16&Prime; background_enable_color=\u00a0\u00bboff\u00a0\u00bb max_width=\u00a0\u00bb1440px\u00a0\u00bb use_custom_width=\u00a0\u00bbon\u00a0\u00bb custom_width_px=\u00a0\u00bb1440px\u00a0\u00bb locked=\u00a0\u00bboff\u00a0\u00bb global_colors_info=\u00a0\u00bb{}\u00a0\u00bb][et_pb_column type=\u00a0\u00bb4_4&Prime; _builder_version=\u00a0\u00bb4.16&Prime; custom_padding=\u00a0\u00bb|||\u00a0\u00bb global_colors_info=\u00a0\u00bb{}\u00a0\u00bb custom_padding__hover=\u00a0\u00bb|||\u00a0\u00bb][et_pb_menu menu_id=\u00a0\u00bb9&Prime; menu_style=\u00a0\u00bbcentered\u00a0\u00bb active_link_color=\u00a0\u00bb#ffffff\u00a0\u00bb dropdown_menu_bg_color=\u00a0\u00bb#00478a\u00a0\u00bb dropdown_menu_line_color=\u00a0\u00bb#00478a\u00a0\u00bb dropdown_menu_text_color=\u00a0\u00bb#ffffff\u00a0\u00bb dropdown_menu_active_link_color=\u00a0\u00bb#ffffff\u00a0\u00bb mobile_menu_bg_color=\u00a0\u00bb#00478a\u00a0\u00bb mobile_menu_text_color=\u00a0\u00bb#ffffff\u00a0\u00bb logo=\u00a0\u00bbhttps:\/\/alpha-calcit.net\/wp-content\/uploads\/2020\/06\/alpha_logo-300&#215;87-1.png\u00a0\u00bb _builder_version=\u00a0\u00bb4.16&Prime; menu_text_color=\u00a0\u00bb#ffffff\u00a0\u00bb background_color=\u00a0\u00bbrgba(0,0,0,0)\u00a0\u00bb background_layout=\u00a0\u00bbdark\u00a0\u00bb global_colors_info=\u00a0\u00bb{}\u00a0\u00bb][\/et_pb_menu][\/et_pb_column][\/et_pb_row][et_pb_row use_custom_gutter=\u00a0\u00bbon\u00a0\u00bb gutter_width=\u00a0\u00bb2&Prime; module_id=\u00a0\u00bbkontakt\u00a0\u00bb _builder_version=\u00a0\u00bb4.16&Prime; background_enable_color=\u00a0\u00bboff\u00a0\u00bb max_width=\u00a0\u00bb1440px\u00a0\u00bb use_custom_width=\u00a0\u00bbon\u00a0\u00bb custom_width_px=\u00a0\u00bb1440px\u00a0\u00bb locked=\u00a0\u00bboff\u00a0\u00bb global_colors_info=\u00a0\u00bb{}\u00a0\u00bb][et_pb_column type=\u00a0\u00bb4_4&Prime; _builder_version=\u00a0\u00bb4.16&Prime; custom_padding=\u00a0\u00bb|||\u00a0\u00bb global_colors_info=\u00a0\u00bb{}\u00a0\u00bb custom_padding__hover=\u00a0\u00bb|||\u00a0\u00bb][\/et_pb_column][\/et_pb_row][\/et_pb_section]<\/p>\n","protected":false},"excerpt":{"rendered":"<p>Rev\u00eatements de sol d&rsquo;int\u00e9rieurLes diff\u00e9rentes propri\u00e9t\u00e9s et classifications des rev\u00eatements de sol, telles que la r\u00e9sistance \u00e0 la lumi\u00e8re et \u00e0 la d\u00e9coloration, la r\u00e9sistance au feu, le confort de marche, l&rsquo;isolation thermique et l&rsquo;isolation phonique, imposent des exigences \u00e9lev\u00e9es tant \u00e0 la qualit\u00e9 du dossier de la moquette qu&rsquo;aux charges utilis\u00e9es dans sa composition.Nous [&hellip;]<\/p>\n","protected":false},"author":8,"featured_media":0,"parent":0,"menu_order":0,"comment_status":"closed","ping_status":"closed","template":"","meta":{"_et_pb_use_builder":"on","_et_pb_old_content":"","_et_gb_content_width":"","footnotes":""},"class_list":["post-17320","page","type-page","status-publish","hentry"],"yoast_head":"<!-- This site is optimized with the Yoast SEO plugin v27.4 - https:\/\/yoast.com\/product\/yoast-seo-wordpress\/ -->\n<title>rev\u00eatements de sol int\u00e9rieur - Alpha Calcit<\/title>\n<meta name=\"robots\" content=\"noindex, nofollow\" \/>\n<meta property=\"og:locale\" content=\"fr_FR\" \/>\n<meta property=\"og:type\" content=\"article\" \/>\n<meta property=\"og:title\" content=\"rev\u00eatements de sol int\u00e9rieur - Alpha Calcit\" \/>\n<meta property=\"og:description\" content=\"Rev\u00eatements de sol d&#039;int\u00e9rieurLes diff\u00e9rentes propri\u00e9t\u00e9s et classifications des rev\u00eatements de sol, telles que la r\u00e9sistance \u00e0 la lumi\u00e8re et \u00e0 la d\u00e9coloration, la r\u00e9sistance au feu, le confort de marche, l&#039;isolation thermique et l&#039;isolation phonique, imposent des exigences \u00e9lev\u00e9es tant \u00e0 la qualit\u00e9 du dossier de la moquette qu&#039;aux charges utilis\u00e9es dans sa composition.Nous [&hellip;]\" \/>\n<meta property=\"og:url\" content=\"https:\/\/alpha-calcit.net\/fr\/revetements-de-sol-interieur\/\" \/>\n<meta property=\"og:site_name\" content=\"Alpha Calcit\" \/>\n<meta property=\"article:modified_time\" content=\"2025-11-20T08:31:41+00:00\" \/>\n<meta name=\"twitter:card\" content=\"summary_large_image\" \/>\n<script type=\"application\/ld+json\" class=\"yoast-schema-graph\">{\"@context\":\"https:\\\/\\\/schema.org\",\"@graph\":[{\"@type\":\"WebPage\",\"@id\":\"https:\\\/\\\/alpha-calcit.net\\\/fr\\\/revetements-de-sol-interieur\\\/\",\"url\":\"https:\\\/\\\/alpha-calcit.net\\\/fr\\\/revetements-de-sol-interieur\\\/\",\"name\":\"rev\u00eatements de sol int\u00e9rieur - Alpha Calcit\",\"isPartOf\":{\"@id\":\"https:\\\/\\\/alpha-calcit.net\\\/fr\\\/#website\"},\"datePublished\":\"2025-11-20T08:31:35+00:00\",\"dateModified\":\"2025-11-20T08:31:41+00:00\",\"breadcrumb\":{\"@id\":\"https:\\\/\\\/alpha-calcit.net\\\/fr\\\/revetements-de-sol-interieur\\\/#breadcrumb\"},\"inLanguage\":\"fr-FR\",\"potentialAction\":[{\"@type\":\"ReadAction\",\"target\":[\"https:\\\/\\\/alpha-calcit.net\\\/fr\\\/revetements-de-sol-interieur\\\/\"]}]},{\"@type\":\"BreadcrumbList\",\"@id\":\"https:\\\/\\\/alpha-calcit.net\\\/fr\\\/revetements-de-sol-interieur\\\/#breadcrumb\",\"itemListElement\":[{\"@type\":\"ListItem\",\"position\":1,\"name\":\"Startseite\",\"item\":\"https:\\\/\\\/alpha-calcit.net\\\/fr\\\/\"},{\"@type\":\"ListItem\",\"position\":2,\"name\":\"rev\u00eatements de sol int\u00e9rieur\"}]},{\"@type\":\"WebSite\",\"@id\":\"https:\\\/\\\/alpha-calcit.net\\\/fr\\\/#website\",\"url\":\"https:\\\/\\\/alpha-calcit.net\\\/fr\\\/\",\"name\":\"Alpha Calcit\",\"description\":\"\",\"publisher\":{\"@id\":\"https:\\\/\\\/alpha-calcit.net\\\/fr\\\/#organization\"},\"potentialAction\":[{\"@type\":\"SearchAction\",\"target\":{\"@type\":\"EntryPoint\",\"urlTemplate\":\"https:\\\/\\\/alpha-calcit.net\\\/fr\\\/?s={search_term_string}\"},\"query-input\":{\"@type\":\"PropertyValueSpecification\",\"valueRequired\":true,\"valueName\":\"search_term_string\"}}],\"inLanguage\":\"fr-FR\"},{\"@type\":\"Organization\",\"@id\":\"https:\\\/\\\/alpha-calcit.net\\\/fr\\\/#organization\",\"name\":\"Alpha Calcit F\u00fcllstoff Gesellschaft mbH & Co. KG\",\"alternateName\":\"Alpha Calcit\",\"url\":\"https:\\\/\\\/alpha-calcit.net\\\/fr\\\/\",\"logo\":{\"@type\":\"ImageObject\",\"inLanguage\":\"fr-FR\",\"@id\":\"https:\\\/\\\/alpha-calcit.net\\\/fr\\\/#\\\/schema\\\/logo\\\/image\\\/\",\"url\":\"https:\\\/\\\/alpha-calcit.net\\\/wp-content\\\/uploads\\\/2022\\\/07\\\/alpha-512px.png\",\"contentUrl\":\"https:\\\/\\\/alpha-calcit.net\\\/wp-content\\\/uploads\\\/2022\\\/07\\\/alpha-512px.png\",\"width\":512,\"height\":512,\"caption\":\"Alpha Calcit F\u00fcllstoff Gesellschaft mbH & Co. KG\"},\"image\":{\"@id\":\"https:\\\/\\\/alpha-calcit.net\\\/fr\\\/#\\\/schema\\\/logo\\\/image\\\/\"},\"sameAs\":[\"https:\\\/\\\/www.linkedin.com\\\/company\\\/106003634\"]}]}<\/script>\n<!-- \/ Yoast SEO plugin. -->","yoast_head_json":{"title":"rev\u00eatements de sol int\u00e9rieur - Alpha Calcit","robots":{"index":"noindex","follow":"nofollow"},"og_locale":"fr_FR","og_type":"article","og_title":"rev\u00eatements de sol int\u00e9rieur - Alpha Calcit","og_description":"Rev\u00eatements de sol d'int\u00e9rieurLes diff\u00e9rentes propri\u00e9t\u00e9s et classifications des rev\u00eatements de sol, telles que la r\u00e9sistance \u00e0 la lumi\u00e8re et \u00e0 la d\u00e9coloration, la r\u00e9sistance au feu, le confort de marche, l'isolation thermique et l'isolation phonique, imposent des exigences \u00e9lev\u00e9es tant \u00e0 la qualit\u00e9 du dossier de la moquette qu'aux charges utilis\u00e9es dans sa composition.Nous [&hellip;]","og_url":"https:\/\/alpha-calcit.net\/fr\/revetements-de-sol-interieur\/","og_site_name":"Alpha Calcit","article_modified_time":"2025-11-20T08:31:41+00:00","twitter_card":"summary_large_image","schema":{"@context":"https:\/\/schema.org","@graph":[{"@type":"WebPage","@id":"https:\/\/alpha-calcit.net\/fr\/revetements-de-sol-interieur\/","url":"https:\/\/alpha-calcit.net\/fr\/revetements-de-sol-interieur\/","name":"rev\u00eatements de sol int\u00e9rieur - Alpha Calcit","isPartOf":{"@id":"https:\/\/alpha-calcit.net\/fr\/#website"},"datePublished":"2025-11-20T08:31:35+00:00","dateModified":"2025-11-20T08:31:41+00:00","breadcrumb":{"@id":"https:\/\/alpha-calcit.net\/fr\/revetements-de-sol-interieur\/#breadcrumb"},"inLanguage":"fr-FR","potentialAction":[{"@type":"ReadAction","target":["https:\/\/alpha-calcit.net\/fr\/revetements-de-sol-interieur\/"]}]},{"@type":"BreadcrumbList","@id":"https:\/\/alpha-calcit.net\/fr\/revetements-de-sol-interieur\/#breadcrumb","itemListElement":[{"@type":"ListItem","position":1,"name":"Startseite","item":"https:\/\/alpha-calcit.net\/fr\/"},{"@type":"ListItem","position":2,"name":"rev\u00eatements de sol int\u00e9rieur"}]},{"@type":"WebSite","@id":"https:\/\/alpha-calcit.net\/fr\/#website","url":"https:\/\/alpha-calcit.net\/fr\/","name":"Alpha Calcit","description":"","publisher":{"@id":"https:\/\/alpha-calcit.net\/fr\/#organization"},"potentialAction":[{"@type":"SearchAction","target":{"@type":"EntryPoint","urlTemplate":"https:\/\/alpha-calcit.net\/fr\/?s={search_term_string}"},"query-input":{"@type":"PropertyValueSpecification","valueRequired":true,"valueName":"search_term_string"}}],"inLanguage":"fr-FR"},{"@type":"Organization","@id":"https:\/\/alpha-calcit.net\/fr\/#organization","name":"Alpha Calcit F\u00fcllstoff Gesellschaft mbH & Co. KG","alternateName":"Alpha Calcit","url":"https:\/\/alpha-calcit.net\/fr\/","logo":{"@type":"ImageObject","inLanguage":"fr-FR","@id":"https:\/\/alpha-calcit.net\/fr\/#\/schema\/logo\/image\/","url":"https:\/\/alpha-calcit.net\/wp-content\/uploads\/2022\/07\/alpha-512px.png","contentUrl":"https:\/\/alpha-calcit.net\/wp-content\/uploads\/2022\/07\/alpha-512px.png","width":512,"height":512,"caption":"Alpha Calcit F\u00fcllstoff Gesellschaft mbH & Co. KG"},"image":{"@id":"https:\/\/alpha-calcit.net\/fr\/#\/schema\/logo\/image\/"},"sameAs":["https:\/\/www.linkedin.com\/company\/106003634"]}]}},"_links":{"self":[{"href":"https:\/\/alpha-calcit.net\/fr\/wp-json\/wp\/v2\/pages\/17320","targetHints":{"allow":["GET"]}}],"collection":[{"href":"https:\/\/alpha-calcit.net\/fr\/wp-json\/wp\/v2\/pages"}],"about":[{"href":"https:\/\/alpha-calcit.net\/fr\/wp-json\/wp\/v2\/types\/page"}],"author":[{"embeddable":true,"href":"https:\/\/alpha-calcit.net\/fr\/wp-json\/wp\/v2\/users\/8"}],"replies":[{"embeddable":true,"href":"https:\/\/alpha-calcit.net\/fr\/wp-json\/wp\/v2\/comments?post=17320"}],"version-history":[{"count":2,"href":"https:\/\/alpha-calcit.net\/fr\/wp-json\/wp\/v2\/pages\/17320\/revisions"}],"predecessor-version":[{"id":17322,"href":"https:\/\/alpha-calcit.net\/fr\/wp-json\/wp\/v2\/pages\/17320\/revisions\/17322"}],"wp:attachment":[{"href":"https:\/\/alpha-calcit.net\/fr\/wp-json\/wp\/v2\/media?parent=17320"}],"curies":[{"name":"wp","href":"https:\/\/api.w.org\/{rel}","templated":true}]}}