{"id":5132,"date":"2020-11-18T12:00:01","date_gmt":"2020-11-18T11:00:01","guid":{"rendered":"https:\/\/alpha-calcit.net\/flame-retardants-magnesium-hydroxides\/"},"modified":"2026-04-01T10:39:32","modified_gmt":"2026-04-01T08:39:32","slug":"flame-retardants-magnesium-hydroxides","status":"publish","type":"page","link":"https:\/\/alpha-calcit.net\/fr\/flame-retardants-magnesium-hydroxides\/","title":{"rendered":"Retardateurs de flamme HYDROXYDES DE MAGN\u00c9SIUM"},"content":{"rendered":"<p>[et_pb_section fb_built=\u00a0\u00bb1&Prime; next_background_color=\u00a0\u00bb#f7f7f7&Prime; admin_label=\u00a0\u00bbHero\u00a0\u00bb _builder_version=\u00a0\u00bb4.16&Prime; background_color=\u00a0\u00bb#00478a\u00a0\u00bb use_background_color_gradient=\u00a0\u00bbon\u00a0\u00bb background_color_gradient_direction=\u00a0\u00bb70deg\u00a0\u00bb background_color_gradient_stops=\u00a0\u00bbrgba(40,61,75,0.3) 0%|rgba(128,103,79,0.22) 100%\u00a0\u00bb background_color_gradient_overlays_image=\u00a0\u00bbon\u00a0\u00bb background_color_gradient_start=\u00a0\u00bbrgba(40,61,75,0.3)\u00a0\u00bb background_color_gradient_end=\u00a0\u00bbrgba(128,103,79,0.22)\u00a0\u00bb background_image=\u00a0\u00bbhttps:\/\/alpha-calcit.net\/wp-content\/uploads\/2022\/07\/pexels-brett-sayles-2881232-scaled.jpg\u00a0\u00bb custom_margin=\u00a0\u00bb|||\u00a0\u00bb custom_padding=\u00a0\u00bb6vw|||\u00a0\u00bb bottom_divider_style=\u00a0\u00bbmountains2&Prime; bottom_divider_height=\u00a0\u00bb20vw\u00a0\u00bb bottom_divider_repeat=\u00a0\u00bb0.5x\u00a0\u00bb bottom_divider_flip=\u00a0\u00bbhorizontal|vertical\u00a0\u00bb animation_style=\u00a0\u00bbzoom\u00a0\u00bb global_colors_info=\u00a0\u00bb{}\u00a0\u00bb][et_pb_row _builder_version=\u00a0\u00bb4.16&Prime; custom_margin=\u00a0\u00bb|||\u00a0\u00bb custom_padding=\u00a0\u00bb27px|0px|0|0px|false|false\u00a0\u00bb global_colors_info=\u00a0\u00bb{}\u00a0\u00bb][et_pb_column type=\u00a0\u00bb4_4&Prime; _builder_version=\u00a0\u00bb4.16&Prime; custom_padding=\u00a0\u00bb|||\u00a0\u00bb global_colors_info=\u00a0\u00bb{}\u00a0\u00bb custom_padding__hover=\u00a0\u00bb|||\u00a0\u00bb][et_pb_text _builder_version=\u00a0\u00bb4.16&Prime; text_font=\u00a0\u00bb||||||||\u00a0\u00bb header_font=\u00a0\u00bb|700|||||||\u00a0\u00bb header_text_color=\u00a0\u00bb#ffffff\u00a0\u00bb header_font_size=\u00a0\u00bb64px\u00a0\u00bb header_line_height=\u00a0\u00bb1.4em\u00a0\u00bb header_2_font=\u00a0\u00bbJosefin Sans||||||||\u00a0\u00bb header_2_text_color=\u00a0\u00bbrgba(255,255,255,0.6)\u00a0\u00bb header_2_font_size=\u00a0\u00bb32px\u00a0\u00bb header_2_line_height=\u00a0\u00bb1.4em\u00a0\u00bb background_layout=\u00a0\u00bbdark\u00a0\u00bb animation_style=\u00a0\u00bbslide\u00a0\u00bb animation_direction=\u00a0\u00bbright\u00a0\u00bb animation_intensity_slide=\u00a0\u00bb4%\u00a0\u00bb header_font_size_tablet=\u00a0\u00bb50px\u00a0\u00bb header_font_size_phone=\u00a0\u00bb32px\u00a0\u00bb header_font_size_last_edited=\u00a0\u00bbon|desktop\u00a0\u00bb header_2_font_size_tablet=\u00a0\u00bb\u00a0\u00bb header_2_font_size_phone=\u00a0\u00bb24px\u00a0\u00bb header_2_font_size_last_edited=\u00a0\u00bbon|phone\u00a0\u00bb header_text_shadow_style=\u00a0\u00bbpreset3&Prime; header_text_shadow_color=\u00a0\u00bb#000000&Prime; global_colors_info=\u00a0\u00bb{}\u00a0\u00bb]<\/p>\n<h1>Retardateurs de flamme<br \/>HYDROXYDES DE MAGN\u00c9SIUM<\/h1>\n<p><span style=\"font-size: xx-large;\"><strong>&#8211; pour votre s\u00e9curit\u00e9 &#8211;<\/strong><\/span><\/p>\n<p>&nbsp;<\/p>\n<p>&nbsp;<\/p>\n<p>[\/et_pb_text][\/et_pb_column][\/et_pb_row][et_pb_row column_structure=\u00a0\u00bb1_2,1_2&Prime; _builder_version=\u00a0\u00bb4.16&Prime; custom_padding=\u00a0\u00bb0|0px|27px|0px|false|false\u00a0\u00bb locked=\u00a0\u00bboff\u00a0\u00bb global_colors_info=\u00a0\u00bb{}\u00a0\u00bb][et_pb_column type=\u00a0\u00bb1_2&Prime; _builder_version=\u00a0\u00bb4.16&Prime; custom_padding=\u00a0\u00bb|||\u00a0\u00bb global_colors_info=\u00a0\u00bb{}\u00a0\u00bb custom_padding__hover=\u00a0\u00bb|||\u00a0\u00bb][et_pb_text _builder_version=\u00a0\u00bb4.16&Prime; global_colors_info=\u00a0\u00bb{}\u00a0\u00bb][\/et_pb_text][\/et_pb_column][et_pb_column type=\u00a0\u00bb1_2&Prime; _builder_version=\u00a0\u00bb4.16&Prime; custom_padding=\u00a0\u00bb|||\u00a0\u00bb global_colors_info=\u00a0\u00bb{}\u00a0\u00bb custom_padding__hover=\u00a0\u00bb|||\u00a0\u00bb][\/et_pb_column][\/et_pb_row][et_pb_row use_custom_gutter=\u00a0\u00bbon\u00a0\u00bb gutter_width=\u00a0\u00bb1&Prime; disabled_on=\u00a0\u00bbon|off|off\u00a0\u00bb module_class=\u00a0\u00bb et_pb_row_fullwidth\u00a0\u00bb _builder_version=\u00a0\u00bb4.16&Prime; width=\u00a0\u00bb100%\u00a0\u00bb width_tablet=\u00a0\u00bb100%\u00a0\u00bb width_phone=\u00a0\u00bb\u00a0\u00bb width_last_edited=\u00a0\u00bbon|desktop\u00a0\u00bb max_width=\u00a0\u00bb100%\u00a0\u00bb max_width_tablet=\u00a0\u00bb100%\u00a0\u00bb max_width_phone=\u00a0\u00bb\u00a0\u00bb max_width_last_edited=\u00a0\u00bbon|desktop\u00a0\u00bb make_fullwidth=\u00a0\u00bbon\u00a0\u00bb locked=\u00a0\u00bboff\u00a0\u00bb global_colors_info=\u00a0\u00bb{}\u00a0\u00bb][et_pb_column type=\u00a0\u00bb4_4&Prime; _builder_version=\u00a0\u00bb4.16&Prime; custom_padding=\u00a0\u00bb|||\u00a0\u00bb global_colors_info=\u00a0\u00bb{}\u00a0\u00bb custom_padding__hover=\u00a0\u00bb|||\u00a0\u00bb][\/et_pb_column][\/et_pb_row][\/et_pb_section][et_pb_section fb_built=\u00a0\u00bb1&Prime; _builder_version=\u00a0\u00bb4.16&Prime; background_color=\u00a0\u00bb#f7f7f7&Prime; custom_margin=\u00a0\u00bb||-70px|||\u00a0\u00bb global_colors_info=\u00a0\u00bb{}\u00a0\u00bb][et_pb_row _builder_version=\u00a0\u00bb4.16&Prime; global_colors_info=\u00a0\u00bb{}\u00a0\u00bb][et_pb_column type=\u00a0\u00bb4_4&Prime; _builder_version=\u00a0\u00bb4.16&Prime; global_colors_info=\u00a0\u00bb{}\u00a0\u00bb][et_pb_text _builder_version=\u00a0\u00bb4.16&Prime; header_line_height=\u00a0\u00bb1.7em\u00a0\u00bb header_2_font=\u00a0\u00bb|700||on|||||\u00a0\u00bb header_2_font_size=\u00a0\u00bb42px\u00a0\u00bb header_2_line_height=\u00a0\u00bb1.7em\u00a0\u00bb header_3_font=\u00a0\u00bb|300|||||||\u00a0\u00bb header_3_font_size=\u00a0\u00bb25px\u00a0\u00bb header_3_line_height=\u00a0\u00bb1.2em\u00a0\u00bb global_colors_info=\u00a0\u00bb{}\u00a0\u00bb]<\/p>\n<p style=\"text-align: left;\"><span style=\"font-size: medium;\">Les produits sur le march\u00e9 doivent \u00eatre s\u00fbrs en cas d\u2019incendie et permettre aux personnes de quitter la zone avant qu\u2019un d\u00e9part d\u2019incendie ne se propage.\u00a0Les retardateurs de flamme qui agissent imm\u00e9diatement comme extincteurs en cas d\u2019incendie ne doivent pas perturber le m\u00e9lange et le traitement, ni la couleur, la surface ou l\u2019adh\u00e9rence. Toute une s\u00e9rie de produits <span style=\"color: #00478a;\"><em><strong>ALFRIMAL<sup>\u00ae<\/sup><\/strong><\/em><\/span> a \u00e9t\u00e9 con\u00e7ue \u00e0 cette fin et est disponible pour r\u00e9pondre \u00e0 toutes les demandes du march\u00e9.<\/span><\/p>\n<p>[\/et_pb_text][\/et_pb_column][\/et_pb_row][\/et_pb_section][et_pb_section fb_built=\u00a0\u00bb1&Prime; _builder_version=\u00a0\u00bb4.16&Prime; global_colors_info=\u00a0\u00bb{}\u00a0\u00bb][et_pb_row _builder_version=\u00a0\u00bb4.27.3&Prime; min_height=\u00a0\u00bb242.5px\u00a0\u00bb global_colors_info=\u00a0\u00bb{}\u00a0\u00bb][et_pb_column type=\u00a0\u00bb4_4&Prime; _builder_version=\u00a0\u00bb4.16&Prime; global_colors_info=\u00a0\u00bb{}\u00a0\u00bb][et_pb_text _builder_version=\u00a0\u00bb4.16&Prime; header_line_height=\u00a0\u00bb1.4em\u00a0\u00bb header_2_font_size=\u00a0\u00bb50px\u00a0\u00bb header_2_line_height=\u00a0\u00bb1.4em\u00a0\u00bb header_2_font_size_tablet=\u00a0\u00bb\u00a0\u00bb header_2_font_size_phone=\u00a0\u00bb\u00a0\u00bb header_2_font_size_last_edited=\u00a0\u00bbon|desktop\u00a0\u00bb global_colors_info=\u00a0\u00bb{}\u00a0\u00bb]<\/p>\n<h3><span style=\"color: #00478a;\"><em><strong>ALFRIMAL<sup>\u00ae <\/sup>MG<\/strong><\/em><\/span><\/h3>\n<p><span style=\"font-size: medium;\">Les hydroxydes d\u2019aluminium commencent d\u00e9j\u00e0 \u00e0 d\u00e9gager de l\u2019eau \u00e0 des temp\u00e9ratures de traitement sup\u00e9rieures \u00e0 200\u00a0\u00b0C et ne sont donc pas utilisables comme retardateurs de flamme.<\/span><br \/><span style=\"font-size: medium;\">Pour de telles applications, m\u00eame \u00e0 des temp\u00e9ratures de traitement sup\u00e9rieures \u00e0 250\u00a0\u00b0C, les produits \u00e0 base d\u2019hydroxyde de magn\u00e9sium <span style=\"color: #00478a;\"><em><strong>ALFRIMAL<sup>\u00ae<\/sup> MG <\/strong><\/em><\/span>constituent une option car ils lib\u00e8rent leur eau \u00e0 des temp\u00e9ratures sup\u00e9rieures \u00e0 300\u00a0\u00b0C.<\/span><br \/><span style=\"font-size: medium;\">En cas d\u2019incendie, <span style=\"color: #00478a;\"><em><strong>ALFRIMAL<sup>\u00ae<\/sup> MG<\/strong><\/em><\/span> agit comme un \u00e9liminateur efficace des gaz de combustion acides dans les syst\u00e8mes contenant ou non des halog\u00e8nes.<\/span><\/p>\n<p><span style=\"font-size: medium;\">\u00a0<\/span><\/p>\n<ul>\n<li><span style=\"color: #00478a;\"><a href=\"https:\/\/alpha-calcit.net\/wp-content\/uploads\/2020\/10\/AL-ALFRIMAL-MG-H-4-V1.pdf\" target=\"_blank\" rel=\"noopener noreferrer\" style=\"color: #00478a;\"><em><strong><span style=\"font-size: medium;\">ALFRIMAL<sup>\u00ae<\/sup> MG-H 4<\/span><\/strong><\/em><\/a><\/span><\/li>\n<\/ul>\n<p>[\/et_pb_text][\/et_pb_column][\/et_pb_row][\/et_pb_section][et_pb_section fb_built=\u00a0\u00bb1&Prime; admin_label=\u00a0\u00bbFooter1&Prime; _builder_version=\u00a0\u00bb4.27.3&Prime; background_color=\u00a0\u00bb#022D64&Prime; min_height=\u00a0\u00bb520px\u00a0\u00bb custom_margin=\u00a0\u00bb0px||||false|false\u00a0\u00bb custom_padding=\u00a0\u00bb||||false|false\u00a0\u00bb global_module=\u00a0\u00bb9292&Prime; saved_tabs=\u00a0\u00bball\u00a0\u00bb global_colors_info=\u00a0\u00bb{}\u00a0\u00bb][et_pb_row use_custom_gutter=\u00a0\u00bbon\u00a0\u00bb gutter_width=\u00a0\u00bb2&Prime; module_id=\u00a0\u00bbkontakt\u00a0\u00bb _builder_version=\u00a0\u00bb4.16&Prime; background_color=\u00a0\u00bbRGBA(255,255,255,0)\u00a0\u00bb positioning=\u00a0\u00bbnone\u00a0\u00bb max_width=\u00a0\u00bb1440px\u00a0\u00bb use_custom_width=\u00a0\u00bbon\u00a0\u00bb custom_width_px=\u00a0\u00bb1440px\u00a0\u00bb locked=\u00a0\u00bboff\u00a0\u00bb global_colors_info=\u00a0\u00bb{}\u00a0\u00bb][et_pb_column type=\u00a0\u00bb4_4&Prime; _builder_version=\u00a0\u00bb4.16&Prime; custom_padding=\u00a0\u00bb|||\u00a0\u00bb global_colors_info=\u00a0\u00bb{}\u00a0\u00bb custom_padding__hover=\u00a0\u00bb|||\u00a0\u00bb][et_pb_menu menu_id=\u00a0\u00bb20&Prime; menu_style=\u00a0\u00bbcentered\u00a0\u00bb active_link_color=\u00a0\u00bb#FFFFFF\u00a0\u00bb dropdown_menu_bg_color=\u00a0\u00bb#00478A\u00a0\u00bb dropdown_menu_line_color=\u00a0\u00bb#00478A\u00a0\u00bb dropdown_menu_text_color=\u00a0\u00bb#FFFFFF\u00a0\u00bb dropdown_menu_active_link_color=\u00a0\u00bb#FFFFFF\u00a0\u00bb mobile_menu_bg_color=\u00a0\u00bb#00478A\u00a0\u00bb mobile_menu_text_color=\u00a0\u00bb#FFFFFF\u00a0\u00bb logo=\u00a0\u00bbhttps:\/\/alpha-calcit.net\/wp-content\/uploads\/2020\/06\/alpha_logo-300&#215;87-1.png\u00a0\u00bb _builder_version=\u00a0\u00bb4.16&Prime; _module_preset=\u00a0\u00bbdefault\u00a0\u00bb menu_text_color=\u00a0\u00bb#FFFFFF\u00a0\u00bb background_color=\u00a0\u00bbRGBA(255,255,255,0)\u00a0\u00bb global_colors_info=\u00a0\u00bb{}\u00a0\u00bb][\/et_pb_menu][\/et_pb_column][\/et_pb_row][\/et_pb_section]<\/p>\n","protected":false},"excerpt":{"rendered":"<p>Retardateurs de flammeHYDROXYDES DE MAGN\u00c9SIUM &#8211; pour votre s\u00e9curit\u00e9 &#8211; &nbsp; &nbsp;Les produits sur le march\u00e9 doivent \u00eatre s\u00fbrs en cas d\u2019incendie et permettre aux personnes de quitter la zone avant qu\u2019un d\u00e9part d\u2019incendie ne se propage.\u00a0Les retardateurs de flamme qui agissent imm\u00e9diatement comme extincteurs en cas d\u2019incendie ne doivent pas perturber le m\u00e9lange et [&hellip;]<\/p>\n","protected":false},"author":2,"featured_media":0,"parent":0,"menu_order":0,"comment_status":"closed","ping_status":"closed","template":"","meta":{"_et_pb_use_builder":"on","_et_pb_old_content":"","_et_gb_content_width":"","footnotes":""},"class_list":["post-5132","page","type-page","status-publish","hentry"],"yoast_head":"<!-- This site is optimized with the Yoast SEO plugin v27.3 - https:\/\/yoast.com\/product\/yoast-seo-wordpress\/ -->\n<title>Retardateurs de flamme HYDROXYDES DE MAGN\u00c9SIUM - Alpha Calcit<\/title>\n<meta name=\"description\" content=\"Les produits sur le march\u00e9 doivent \u00eatre s\u00fbrs en cas d\u2019incendie et permettre aux personnes de quitter la zone avant qu\u2019un d\u00e9part d\u2019incendie ne se propage.\" \/>\n<meta name=\"robots\" content=\"index, follow, max-snippet:-1, max-image-preview:large, max-video-preview:-1\" \/>\n<link rel=\"canonical\" href=\"https:\/\/alpha-calcit.net\/fr\/flame-retardants-magnesium-hydroxides\/\" \/>\n<meta property=\"og:locale\" content=\"fr_FR\" \/>\n<meta property=\"og:type\" content=\"article\" \/>\n<meta property=\"og:title\" content=\"Retardateurs de flamme HYDROXYDES DE MAGN\u00c9SIUM - Alpha Calcit\" \/>\n<meta property=\"og:description\" content=\"Les produits sur le march\u00e9 doivent \u00eatre s\u00fbrs en cas d\u2019incendie et permettre aux personnes de quitter la zone avant qu\u2019un d\u00e9part d\u2019incendie ne se propage.\" \/>\n<meta property=\"og:url\" content=\"https:\/\/alpha-calcit.net\/fr\/flame-retardants-magnesium-hydroxides\/\" \/>\n<meta property=\"og:site_name\" content=\"Alpha Calcit\" \/>\n<meta property=\"article:modified_time\" content=\"2026-04-01T08:39:32+00:00\" \/>\n<meta name=\"twitter:card\" content=\"summary_large_image\" \/>\n<script type=\"application\/ld+json\" class=\"yoast-schema-graph\">{\"@context\":\"https:\\\/\\\/schema.org\",\"@graph\":[{\"@type\":\"WebPage\",\"@id\":\"https:\\\/\\\/alpha-calcit.net\\\/fr\\\/flame-retardants-magnesium-hydroxides\\\/\",\"url\":\"https:\\\/\\\/alpha-calcit.net\\\/fr\\\/flame-retardants-magnesium-hydroxides\\\/\",\"name\":\"Retardateurs de flamme HYDROXYDES DE MAGN\u00c9SIUM - Alpha Calcit\",\"isPartOf\":{\"@id\":\"https:\\\/\\\/alpha-calcit.net\\\/fr\\\/#website\"},\"datePublished\":\"2020-11-18T11:00:01+00:00\",\"dateModified\":\"2026-04-01T08:39:32+00:00\",\"description\":\"Les produits sur le march\u00e9 doivent \u00eatre s\u00fbrs en cas d\u2019incendie et permettre aux personnes de quitter la zone avant qu\u2019un d\u00e9part d\u2019incendie ne se propage.\",\"breadcrumb\":{\"@id\":\"https:\\\/\\\/alpha-calcit.net\\\/fr\\\/flame-retardants-magnesium-hydroxides\\\/#breadcrumb\"},\"inLanguage\":\"fr-FR\",\"potentialAction\":[{\"@type\":\"ReadAction\",\"target\":[\"https:\\\/\\\/alpha-calcit.net\\\/fr\\\/flame-retardants-magnesium-hydroxides\\\/\"]}]},{\"@type\":\"BreadcrumbList\",\"@id\":\"https:\\\/\\\/alpha-calcit.net\\\/fr\\\/flame-retardants-magnesium-hydroxides\\\/#breadcrumb\",\"itemListElement\":[{\"@type\":\"ListItem\",\"position\":1,\"name\":\"Startseite\",\"item\":\"https:\\\/\\\/alpha-calcit.net\\\/fr\\\/\"},{\"@type\":\"ListItem\",\"position\":2,\"name\":\"Retardateurs de flamme HYDROXYDES DE MAGN\u00c9SIUM\"}]},{\"@type\":\"WebSite\",\"@id\":\"https:\\\/\\\/alpha-calcit.net\\\/fr\\\/#website\",\"url\":\"https:\\\/\\\/alpha-calcit.net\\\/fr\\\/\",\"name\":\"Alpha Calcit\",\"description\":\"\",\"publisher\":{\"@id\":\"https:\\\/\\\/alpha-calcit.net\\\/fr\\\/#organization\"},\"potentialAction\":[{\"@type\":\"SearchAction\",\"target\":{\"@type\":\"EntryPoint\",\"urlTemplate\":\"https:\\\/\\\/alpha-calcit.net\\\/fr\\\/?s={search_term_string}\"},\"query-input\":{\"@type\":\"PropertyValueSpecification\",\"valueRequired\":true,\"valueName\":\"search_term_string\"}}],\"inLanguage\":\"fr-FR\"},{\"@type\":\"Organization\",\"@id\":\"https:\\\/\\\/alpha-calcit.net\\\/fr\\\/#organization\",\"name\":\"Alpha Calcit F\u00fcllstoff Gesellschaft mbH & Co. KG\",\"alternateName\":\"Alpha Calcit\",\"url\":\"https:\\\/\\\/alpha-calcit.net\\\/fr\\\/\",\"logo\":{\"@type\":\"ImageObject\",\"inLanguage\":\"fr-FR\",\"@id\":\"https:\\\/\\\/alpha-calcit.net\\\/fr\\\/#\\\/schema\\\/logo\\\/image\\\/\",\"url\":\"https:\\\/\\\/alpha-calcit.net\\\/wp-content\\\/uploads\\\/2022\\\/07\\\/alpha-512px.png\",\"contentUrl\":\"https:\\\/\\\/alpha-calcit.net\\\/wp-content\\\/uploads\\\/2022\\\/07\\\/alpha-512px.png\",\"width\":512,\"height\":512,\"caption\":\"Alpha Calcit F\u00fcllstoff Gesellschaft mbH & Co. KG\"},\"image\":{\"@id\":\"https:\\\/\\\/alpha-calcit.net\\\/fr\\\/#\\\/schema\\\/logo\\\/image\\\/\"},\"sameAs\":[\"https:\\\/\\\/www.linkedin.com\\\/company\\\/106003634\"]}]}<\/script>\n<!-- \/ Yoast SEO plugin. -->","yoast_head_json":{"title":"Retardateurs de flamme HYDROXYDES DE MAGN\u00c9SIUM - Alpha Calcit","description":"Les produits sur le march\u00e9 doivent \u00eatre s\u00fbrs en cas d\u2019incendie et permettre aux personnes de quitter la zone avant qu\u2019un d\u00e9part d\u2019incendie ne se propage.","robots":{"index":"index","follow":"follow","max-snippet":"max-snippet:-1","max-image-preview":"max-image-preview:large","max-video-preview":"max-video-preview:-1"},"canonical":"https:\/\/alpha-calcit.net\/fr\/flame-retardants-magnesium-hydroxides\/","og_locale":"fr_FR","og_type":"article","og_title":"Retardateurs de flamme HYDROXYDES DE MAGN\u00c9SIUM - Alpha Calcit","og_description":"Les produits sur le march\u00e9 doivent \u00eatre s\u00fbrs en cas d\u2019incendie et permettre aux personnes de quitter la zone avant qu\u2019un d\u00e9part d\u2019incendie ne se propage.","og_url":"https:\/\/alpha-calcit.net\/fr\/flame-retardants-magnesium-hydroxides\/","og_site_name":"Alpha Calcit","article_modified_time":"2026-04-01T08:39:32+00:00","twitter_card":"summary_large_image","schema":{"@context":"https:\/\/schema.org","@graph":[{"@type":"WebPage","@id":"https:\/\/alpha-calcit.net\/fr\/flame-retardants-magnesium-hydroxides\/","url":"https:\/\/alpha-calcit.net\/fr\/flame-retardants-magnesium-hydroxides\/","name":"Retardateurs de flamme HYDROXYDES DE MAGN\u00c9SIUM - Alpha Calcit","isPartOf":{"@id":"https:\/\/alpha-calcit.net\/fr\/#website"},"datePublished":"2020-11-18T11:00:01+00:00","dateModified":"2026-04-01T08:39:32+00:00","description":"Les produits sur le march\u00e9 doivent \u00eatre s\u00fbrs en cas d\u2019incendie et permettre aux personnes de quitter la zone avant qu\u2019un d\u00e9part d\u2019incendie ne se propage.","breadcrumb":{"@id":"https:\/\/alpha-calcit.net\/fr\/flame-retardants-magnesium-hydroxides\/#breadcrumb"},"inLanguage":"fr-FR","potentialAction":[{"@type":"ReadAction","target":["https:\/\/alpha-calcit.net\/fr\/flame-retardants-magnesium-hydroxides\/"]}]},{"@type":"BreadcrumbList","@id":"https:\/\/alpha-calcit.net\/fr\/flame-retardants-magnesium-hydroxides\/#breadcrumb","itemListElement":[{"@type":"ListItem","position":1,"name":"Startseite","item":"https:\/\/alpha-calcit.net\/fr\/"},{"@type":"ListItem","position":2,"name":"Retardateurs de flamme HYDROXYDES DE MAGN\u00c9SIUM"}]},{"@type":"WebSite","@id":"https:\/\/alpha-calcit.net\/fr\/#website","url":"https:\/\/alpha-calcit.net\/fr\/","name":"Alpha Calcit","description":"","publisher":{"@id":"https:\/\/alpha-calcit.net\/fr\/#organization"},"potentialAction":[{"@type":"SearchAction","target":{"@type":"EntryPoint","urlTemplate":"https:\/\/alpha-calcit.net\/fr\/?s={search_term_string}"},"query-input":{"@type":"PropertyValueSpecification","valueRequired":true,"valueName":"search_term_string"}}],"inLanguage":"fr-FR"},{"@type":"Organization","@id":"https:\/\/alpha-calcit.net\/fr\/#organization","name":"Alpha Calcit F\u00fcllstoff Gesellschaft mbH & Co. KG","alternateName":"Alpha Calcit","url":"https:\/\/alpha-calcit.net\/fr\/","logo":{"@type":"ImageObject","inLanguage":"fr-FR","@id":"https:\/\/alpha-calcit.net\/fr\/#\/schema\/logo\/image\/","url":"https:\/\/alpha-calcit.net\/wp-content\/uploads\/2022\/07\/alpha-512px.png","contentUrl":"https:\/\/alpha-calcit.net\/wp-content\/uploads\/2022\/07\/alpha-512px.png","width":512,"height":512,"caption":"Alpha Calcit F\u00fcllstoff Gesellschaft mbH & Co. KG"},"image":{"@id":"https:\/\/alpha-calcit.net\/fr\/#\/schema\/logo\/image\/"},"sameAs":["https:\/\/www.linkedin.com\/company\/106003634"]}]}},"_links":{"self":[{"href":"https:\/\/alpha-calcit.net\/fr\/wp-json\/wp\/v2\/pages\/5132","targetHints":{"allow":["GET"]}}],"collection":[{"href":"https:\/\/alpha-calcit.net\/fr\/wp-json\/wp\/v2\/pages"}],"about":[{"href":"https:\/\/alpha-calcit.net\/fr\/wp-json\/wp\/v2\/types\/page"}],"author":[{"embeddable":true,"href":"https:\/\/alpha-calcit.net\/fr\/wp-json\/wp\/v2\/users\/2"}],"replies":[{"embeddable":true,"href":"https:\/\/alpha-calcit.net\/fr\/wp-json\/wp\/v2\/comments?post=5132"}],"version-history":[{"count":17,"href":"https:\/\/alpha-calcit.net\/fr\/wp-json\/wp\/v2\/pages\/5132\/revisions"}],"predecessor-version":[{"id":18336,"href":"https:\/\/alpha-calcit.net\/fr\/wp-json\/wp\/v2\/pages\/5132\/revisions\/18336"}],"wp:attachment":[{"href":"https:\/\/alpha-calcit.net\/fr\/wp-json\/wp\/v2\/media?parent=5132"}],"curies":[{"name":"wp","href":"https:\/\/api.w.org\/{rel}","templated":true}]}}