{"id":5134,"date":"2020-11-18T12:00:01","date_gmt":"2020-11-18T11:00:01","guid":{"rendered":"https:\/\/alpha-calcit.net\/site-notice\/"},"modified":"2026-03-12T12:41:18","modified_gmt":"2026-03-12T11:41:18","slug":"site-notice","status":"publish","type":"page","link":"https:\/\/alpha-calcit.net\/fr\/site-notice\/","title":{"rendered":"Notification relative au site"},"content":{"rendered":"<p>[et_pb_section fb_built=\u00a0\u00bb1&Prime; next_background_color=\u00a0\u00bb#ffffff\u00a0\u00bb admin_label=\u00a0\u00bbHero\u00a0\u00bb _builder_version=\u00a0\u00bb4.16&Prime; background_color=\u00a0\u00bb#00478a\u00a0\u00bb use_background_color_gradient=\u00a0\u00bbon\u00a0\u00bb background_color_gradient_direction=\u00a0\u00bb70deg\u00a0\u00bb background_color_gradient_stops=\u00a0\u00bbrgba(40,61,75,0.3) 0%|rgba(128,103,79,0.22) 100%\u00a0\u00bb background_color_gradient_overlays_image=\u00a0\u00bbon\u00a0\u00bb background_color_gradient_start=\u00a0\u00bbrgba(40,61,75,0.3)\u00a0\u00bb background_color_gradient_end=\u00a0\u00bbrgba(128,103,79,0.22)\u00a0\u00bb background_enable_image=\u00a0\u00bboff\u00a0\u00bb custom_margin=\u00a0\u00bb|||\u00a0\u00bb custom_padding=\u00a0\u00bb6vw|||\u00a0\u00bb bottom_divider_style=\u00a0\u00bbmountains2&Prime; bottom_divider_height=\u00a0\u00bb20vw\u00a0\u00bb bottom_divider_repeat=\u00a0\u00bb0.5x\u00a0\u00bb bottom_divider_flip=\u00a0\u00bbhorizontal|vertical\u00a0\u00bb animation_style=\u00a0\u00bbzoom\u00a0\u00bb global_colors_info=\u00a0\u00bb{}\u00a0\u00bb][et_pb_row _builder_version=\u00a0\u00bb4.16&Prime; custom_margin=\u00a0\u00bb|||\u00a0\u00bb custom_padding=\u00a0\u00bb27px|0px|0|0px|false|false\u00a0\u00bb global_colors_info=\u00a0\u00bb{}\u00a0\u00bb][et_pb_column type=\u00a0\u00bb4_4&Prime; _builder_version=\u00a0\u00bb4.16&Prime; custom_padding=\u00a0\u00bb|||\u00a0\u00bb global_colors_info=\u00a0\u00bb{}\u00a0\u00bb custom_padding__hover=\u00a0\u00bb|||\u00a0\u00bb][et_pb_text _builder_version=\u00a0\u00bb4.27.3&Prime; text_font=\u00a0\u00bb||||||||\u00a0\u00bb header_font=\u00a0\u00bb|700|||||||\u00a0\u00bb header_text_align=\u00a0\u00bbleft\u00a0\u00bb header_text_color=\u00a0\u00bb#ffffff\u00a0\u00bb header_font_size=\u00a0\u00bb90px\u00a0\u00bb header_line_height=\u00a0\u00bb1.4em\u00a0\u00bb header_2_font=\u00a0\u00bbJosefin Sans||||||||\u00a0\u00bb header_2_text_color=\u00a0\u00bbrgba(255,255,255,0.6)\u00a0\u00bb header_2_font_size=\u00a0\u00bb32px\u00a0\u00bb header_2_line_height=\u00a0\u00bb1.4em\u00a0\u00bb text_orientation=\u00a0\u00bbcenter\u00a0\u00bb background_layout=\u00a0\u00bbdark\u00a0\u00bb animation_style=\u00a0\u00bbslide\u00a0\u00bb animation_direction=\u00a0\u00bbright\u00a0\u00bb animation_intensity_slide=\u00a0\u00bb4%\u00a0\u00bb header_font_size_tablet=\u00a0\u00bb50px\u00a0\u00bb header_font_size_phone=\u00a0\u00bb32px\u00a0\u00bb header_font_size_last_edited=\u00a0\u00bbon|desktop\u00a0\u00bb header_2_font_size_tablet=\u00a0\u00bb\u00a0\u00bb header_2_font_size_phone=\u00a0\u00bb24px\u00a0\u00bb header_2_font_size_last_edited=\u00a0\u00bbon|phone\u00a0\u00bb header_text_shadow_style=\u00a0\u00bbpreset3&Prime; header_text_shadow_color=\u00a0\u00bb#000000&Prime; global_colors_info=\u00a0\u00bb{}\u00a0\u00bb]<\/p>\n<h1>Notification relative <span><br \/>\n<span> au site<\/span><\/h1>\n<p>[\/et_pb_text][\/et_pb_column][\/et_pb_row][et_pb_row column_structure=\u00a0\u00bb1_2,1_2&Prime; _builder_version=\u00a0\u00bb4.16&Prime; custom_padding=\u00a0\u00bb0|0px|27px|0px|false|false\u00a0\u00bb locked=\u00a0\u00bboff\u00a0\u00bb global_colors_info=\u00a0\u00bb{}\u00a0\u00bb][et_pb_column type=\u00a0\u00bb1_2&Prime; _builder_version=\u00a0\u00bb4.16&Prime; custom_padding=\u00a0\u00bb|||\u00a0\u00bb global_colors_info=\u00a0\u00bb{}\u00a0\u00bb custom_padding__hover=\u00a0\u00bb|||\u00a0\u00bb][et_pb_text _builder_version=\u00a0\u00bb4.16&Prime; header_3_font=\u00a0\u00bb|800|||||||\u00a0\u00bb header_3_text_color=\u00a0\u00bb#ffffff\u00a0\u00bb header_3_font_size=\u00a0\u00bb26px\u00a0\u00bb background_enable_color=\u00a0\u00bboff\u00a0\u00bb custom_padding=\u00a0\u00bb20px|20px|20px|20px|false|false\u00a0\u00bb header_3_text_shadow_style=\u00a0\u00bbpreset3&Prime; header_3_text_shadow_color=\u00a0\u00bb#000000&Prime; global_colors_info=\u00a0\u00bb{}\u00a0\u00bb][\/et_pb_text][et_pb_divider show_divider=\u00a0\u00bboff\u00a0\u00bb _builder_version=\u00a0\u00bb4.16&Prime; global_colors_info=\u00a0\u00bb{}\u00a0\u00bb][\/et_pb_divider][\/et_pb_column][et_pb_column type=\u00a0\u00bb1_2&Prime; _builder_version=\u00a0\u00bb4.16&Prime; custom_padding=\u00a0\u00bb|||\u00a0\u00bb global_colors_info=\u00a0\u00bb{}\u00a0\u00bb custom_padding__hover=\u00a0\u00bb|||\u00a0\u00bb][et_pb_button button_url=\u00a0\u00bb#suite\u00a0\u00bb button_text=\u00a0\u00bbEn savoir plus&#8230;\u00a0\u00bb button_alignment=\u00a0\u00bbright\u00a0\u00bb disabled_on=\u00a0\u00bboff|off|off\u00a0\u00bb _builder_version=\u00a0\u00bb4.16&Prime; custom_button=\u00a0\u00bbon\u00a0\u00bb button_text_size=\u00a0\u00bb23px\u00a0\u00bb button_text_color=\u00a0\u00bbrgba(255,255,255,0.9)\u00a0\u00bb button_bg_color=\u00a0\u00bb#00478a\u00a0\u00bb button_border_width=\u00a0\u00bb0px\u00a0\u00bb button_border_color=\u00a0\u00bb#f47a55&Prime; button_border_radius=\u00a0\u00bb100px\u00a0\u00bb button_letter_spacing=\u00a0\u00bb0px\u00a0\u00bb button_font=\u00a0\u00bb|700|||||||\u00a0\u00bb custom_margin=\u00a0\u00bb|90px||\u00a0\u00bb custom_margin_phone=\u00a0\u00bb|70px||\u00a0\u00bb custom_margin_last_edited=\u00a0\u00bboff|desktop\u00a0\u00bb custom_padding=\u00a0\u00bb|||\u00a0\u00bb animation_style=\u00a0\u00bbslide\u00a0\u00bb animation_direction=\u00a0\u00bbleft\u00a0\u00bb animation_intensity_slide=\u00a0\u00bb8%\u00a0\u00bb button_text_size_phone=\u00a0\u00bb20px\u00a0\u00bb button_text_size_last_edited=\u00a0\u00bboff|desktop\u00a0\u00bb box_shadow_style=\u00a0\u00bbpreset3&Prime; box_shadow_blur=\u00a0\u00bb20px\u00a0\u00bb box_shadow_spread=\u00a0\u00bb-10px\u00a0\u00bb global_colors_info=\u00a0\u00bb{}\u00a0\u00bb button_text_size__hover_enabled=\u00a0\u00bboff\u00a0\u00bb button_one_text_size__hover_enabled=\u00a0\u00bboff\u00a0\u00bb button_two_text_size__hover_enabled=\u00a0\u00bboff\u00a0\u00bb button_text_color__hover_enabled=\u00a0\u00bboff\u00a0\u00bb button_one_text_color__hover_enabled=\u00a0\u00bboff\u00a0\u00bb button_two_text_color__hover_enabled=\u00a0\u00bboff\u00a0\u00bb button_border_width__hover_enabled=\u00a0\u00bboff\u00a0\u00bb button_one_border_width__hover_enabled=\u00a0\u00bboff\u00a0\u00bb button_two_border_width__hover_enabled=\u00a0\u00bboff\u00a0\u00bb button_border_color__hover_enabled=\u00a0\u00bboff\u00a0\u00bb button_one_border_color__hover_enabled=\u00a0\u00bboff\u00a0\u00bb button_two_border_color__hover_enabled=\u00a0\u00bboff\u00a0\u00bb button_border_radius__hover_enabled=\u00a0\u00bboff\u00a0\u00bb button_one_border_radius__hover_enabled=\u00a0\u00bboff\u00a0\u00bb button_two_border_radius__hover_enabled=\u00a0\u00bboff\u00a0\u00bb button_letter_spacing__hover_enabled=\u00a0\u00bboff\u00a0\u00bb button_one_letter_spacing__hover_enabled=\u00a0\u00bboff\u00a0\u00bb button_two_letter_spacing__hover_enabled=\u00a0\u00bboff\u00a0\u00bb button_bg_color__hover_enabled=\u00a0\u00bboff\u00a0\u00bb button_one_bg_color__hover_enabled=\u00a0\u00bboff\u00a0\u00bb button_two_bg_color__hover_enabled=\u00a0\u00bboff\u00a0\u00bb][\/et_pb_button][\/et_pb_column][\/et_pb_row][et_pb_row use_custom_gutter=\u00a0\u00bbon\u00a0\u00bb gutter_width=\u00a0\u00bb1&Prime; disabled_on=\u00a0\u00bbon|off|off\u00a0\u00bb module_class=\u00a0\u00bb et_pb_row_fullwidth\u00a0\u00bb _builder_version=\u00a0\u00bb4.16&Prime; width=\u00a0\u00bb100%\u00a0\u00bb width_tablet=\u00a0\u00bb100%\u00a0\u00bb width_phone=\u00a0\u00bb\u00a0\u00bb width_last_edited=\u00a0\u00bbon|desktop\u00a0\u00bb max_width=\u00a0\u00bb100%\u00a0\u00bb max_width_tablet=\u00a0\u00bb100%\u00a0\u00bb max_width_phone=\u00a0\u00bb\u00a0\u00bb max_width_last_edited=\u00a0\u00bbon|desktop\u00a0\u00bb make_fullwidth=\u00a0\u00bbon\u00a0\u00bb locked=\u00a0\u00bboff\u00a0\u00bb global_colors_info=\u00a0\u00bb{}\u00a0\u00bb][et_pb_column type=\u00a0\u00bb4_4&Prime; _builder_version=\u00a0\u00bb4.16&Prime; custom_padding=\u00a0\u00bb|||\u00a0\u00bb global_colors_info=\u00a0\u00bb{}\u00a0\u00bb custom_padding__hover=\u00a0\u00bb|||\u00a0\u00bb][et_pb_text _builder_version=\u00a0\u00bb4.16&Prime; _module_preset=\u00a0\u00bbdefault\u00a0\u00bb global_colors_info=\u00a0\u00bb{}\u00a0\u00bb][\/et_pb_text][\/et_pb_column][\/et_pb_row][\/et_pb_section][et_pb_section fb_built=\u00a0\u00bb1&Prime; custom_padding_last_edited=\u00a0\u00bboff|desktop\u00a0\u00bb admin_label=\u00a0\u00bbServices\u00a0\u00bb _builder_version=\u00a0\u00bb4.16&Prime; custom_padding=\u00a0\u00bb|||\u00a0\u00bb global_colors_info=\u00a0\u00bb{}\u00a0\u00bb][et_pb_row _builder_version=\u00a0\u00bb4.16&Prime; global_colors_info=\u00a0\u00bb{}\u00a0\u00bb][et_pb_column type=\u00a0\u00bb4_4&Prime; _builder_version=\u00a0\u00bb4.16&Prime; global_colors_info=\u00a0\u00bb{}\u00a0\u00bb][et_pb_text admin_label=\u00a0\u00bbText\u00a0\u00bb _builder_version=\u00a0\u00bb4.27.3&Prime; global_colors_info=\u00a0\u00bb{}\u00a0\u00bb]<\/p>\n<h2>Notification relative au site<\/h2>\n<h2>Informations conform\u00e9ment \u00e0 la sect. 5 de la loi allemande sur les t\u00e9l\u00e9m\u00e9dias (TMG)<\/h2>\n<p>Alpha Calcit F\u00fcllstoff GmbH &amp; Co. KG<\/p>\n<p>Otto-Hahn-Strasse 9-11<\/p>\n<p>50997 K\u00f6ln<\/p>\n<p>Registre du commerce\u00a0: HR A 8514 \/ HR B 1354<\/p>\n<p>Tribunal des registres\u00a0: Amtsgericht K\u00f6ln<\/p>\n<p><strong>Repr\u00e9sent\u00e9 par\u00a0:<\/strong><\/p>\n<p>Alpha Calcit F\u00fcllstoff GmbH &amp; Co. KG<\/p>\n<p>Komplement\u00e4r: Alpha Calcit F\u00fcllstoff GmbH<\/p>\n<p>Otto-Hahn-Strasse 9-11<\/p>\n<p>50997 K\u00f6ln<\/p>\n<p>Repr\u00e9sent\u00e9 \u00e0 son tour par\u00a0:<\/p>\n<p>Dieter M\u00fcnchow<\/p>\n<p>Registre du commerce\u00a0: HR B 1354<\/p>\n<p>Tribunal des registres\u00a0: Amtsgericht K\u00f6ln, HR A 8514 * Komplement\u00e4r: Alpha Calcit F\u00fcllstoff GmbH * HR B 1354<\/p>\n<h2>Contact<\/h2>\n<p>T\u00e9l\u00e9phone\u00a0: +49 2236 8914-0<\/p>\n<p>Fax\u00a0: +49 2236 40644<\/p>\n<p>E-mail : info@alpha-calcit.de<\/p>\n<h2>ID TVA<\/h2>\n<p>Num\u00e9ro d\u2019identification TVA conform\u00e9ment \u00e0 la sect. 27 a de la loi allemande sur la TVA\u00a0:<\/p>\n<p>DE123044819<\/p>\n<h2>R\u00e8glement des litiges dans l\u2019UE<\/h2>\n<p>La Commission europ\u00e9enne fournit une plateforme de r\u00e8glement des litiges en ligne (ODR)\u00a0: <a href=\"https:\/\/ec.europa.eu\/consumers\/odr\" target=\"_blank\" rel=\"noopener noreferrer\">https:\/\/ec.europa.eu\/consumers\/odr<\/a>.<br \/>Notre adresse e-mail est indiqu\u00e9e ci-dessus dans la notification relative au site.<\/p>\n<h2>Proc\u00e9dure de r\u00e8glement des litiges devant une commission d\u2019arbitrage de consommateurs<\/h2>\n<p>Nous ne sommes ni dispos\u00e9s ni tenus de participer \u00e0 une proc\u00e9dure de r\u00e8glement des litiges devant une commission d\u2019arbitrage de consommateurs.<\/p>\n<h3>Responsabilit\u00e9 du contenu<\/h3>\n<p>En tant que prestataire de services, nous sommes responsables de notre propre contenu de ces sites Internet conform\u00e9ment au paragraphe 7, sect. 1 de la loi allemande sur les t\u00e9l\u00e9m\u00e9dias (TMG). Toutefois, conform\u00e9ment aux paragraphes 8 \u00e0 10 de la loi allemande sur les t\u00e9l\u00e9m\u00e9dias (TMG), les prestataires de services ne sont pas tenus de surveiller en permanence les informations soumises ou stock\u00e9es ni de rechercher des preuves indiquant des activit\u00e9s ill\u00e9gales.<\/p>\n<p>Les obligations l\u00e9gales de supprimer des informations ou de bloquer l\u2019utilisation d\u2019informations ne sont pas remises en cause. La responsabilit\u00e9 n\u2019est dans ce cas possible qu\u2019au moment de la prise de connaissance d\u2019une violation sp\u00e9cifique de la loi. Les contenus ill\u00e9gaux seront supprim\u00e9s imm\u00e9diatement au moment o\u00f9 nous en aurons connaissance.<\/p>\n<h3>Responsabilit\u00e9 des liens<\/h3>\n<p>Notre offre comprend des liens vers des sites Internet externes de tiers. Nous n\u2019avons aucune influence sur le contenu de ces sites Internet et ne pouvons donc pas garantir leur contenu. Les fournisseurs ou les administrateurs des sites Internet li\u00e9s sont toujours responsables de leur propre contenu.<\/p>\n<p>Les sites li\u00e9s ont \u00e9t\u00e9 contr\u00f4l\u00e9s au moment de l\u2019\u00e9tablissement du lien pour d\u00e9tecter d\u2019\u00e9ventuelles violations de la loi. Aucun contenu ill\u00e9gal n\u2019a \u00e9t\u00e9 d\u00e9tect\u00e9 au moment de l\u2019\u00e9tablissement du lien. Un contr\u00f4le permanent du contenu des sites Internet li\u00e9s ne peut \u00eatre impos\u00e9 sans indications raisonnables d\u2019une violation de la loi. Les liens ill\u00e9gaux seront imm\u00e9diatement supprim\u00e9s au moment o\u00f9 nous en aurons connaissance.<\/p>\n<h3>Droits d\u2019auteur<\/h3>\n<p>Les contenus et compilations publi\u00e9s sur ces sites Internet par les fournisseurs sont soumis \u00e0 la l\u00e9gislation allemande sur les droits d\u2019auteur. La reproduction, l\u2019\u00e9dition, la distribution ainsi que l\u2019utilisation de toute sorte en dehors du champ d\u2019application de la loi sur le droit d\u2019auteur n\u00e9cessitent une autorisation \u00e9crite de l\u2019auteur ou du cr\u00e9ateur. Les t\u00e9l\u00e9chargements et les copies de ces sites Internet ne sont autoris\u00e9s que pour un usage priv\u00e9.<br \/>L\u2019utilisation commerciale de nos contenus sans l\u2019autorisation de l\u2019auteur est interdite.<\/p>\n<p>Les lois sur les droits d\u2019auteur de tiers sont respect\u00e9es tant que les contenus de ces sites Internet ne proviennent pas du fournisseur. Les contributions de tiers sur ce site sont indiqu\u00e9es comme telles. Toutefois, si vous constatez des violations de la loi sur les droits d\u2019auteur, veuillez nous en informer. Ces contenus seront imm\u00e9diatement supprim\u00e9s.<\/p>\n<p>Dans le cadre de la licence simplifi\u00e9e de Pixabay, nous remercions les photographes pour la possibilit\u00e9 d&rsquo;utilisation gratuite pour une application commerciale, imprim\u00e9e et num\u00e9rique, conform\u00e9ment \u00e0 la pr\u00e9sentation ci-dessous.<\/p>\n<p>Images d&rsquo;accueil Produits \/ Historique \/ Communication \/ Contact Distribution \/ T\u00e9l\u00e9chargements \/ Contact G\u00e9n\u00e9ral de Pixabay &#8211; Utilisation gratuite sous licence de contenu et aucun cr\u00e9dit photo s\u00e9par\u00e9 requis<\/p>\n<p>[\/et_pb_text][\/et_pb_column][\/et_pb_row][\/et_pb_section][et_pb_section fb_built=\u00a0\u00bb1&Prime; admin_label=\u00a0\u00bbFooter2&Prime; _builder_version=\u00a0\u00bb4.16&Prime; background_color=\u00a0\u00bb#022D64&Prime; custom_padding=\u00a0\u00bb|||\u00a0\u00bb saved_tabs=\u00a0\u00bball\u00a0\u00bb global_colors_info=\u00a0\u00bb{}\u00a0\u00bb][et_pb_row use_custom_gutter=\u00a0\u00bbon\u00a0\u00bb gutter_width=\u00a0\u00bb2&Prime; module_id=\u00a0\u00bbkontakt\u00a0\u00bb _builder_version=\u00a0\u00bb4.16&Prime; background_enable_color=\u00a0\u00bboff\u00a0\u00bb max_width=\u00a0\u00bb1440px\u00a0\u00bb use_custom_width=\u00a0\u00bbon\u00a0\u00bb custom_width_px=\u00a0\u00bb1440px\u00a0\u00bb locked=\u00a0\u00bboff\u00a0\u00bb global_colors_info=\u00a0\u00bb{}\u00a0\u00bb][et_pb_column type=\u00a0\u00bb4_4&Prime; _builder_version=\u00a0\u00bb4.16&Prime; custom_padding=\u00a0\u00bb|||\u00a0\u00bb global_colors_info=\u00a0\u00bb{}\u00a0\u00bb custom_padding__hover=\u00a0\u00bb|||\u00a0\u00bb][et_pb_menu menu_id=\u00a0\u00bb9&Prime; menu_style=\u00a0\u00bbcentered\u00a0\u00bb active_link_color=\u00a0\u00bb#ffffff\u00a0\u00bb logo=\u00a0\u00bbhttps:\/\/alpha-calcit.net\/wp-content\/uploads\/2020\/06\/alpha_logo-300&#215;87-1.png\u00a0\u00bb _builder_version=\u00a0\u00bb4.16&Prime; menu_text_color=\u00a0\u00bb#ffffff\u00a0\u00bb menu_font_size=\u00a0\u00bb16px\u00a0\u00bb background_color=\u00a0\u00bbrgba(0,0,0,0)\u00a0\u00bb background_layout=\u00a0\u00bbdark\u00a0\u00bb global_colors_info=\u00a0\u00bb{}\u00a0\u00bb][\/et_pb_menu][\/et_pb_column][\/et_pb_row][\/et_pb_section]<\/p>\n","protected":false},"excerpt":{"rendered":"<p>Notification relative au siteNotification relative au site Informations conform\u00e9ment \u00e0 la sect. 5 de la loi allemande sur les t\u00e9l\u00e9m\u00e9dias (TMG) Alpha Calcit F\u00fcllstoff GmbH &amp; Co. KG Otto-Hahn-Strasse 9-11 50997 K\u00f6ln Registre du commerce\u00a0: HR A 8514 \/ HR B 1354 Tribunal des registres\u00a0: Amtsgericht K\u00f6ln Repr\u00e9sent\u00e9 par\u00a0: Alpha Calcit F\u00fcllstoff GmbH &amp; Co. [&hellip;]<\/p>\n","protected":false},"author":2,"featured_media":0,"parent":0,"menu_order":0,"comment_status":"closed","ping_status":"closed","template":"","meta":{"_et_pb_use_builder":"on","_et_pb_old_content":"","_et_gb_content_width":"","footnotes":""},"class_list":["post-5134","page","type-page","status-publish","hentry"],"yoast_head":"<!-- This site is optimized with the Yoast SEO plugin v27.3 - https:\/\/yoast.com\/product\/yoast-seo-wordpress\/ -->\n<title>Notification relative au site - Alpha Calcit<\/title>\n<meta name=\"description\" content=\"Notification relative au siteInformations conform\u00e9ment \u00e0 la sect. 5 de la loi allemande sur les t\u00e9l\u00e9m\u00e9dias (TMG)\" \/>\n<meta name=\"robots\" content=\"index, follow, max-snippet:-1, max-image-preview:large, max-video-preview:-1\" \/>\n<link rel=\"canonical\" href=\"https:\/\/alpha-calcit.net\/fr\/site-notice\/\" \/>\n<meta property=\"og:locale\" content=\"fr_FR\" \/>\n<meta property=\"og:type\" content=\"article\" \/>\n<meta property=\"og:title\" content=\"Notification relative au site - Alpha Calcit\" \/>\n<meta property=\"og:description\" content=\"Notification relative au siteInformations conform\u00e9ment \u00e0 la sect. 5 de la loi allemande sur les t\u00e9l\u00e9m\u00e9dias (TMG)\" \/>\n<meta property=\"og:url\" content=\"https:\/\/alpha-calcit.net\/fr\/site-notice\/\" \/>\n<meta property=\"og:site_name\" content=\"Alpha Calcit\" \/>\n<meta property=\"article:modified_time\" content=\"2026-03-12T11:41:18+00:00\" \/>\n<meta name=\"twitter:card\" content=\"summary_large_image\" \/>\n<script type=\"application\/ld+json\" class=\"yoast-schema-graph\">{\"@context\":\"https:\\\/\\\/schema.org\",\"@graph\":[{\"@type\":\"WebPage\",\"@id\":\"https:\\\/\\\/alpha-calcit.net\\\/fr\\\/site-notice\\\/\",\"url\":\"https:\\\/\\\/alpha-calcit.net\\\/fr\\\/site-notice\\\/\",\"name\":\"Notification relative au site - Alpha Calcit\",\"isPartOf\":{\"@id\":\"https:\\\/\\\/alpha-calcit.net\\\/fr\\\/#website\"},\"datePublished\":\"2020-11-18T11:00:01+00:00\",\"dateModified\":\"2026-03-12T11:41:18+00:00\",\"description\":\"Notification relative au siteInformations conform\u00e9ment \u00e0 la sect. 5 de la loi allemande sur les t\u00e9l\u00e9m\u00e9dias (TMG)\",\"breadcrumb\":{\"@id\":\"https:\\\/\\\/alpha-calcit.net\\\/fr\\\/site-notice\\\/#breadcrumb\"},\"inLanguage\":\"fr-FR\",\"potentialAction\":[{\"@type\":\"ReadAction\",\"target\":[\"https:\\\/\\\/alpha-calcit.net\\\/fr\\\/site-notice\\\/\"]}]},{\"@type\":\"BreadcrumbList\",\"@id\":\"https:\\\/\\\/alpha-calcit.net\\\/fr\\\/site-notice\\\/#breadcrumb\",\"itemListElement\":[{\"@type\":\"ListItem\",\"position\":1,\"name\":\"Startseite\",\"item\":\"https:\\\/\\\/alpha-calcit.net\\\/fr\\\/\"},{\"@type\":\"ListItem\",\"position\":2,\"name\":\"Notification relative au site\"}]},{\"@type\":\"WebSite\",\"@id\":\"https:\\\/\\\/alpha-calcit.net\\\/fr\\\/#website\",\"url\":\"https:\\\/\\\/alpha-calcit.net\\\/fr\\\/\",\"name\":\"Alpha Calcit\",\"description\":\"\",\"publisher\":{\"@id\":\"https:\\\/\\\/alpha-calcit.net\\\/fr\\\/#organization\"},\"potentialAction\":[{\"@type\":\"SearchAction\",\"target\":{\"@type\":\"EntryPoint\",\"urlTemplate\":\"https:\\\/\\\/alpha-calcit.net\\\/fr\\\/?s={search_term_string}\"},\"query-input\":{\"@type\":\"PropertyValueSpecification\",\"valueRequired\":true,\"valueName\":\"search_term_string\"}}],\"inLanguage\":\"fr-FR\"},{\"@type\":\"Organization\",\"@id\":\"https:\\\/\\\/alpha-calcit.net\\\/fr\\\/#organization\",\"name\":\"Alpha Calcit F\u00fcllstoff Gesellschaft mbH & Co. KG\",\"alternateName\":\"Alpha Calcit\",\"url\":\"https:\\\/\\\/alpha-calcit.net\\\/fr\\\/\",\"logo\":{\"@type\":\"ImageObject\",\"inLanguage\":\"fr-FR\",\"@id\":\"https:\\\/\\\/alpha-calcit.net\\\/fr\\\/#\\\/schema\\\/logo\\\/image\\\/\",\"url\":\"https:\\\/\\\/alpha-calcit.net\\\/wp-content\\\/uploads\\\/2022\\\/07\\\/alpha-512px.png\",\"contentUrl\":\"https:\\\/\\\/alpha-calcit.net\\\/wp-content\\\/uploads\\\/2022\\\/07\\\/alpha-512px.png\",\"width\":512,\"height\":512,\"caption\":\"Alpha Calcit F\u00fcllstoff Gesellschaft mbH & Co. KG\"},\"image\":{\"@id\":\"https:\\\/\\\/alpha-calcit.net\\\/fr\\\/#\\\/schema\\\/logo\\\/image\\\/\"},\"sameAs\":[\"https:\\\/\\\/www.linkedin.com\\\/company\\\/106003634\"]}]}<\/script>\n<!-- \/ Yoast SEO plugin. -->","yoast_head_json":{"title":"Notification relative au site - Alpha Calcit","description":"Notification relative au siteInformations conform\u00e9ment \u00e0 la sect. 5 de la loi allemande sur les t\u00e9l\u00e9m\u00e9dias (TMG)","robots":{"index":"index","follow":"follow","max-snippet":"max-snippet:-1","max-image-preview":"max-image-preview:large","max-video-preview":"max-video-preview:-1"},"canonical":"https:\/\/alpha-calcit.net\/fr\/site-notice\/","og_locale":"fr_FR","og_type":"article","og_title":"Notification relative au site - Alpha Calcit","og_description":"Notification relative au siteInformations conform\u00e9ment \u00e0 la sect. 5 de la loi allemande sur les t\u00e9l\u00e9m\u00e9dias (TMG)","og_url":"https:\/\/alpha-calcit.net\/fr\/site-notice\/","og_site_name":"Alpha Calcit","article_modified_time":"2026-03-12T11:41:18+00:00","twitter_card":"summary_large_image","schema":{"@context":"https:\/\/schema.org","@graph":[{"@type":"WebPage","@id":"https:\/\/alpha-calcit.net\/fr\/site-notice\/","url":"https:\/\/alpha-calcit.net\/fr\/site-notice\/","name":"Notification relative au site - Alpha Calcit","isPartOf":{"@id":"https:\/\/alpha-calcit.net\/fr\/#website"},"datePublished":"2020-11-18T11:00:01+00:00","dateModified":"2026-03-12T11:41:18+00:00","description":"Notification relative au siteInformations conform\u00e9ment \u00e0 la sect. 5 de la loi allemande sur les t\u00e9l\u00e9m\u00e9dias (TMG)","breadcrumb":{"@id":"https:\/\/alpha-calcit.net\/fr\/site-notice\/#breadcrumb"},"inLanguage":"fr-FR","potentialAction":[{"@type":"ReadAction","target":["https:\/\/alpha-calcit.net\/fr\/site-notice\/"]}]},{"@type":"BreadcrumbList","@id":"https:\/\/alpha-calcit.net\/fr\/site-notice\/#breadcrumb","itemListElement":[{"@type":"ListItem","position":1,"name":"Startseite","item":"https:\/\/alpha-calcit.net\/fr\/"},{"@type":"ListItem","position":2,"name":"Notification relative au site"}]},{"@type":"WebSite","@id":"https:\/\/alpha-calcit.net\/fr\/#website","url":"https:\/\/alpha-calcit.net\/fr\/","name":"Alpha Calcit","description":"","publisher":{"@id":"https:\/\/alpha-calcit.net\/fr\/#organization"},"potentialAction":[{"@type":"SearchAction","target":{"@type":"EntryPoint","urlTemplate":"https:\/\/alpha-calcit.net\/fr\/?s={search_term_string}"},"query-input":{"@type":"PropertyValueSpecification","valueRequired":true,"valueName":"search_term_string"}}],"inLanguage":"fr-FR"},{"@type":"Organization","@id":"https:\/\/alpha-calcit.net\/fr\/#organization","name":"Alpha Calcit F\u00fcllstoff Gesellschaft mbH & Co. KG","alternateName":"Alpha Calcit","url":"https:\/\/alpha-calcit.net\/fr\/","logo":{"@type":"ImageObject","inLanguage":"fr-FR","@id":"https:\/\/alpha-calcit.net\/fr\/#\/schema\/logo\/image\/","url":"https:\/\/alpha-calcit.net\/wp-content\/uploads\/2022\/07\/alpha-512px.png","contentUrl":"https:\/\/alpha-calcit.net\/wp-content\/uploads\/2022\/07\/alpha-512px.png","width":512,"height":512,"caption":"Alpha Calcit F\u00fcllstoff Gesellschaft mbH & Co. KG"},"image":{"@id":"https:\/\/alpha-calcit.net\/fr\/#\/schema\/logo\/image\/"},"sameAs":["https:\/\/www.linkedin.com\/company\/106003634"]}]}},"_links":{"self":[{"href":"https:\/\/alpha-calcit.net\/fr\/wp-json\/wp\/v2\/pages\/5134","targetHints":{"allow":["GET"]}}],"collection":[{"href":"https:\/\/alpha-calcit.net\/fr\/wp-json\/wp\/v2\/pages"}],"about":[{"href":"https:\/\/alpha-calcit.net\/fr\/wp-json\/wp\/v2\/types\/page"}],"author":[{"embeddable":true,"href":"https:\/\/alpha-calcit.net\/fr\/wp-json\/wp\/v2\/users\/2"}],"replies":[{"embeddable":true,"href":"https:\/\/alpha-calcit.net\/fr\/wp-json\/wp\/v2\/comments?post=5134"}],"version-history":[{"count":15,"href":"https:\/\/alpha-calcit.net\/fr\/wp-json\/wp\/v2\/pages\/5134\/revisions"}],"predecessor-version":[{"id":18126,"href":"https:\/\/alpha-calcit.net\/fr\/wp-json\/wp\/v2\/pages\/5134\/revisions\/18126"}],"wp:attachment":[{"href":"https:\/\/alpha-calcit.net\/fr\/wp-json\/wp\/v2\/media?parent=5134"}],"curies":[{"name":"wp","href":"https:\/\/api.w.org\/{rel}","templated":true}]}}