{"id":5154,"date":"2020-11-18T12:00:06","date_gmt":"2020-11-18T11:00:06","guid":{"rendered":"https:\/\/alpha-calcit.net\/titanium-dioxides-white-pigments\/"},"modified":"2026-04-01T10:37:01","modified_gmt":"2026-04-01T08:37:01","slug":"titanium-dioxides-white-pigments","status":"publish","type":"page","link":"https:\/\/alpha-calcit.net\/fr\/titanium-dioxides-white-pigments\/","title":{"rendered":"Dioxydes de titane &#8211; Pigments blancs"},"content":{"rendered":"<p>[et_pb_section fb_built=\u00a0\u00bb1&Prime; next_background_color=\u00a0\u00bb#f7f7f7&Prime; admin_label=\u00a0\u00bbHero\u00a0\u00bb _builder_version=\u00a0\u00bb4.16&Prime; background_color=\u00a0\u00bb#00478a\u00a0\u00bb use_background_color_gradient=\u00a0\u00bbon\u00a0\u00bb background_color_gradient_direction=\u00a0\u00bb70deg\u00a0\u00bb background_color_gradient_stops=\u00a0\u00bbrgba(40,61,75,0.3) 0%|rgba(128,103,79,0.22) 100%\u00a0\u00bb background_color_gradient_overlays_image=\u00a0\u00bbon\u00a0\u00bb background_color_gradient_start=\u00a0\u00bbrgba(40,61,75,0.3)\u00a0\u00bb background_color_gradient_end=\u00a0\u00bbrgba(128,103,79,0.22)\u00a0\u00bb background_image=\u00a0\u00bbhttps:\/\/alpha-calcit.net\/wp-content\/uploads\/2022\/07\/paint-933395-1-scaled.jpg\u00a0\u00bb custom_margin=\u00a0\u00bb|||\u00a0\u00bb custom_padding=\u00a0\u00bb6vw|||\u00a0\u00bb bottom_divider_style=\u00a0\u00bbmountains2&Prime; bottom_divider_height=\u00a0\u00bb20vw\u00a0\u00bb bottom_divider_repeat=\u00a0\u00bb0.5x\u00a0\u00bb bottom_divider_flip=\u00a0\u00bbhorizontal|vertical\u00a0\u00bb animation_style=\u00a0\u00bbzoom\u00a0\u00bb global_colors_info=\u00a0\u00bb{}\u00a0\u00bb][et_pb_row _builder_version=\u00a0\u00bb4.16&Prime; custom_margin=\u00a0\u00bb|||\u00a0\u00bb custom_padding=\u00a0\u00bb27px|0px|0|0px|false|false\u00a0\u00bb global_colors_info=\u00a0\u00bb{}\u00a0\u00bb][et_pb_column type=\u00a0\u00bb4_4&Prime; _builder_version=\u00a0\u00bb4.16&Prime; custom_padding=\u00a0\u00bb|||\u00a0\u00bb global_colors_info=\u00a0\u00bb{}\u00a0\u00bb custom_padding__hover=\u00a0\u00bb|||\u00a0\u00bb][et_pb_text _builder_version=\u00a0\u00bb4.16&Prime; text_font=\u00a0\u00bb||||||||\u00a0\u00bb header_font=\u00a0\u00bb|700|||||||\u00a0\u00bb header_text_color=\u00a0\u00bb#ffffff\u00a0\u00bb header_font_size=\u00a0\u00bb64px\u00a0\u00bb header_line_height=\u00a0\u00bb1.4em\u00a0\u00bb header_2_font=\u00a0\u00bbJosefin Sans||||||||\u00a0\u00bb header_2_text_color=\u00a0\u00bbrgba(255,255,255,0.6)\u00a0\u00bb header_2_font_size=\u00a0\u00bb32px\u00a0\u00bb header_2_line_height=\u00a0\u00bb1.4em\u00a0\u00bb background_layout=\u00a0\u00bbdark\u00a0\u00bb animation_style=\u00a0\u00bbslide\u00a0\u00bb animation_direction=\u00a0\u00bbright\u00a0\u00bb animation_intensity_slide=\u00a0\u00bb4%\u00a0\u00bb header_font_size_tablet=\u00a0\u00bb50px\u00a0\u00bb header_font_size_phone=\u00a0\u00bb32px\u00a0\u00bb header_font_size_last_edited=\u00a0\u00bbon|desktop\u00a0\u00bb header_2_font_size_tablet=\u00a0\u00bb\u00a0\u00bb header_2_font_size_phone=\u00a0\u00bb24px\u00a0\u00bb header_2_font_size_last_edited=\u00a0\u00bbon|phone\u00a0\u00bb header_text_shadow_style=\u00a0\u00bbpreset3&Prime; header_text_shadow_color=\u00a0\u00bb#000000&Prime; global_colors_info=\u00a0\u00bb{}\u00a0\u00bb]<\/p>\n<h1>Pigments blancs<br \/>\nDIOXYDES DE TITANE<\/h1>\n<p>[\/et_pb_text][\/et_pb_column][\/et_pb_row][et_pb_row column_structure=\u00a0\u00bb1_2,1_2&Prime; _builder_version=\u00a0\u00bb4.16&Prime; custom_padding=\u00a0\u00bb0|0px|27px|0px|false|false\u00a0\u00bb locked=\u00a0\u00bboff\u00a0\u00bb global_colors_info=\u00a0\u00bb{}\u00a0\u00bb][et_pb_column type=\u00a0\u00bb1_2&Prime; _builder_version=\u00a0\u00bb4.16&Prime; custom_padding=\u00a0\u00bb|||\u00a0\u00bb global_colors_info=\u00a0\u00bb{}\u00a0\u00bb custom_padding__hover=\u00a0\u00bb|||\u00a0\u00bb][et_pb_text _builder_version=\u00a0\u00bb4.16&Prime; global_colors_info=\u00a0\u00bb{}\u00a0\u00bb][\/et_pb_text][\/et_pb_column][et_pb_column type=\u00a0\u00bb1_2&Prime; _builder_version=\u00a0\u00bb4.16&Prime; custom_padding=\u00a0\u00bb|||\u00a0\u00bb global_colors_info=\u00a0\u00bb{}\u00a0\u00bb custom_padding__hover=\u00a0\u00bb|||\u00a0\u00bb][et_pb_button button_url=\u00a0\u00bb#sektion\u00a0\u00bb button_text=\u00a0\u00bbEn savoir plus &#8230;\u00a0\u00bb button_alignment=\u00a0\u00bbright\u00a0\u00bb module_id=\u00a0\u00bbsektion\u00a0\u00bb _builder_version=\u00a0\u00bb4.16&Prime; _module_preset=\u00a0\u00bbdefault\u00a0\u00bb custom_button=\u00a0\u00bbon\u00a0\u00bb button_text_size=\u00a0\u00bb23px\u00a0\u00bb button_text_color=\u00a0\u00bb#FFFFFF\u00a0\u00bb button_bg_color=\u00a0\u00bb#00478A\u00a0\u00bb button_border_width=\u00a0\u00bb0px\u00a0\u00bb button_border_color=\u00a0\u00bb#00478A\u00a0\u00bb button_border_radius=\u00a0\u00bb100px\u00a0\u00bb button_font=\u00a0\u00bb|700|||||||\u00a0\u00bb custom_margin=\u00a0\u00bb|90px|||false|false\u00a0\u00bb animation_style=\u00a0\u00bbslide\u00a0\u00bb animation_intensity_slide=\u00a0\u00bb8%\u00a0\u00bb box_shadow_style=\u00a0\u00bbpreset3&Prime; box_shadow_blur=\u00a0\u00bb20px\u00a0\u00bb box_shadow_spread=\u00a0\u00bb-10px\u00a0\u00bb global_colors_info=\u00a0\u00bb{}\u00a0\u00bb][\/et_pb_button][\/et_pb_column][\/et_pb_row][et_pb_row use_custom_gutter=\u00a0\u00bbon\u00a0\u00bb gutter_width=\u00a0\u00bb1&Prime; disabled_on=\u00a0\u00bbon|off|off\u00a0\u00bb module_class=\u00a0\u00bb et_pb_row_fullwidth\u00a0\u00bb _builder_version=\u00a0\u00bb4.16&Prime; width=\u00a0\u00bb100%\u00a0\u00bb width_tablet=\u00a0\u00bb100%\u00a0\u00bb width_phone=\u00a0\u00bb\u00a0\u00bb width_last_edited=\u00a0\u00bbon|desktop\u00a0\u00bb max_width=\u00a0\u00bb100%\u00a0\u00bb max_width_tablet=\u00a0\u00bb100%\u00a0\u00bb max_width_phone=\u00a0\u00bb\u00a0\u00bb max_width_last_edited=\u00a0\u00bbon|desktop\u00a0\u00bb make_fullwidth=\u00a0\u00bbon\u00a0\u00bb locked=\u00a0\u00bboff\u00a0\u00bb global_colors_info=\u00a0\u00bb{}\u00a0\u00bb][et_pb_column type=\u00a0\u00bb4_4&Prime; _builder_version=\u00a0\u00bb4.16&Prime; custom_padding=\u00a0\u00bb|||\u00a0\u00bb global_colors_info=\u00a0\u00bb{}\u00a0\u00bb custom_padding__hover=\u00a0\u00bb|||\u00a0\u00bb][\/et_pb_column][\/et_pb_row][\/et_pb_section][et_pb_section fb_built=\u00a0\u00bb1&Prime; _builder_version=\u00a0\u00bb4.16&Prime; background_color=\u00a0\u00bb#f7f7f7&Prime; min_height=\u00a0\u00bb405.8px\u00a0\u00bb custom_margin=\u00a0\u00bb||-51px|||\u00a0\u00bb global_colors_info=\u00a0\u00bb{}\u00a0\u00bb][et_pb_row _builder_version=\u00a0\u00bb4.27.3&Prime; custom_margin=\u00a0\u00bb||||false|false\u00a0\u00bb custom_padding=\u00a0\u00bb|0px||||\u00a0\u00bb global_colors_info=\u00a0\u00bb{}\u00a0\u00bb][et_pb_column type=\u00a0\u00bb4_4&Prime; _builder_version=\u00a0\u00bb4.16&Prime; global_colors_info=\u00a0\u00bb{}\u00a0\u00bb][et_pb_text _builder_version=\u00a0\u00bb4.27.3&Prime; header_font=\u00a0\u00bb|700|||||||\u00a0\u00bb header_line_height=\u00a0\u00bb1.7em\u00a0\u00bb header_2_font=\u00a0\u00bb|700||on|||||\u00a0\u00bb header_2_font_size=\u00a0\u00bb42px\u00a0\u00bb header_2_line_height=\u00a0\u00bb1.7em\u00a0\u00bb header_3_font=\u00a0\u00bb|300|||||||\u00a0\u00bb header_3_font_size=\u00a0\u00bb25px\u00a0\u00bb header_3_line_height=\u00a0\u00bb1.2em\u00a0\u00bb width=\u00a0\u00bb100%\u00a0\u00bb custom_margin=\u00a0\u00bb||||false|false\u00a0\u00bb custom_padding=\u00a0\u00bb|0px|||false|false\u00a0\u00bb global_colors_info=\u00a0\u00bb{}\u00a0\u00bb]<\/p>\n<p style=\"text-align: left;\"><span style=\"font-size: medium;\">Le pigment de dioxyde de titane (TiO<sub>2<\/sub>) est l&rsquo;un des pigments blancs les plus efficaces du march\u00e9. Il se caract\u00e9rise par son excellent pouvoir couvrant, sa grande blancheur et sa surface sp\u00e9cifique \u00e9lev\u00e9e.<\/span><\/p>\n<p><span style=\"font-size: medium;\">Les principaux avantages de l&rsquo;utilisation de nos produits \u00e0 base de TiO<sub>2<\/sub> sont la brillance et un indice de r\u00e9fraction tr\u00e8s \u00e9lev\u00e9, ainsi que son excellente aptitude au traitement des pigments, sa durabilit\u00e9, sa stabilit\u00e9 thermique et son activit\u00e9 photochimique.<\/span><\/p>\n<p><span style=\"font-size: medium;\">En raison de son opacit\u00e9 \u00e9lev\u00e9e, le TiO<sub>2 <\/sub>est particuli\u00e8rement adapt\u00e9 aux applications suivantes:<\/span><\/p>\n<ul>\n<li><span style=\"font-size: medium;\">Peinture<\/span><\/li>\n<li><span style=\"font-size: medium;\">Plastiques<\/span><\/li>\n<li><span style=\"font-size: medium;\">Papiers<\/span><\/li>\n<li><span style=\"font-size: medium;\">Encre<\/span><\/li>\n<li><span style=\"font-size: medium;\">Rev\u00eatements<\/span><\/li>\n<li><span style=\"font-size: medium;\">M\u00e9dicaments et dentifrice<\/span><\/li>\n<\/ul>\n<p style=\"text-align: left;\">\n<p>[\/et_pb_text][\/et_pb_column][\/et_pb_row][\/et_pb_section][et_pb_section fb_built=\u00a0\u00bb1&Prime; _builder_version=\u00a0\u00bb4.16&Prime; global_colors_info=\u00a0\u00bb{}\u00a0\u00bb][et_pb_row _builder_version=\u00a0\u00bb4.27.3&Prime; custom_margin=\u00a0\u00bb||||false|false\u00a0\u00bb custom_padding=\u00a0\u00bb||||false|false\u00a0\u00bb global_colors_info=\u00a0\u00bb{}\u00a0\u00bb][et_pb_column type=\u00a0\u00bb4_4&Prime; _builder_version=\u00a0\u00bb4.16&Prime; global_colors_info=\u00a0\u00bb{}\u00a0\u00bb][et_pb_text _builder_version=\u00a0\u00bb4.23.4&Prime; header_line_height=\u00a0\u00bb1.4em\u00a0\u00bb header_2_font_size=\u00a0\u00bb50px\u00a0\u00bb header_2_line_height=\u00a0\u00bb1.4em\u00a0\u00bb header_2_font_size_tablet=\u00a0\u00bb\u00a0\u00bb header_2_font_size_phone=\u00a0\u00bb\u00a0\u00bb header_2_font_size_last_edited=\u00a0\u00bbon|desktop\u00a0\u00bb global_colors_info=\u00a0\u00bb{}\u00a0\u00bb]<\/p>\n<h3><span style=\"color: #00478a;\"><em><strong>ALPHAWHITE\u00ae<\/strong><\/em><\/span><\/h3>\n<p><span style=\"font-size: medium;\">La famille de produits <span style=\"color: #00478a;\"><em><strong>ALPHAWHITE\u00ae<\/strong><\/em><\/span> comprend des grades de dioxyde de titane pr\u00e9dispers\u00e9s.<\/span><br \/><span style=\"font-size: medium;\">L&rsquo;utilisation de ces produits permet d&rsquo;\u00e9viter les probl\u00e8mes de dispersion souvent d\u00e9crits par les utilisateurs lors de la dispersion de dioxyde de titane pur et extr\u00eamement fin.<\/span><br \/><span style=\"font-size: medium;\">L&rsquo;efficacit\u00e9 de ces dioxydes de titane se d\u00e9veloppe pleinement dans un temps de dispersion tr\u00e8s court.<\/span><\/p>\n<p><span style=\"font-size: medium;\">Pour s\u00e9lectionner la variante optimale pour votre application, veuillez nous contacter &#8211; les produits suivants sont disponibles :<\/span><\/p>\n<p><span style=\"font-size: medium;\">\u00a0<\/span><\/p>\n<ul>\n<li style=\"text-align: left;\"><span style=\"font-size: medium;\"><a href=\"https:\/\/alpha-calcit.net\/wp-content\/uploads\/2022\/10\/Application-leaflet_ALPHAWHITE.pdf\"><span style=\"color: #00478a;\"><em><strong>ALPHAWHITE\u00ae TI RC GX\u00a0 1 P \/ 81 P<\/strong><\/em><\/span><\/a><\/span><\/li>\n<li><span style=\"font-size: medium;\"><a href=\"https:\/\/alpha-calcit.net\/wp-content\/uploads\/2024\/04\/AL-ALPHAWHITE-TI-RC-823_Vers.-08.2023_KS.pdf\"><span style=\"color: #00478a;\"><em><strong>ALPHAWHITE\u00ae RC 823<\/strong><\/em><\/span><\/a><\/span><\/li>\n<li><span style=\"color: #00478a; font-size: medium;\"><em><strong>Dioxyde de titane RCL 188 \/ 595 \/ 596\/ 696 (sur demande sp\u00e9ciale)<\/strong><\/em><\/span><\/li>\n<\/ul>\n<p>[\/et_pb_text][\/et_pb_column][\/et_pb_row][\/et_pb_section][et_pb_section fb_built=\u00a0\u00bb1&Prime; admin_label=\u00a0\u00bbFooter1&Prime; _builder_version=\u00a0\u00bb4.27.3&Prime; background_color=\u00a0\u00bb#022D64&Prime; min_height=\u00a0\u00bb520px\u00a0\u00bb custom_margin=\u00a0\u00bb0px||||false|false\u00a0\u00bb custom_padding=\u00a0\u00bb||||false|false\u00a0\u00bb global_module=\u00a0\u00bb9292&Prime; saved_tabs=\u00a0\u00bball\u00a0\u00bb global_colors_info=\u00a0\u00bb{}\u00a0\u00bb][et_pb_row use_custom_gutter=\u00a0\u00bbon\u00a0\u00bb gutter_width=\u00a0\u00bb2&Prime; module_id=\u00a0\u00bbkontakt\u00a0\u00bb _builder_version=\u00a0\u00bb4.16&Prime; background_color=\u00a0\u00bbRGBA(255,255,255,0)\u00a0\u00bb positioning=\u00a0\u00bbnone\u00a0\u00bb max_width=\u00a0\u00bb1440px\u00a0\u00bb use_custom_width=\u00a0\u00bbon\u00a0\u00bb custom_width_px=\u00a0\u00bb1440px\u00a0\u00bb locked=\u00a0\u00bboff\u00a0\u00bb global_colors_info=\u00a0\u00bb{}\u00a0\u00bb][et_pb_column type=\u00a0\u00bb4_4&Prime; _builder_version=\u00a0\u00bb4.16&Prime; custom_padding=\u00a0\u00bb|||\u00a0\u00bb global_colors_info=\u00a0\u00bb{}\u00a0\u00bb custom_padding__hover=\u00a0\u00bb|||\u00a0\u00bb][et_pb_menu menu_id=\u00a0\u00bb20&Prime; menu_style=\u00a0\u00bbcentered\u00a0\u00bb active_link_color=\u00a0\u00bb#FFFFFF\u00a0\u00bb dropdown_menu_bg_color=\u00a0\u00bb#00478A\u00a0\u00bb dropdown_menu_line_color=\u00a0\u00bb#00478A\u00a0\u00bb dropdown_menu_text_color=\u00a0\u00bb#FFFFFF\u00a0\u00bb dropdown_menu_active_link_color=\u00a0\u00bb#FFFFFF\u00a0\u00bb mobile_menu_bg_color=\u00a0\u00bb#00478A\u00a0\u00bb mobile_menu_text_color=\u00a0\u00bb#FFFFFF\u00a0\u00bb logo=\u00a0\u00bbhttps:\/\/alpha-calcit.net\/wp-content\/uploads\/2020\/06\/alpha_logo-300&#215;87-1.png\u00a0\u00bb _builder_version=\u00a0\u00bb4.16&Prime; _module_preset=\u00a0\u00bbdefault\u00a0\u00bb menu_text_color=\u00a0\u00bb#FFFFFF\u00a0\u00bb background_color=\u00a0\u00bbRGBA(255,255,255,0)\u00a0\u00bb global_colors_info=\u00a0\u00bb{}\u00a0\u00bb][\/et_pb_menu][\/et_pb_column][\/et_pb_row][\/et_pb_section]<\/p>\n","protected":false},"excerpt":{"rendered":"<p>Pigments blancs DIOXYDES DE TITANE Le pigment de dioxyde de titane (TiO2) est l&rsquo;un des pigments blancs les plus efficaces du march\u00e9. Il se caract\u00e9rise par son excellent pouvoir couvrant, sa grande blancheur et sa surface sp\u00e9cifique \u00e9lev\u00e9e. Les principaux avantages de l&rsquo;utilisation de nos produits \u00e0 base de TiO2 sont la brillance et un [&hellip;]<\/p>\n","protected":false},"author":2,"featured_media":0,"parent":0,"menu_order":0,"comment_status":"closed","ping_status":"closed","template":"","meta":{"_et_pb_use_builder":"on","_et_pb_old_content":"","_et_gb_content_width":"","footnotes":""},"class_list":["post-5154","page","type-page","status-publish","hentry"],"yoast_head":"<!-- This site is optimized with the Yoast SEO plugin v27.3 - https:\/\/yoast.com\/product\/yoast-seo-wordpress\/ -->\n<title>Dioxydes de titane - Pigments blancs - Alpha Calcit<\/title>\n<meta name=\"description\" content=\"Le pigment de dioxyde de titane (TiO2) est l\u2019un des pigments blancs les plus efficaces du march\u00e9. Il se caract\u00e9rise par son excellent pouvoir couvrant, sa grande blancheur et sa surface sp\u00e9cifique \u00e9lev\u00e9e.\" \/>\n<meta name=\"robots\" content=\"index, follow, max-snippet:-1, max-image-preview:large, max-video-preview:-1\" \/>\n<link rel=\"canonical\" href=\"https:\/\/alpha-calcit.net\/fr\/titanium-dioxides-white-pigments\/\" \/>\n<meta property=\"og:locale\" content=\"fr_FR\" \/>\n<meta property=\"og:type\" content=\"article\" \/>\n<meta property=\"og:title\" content=\"Dioxydes de titane - Pigments blancs - Alpha Calcit\" \/>\n<meta property=\"og:description\" content=\"Le pigment de dioxyde de titane (TiO2) est l\u2019un des pigments blancs les plus efficaces du march\u00e9. Il se caract\u00e9rise par son excellent pouvoir couvrant, sa grande blancheur et sa surface sp\u00e9cifique \u00e9lev\u00e9e.\" \/>\n<meta property=\"og:url\" content=\"https:\/\/alpha-calcit.net\/fr\/titanium-dioxides-white-pigments\/\" \/>\n<meta property=\"og:site_name\" content=\"Alpha Calcit\" \/>\n<meta property=\"article:modified_time\" content=\"2026-04-01T08:37:01+00:00\" \/>\n<meta name=\"twitter:card\" content=\"summary_large_image\" \/>\n<script type=\"application\/ld+json\" class=\"yoast-schema-graph\">{\"@context\":\"https:\\\/\\\/schema.org\",\"@graph\":[{\"@type\":\"WebPage\",\"@id\":\"https:\\\/\\\/alpha-calcit.net\\\/fr\\\/titanium-dioxides-white-pigments\\\/\",\"url\":\"https:\\\/\\\/alpha-calcit.net\\\/fr\\\/titanium-dioxides-white-pigments\\\/\",\"name\":\"Dioxydes de titane - Pigments blancs - Alpha Calcit\",\"isPartOf\":{\"@id\":\"https:\\\/\\\/alpha-calcit.net\\\/fr\\\/#website\"},\"datePublished\":\"2020-11-18T11:00:06+00:00\",\"dateModified\":\"2026-04-01T08:37:01+00:00\",\"description\":\"Le pigment de dioxyde de titane (TiO2) est l\u2019un des pigments blancs les plus efficaces du march\u00e9. Il se caract\u00e9rise par son excellent pouvoir couvrant, sa grande blancheur et sa surface sp\u00e9cifique \u00e9lev\u00e9e.\",\"breadcrumb\":{\"@id\":\"https:\\\/\\\/alpha-calcit.net\\\/fr\\\/titanium-dioxides-white-pigments\\\/#breadcrumb\"},\"inLanguage\":\"fr-FR\",\"potentialAction\":[{\"@type\":\"ReadAction\",\"target\":[\"https:\\\/\\\/alpha-calcit.net\\\/fr\\\/titanium-dioxides-white-pigments\\\/\"]}]},{\"@type\":\"BreadcrumbList\",\"@id\":\"https:\\\/\\\/alpha-calcit.net\\\/fr\\\/titanium-dioxides-white-pigments\\\/#breadcrumb\",\"itemListElement\":[{\"@type\":\"ListItem\",\"position\":1,\"name\":\"Startseite\",\"item\":\"https:\\\/\\\/alpha-calcit.net\\\/fr\\\/\"},{\"@type\":\"ListItem\",\"position\":2,\"name\":\"Dioxydes de titane &#8211; Pigments blancs\"}]},{\"@type\":\"WebSite\",\"@id\":\"https:\\\/\\\/alpha-calcit.net\\\/fr\\\/#website\",\"url\":\"https:\\\/\\\/alpha-calcit.net\\\/fr\\\/\",\"name\":\"Alpha Calcit\",\"description\":\"\",\"publisher\":{\"@id\":\"https:\\\/\\\/alpha-calcit.net\\\/fr\\\/#organization\"},\"potentialAction\":[{\"@type\":\"SearchAction\",\"target\":{\"@type\":\"EntryPoint\",\"urlTemplate\":\"https:\\\/\\\/alpha-calcit.net\\\/fr\\\/?s={search_term_string}\"},\"query-input\":{\"@type\":\"PropertyValueSpecification\",\"valueRequired\":true,\"valueName\":\"search_term_string\"}}],\"inLanguage\":\"fr-FR\"},{\"@type\":\"Organization\",\"@id\":\"https:\\\/\\\/alpha-calcit.net\\\/fr\\\/#organization\",\"name\":\"Alpha Calcit F\u00fcllstoff Gesellschaft mbH & Co. KG\",\"alternateName\":\"Alpha Calcit\",\"url\":\"https:\\\/\\\/alpha-calcit.net\\\/fr\\\/\",\"logo\":{\"@type\":\"ImageObject\",\"inLanguage\":\"fr-FR\",\"@id\":\"https:\\\/\\\/alpha-calcit.net\\\/fr\\\/#\\\/schema\\\/logo\\\/image\\\/\",\"url\":\"https:\\\/\\\/alpha-calcit.net\\\/wp-content\\\/uploads\\\/2022\\\/07\\\/alpha-512px.png\",\"contentUrl\":\"https:\\\/\\\/alpha-calcit.net\\\/wp-content\\\/uploads\\\/2022\\\/07\\\/alpha-512px.png\",\"width\":512,\"height\":512,\"caption\":\"Alpha Calcit F\u00fcllstoff Gesellschaft mbH & Co. KG\"},\"image\":{\"@id\":\"https:\\\/\\\/alpha-calcit.net\\\/fr\\\/#\\\/schema\\\/logo\\\/image\\\/\"},\"sameAs\":[\"https:\\\/\\\/www.linkedin.com\\\/company\\\/106003634\"]}]}<\/script>\n<!-- \/ Yoast SEO plugin. -->","yoast_head_json":{"title":"Dioxydes de titane - Pigments blancs - Alpha Calcit","description":"Le pigment de dioxyde de titane (TiO2) est l\u2019un des pigments blancs les plus efficaces du march\u00e9. Il se caract\u00e9rise par son excellent pouvoir couvrant, sa grande blancheur et sa surface sp\u00e9cifique \u00e9lev\u00e9e.","robots":{"index":"index","follow":"follow","max-snippet":"max-snippet:-1","max-image-preview":"max-image-preview:large","max-video-preview":"max-video-preview:-1"},"canonical":"https:\/\/alpha-calcit.net\/fr\/titanium-dioxides-white-pigments\/","og_locale":"fr_FR","og_type":"article","og_title":"Dioxydes de titane - Pigments blancs - Alpha Calcit","og_description":"Le pigment de dioxyde de titane (TiO2) est l\u2019un des pigments blancs les plus efficaces du march\u00e9. Il se caract\u00e9rise par son excellent pouvoir couvrant, sa grande blancheur et sa surface sp\u00e9cifique \u00e9lev\u00e9e.","og_url":"https:\/\/alpha-calcit.net\/fr\/titanium-dioxides-white-pigments\/","og_site_name":"Alpha Calcit","article_modified_time":"2026-04-01T08:37:01+00:00","twitter_card":"summary_large_image","schema":{"@context":"https:\/\/schema.org","@graph":[{"@type":"WebPage","@id":"https:\/\/alpha-calcit.net\/fr\/titanium-dioxides-white-pigments\/","url":"https:\/\/alpha-calcit.net\/fr\/titanium-dioxides-white-pigments\/","name":"Dioxydes de titane - Pigments blancs - Alpha Calcit","isPartOf":{"@id":"https:\/\/alpha-calcit.net\/fr\/#website"},"datePublished":"2020-11-18T11:00:06+00:00","dateModified":"2026-04-01T08:37:01+00:00","description":"Le pigment de dioxyde de titane (TiO2) est l\u2019un des pigments blancs les plus efficaces du march\u00e9. Il se caract\u00e9rise par son excellent pouvoir couvrant, sa grande blancheur et sa surface sp\u00e9cifique \u00e9lev\u00e9e.","breadcrumb":{"@id":"https:\/\/alpha-calcit.net\/fr\/titanium-dioxides-white-pigments\/#breadcrumb"},"inLanguage":"fr-FR","potentialAction":[{"@type":"ReadAction","target":["https:\/\/alpha-calcit.net\/fr\/titanium-dioxides-white-pigments\/"]}]},{"@type":"BreadcrumbList","@id":"https:\/\/alpha-calcit.net\/fr\/titanium-dioxides-white-pigments\/#breadcrumb","itemListElement":[{"@type":"ListItem","position":1,"name":"Startseite","item":"https:\/\/alpha-calcit.net\/fr\/"},{"@type":"ListItem","position":2,"name":"Dioxydes de titane &#8211; Pigments blancs"}]},{"@type":"WebSite","@id":"https:\/\/alpha-calcit.net\/fr\/#website","url":"https:\/\/alpha-calcit.net\/fr\/","name":"Alpha Calcit","description":"","publisher":{"@id":"https:\/\/alpha-calcit.net\/fr\/#organization"},"potentialAction":[{"@type":"SearchAction","target":{"@type":"EntryPoint","urlTemplate":"https:\/\/alpha-calcit.net\/fr\/?s={search_term_string}"},"query-input":{"@type":"PropertyValueSpecification","valueRequired":true,"valueName":"search_term_string"}}],"inLanguage":"fr-FR"},{"@type":"Organization","@id":"https:\/\/alpha-calcit.net\/fr\/#organization","name":"Alpha Calcit F\u00fcllstoff Gesellschaft mbH & Co. KG","alternateName":"Alpha Calcit","url":"https:\/\/alpha-calcit.net\/fr\/","logo":{"@type":"ImageObject","inLanguage":"fr-FR","@id":"https:\/\/alpha-calcit.net\/fr\/#\/schema\/logo\/image\/","url":"https:\/\/alpha-calcit.net\/wp-content\/uploads\/2022\/07\/alpha-512px.png","contentUrl":"https:\/\/alpha-calcit.net\/wp-content\/uploads\/2022\/07\/alpha-512px.png","width":512,"height":512,"caption":"Alpha Calcit F\u00fcllstoff Gesellschaft mbH & Co. KG"},"image":{"@id":"https:\/\/alpha-calcit.net\/fr\/#\/schema\/logo\/image\/"},"sameAs":["https:\/\/www.linkedin.com\/company\/106003634"]}]}},"_links":{"self":[{"href":"https:\/\/alpha-calcit.net\/fr\/wp-json\/wp\/v2\/pages\/5154","targetHints":{"allow":["GET"]}}],"collection":[{"href":"https:\/\/alpha-calcit.net\/fr\/wp-json\/wp\/v2\/pages"}],"about":[{"href":"https:\/\/alpha-calcit.net\/fr\/wp-json\/wp\/v2\/types\/page"}],"author":[{"embeddable":true,"href":"https:\/\/alpha-calcit.net\/fr\/wp-json\/wp\/v2\/users\/2"}],"replies":[{"embeddable":true,"href":"https:\/\/alpha-calcit.net\/fr\/wp-json\/wp\/v2\/comments?post=5154"}],"version-history":[{"count":32,"href":"https:\/\/alpha-calcit.net\/fr\/wp-json\/wp\/v2\/pages\/5154\/revisions"}],"predecessor-version":[{"id":18335,"href":"https:\/\/alpha-calcit.net\/fr\/wp-json\/wp\/v2\/pages\/5154\/revisions\/18335"}],"wp:attachment":[{"href":"https:\/\/alpha-calcit.net\/fr\/wp-json\/wp\/v2\/media?parent=5154"}],"curies":[{"name":"wp","href":"https:\/\/api.w.org\/{rel}","templated":true}]}}