{"id":15602,"date":"2025-09-28T17:55:33","date_gmt":"2025-09-28T15:55:33","guid":{"rendered":"https:\/\/alpha-calcit.net\/carriera\/"},"modified":"2025-09-28T17:55:36","modified_gmt":"2025-09-28T15:55:36","slug":"carriera","status":"publish","type":"page","link":"https:\/\/alpha-calcit.net\/it\/carriera\/","title":{"rendered":"Carriera"},"content":{"rendered":"<p>[et_pb_section fb_built=&#8221;1&#8243; admin_label=&#8221;Hero&#8221; _builder_version=&#8221;4.16&#8243; background_enable_color=&#8221;off&#8221; use_background_color_gradient=&#8221;on&#8221; background_color_gradient_direction=&#8221;70deg&#8221; background_color_gradient_stops=&#8221;rgba(40,61,75,0.3) 0%|rgba(128,103,79,0.22) 100%&#8221; background_color_gradient_overlays_image=&#8221;on&#8221; background_color_gradient_start=&#8221;rgba(40,61,75,0.3)&#8221; background_color_gradient_end=&#8221;rgba(128,103,79,0.22)&#8221; background_image=&#8221;https:\/\/alpha-calcit.net\/wp-content\/uploads\/2022\/07\/hands-g08fbc0cb0_1920x817.png&#8221; height=&#8221;650px&#8221; height_tablet=&#8221;875px&#8221; height_phone=&#8221;335px&#8221; height_last_edited=&#8221;on|phone&#8221; custom_margin=&#8221;|||&#8221; custom_padding=&#8221;6vw|||&#8221; bottom_divider_style=&#8221;mountains2&#8243; bottom_divider_color=&#8221;#ffffff&#8221; bottom_divider_height=&#8221;20vw&#8221; bottom_divider_repeat=&#8221;0.5x&#8221; bottom_divider_flip=&#8221;horizontal|vertical&#8221; animation_style=&#8221;zoom&#8221; global_colors_info=&#8221;{}&#8221;][et_pb_row _builder_version=&#8221;4.16&#8243; custom_margin=&#8221;|||&#8221; custom_padding=&#8221;27px|0px|0|0px|false|false&#8221; global_colors_info=&#8221;{}&#8221;][et_pb_column type=&#8221;4_4&#8243; _builder_version=&#8221;4.16&#8243; custom_padding=&#8221;|||&#8221; global_colors_info=&#8221;{}&#8221; custom_padding__hover=&#8221;|||&#8221;][et_pb_text _builder_version=&#8221;4.16&#8243; text_font=&#8221;||||||||&#8221; header_font=&#8221;|700|||||||&#8221; header_text_color=&#8221;#ffffff&#8221; header_font_size=&#8221;90px&#8221; header_line_height=&#8221;1.4em&#8221; header_2_font=&#8221;Josefin Sans||||||||&#8221; header_2_text_color=&#8221;rgba(255,255,255,0.6)&#8221; header_2_font_size=&#8221;32px&#8221; header_2_line_height=&#8221;1.4em&#8221; background_layout=&#8221;dark&#8221; animation_style=&#8221;slide&#8221; animation_direction=&#8221;right&#8221; animation_intensity_slide=&#8221;4%&#8221; header_font_size_tablet=&#8221;50px&#8221; header_font_size_phone=&#8221;32px&#8221; header_font_size_last_edited=&#8221;on|desktop&#8221; header_2_font_size_tablet=&#8221;&#8221; header_2_font_size_phone=&#8221;24px&#8221; header_2_font_size_last_edited=&#8221;on|phone&#8221; header_text_shadow_style=&#8221;preset3&#8243; header_text_shadow_color=&#8221;#000000&#8243; global_colors_info=&#8221;{}&#8221;]<\/p>\n<h1>Carriera<\/h1>\n<p>[\/et_pb_text][\/et_pb_column][\/et_pb_row][et_pb_row column_structure=&#8221;1_2,1_2&#8243; _builder_version=&#8221;4.16&#8243; custom_padding=&#8221;0|0px|27px|0px|false|false&#8221; locked=&#8221;off&#8221; global_colors_info=&#8221;{}&#8221;][et_pb_column type=&#8221;1_2&#8243; _builder_version=&#8221;4.16&#8243; custom_padding=&#8221;|||&#8221; global_colors_info=&#8221;{}&#8221; custom_padding__hover=&#8221;|||&#8221;][et_pb_text _builder_version=&#8221;4.16&#8243; header_3_font=&#8221;|800|||||||&#8221; header_3_text_color=&#8221;#ffffff&#8221; header_3_font_size=&#8221;26px&#8221; background_enable_color=&#8221;off&#8221; custom_padding=&#8221;20px|20px|20px|20px|false|false&#8221; header_3_text_shadow_style=&#8221;preset3&#8243; header_3_text_shadow_color=&#8221;#000000&#8243; global_colors_info=&#8221;{}&#8221;][\/et_pb_text][et_pb_divider show_divider=&#8221;off&#8221; _builder_version=&#8221;4.16&#8243; global_colors_info=&#8221;{}&#8221;][\/et_pb_divider][\/et_pb_column][et_pb_column type=&#8221;1_2&#8243; _builder_version=&#8221;4.16&#8243; custom_padding=&#8221;|||&#8221; global_colors_info=&#8221;{}&#8221; custom_padding__hover=&#8221;|||&#8221;][et_pb_button button_url=&#8221;#sektion&#8221; button_text=&#8221;Per saperne di pi\u00f9 &#8230;&#8221; button_alignment=&#8221;right&#8221; module_id=&#8221;sektion&#8221; _builder_version=&#8221;4.27.3&#8243; _module_preset=&#8221;default&#8221; custom_button=&#8221;on&#8221; button_text_size=&#8221;23px&#8221; button_text_color=&#8221;#FFFFFF&#8221; button_bg_color=&#8221;#00478A&#8221; button_border_width=&#8221;0px&#8221; button_border_color=&#8221;#00478A&#8221; button_border_radius=&#8221;100px&#8221; button_font=&#8221;|700|||||||&#8221; button_icon_color=&#8221;#FFFFFF&#8221; animation_style=&#8221;slide&#8221; animation_direction=&#8221;left&#8221; animation_intensity_slide=&#8221;8%&#8221; box_shadow_style=&#8221;preset3&#8243; box_shadow_blur=&#8221;20px&#8221; box_shadow_spread=&#8221;-10px&#8221; global_colors_info=&#8221;{}&#8221;][\/et_pb_button][\/et_pb_column][\/et_pb_row][et_pb_row use_custom_gutter=&#8221;on&#8221; gutter_width=&#8221;1&#8243; disabled_on=&#8221;on|off|off&#8221; module_class=&#8221; et_pb_row_fullwidth&#8221; _builder_version=&#8221;4.16&#8243; width=&#8221;100%&#8221; width_tablet=&#8221;100%&#8221; width_phone=&#8221;&#8221; width_last_edited=&#8221;on|desktop&#8221; max_width=&#8221;100%&#8221; max_width_tablet=&#8221;100%&#8221; max_width_phone=&#8221;&#8221; max_width_last_edited=&#8221;on|desktop&#8221; make_fullwidth=&#8221;on&#8221; locked=&#8221;off&#8221; global_colors_info=&#8221;{}&#8221;][et_pb_column type=&#8221;4_4&#8243; _builder_version=&#8221;4.16&#8243; custom_padding=&#8221;|||&#8221; global_colors_info=&#8221;{}&#8221; custom_padding__hover=&#8221;|||&#8221;][et_pb_text _builder_version=&#8221;4.16&#8243; text_font=&#8221;Josefin Sans|700||on|||||&#8221; text_text_color=&#8221;rgba(255,255,255,0.2)&#8221; text_font_size=&#8221;15vw&#8221; text_line_height=&#8221;1em&#8221; quote_font=&#8221;||||||||&#8221; header_font=&#8221;||||||||&#8221; custom_margin=&#8221;||-0.4em|&#8221; custom_padding=&#8221;|||&#8221; filter_blur=&#8221;7px&#8221; animation_style=&#8221;slide&#8221; animation_direction=&#8221;right&#8221; animation_duration=&#8221;10000ms&#8221; animation_intensity_slide=&#8221;10%&#8221; animation_starting_opacity=&#8221;40%&#8221; animation_speed_curve=&#8221;linear&#8221; text_font_size_tablet=&#8221;124px&#8221; text_font_size_phone=&#8221;90px&#8221; text_font_size_last_edited=&#8221;off|desktop&#8221; global_colors_info=&#8221;{}&#8221;][\/et_pb_text][\/et_pb_column][\/et_pb_row][\/et_pb_section][et_pb_section fb_built=&#8221;1&#8243; module_id=&#8221;testo&#8221; _builder_version=&#8221;4.23.4&#8243; custom_padding=&#8221;0px|||||&#8221; global_colors_info=&#8221;{}&#8221;][et_pb_row _builder_version=&#8221;4.16&#8243; global_colors_info=&#8221;{}&#8221;][et_pb_column type=&#8221;4_4&#8243; _builder_version=&#8221;4.16&#8243; global_colors_info=&#8221;{}&#8221;][et_pb_text _builder_version=&#8221;4.27.3&#8243; _module_preset=&#8221;default&#8221; inline_fonts=&#8221;Times New Roman&#8221; global_colors_info=&#8221;{}&#8221;]<\/p>\n<h3 style=\"text-align: left;\"><span style=\"color: #000080;\">Benvenuti in <span style=\"font-family: 'Times New Roman';\"><strong><em>ALPHA CALCIT &#8230;<\/em><\/strong><\/span><\/span><\/h3>\n<p>Entra a far parte della nostra storia di successo ultracentenaria nella nostra sede di Colonia: se desideri svolgere un ruolo attivo nel successo dell&#8217;azienda e contribuire a un&#8217;azienda di medie dimensioni a prova di futuro con divertimento e impegno, dovremmo conoscerci.<\/p>\n<p><span style=\"font-size: 14px;\"> <\/span><\/p>\n<h3 style=\"text-align: left;\"><span style=\"color: #000080;\">Chi siamo<\/span><\/h3>\n<p>Il gruppo Alpha Calcit \u00e8 uno dei principali fornitori di cariche e pigmenti bianchi per numerosi settori industriali in Europa, Stati Uniti, Africa e Asia. Tutte le attivit\u00e0 di vendita, logistica, tecnologia applicativa e amministrazione convergono a Colonia. L&#8217;azienda tradizionale \u00e8 stata fondata nel 1919 e da allora \u00e8 gestita come azienda familiare. La catena del valore, dai depositi di materie prime all&#8217;estrazione, alla lavorazione, all&#8217;ingegneria e alle operazioni di produzione proprie dell&#8217;azienda fino alle vendite, \u00e8 integrata nel gruppo Alpha Calcit.   <\/p>\n<p>&nbsp;<\/p>\n<h3 style=\"text-align: left;\"><span style=\"color: #000080;\">Clicca qui per le posizioni aperte:<\/span><\/h3>\n<p>[\/et_pb_text][\/et_pb_column][\/et_pb_row][et_pb_row _builder_version=&#8221;4.16&#8243; global_colors_info=&#8221;{}&#8221;][et_pb_column type=&#8221;4_4&#8243; _builder_version=&#8221;4.16&#8243; global_colors_info=&#8221;{}&#8221;][et_pb_accordion open_toggle_text_color=&#8221;#ffffff&#8221; open_toggle_background_color=&#8221;#00478a&#8221; closed_toggle_text_color=&#8221;#000000&#8243; closed_toggle_background_color=&#8221;#ffffff&#8221; icon_color=&#8221;#00478a&#8221; icon_color_last_edited=&#8221;off|desktop&#8221; admin_label=&#8221;===Stellenangebote hier bearbeiten &#8211; 1. leeres Angebot stehen lassen!===&#8221; _builder_version=&#8221;4.27.3&#8243; toggle_text_color=&#8221;#00478a&#8221; toggle_font=&#8221;||||||||&#8221; background_color=&#8221;rgba(255,255,255,0)&#8221; background_image=&#8221;https:\/\/alpha-calcit.net\/wp-content\/uploads\/2024\/02\/Dunkelblaugrau_550x550.jpg&#8221; hover_enabled=&#8221;0&#8243; border_width_all=&#8221;2px&#8221; border_color_all=&#8221;#00478a&#8221; locked=&#8221;off&#8221; global_colors_info=&#8221;{}&#8221; icon_color__hover_enabled=&#8221;off|desktop&#8221; sticky_enabled=&#8221;0&#8243;][et_pb_accordion_item title=&#8221;Sede: Germania, Colonia &#8211; sede centrale&#8221; open=&#8221;on&#8221; open_toggle_text_color=&#8221;#ffffff&#8221; open_toggle_background_color=&#8221;#00478a&#8221; closed_toggle_text_color=&#8221;#00478a&#8221; closed_toggle_background_color=&#8221;#ffffff&#8221; icon_color=&#8221;#00478a&#8221; _builder_version=&#8221;4.27.3&#8243; body_text_color=&#8221;#ffffff&#8221; global_colors_info=&#8221;{}&#8221; toggle_text_color=&#8221;#00478a&#8221; toggle_font=&#8221;|700|||||||&#8221;][\/et_pb_accordion_item][et_pb_accordion_item title=&#8221;Attualmente nessuna posizione aperta&#8221; open_toggle_text_color=&#8221;#ffffff&#8221; open_toggle_background_color=&#8221;#00478a&#8221; closed_toggle_text_color=&#8221;#00478a&#8221; closed_toggle_background_color=&#8221;#ffffff&#8221; icon_color=&#8221;#00478a&#8221; _builder_version=&#8221;4.27.3&#8243; body_text_color=&#8221;#ffffff&#8221; background_color=&#8221;RGBA(255,255,255,0)&#8221; background_enable_color=&#8221;on&#8221; background_image=&#8221;https:\/\/alpha-calcit.net\/wp-content\/uploads\/2022\/07\/hands-g08fbc0cb0_1920x817.png&#8221; background_enable_image=&#8221;on&#8221; background_size=&#8221;contain&#8221; background_blend=&#8221;soft-light&#8221; hover_enabled=&#8221;0&#8243; global_colors_info=&#8221;{}&#8221; toggle_text_color=&#8221;#00478a&#8221; toggle_font=&#8221;|700|||||||&#8221; open=&#8221;off&#8221; sticky_enabled=&#8221;0&#8243;]<\/p>\n<p>&nbsp;<\/p>\n<p><span style=\"color: #ffffff;\"><strong>Alpha Calcit F\u00fcllstoff GmbH &amp; Co. KG<\/strong><\/span><\/p>\n<p>[\/et_pb_accordion_item][\/et_pb_accordion][et_pb_text _builder_version=&#8221;4.16&#8243; global_colors_info=&#8221;{}&#8221;]<\/p>\n<p>Inviate a noi solo dati PDF che non siano pi\u00f9 grandi di 10 MB.<\/p>\n<p>[\/et_pb_text][et_pb_accordion open_toggle_text_color=&#8221;#ffffff&#8221; open_toggle_background_color=&#8221;#00478a&#8221; closed_toggle_text_color=&#8221;#000000&#8243; closed_toggle_background_color=&#8221;#ffffff&#8221; icon_color=&#8221;#00478a&#8221; icon_color_last_edited=&#8221;off|desktop&#8221; admin_label=&#8221;===Stellenangebote hier bearbeiten &#8211; 1. leeres Angebot stehen lassen!===&#8221; _builder_version=&#8221;4.27.3&#8243; toggle_text_color=&#8221;#00478a&#8221; toggle_font=&#8221;||||||||&#8221; background_color=&#8221;rgba(255,255,255,0)&#8221; background_image=&#8221;https:\/\/alpha-calcit.net\/wp-content\/uploads\/2024\/02\/Dunkelblaugrau_550x550.jpg&#8221; hover_enabled=&#8221;0&#8243; border_width_all=&#8221;2px&#8221; border_color_all=&#8221;#00478a&#8221; locked=&#8221;off&#8221; global_colors_info=&#8221;{}&#8221; icon_color__hover_enabled=&#8221;off|desktop&#8221; sticky_enabled=&#8221;0&#8243;][et_pb_accordion_item title=&#8221;Sede: Germania, Colonia &#8211; stabilimento di produzione Alpha Compound&#8221; open=&#8221;on&#8221; open_toggle_text_color=&#8221;#ffffff&#8221; open_toggle_background_color=&#8221;#00478a&#8221; closed_toggle_text_color=&#8221;#00478a&#8221; closed_toggle_background_color=&#8221;#ffffff&#8221; icon_color=&#8221;#00478a&#8221; _builder_version=&#8221;4.27.3&#8243; body_text_color=&#8221;#ffffff&#8221; global_colors_info=&#8221;{}&#8221; toggle_text_color=&#8221;#00478a&#8221; toggle_font=&#8221;|700|||||||&#8221;][\/et_pb_accordion_item][et_pb_accordion_item title=&#8221;Attualmente nessuna posizione aperta&#8221; open_toggle_text_color=&#8221;#ffffff&#8221; open_toggle_background_color=&#8221;#00478a&#8221; closed_toggle_text_color=&#8221;#00478a&#8221; closed_toggle_background_color=&#8221;#ffffff&#8221; icon_color=&#8221;#00478a&#8221; _builder_version=&#8221;4.27.3&#8243; body_text_color=&#8221;#FFFFFF&#8221; background_color=&#8221;RGBA(255,255,255,0)&#8221; background_enable_color=&#8221;on&#8221; background_image=&#8221;https:\/\/alpha-calcit.net\/wp-content\/uploads\/2024\/08\/Anzeige-Compound.png&#8221; background_enable_image=&#8221;on&#8221; background_size=&#8221;contain&#8221; background_blend=&#8221;soft-light&#8221; hover_enabled=&#8221;0&#8243; global_colors_info=&#8221;{}&#8221; toggle_text_color=&#8221;#FFFFFF&#8221; toggle_font=&#8221;|700|||||||&#8221; open=&#8221;off&#8221; sticky_enabled=&#8221;0&#8243;][\/et_pb_accordion_item][\/et_pb_accordion][et_pb_text _builder_version=&#8221;4.16&#8243; global_colors_info=&#8221;{}&#8221;]<\/p>\n<p>Inviate a noi solo dati PDF che non siano pi\u00f9 grandi di 10 MB.<\/p>\n<p>[\/et_pb_text][\/et_pb_column][\/et_pb_row][\/et_pb_section][et_pb_section fb_built=&#8221;1&#8243; admin_label=&#8221;Footer1&#8243; _builder_version=&#8221;4.16&#8243; background_color=&#8221;#022D64&#8243; custom_padding=&#8221;|||&#8221; saved_tabs=&#8221;all&#8221; global_colors_info=&#8221;{}&#8221;][et_pb_row use_custom_gutter=&#8221;on&#8221; gutter_width=&#8221;2&#8243; module_id=&#8221;kontakt&#8221; _builder_version=&#8221;4.16&#8243; background_enable_color=&#8221;off&#8221; max_width=&#8221;1440px&#8221; use_custom_width=&#8221;on&#8221; custom_width_px=&#8221;1440px&#8221; locked=&#8221;off&#8221; global_colors_info=&#8221;{}&#8221;][et_pb_column type=&#8221;4_4&#8243; _builder_version=&#8221;4.16&#8243; custom_padding=&#8221;|||&#8221; global_colors_info=&#8221;{}&#8221; custom_padding__hover=&#8221;|||&#8221;][et_pb_menu menu_id=&#8221;9&#8243; menu_style=&#8221;centered&#8221; active_link_color=&#8221;#ffffff&#8221; dropdown_menu_bg_color=&#8221;#00478a&#8221; dropdown_menu_line_color=&#8221;#00478a&#8221; dropdown_menu_text_color=&#8221;#ffffff&#8221; dropdown_menu_active_link_color=&#8221;#ffffff&#8221; mobile_menu_bg_color=&#8221;#00478a&#8221; mobile_menu_text_color=&#8221;#ffffff&#8221; logo=&#8221;https:\/\/alpha-calcit.net\/wp-content\/uploads\/2020\/06\/alpha_logo-300&#215;87-1.png&#8221; _builder_version=&#8221;4.16&#8243; menu_text_color=&#8221;#ffffff&#8221; background_color=&#8221;rgba(0,0,0,0)&#8221; background_layout=&#8221;dark&#8221; global_colors_info=&#8221;{}&#8221;][\/et_pb_menu][\/et_pb_column][\/et_pb_row][et_pb_row use_custom_gutter=&#8221;on&#8221; gutter_width=&#8221;2&#8243; module_id=&#8221;kontakt&#8221; _builder_version=&#8221;4.16&#8243; background_enable_color=&#8221;off&#8221; max_width=&#8221;1440px&#8221; use_custom_width=&#8221;on&#8221; custom_width_px=&#8221;1440px&#8221; locked=&#8221;off&#8221; global_colors_info=&#8221;{}&#8221;][et_pb_column type=&#8221;4_4&#8243; _builder_version=&#8221;4.16&#8243; custom_padding=&#8221;|||&#8221; global_colors_info=&#8221;{}&#8221; custom_padding__hover=&#8221;|||&#8221;][\/et_pb_column][\/et_pb_row][\/et_pb_section]<\/p>\n","protected":false},"excerpt":{"rendered":"<p>CarrieraBenvenuti in ALPHA CALCIT &#8230; Entra a far parte della nostra storia di successo ultracentenaria nella nostra sede di Colonia: se desideri svolgere un ruolo attivo nel successo dell&#8217;azienda e contribuire a un&#8217;azienda di medie dimensioni a prova di futuro con divertimento e impegno, dovremmo conoscerci. Chi siamo Il gruppo Alpha Calcit \u00e8 uno dei [&hellip;]<\/p>\n","protected":false},"author":2,"featured_media":0,"parent":0,"menu_order":0,"comment_status":"closed","ping_status":"closed","template":"","meta":{"_et_pb_use_builder":"on","_et_pb_old_content":"","_et_gb_content_width":"","footnotes":""},"class_list":["post-15602","page","type-page","status-publish","hentry"],"yoast_head":"<!-- This site is optimized with the Yoast SEO plugin v27.3 - https:\/\/yoast.com\/product\/yoast-seo-wordpress\/ -->\n<title>Carriera - Alpha Calcit<\/title>\n<meta name=\"description\" content=\"Alpha Calcit: offerte di lavoro. Unisciti alla nostra storia di successo, tradizione e innovazione.\" \/>\n<meta name=\"robots\" content=\"index, follow, max-snippet:-1, max-image-preview:large, max-video-preview:-1\" \/>\n<link rel=\"canonical\" href=\"https:\/\/alpha-calcit.net\/it\/carriera\/\" \/>\n<meta property=\"og:locale\" content=\"it_IT\" \/>\n<meta property=\"og:type\" content=\"article\" \/>\n<meta property=\"og:title\" content=\"Carriera - Alpha Calcit\" \/>\n<meta property=\"og:description\" content=\"Alpha Calcit: offerte di lavoro. Unisciti alla nostra storia di successo, tradizione e innovazione.\" \/>\n<meta property=\"og:url\" content=\"https:\/\/alpha-calcit.net\/it\/carriera\/\" \/>\n<meta property=\"og:site_name\" content=\"Alpha Calcit\" \/>\n<meta property=\"article:modified_time\" content=\"2025-09-28T15:55:36+00:00\" \/>\n<meta name=\"twitter:card\" content=\"summary_large_image\" \/>\n<script type=\"application\/ld+json\" class=\"yoast-schema-graph\">{\"@context\":\"https:\\\/\\\/schema.org\",\"@graph\":[{\"@type\":\"WebPage\",\"@id\":\"https:\\\/\\\/alpha-calcit.net\\\/it\\\/carriera\\\/\",\"url\":\"https:\\\/\\\/alpha-calcit.net\\\/it\\\/carriera\\\/\",\"name\":\"Carriera - Alpha Calcit\",\"isPartOf\":{\"@id\":\"https:\\\/\\\/alpha-calcit.net\\\/it\\\/#website\"},\"datePublished\":\"2025-09-28T15:55:33+00:00\",\"dateModified\":\"2025-09-28T15:55:36+00:00\",\"description\":\"Alpha Calcit: offerte di lavoro. Unisciti alla nostra storia di successo, tradizione e innovazione.\",\"breadcrumb\":{\"@id\":\"https:\\\/\\\/alpha-calcit.net\\\/it\\\/carriera\\\/#breadcrumb\"},\"inLanguage\":\"it-IT\",\"potentialAction\":[{\"@type\":\"ReadAction\",\"target\":[\"https:\\\/\\\/alpha-calcit.net\\\/it\\\/carriera\\\/\"]}]},{\"@type\":\"BreadcrumbList\",\"@id\":\"https:\\\/\\\/alpha-calcit.net\\\/it\\\/carriera\\\/#breadcrumb\",\"itemListElement\":[{\"@type\":\"ListItem\",\"position\":1,\"name\":\"Startseite\",\"item\":\"https:\\\/\\\/alpha-calcit.net\\\/it\\\/\"},{\"@type\":\"ListItem\",\"position\":2,\"name\":\"Carriera\"}]},{\"@type\":\"WebSite\",\"@id\":\"https:\\\/\\\/alpha-calcit.net\\\/it\\\/#website\",\"url\":\"https:\\\/\\\/alpha-calcit.net\\\/it\\\/\",\"name\":\"Alpha Calcit\",\"description\":\"\",\"publisher\":{\"@id\":\"https:\\\/\\\/alpha-calcit.net\\\/it\\\/#organization\"},\"potentialAction\":[{\"@type\":\"SearchAction\",\"target\":{\"@type\":\"EntryPoint\",\"urlTemplate\":\"https:\\\/\\\/alpha-calcit.net\\\/it\\\/?s={search_term_string}\"},\"query-input\":{\"@type\":\"PropertyValueSpecification\",\"valueRequired\":true,\"valueName\":\"search_term_string\"}}],\"inLanguage\":\"it-IT\"},{\"@type\":\"Organization\",\"@id\":\"https:\\\/\\\/alpha-calcit.net\\\/it\\\/#organization\",\"name\":\"Alpha Calcit F\u00fcllstoff Gesellschaft mbH & Co. KG\",\"alternateName\":\"Alpha Calcit\",\"url\":\"https:\\\/\\\/alpha-calcit.net\\\/it\\\/\",\"logo\":{\"@type\":\"ImageObject\",\"inLanguage\":\"it-IT\",\"@id\":\"https:\\\/\\\/alpha-calcit.net\\\/it\\\/#\\\/schema\\\/logo\\\/image\\\/\",\"url\":\"https:\\\/\\\/alpha-calcit.net\\\/wp-content\\\/uploads\\\/2022\\\/07\\\/alpha-512px.png\",\"contentUrl\":\"https:\\\/\\\/alpha-calcit.net\\\/wp-content\\\/uploads\\\/2022\\\/07\\\/alpha-512px.png\",\"width\":512,\"height\":512,\"caption\":\"Alpha Calcit F\u00fcllstoff Gesellschaft mbH & Co. KG\"},\"image\":{\"@id\":\"https:\\\/\\\/alpha-calcit.net\\\/it\\\/#\\\/schema\\\/logo\\\/image\\\/\"},\"sameAs\":[\"https:\\\/\\\/www.linkedin.com\\\/company\\\/106003634\"]}]}<\/script>\n<!-- \/ Yoast SEO plugin. -->","yoast_head_json":{"title":"Carriera - Alpha Calcit","description":"Alpha Calcit: offerte di lavoro. Unisciti alla nostra storia di successo, tradizione e innovazione.","robots":{"index":"index","follow":"follow","max-snippet":"max-snippet:-1","max-image-preview":"max-image-preview:large","max-video-preview":"max-video-preview:-1"},"canonical":"https:\/\/alpha-calcit.net\/it\/carriera\/","og_locale":"it_IT","og_type":"article","og_title":"Carriera - Alpha Calcit","og_description":"Alpha Calcit: offerte di lavoro. Unisciti alla nostra storia di successo, tradizione e innovazione.","og_url":"https:\/\/alpha-calcit.net\/it\/carriera\/","og_site_name":"Alpha Calcit","article_modified_time":"2025-09-28T15:55:36+00:00","twitter_card":"summary_large_image","schema":{"@context":"https:\/\/schema.org","@graph":[{"@type":"WebPage","@id":"https:\/\/alpha-calcit.net\/it\/carriera\/","url":"https:\/\/alpha-calcit.net\/it\/carriera\/","name":"Carriera - Alpha Calcit","isPartOf":{"@id":"https:\/\/alpha-calcit.net\/it\/#website"},"datePublished":"2025-09-28T15:55:33+00:00","dateModified":"2025-09-28T15:55:36+00:00","description":"Alpha Calcit: offerte di lavoro. Unisciti alla nostra storia di successo, tradizione e innovazione.","breadcrumb":{"@id":"https:\/\/alpha-calcit.net\/it\/carriera\/#breadcrumb"},"inLanguage":"it-IT","potentialAction":[{"@type":"ReadAction","target":["https:\/\/alpha-calcit.net\/it\/carriera\/"]}]},{"@type":"BreadcrumbList","@id":"https:\/\/alpha-calcit.net\/it\/carriera\/#breadcrumb","itemListElement":[{"@type":"ListItem","position":1,"name":"Startseite","item":"https:\/\/alpha-calcit.net\/it\/"},{"@type":"ListItem","position":2,"name":"Carriera"}]},{"@type":"WebSite","@id":"https:\/\/alpha-calcit.net\/it\/#website","url":"https:\/\/alpha-calcit.net\/it\/","name":"Alpha Calcit","description":"","publisher":{"@id":"https:\/\/alpha-calcit.net\/it\/#organization"},"potentialAction":[{"@type":"SearchAction","target":{"@type":"EntryPoint","urlTemplate":"https:\/\/alpha-calcit.net\/it\/?s={search_term_string}"},"query-input":{"@type":"PropertyValueSpecification","valueRequired":true,"valueName":"search_term_string"}}],"inLanguage":"it-IT"},{"@type":"Organization","@id":"https:\/\/alpha-calcit.net\/it\/#organization","name":"Alpha Calcit F\u00fcllstoff Gesellschaft mbH & Co. KG","alternateName":"Alpha Calcit","url":"https:\/\/alpha-calcit.net\/it\/","logo":{"@type":"ImageObject","inLanguage":"it-IT","@id":"https:\/\/alpha-calcit.net\/it\/#\/schema\/logo\/image\/","url":"https:\/\/alpha-calcit.net\/wp-content\/uploads\/2022\/07\/alpha-512px.png","contentUrl":"https:\/\/alpha-calcit.net\/wp-content\/uploads\/2022\/07\/alpha-512px.png","width":512,"height":512,"caption":"Alpha Calcit F\u00fcllstoff Gesellschaft mbH & Co. KG"},"image":{"@id":"https:\/\/alpha-calcit.net\/it\/#\/schema\/logo\/image\/"},"sameAs":["https:\/\/www.linkedin.com\/company\/106003634"]}]}},"_links":{"self":[{"href":"https:\/\/alpha-calcit.net\/it\/wp-json\/wp\/v2\/pages\/15602","targetHints":{"allow":["GET"]}}],"collection":[{"href":"https:\/\/alpha-calcit.net\/it\/wp-json\/wp\/v2\/pages"}],"about":[{"href":"https:\/\/alpha-calcit.net\/it\/wp-json\/wp\/v2\/types\/page"}],"author":[{"embeddable":true,"href":"https:\/\/alpha-calcit.net\/it\/wp-json\/wp\/v2\/users\/2"}],"replies":[{"embeddable":true,"href":"https:\/\/alpha-calcit.net\/it\/wp-json\/wp\/v2\/comments?post=15602"}],"version-history":[{"count":2,"href":"https:\/\/alpha-calcit.net\/it\/wp-json\/wp\/v2\/pages\/15602\/revisions"}],"predecessor-version":[{"id":15604,"href":"https:\/\/alpha-calcit.net\/it\/wp-json\/wp\/v2\/pages\/15602\/revisions\/15604"}],"wp:attachment":[{"href":"https:\/\/alpha-calcit.net\/it\/wp-json\/wp\/v2\/media?parent=15602"}],"curies":[{"name":"wp","href":"https:\/\/api.w.org\/{rel}","templated":true}]}}