{"id":15615,"date":"2025-09-28T17:57:13","date_gmt":"2025-09-28T15:57:13","guid":{"rendered":"https:\/\/alpha-calcit.net\/finitura-e-stampa-della-carta\/"},"modified":"2026-03-12T12:39:03","modified_gmt":"2026-03-12T11:39:03","slug":"finitura-e-stampa-della-carta","status":"publish","type":"page","link":"https:\/\/alpha-calcit.net\/it\/finitura-e-stampa-della-carta\/","title":{"rendered":"Finitura e stampa della carta"},"content":{"rendered":"<p>[et_pb_section fb_built=&#8221;1&#8243; next_background_color=&#8221;#f7f7f7&#8243; admin_label=&#8221;Hero&#8221; _builder_version=&#8221;4.16&#8243; use_background_color_gradient=&#8221;on&#8221; background_color_gradient_direction=&#8221;70deg&#8221; background_color_gradient_stops=&#8221;rgba(40,61,75,0.3) 0%|rgba(128,103,79,0.22) 100%&#8221; background_color_gradient_overlays_image=&#8221;on&#8221; background_color_gradient_start=&#8221;rgba(40,61,75,0.3)&#8221; background_color_gradient_end=&#8221;rgba(128,103,79,0.22)&#8221; background_image=&#8221;https:\/\/alpha-calcit.net\/wp-content\/uploads\/2020\/07\/iStock-1219109073_header.jpg&#8221; custom_margin=&#8221;|||&#8221; custom_padding=&#8221;6vw|||&#8221; bottom_divider_style=&#8221;mountains2&#8243; bottom_divider_height=&#8221;20vw&#8221; bottom_divider_repeat=&#8221;0.5x&#8221; bottom_divider_flip=&#8221;horizontal|vertical&#8221; animation_style=&#8221;zoom&#8221; global_colors_info=&#8221;{}&#8221;][et_pb_row _builder_version=&#8221;4.16&#8243; custom_margin=&#8221;|||&#8221; custom_padding=&#8221;27px|0px|0|0px|false|false&#8221; global_colors_info=&#8221;{}&#8221;][et_pb_column type=&#8221;4_4&#8243; _builder_version=&#8221;4.16&#8243; custom_padding=&#8221;|||&#8221; global_colors_info=&#8221;{}&#8221; custom_padding__hover=&#8221;|||&#8221;][et_pb_text _builder_version=&#8221;4.16&#8243; text_font=&#8221;||||||||&#8221; header_font=&#8221;|700|||||||&#8221; header_text_color=&#8221;#ffffff&#8221; header_font_size=&#8221;90px&#8221; header_line_height=&#8221;1.4em&#8221; header_2_font=&#8221;Josefin Sans||||||||&#8221; header_2_text_color=&#8221;rgba(255,255,255,0.6)&#8221; header_2_font_size=&#8221;32px&#8221; header_2_line_height=&#8221;1.4em&#8221; background_layout=&#8221;dark&#8221; animation_style=&#8221;slide&#8221; animation_direction=&#8221;right&#8221; animation_intensity_slide=&#8221;4%&#8221; header_font_size_tablet=&#8221;50px&#8221; header_font_size_phone=&#8221;32px&#8221; header_font_size_last_edited=&#8221;on|desktop&#8221; header_2_font_size_tablet=&#8221;&#8221; header_2_font_size_phone=&#8221;24px&#8221; header_2_font_size_last_edited=&#8221;on|phone&#8221; header_text_shadow_style=&#8221;preset3&#8243; header_text_shadow_color=&#8221;#000000&#8243; global_colors_info=&#8221;{}&#8221;]<\/p>\n<h1 class=\"entry-title main_title\">Finitura e stampa della carta<\/h1>\n<p>[\/et_pb_text][\/et_pb_column][\/et_pb_row][et_pb_row column_structure=&#8221;1_2,1_2&#8243; _builder_version=&#8221;4.16&#8243; custom_padding=&#8221;0|0px|27px|0px|false|false&#8221; locked=&#8221;off&#8221; global_colors_info=&#8221;{}&#8221;][et_pb_column type=&#8221;1_2&#8243; _builder_version=&#8221;4.16&#8243; custom_padding=&#8221;|||&#8221; global_colors_info=&#8221;{}&#8221; custom_padding__hover=&#8221;|||&#8221;][et_pb_text _builder_version=&#8221;4.16&#8243; global_colors_info=&#8221;{}&#8221;][\/et_pb_text][\/et_pb_column][et_pb_column type=&#8221;1_2&#8243; _builder_version=&#8221;4.16&#8243; custom_padding=&#8221;|||&#8221; global_colors_info=&#8221;{}&#8221; custom_padding__hover=&#8221;|||&#8221;][et_pb_button button_url=&#8221;#areas&#8221; button_text=&#8221;Aree di applicazione&#8221; button_alignment=&#8221;right&#8221; disabled_on=&#8221;on|off|off&#8221; _builder_version=&#8221;4.16&#8243; custom_button=&#8221;on&#8221; button_text_size=&#8221;24px&#8221; button_text_color=&#8221;rgba(255,255,255,0.9)&#8221; button_bg_color=&#8221;#00478a&#8221; button_border_width=&#8221;0px&#8221; button_border_color=&#8221;#f47a55&#8243; button_border_radius=&#8221;100px&#8221; button_letter_spacing=&#8221;0px&#8221; button_font=&#8221;|700|||||||&#8221; custom_margin=&#8221;|90px||&#8221; custom_margin_phone=&#8221;|70px||&#8221; custom_margin_last_edited=&#8221;off|desktop&#8221; custom_padding=&#8221;|||&#8221; animation_style=&#8221;slide&#8221; animation_direction=&#8221;left&#8221; animation_intensity_slide=&#8221;8%&#8221; button_text_size_phone=&#8221;20px&#8221; button_text_size_last_edited=&#8221;off|desktop&#8221; box_shadow_style=&#8221;preset3&#8243; box_shadow_blur=&#8221;20px&#8221; box_shadow_spread=&#8221;-10px&#8221; global_colors_info=&#8221;{}&#8221; button_text_size__hover_enabled=&#8221;off&#8221; button_one_text_size__hover_enabled=&#8221;off&#8221; button_two_text_size__hover_enabled=&#8221;off&#8221; button_text_color__hover_enabled=&#8221;off&#8221; button_one_text_color__hover_enabled=&#8221;off&#8221; button_two_text_color__hover_enabled=&#8221;off&#8221; button_border_width__hover_enabled=&#8221;off&#8221; button_one_border_width__hover_enabled=&#8221;off&#8221; button_two_border_width__hover_enabled=&#8221;off&#8221; button_border_color__hover_enabled=&#8221;off&#8221; button_one_border_color__hover_enabled=&#8221;off&#8221; button_two_border_color__hover_enabled=&#8221;off&#8221; button_border_radius__hover_enabled=&#8221;off&#8221; button_one_border_radius__hover_enabled=&#8221;off&#8221; button_two_border_radius__hover_enabled=&#8221;off&#8221; button_letter_spacing__hover_enabled=&#8221;off&#8221; button_one_letter_spacing__hover_enabled=&#8221;off&#8221; button_two_letter_spacing__hover_enabled=&#8221;off&#8221; button_bg_color__hover_enabled=&#8221;off&#8221; button_one_bg_color__hover_enabled=&#8221;off&#8221; button_two_bg_color__hover_enabled=&#8221;off&#8221;][\/et_pb_button][\/et_pb_column][\/et_pb_row][et_pb_row use_custom_gutter=&#8221;on&#8221; gutter_width=&#8221;1&#8243; disabled_on=&#8221;on|off|off&#8221; module_class=&#8221; et_pb_row_fullwidth&#8221; _builder_version=&#8221;4.16&#8243; width=&#8221;100%&#8221; width_tablet=&#8221;100%&#8221; width_phone=&#8221;&#8221; width_last_edited=&#8221;on|desktop&#8221; max_width=&#8221;100%&#8221; max_width_tablet=&#8221;100%&#8221; max_width_phone=&#8221;&#8221; max_width_last_edited=&#8221;on|desktop&#8221; make_fullwidth=&#8221;on&#8221; locked=&#8221;off&#8221; global_colors_info=&#8221;{}&#8221;][et_pb_column type=&#8221;4_4&#8243; _builder_version=&#8221;4.16&#8243; custom_padding=&#8221;|||&#8221; global_colors_info=&#8221;{}&#8221; custom_padding__hover=&#8221;|||&#8221;][\/et_pb_column][\/et_pb_row][\/et_pb_section][et_pb_section fb_built=&#8221;1&#8243; custom_padding_last_edited=&#8221;off|desktop&#8221; admin_label=&#8221;Services&#8221; _builder_version=&#8221;4.16&#8243; background_color=&#8221;#f7f7f7&#8243; custom_padding=&#8221;|||&#8221; global_colors_info=&#8221;{}&#8221;][et_pb_row admin_label=&#8221;Area dei contenuti&#8221; _builder_version=&#8221;4.16&#8243; global_colors_info=&#8221;{}&#8221;][et_pb_column type=&#8221;4_4&#8243; _builder_version=&#8221;4.16&#8243; custom_padding=&#8221;|||&#8221; global_colors_info=&#8221;{}&#8221; custom_padding__hover=&#8221;|||&#8221;][et_pb_text _builder_version=&#8221;4.16&#8243; text_font=&#8221;Open Sans||||||||&#8221; text_font_size=&#8221;18px&#8221; text_line_height=&#8221;1.8em&#8221; header_font=&#8221;||||||||&#8221; header_text_color=&#8221;rgba(0,0,0,0)&#8221; header_2_font=&#8221;Josefin Sans|700|||||||&#8221; header_2_font_size=&#8221;48px&#8221; header_2_line_height=&#8221;1.4em&#8221; header_3_font=&#8221;Josefin Sans|700||on|||||&#8221; header_3_text_color=&#8221;rgba(43,51,68,0.2)&#8221; text_orientation=&#8221;center&#8221; max_width=&#8221;1024px&#8221; module_alignment=&#8221;center&#8221; custom_margin=&#8221;|||&#8221; custom_padding=&#8221;|||&#8221; header_2_font_size_tablet=&#8221;&#8221; header_2_font_size_phone=&#8221;24px&#8221; header_2_font_size_last_edited=&#8221;on|phone&#8221; header_2_line_height_tablet=&#8221;1.4em&#8221; header_2_line_height_last_edited=&#8221;off|desktop&#8221; locked=&#8221;off&#8221; global_colors_info=&#8221;{}&#8221;]<\/p>\n<p style=\"text-align: left;\">Per la creazione di pigmenti di rivestimento per la finitura della carta sono necessari minerali industriali di diversa granulometria. I <a href=\"https:\/\/alpha-calcit.net\/it\/carbonati-di-calcio-cariche\/\"><span style=\"color: #00478a;\">carbonati di calcio naturali macinati (GCC)<\/span><\/a> sono disponibili per i colori di rivestimento con tagli superiori precisi per creare la superficie della carta come desiderato e con la giusta quantit\u00e0 di particelle fini necessarie per ottenere copertura e stampabilit\u00e0 di alta qualit\u00e0. Queste carte sono ampiamente utilizzate in tutti i tipi di supporti di stampa, dalle riviste stampate ad alta lucentezza agli involucri speciali che pubblicizzano prodotti specifici, creando finiture semi-opache, opache o morbide al tatto.<\/p>\n<p style=\"text-align: left;\">I <a href=\"https:\/\/alpha-calcit.net\/it\/carbonati-di-calcio-cariche\/\"><span style=\"color: #00478a;\">carbonati di calcio naturali macinati (GCC)<\/span><\/a> chimicamente pi\u00f9 puri e con particelle estremamente fini sono disponibili per essere utilizzati negli inchiostri da stampa all&#8217;avanguardia.<\/p>\n<p>[\/et_pb_text][\/et_pb_column][\/et_pb_row][\/et_pb_section][et_pb_section fb_built=&#8221;1&#8243; disabled_on=&#8221;off|off|off&#8221; admin_label=&#8221;6-er Auswahl&#8221; module_id=&#8221;aree&#8221; _builder_version=&#8221;4.16&#8243; background_enable_image=&#8221;off&#8221; background_position=&#8221;top_left&#8221; custom_margin=&#8221;0px||||false|false&#8221; custom_padding=&#8221;0px||||false|false&#8221; global_colors_info=&#8221;{}&#8221;][et_pb_row column_structure=&#8221;1_3,1_3,1_3&#8243; use_custom_gutter=&#8221;on&#8221; gutter_width=&#8221;2&#8243; make_equal=&#8221;on&#8221; _builder_version=&#8221;4.16&#8243; background_enable_image=&#8221;off&#8221; width=&#8221;70%&#8221; max_width=&#8221;1024px&#8221; custom_margin=&#8221;0px||||false|false&#8221; custom_padding=&#8221;75px||||false|false&#8221; global_colors_info=&#8221;{}&#8221;][et_pb_column type=&#8221;1_3&#8243; _builder_version=&#8221;4.16&#8243; custom_padding=&#8221;||0px||false|false&#8221; global_colors_info=&#8221;{}&#8221;][et_pb_blurb title=&#8221;Industria della carta&#8221; admin_label=&#8221;Paper Industry&#8221; _builder_version=&#8221;4.16&#8243; header_font=&#8221;|700|||||||&#8221; header_text_align=&#8221;center&#8221; header_text_color=&#8221;#ffffff&#8221; header_font_size=&#8221;20px&#8221; header_line_height=&#8221;3em&#8221; body_font_size=&#8221;1px&#8221; background_image=&#8221;https:\/\/alpha-calcit.net\/wp-content\/uploads\/2020\/07\/iStock-1219109073_550x550px.jpg&#8221; background_size=&#8221;contain&#8221; text_orientation=&#8221;center&#8221; height=&#8221;280px&#8221; custom_margin=&#8221;||||false|false&#8221; custom_padding=&#8221;||||false|false&#8221; custom_css_main_element=&#8221;background-size: 100%;||transition: all 1.0s ease;&#8221; header_text_shadow_style=&#8221;preset3&#8243; header_text_shadow_color=&#8221;#000000&#8243; global_colors_info=&#8221;{}&#8221; custom_css_main_element__hover_enabled=&#8221;on|hover&#8221; custom_css_main_element__hover=&#8221;background-size: 130%;||&#8221; height__hover_enabled=&#8221;off|hover&#8221;][\/et_pb_blurb][\/et_pb_column][et_pb_column type=&#8221;1_3&#8243; _builder_version=&#8221;4.16&#8243; custom_padding=&#8221;||0px||false|false&#8221; global_colors_info=&#8221;{}&#8221;][et_pb_blurb title=&#8221;Inchiostro da stampa&#8221; admin_label=&#8221;Printing Ink&#8221; _builder_version=&#8221;4.16&#8243; header_font=&#8221;|700|||||||&#8221; header_text_align=&#8221;center&#8221; header_text_color=&#8221;#ffffff&#8221; header_font_size=&#8221;20px&#8221; header_line_height=&#8221;3em&#8221; body_font_size=&#8221;1px&#8221; background_image=&#8221;https:\/\/alpha-calcit.net\/wp-content\/uploads\/2020\/07\/iStock-1126374878_550x550px.jpg&#8221; background_size=&#8221;contain&#8221; text_orientation=&#8221;center&#8221; height=&#8221;280px&#8221; custom_margin=&#8221;||||false|false&#8221; custom_padding=&#8221;||||false|false&#8221; custom_css_main_element=&#8221;background-size: 100%;||transition: all 1.0s ease;&#8221; header_text_shadow_style=&#8221;preset3&#8243; header_text_shadow_color=&#8221;#000000&#8243; global_colors_info=&#8221;{}&#8221; custom_css_main_element__hover_enabled=&#8221;on|hover&#8221; custom_css_main_element__hover=&#8221;background-size: 130%;||&#8221; height__hover_enabled=&#8221;off|hover&#8221;][\/et_pb_blurb][\/et_pb_column][et_pb_column type=&#8221;1_3&#8243; _builder_version=&#8221;4.16&#8243; custom_padding=&#8221;||0px||false|false&#8221; global_colors_info=&#8221;{}&#8221;][\/et_pb_column][\/et_pb_row][\/et_pb_section][et_pb_section fb_built=&#8221;1&#8243; admin_label=&#8221;Footer1&#8243; _builder_version=&#8221;4.16&#8243; background_color=&#8221;#022D64&#8243; min_height=&#8221;826px&#8221; custom_margin=&#8221;187px|||||&#8221; custom_padding=&#8221;|||&#8221; saved_tabs=&#8221;all&#8221; global_colors_info=&#8221;{}&#8221;][et_pb_row use_custom_gutter=&#8221;on&#8221; gutter_width=&#8221;2&#8243; module_id=&#8221;kontakt&#8221; _builder_version=&#8221;4.16&#8243; background_enable_color=&#8221;off&#8221; max_width=&#8221;1440px&#8221; use_custom_width=&#8221;on&#8221; custom_width_px=&#8221;1440px&#8221; locked=&#8221;off&#8221; global_colors_info=&#8221;{}&#8221;][et_pb_column type=&#8221;4_4&#8243; _builder_version=&#8221;4.16&#8243; custom_padding=&#8221;|||&#8221; global_colors_info=&#8221;{}&#8221; custom_padding__hover=&#8221;|||&#8221;][et_pb_menu menu_id=&#8221;9&#8243; menu_style=&#8221;centered&#8221; active_link_color=&#8221;#ffffff&#8221; dropdown_menu_bg_color=&#8221;#00478a&#8221; dropdown_menu_line_color=&#8221;#00478a&#8221; dropdown_menu_text_color=&#8221;#ffffff&#8221; dropdown_menu_active_link_color=&#8221;#ffffff&#8221; mobile_menu_bg_color=&#8221;#00478a&#8221; mobile_menu_text_color=&#8221;#ffffff&#8221; logo=&#8221;https:\/\/alpha-calcit.net\/wp-content\/uploads\/2020\/06\/alpha_logo-300&#215;87-1.png&#8221; _builder_version=&#8221;4.16&#8243; menu_text_color=&#8221;#ffffff&#8221; background_color=&#8221;rgba(0,0,0,0)&#8221; background_layout=&#8221;dark&#8221; global_colors_info=&#8221;{}&#8221;][\/et_pb_menu][\/et_pb_column][\/et_pb_row][et_pb_row use_custom_gutter=&#8221;on&#8221; gutter_width=&#8221;2&#8243; module_id=&#8221;kontakt&#8221; _builder_version=&#8221;4.16&#8243; background_enable_color=&#8221;off&#8221; max_width=&#8221;1440px&#8221; use_custom_width=&#8221;on&#8221; custom_width_px=&#8221;1440px&#8221; locked=&#8221;off&#8221; global_colors_info=&#8221;{}&#8221;][et_pb_column type=&#8221;4_4&#8243; _builder_version=&#8221;4.16&#8243; custom_padding=&#8221;|||&#8221; global_colors_info=&#8221;{}&#8221; custom_padding__hover=&#8221;|||&#8221;][\/et_pb_column][\/et_pb_row][\/et_pb_section]<\/p>\n","protected":false},"excerpt":{"rendered":"<p>Finitura e stampa della cartaPer la creazione di pigmenti di rivestimento per la finitura della carta sono necessari minerali industriali di diversa granulometria. I carbonati di calcio naturali macinati (GCC) sono disponibili per i colori di rivestimento con tagli superiori precisi per creare la superficie della carta come desiderato e con la giusta quantit\u00e0 di [&hellip;]<\/p>\n","protected":false},"author":2,"featured_media":0,"parent":0,"menu_order":0,"comment_status":"closed","ping_status":"closed","template":"","meta":{"_et_pb_use_builder":"on","_et_pb_old_content":"","_et_gb_content_width":"","footnotes":""},"class_list":["post-15615","page","type-page","status-publish","hentry"],"yoast_head":"<!-- This site is optimized with the Yoast SEO plugin v27.3 - https:\/\/yoast.com\/product\/yoast-seo-wordpress\/ -->\n<title>Finitura e stampa della carta - Alpha Calcit<\/title>\n<meta name=\"description\" content=\"Per la creazione di pigmenti di rivestimento per la finitura della carta sono necessari minerali industriali di diversa granulometria.\" \/>\n<meta name=\"robots\" content=\"index, follow, max-snippet:-1, max-image-preview:large, max-video-preview:-1\" \/>\n<link rel=\"canonical\" href=\"https:\/\/alpha-calcit.net\/it\/finitura-e-stampa-della-carta\/\" \/>\n<meta property=\"og:locale\" content=\"it_IT\" \/>\n<meta property=\"og:type\" content=\"article\" \/>\n<meta property=\"og:title\" content=\"Finitura e stampa della carta - Alpha Calcit\" \/>\n<meta property=\"og:description\" content=\"Per la creazione di pigmenti di rivestimento per la finitura della carta sono necessari minerali industriali di diversa granulometria.\" \/>\n<meta property=\"og:url\" content=\"https:\/\/alpha-calcit.net\/it\/finitura-e-stampa-della-carta\/\" \/>\n<meta property=\"og:site_name\" content=\"Alpha Calcit\" \/>\n<meta property=\"article:modified_time\" content=\"2026-03-12T11:39:03+00:00\" \/>\n<meta name=\"twitter:card\" content=\"summary_large_image\" \/>\n<script type=\"application\/ld+json\" class=\"yoast-schema-graph\">{\"@context\":\"https:\\\/\\\/schema.org\",\"@graph\":[{\"@type\":\"WebPage\",\"@id\":\"https:\\\/\\\/alpha-calcit.net\\\/it\\\/finitura-e-stampa-della-carta\\\/\",\"url\":\"https:\\\/\\\/alpha-calcit.net\\\/it\\\/finitura-e-stampa-della-carta\\\/\",\"name\":\"Finitura e stampa della carta - Alpha Calcit\",\"isPartOf\":{\"@id\":\"https:\\\/\\\/alpha-calcit.net\\\/it\\\/#website\"},\"datePublished\":\"2025-09-28T15:57:13+00:00\",\"dateModified\":\"2026-03-12T11:39:03+00:00\",\"description\":\"Per la creazione di pigmenti di rivestimento per la finitura della carta sono necessari minerali industriali di diversa granulometria.\",\"breadcrumb\":{\"@id\":\"https:\\\/\\\/alpha-calcit.net\\\/it\\\/finitura-e-stampa-della-carta\\\/#breadcrumb\"},\"inLanguage\":\"it-IT\",\"potentialAction\":[{\"@type\":\"ReadAction\",\"target\":[\"https:\\\/\\\/alpha-calcit.net\\\/it\\\/finitura-e-stampa-della-carta\\\/\"]}]},{\"@type\":\"BreadcrumbList\",\"@id\":\"https:\\\/\\\/alpha-calcit.net\\\/it\\\/finitura-e-stampa-della-carta\\\/#breadcrumb\",\"itemListElement\":[{\"@type\":\"ListItem\",\"position\":1,\"name\":\"Startseite\",\"item\":\"https:\\\/\\\/alpha-calcit.net\\\/it\\\/\"},{\"@type\":\"ListItem\",\"position\":2,\"name\":\"Finitura e stampa della carta\"}]},{\"@type\":\"WebSite\",\"@id\":\"https:\\\/\\\/alpha-calcit.net\\\/it\\\/#website\",\"url\":\"https:\\\/\\\/alpha-calcit.net\\\/it\\\/\",\"name\":\"Alpha Calcit\",\"description\":\"\",\"publisher\":{\"@id\":\"https:\\\/\\\/alpha-calcit.net\\\/it\\\/#organization\"},\"potentialAction\":[{\"@type\":\"SearchAction\",\"target\":{\"@type\":\"EntryPoint\",\"urlTemplate\":\"https:\\\/\\\/alpha-calcit.net\\\/it\\\/?s={search_term_string}\"},\"query-input\":{\"@type\":\"PropertyValueSpecification\",\"valueRequired\":true,\"valueName\":\"search_term_string\"}}],\"inLanguage\":\"it-IT\"},{\"@type\":\"Organization\",\"@id\":\"https:\\\/\\\/alpha-calcit.net\\\/it\\\/#organization\",\"name\":\"Alpha Calcit F\u00fcllstoff Gesellschaft mbH & Co. KG\",\"alternateName\":\"Alpha Calcit\",\"url\":\"https:\\\/\\\/alpha-calcit.net\\\/it\\\/\",\"logo\":{\"@type\":\"ImageObject\",\"inLanguage\":\"it-IT\",\"@id\":\"https:\\\/\\\/alpha-calcit.net\\\/it\\\/#\\\/schema\\\/logo\\\/image\\\/\",\"url\":\"https:\\\/\\\/alpha-calcit.net\\\/wp-content\\\/uploads\\\/2022\\\/07\\\/alpha-512px.png\",\"contentUrl\":\"https:\\\/\\\/alpha-calcit.net\\\/wp-content\\\/uploads\\\/2022\\\/07\\\/alpha-512px.png\",\"width\":512,\"height\":512,\"caption\":\"Alpha Calcit F\u00fcllstoff Gesellschaft mbH & Co. KG\"},\"image\":{\"@id\":\"https:\\\/\\\/alpha-calcit.net\\\/it\\\/#\\\/schema\\\/logo\\\/image\\\/\"},\"sameAs\":[\"https:\\\/\\\/www.linkedin.com\\\/company\\\/106003634\"]}]}<\/script>\n<!-- \/ Yoast SEO plugin. -->","yoast_head_json":{"title":"Finitura e stampa della carta - Alpha Calcit","description":"Per la creazione di pigmenti di rivestimento per la finitura della carta sono necessari minerali industriali di diversa granulometria.","robots":{"index":"index","follow":"follow","max-snippet":"max-snippet:-1","max-image-preview":"max-image-preview:large","max-video-preview":"max-video-preview:-1"},"canonical":"https:\/\/alpha-calcit.net\/it\/finitura-e-stampa-della-carta\/","og_locale":"it_IT","og_type":"article","og_title":"Finitura e stampa della carta - Alpha Calcit","og_description":"Per la creazione di pigmenti di rivestimento per la finitura della carta sono necessari minerali industriali di diversa granulometria.","og_url":"https:\/\/alpha-calcit.net\/it\/finitura-e-stampa-della-carta\/","og_site_name":"Alpha Calcit","article_modified_time":"2026-03-12T11:39:03+00:00","twitter_card":"summary_large_image","schema":{"@context":"https:\/\/schema.org","@graph":[{"@type":"WebPage","@id":"https:\/\/alpha-calcit.net\/it\/finitura-e-stampa-della-carta\/","url":"https:\/\/alpha-calcit.net\/it\/finitura-e-stampa-della-carta\/","name":"Finitura e stampa della carta - Alpha Calcit","isPartOf":{"@id":"https:\/\/alpha-calcit.net\/it\/#website"},"datePublished":"2025-09-28T15:57:13+00:00","dateModified":"2026-03-12T11:39:03+00:00","description":"Per la creazione di pigmenti di rivestimento per la finitura della carta sono necessari minerali industriali di diversa granulometria.","breadcrumb":{"@id":"https:\/\/alpha-calcit.net\/it\/finitura-e-stampa-della-carta\/#breadcrumb"},"inLanguage":"it-IT","potentialAction":[{"@type":"ReadAction","target":["https:\/\/alpha-calcit.net\/it\/finitura-e-stampa-della-carta\/"]}]},{"@type":"BreadcrumbList","@id":"https:\/\/alpha-calcit.net\/it\/finitura-e-stampa-della-carta\/#breadcrumb","itemListElement":[{"@type":"ListItem","position":1,"name":"Startseite","item":"https:\/\/alpha-calcit.net\/it\/"},{"@type":"ListItem","position":2,"name":"Finitura e stampa della carta"}]},{"@type":"WebSite","@id":"https:\/\/alpha-calcit.net\/it\/#website","url":"https:\/\/alpha-calcit.net\/it\/","name":"Alpha Calcit","description":"","publisher":{"@id":"https:\/\/alpha-calcit.net\/it\/#organization"},"potentialAction":[{"@type":"SearchAction","target":{"@type":"EntryPoint","urlTemplate":"https:\/\/alpha-calcit.net\/it\/?s={search_term_string}"},"query-input":{"@type":"PropertyValueSpecification","valueRequired":true,"valueName":"search_term_string"}}],"inLanguage":"it-IT"},{"@type":"Organization","@id":"https:\/\/alpha-calcit.net\/it\/#organization","name":"Alpha Calcit F\u00fcllstoff Gesellschaft mbH & Co. KG","alternateName":"Alpha Calcit","url":"https:\/\/alpha-calcit.net\/it\/","logo":{"@type":"ImageObject","inLanguage":"it-IT","@id":"https:\/\/alpha-calcit.net\/it\/#\/schema\/logo\/image\/","url":"https:\/\/alpha-calcit.net\/wp-content\/uploads\/2022\/07\/alpha-512px.png","contentUrl":"https:\/\/alpha-calcit.net\/wp-content\/uploads\/2022\/07\/alpha-512px.png","width":512,"height":512,"caption":"Alpha Calcit F\u00fcllstoff Gesellschaft mbH & Co. KG"},"image":{"@id":"https:\/\/alpha-calcit.net\/it\/#\/schema\/logo\/image\/"},"sameAs":["https:\/\/www.linkedin.com\/company\/106003634"]}]}},"_links":{"self":[{"href":"https:\/\/alpha-calcit.net\/it\/wp-json\/wp\/v2\/pages\/15615","targetHints":{"allow":["GET"]}}],"collection":[{"href":"https:\/\/alpha-calcit.net\/it\/wp-json\/wp\/v2\/pages"}],"about":[{"href":"https:\/\/alpha-calcit.net\/it\/wp-json\/wp\/v2\/types\/page"}],"author":[{"embeddable":true,"href":"https:\/\/alpha-calcit.net\/it\/wp-json\/wp\/v2\/users\/2"}],"replies":[{"embeddable":true,"href":"https:\/\/alpha-calcit.net\/it\/wp-json\/wp\/v2\/comments?post=15615"}],"version-history":[{"count":2,"href":"https:\/\/alpha-calcit.net\/it\/wp-json\/wp\/v2\/pages\/15615\/revisions"}],"predecessor-version":[{"id":18123,"href":"https:\/\/alpha-calcit.net\/it\/wp-json\/wp\/v2\/pages\/15615\/revisions\/18123"}],"wp:attachment":[{"href":"https:\/\/alpha-calcit.net\/it\/wp-json\/wp\/v2\/media?parent=15615"}],"curies":[{"name":"wp","href":"https:\/\/api.w.org\/{rel}","templated":true}]}}