{"id":15744,"date":"2025-09-28T18:03:32","date_gmt":"2025-09-28T16:03:32","guid":{"rendered":"https:\/\/alpha-calcit.net\/stabilizzatori-in-pvc\/"},"modified":"2026-03-12T12:36:08","modified_gmt":"2026-03-12T11:36:08","slug":"stabilizzatori-in-pvc","status":"publish","type":"page","link":"https:\/\/alpha-calcit.net\/it\/stabilizzatori-in-pvc\/","title":{"rendered":"Stabilizzatori in PVC"},"content":{"rendered":"<p>[et_pb_section fb_built=&#8221;1&#8243; next_background_color=&#8221;#f7f7f7&#8243; admin_label=&#8221;Hero&#8221; _builder_version=&#8221;4.16&#8243; use_background_color_gradient=&#8221;on&#8221; background_color_gradient_direction=&#8221;70deg&#8221; background_color_gradient_stops=&#8221;rgba(40,61,75,0.3) 0%|rgba(128,103,79,0.22) 100%&#8221; background_color_gradient_overlays_image=&#8221;on&#8221; background_color_gradient_start=&#8221;rgba(40,61,75,0.3)&#8221; background_color_gradient_end=&#8221;rgba(128,103,79,0.22)&#8221; background_image=&#8221;https:\/\/alpha-calcit.net\/wp-content\/uploads\/2022\/09\/PVC-Stabilisatoren.jpg&#8221; custom_margin=&#8221;|||&#8221; custom_padding=&#8221;6vw|||&#8221; bottom_divider_style=&#8221;mountains2&#8243; bottom_divider_height=&#8221;20vw&#8221; bottom_divider_repeat=&#8221;0.5x&#8221; bottom_divider_flip=&#8221;horizontal|vertical&#8221; animation_style=&#8221;zoom&#8221; global_colors_info=&#8221;{}&#8221;][et_pb_row _builder_version=&#8221;4.16&#8243; custom_margin=&#8221;|||&#8221; custom_padding=&#8221;27px|0px|0|0px|false|false&#8221; global_colors_info=&#8221;{}&#8221;][et_pb_column type=&#8221;4_4&#8243; _builder_version=&#8221;4.16&#8243; custom_padding=&#8221;|||&#8221; global_colors_info=&#8221;{}&#8221; custom_padding__hover=&#8221;|||&#8221;][et_pb_text _builder_version=&#8221;4.16&#8243; text_font=&#8221;||||||||&#8221; header_font=&#8221;|700|||||||&#8221; header_text_color=&#8221;#ffffff&#8221; header_font_size=&#8221;90px&#8221; header_line_height=&#8221;1.4em&#8221; header_2_font=&#8221;Josefin Sans||||||||&#8221; header_2_text_color=&#8221;rgba(255,255,255,0.6)&#8221; header_2_font_size=&#8221;32px&#8221; header_2_line_height=&#8221;1.4em&#8221; background_layout=&#8221;dark&#8221; animation_style=&#8221;slide&#8221; animation_direction=&#8221;right&#8221; animation_intensity_slide=&#8221;4%&#8221; header_font_size_tablet=&#8221;50px&#8221; header_font_size_phone=&#8221;32px&#8221; header_font_size_last_edited=&#8221;on|desktop&#8221; header_2_font_size_tablet=&#8221;&#8221; header_2_font_size_phone=&#8221;24px&#8221; header_2_font_size_last_edited=&#8221;on|phone&#8221; header_text_shadow_style=&#8221;preset3&#8243; header_text_shadow_color=&#8221;#000000&#8243; global_colors_info=&#8221;{}&#8221;]<\/p>\n<h1>Stabilizzatori in PVC<\/h1>\n<p>[\/et_pb_text][\/et_pb_column][\/et_pb_row][et_pb_row column_structure=&#8221;1_2,1_2&#8243; _builder_version=&#8221;4.16&#8243; custom_padding=&#8221;0|0px|27px|0px|false|false&#8221; locked=&#8221;off&#8221; global_colors_info=&#8221;{}&#8221;][et_pb_column type=&#8221;1_2&#8243; _builder_version=&#8221;4.16&#8243; custom_padding=&#8221;|||&#8221; global_colors_info=&#8221;{}&#8221; custom_padding__hover=&#8221;|||&#8221;][et_pb_text admin_label=&#8221;Text&#8221; _builder_version=&#8221;4.16&#8243; global_colors_info=&#8221;{}&#8221;][\/et_pb_text][\/et_pb_column][et_pb_column type=&#8221;1_2&#8243; _builder_version=&#8221;4.16&#8243; custom_padding=&#8221;|||&#8221; global_colors_info=&#8221;{}&#8221; custom_padding__hover=&#8221;|||&#8221;][et_pb_button button_url=&#8221;#Bereiche&#8221; button_text=&#8221;alle varianti di prodotto&#8221; button_alignment=&#8221;right&#8221; _builder_version=&#8221;4.16&#8243; _module_preset=&#8221;default&#8221; custom_button=&#8221;on&#8221; button_text_size=&#8221;23px&#8221; button_text_color=&#8221;#FFFFFF&#8221; button_bg_color=&#8221;#00478A&#8221; button_border_color=&#8221;#00478A&#8221; button_border_radius=&#8221;100px&#8221; button_font=&#8221;|700|||||||&#8221; animation_style=&#8221;slide&#8221; animation_intensity_slide=&#8221;8%&#8221; box_shadow_style=&#8221;preset3&#8243; box_shadow_blur=&#8221;20px&#8221; box_shadow_spread=&#8221;-10px&#8221; global_colors_info=&#8221;{}&#8221;][\/et_pb_button][\/et_pb_column][\/et_pb_row][et_pb_row use_custom_gutter=&#8221;on&#8221; gutter_width=&#8221;1&#8243; disabled_on=&#8221;on|off|off&#8221; module_class=&#8221; et_pb_row_fullwidth&#8221; _builder_version=&#8221;4.16&#8243; width=&#8221;100%&#8221; width_tablet=&#8221;100%&#8221; width_phone=&#8221;&#8221; width_last_edited=&#8221;on|desktop&#8221; max_width=&#8221;100%&#8221; max_width_tablet=&#8221;100%&#8221; max_width_phone=&#8221;&#8221; max_width_last_edited=&#8221;on|desktop&#8221; make_fullwidth=&#8221;on&#8221; locked=&#8221;off&#8221; global_colors_info=&#8221;{}&#8221;][et_pb_column type=&#8221;4_4&#8243; _builder_version=&#8221;4.16&#8243; custom_padding=&#8221;|||&#8221; global_colors_info=&#8221;{}&#8221; custom_padding__hover=&#8221;|||&#8221;][\/et_pb_column][\/et_pb_row][\/et_pb_section][et_pb_section fb_built=&#8221;1&#8243; custom_padding_last_edited=&#8221;off|desktop&#8221; admin_label=&#8221;Services&#8221; _builder_version=&#8221;4.16&#8243; background_color=&#8221;#f7f7f7&#8243; custom_padding=&#8221;|||&#8221; global_colors_info=&#8221;{}&#8221;][et_pb_row admin_label=&#8221;Bereich Inhaltlicher&#8221; _builder_version=&#8221;4.16&#8243; global_colors_info=&#8221;{}&#8221;][et_pb_column type=&#8221;4_4&#8243; _builder_version=&#8221;4.16&#8243; custom_padding=&#8221;|||&#8221; global_colors_info=&#8221;{}&#8221; custom_padding__hover=&#8221;|||&#8221;][et_pb_text admin_label=&#8221;Text&#8221; _builder_version=&#8221;4.16&#8243; text_font=&#8221;||||||||&#8221; text_font_size=&#8221;18px&#8221; text_line_height=&#8221;1.8em&#8221; header_font=&#8221;||||||||&#8221; header_text_color=&#8221;rgba(0,0,0,0)&#8221; header_2_font=&#8221;Josefin Sans|700|||||||&#8221; header_2_font_size=&#8221;48px&#8221; header_2_line_height=&#8221;1.4em&#8221; header_3_font=&#8221;Josefin Sans|700||on|||||&#8221; header_3_text_color=&#8221;rgba(43,51,68,0.2)&#8221; text_orientation=&#8221;justified&#8221; max_width=&#8221;1024px&#8221; module_alignment=&#8221;center&#8221; custom_margin=&#8221;|||&#8221; custom_padding=&#8221;|||&#8221; header_2_font_size_tablet=&#8221;&#8221; header_2_font_size_phone=&#8221;24px&#8221; header_2_font_size_last_edited=&#8221;on|phone&#8221; header_2_line_height_tablet=&#8221;1.4em&#8221; header_2_line_height_last_edited=&#8221;off|desktop&#8221; locked=&#8221;off&#8221; global_colors_info=&#8221;{}&#8221;]<\/p>\n<p>I minerali industriali vengono aggiunti ai prodotti in PVC come riempitivi per migliorare propriet\u00e0 specifiche del polimero, come la resistenza alla trazione e la tenacit\u00e0. L&#8217;aggiunta non \u00e8 finalizzata solo alla riduzione dei costi, ma principalmente al miglioramento delle propriet\u00e0 del polimero. Pertanto, il minerale industriale deve essere chimicamente molto puro e rimanere stabile per un lungo periodo di tempo dopo essere stato miscelato nella matrice polimerica, in modo da non causare effetti di invecchiamento nel prodotto finale.  <\/p>\n<p>[\/et_pb_text][\/et_pb_column][\/et_pb_row][\/et_pb_section][et_pb_section fb_built=&#8221;1&#8243; disabled_on=&#8221;off|off|off&#8221; admin_label=&#8221;6-er Auswahl&#8221; module_id=&#8221;Aree&#8221; _builder_version=&#8221;4.16&#8243; background_enable_image=&#8221;off&#8221; background_position=&#8221;top_left&#8221; custom_margin=&#8221;0px||||false|false&#8221; custom_padding=&#8221;0px||||false|false&#8221; global_colors_info=&#8221;{}&#8221;][et_pb_row _builder_version=&#8221;4.16&#8243; _module_preset=&#8221;default&#8221; custom_padding=&#8221;50px||||false|false&#8221; global_colors_info=&#8221;{}&#8221;][et_pb_column type=&#8221;4_4&#8243; _builder_version=&#8221;4.16&#8243; _module_preset=&#8221;default&#8221; global_colors_info=&#8221;{}&#8221;][et_pb_text admin_label=&#8221;Text&#8221; _builder_version=&#8221;4.16&#8243; _module_preset=&#8221;default&#8221; global_colors_info=&#8221;{}&#8221;]<\/p>\n<h2 style=\"text-align: center;\"><strong><span style=\"color: #00478a;\">varianti di prodotto <\/span><\/strong><\/h2>\n<p>[\/et_pb_text][\/et_pb_column][\/et_pb_row][et_pb_row _builder_version=&#8221;4.16&#8243; _module_preset=&#8221;default&#8221; global_colors_info=&#8221;{}&#8221;][et_pb_column type=&#8221;4_4&#8243; _builder_version=&#8221;4.16&#8243; _module_preset=&#8221;default&#8221; global_colors_info=&#8221;{}&#8221;][dvmd_table_maker tbl_row_header_count=&#8221;0&#8243; admin_label=&#8221;Table Maker&#8221; _builder_version=&#8221;4.27.3&#8243; _module_preset=&#8221;default&#8221; global_colors_info=&#8221;{}&#8221;][dvmd_table_maker_item col_label=&#8221;Produktlinie&#8221; col_content=&#8221;Product line<br \/>\n<strong><em>ALFRIMAL<sup>\u00ae<\/sup><\/em><\/strong>     <\/p>\n<p>&#8221; col_column_max_width=&#8221;1fr&#8221; col_chead_cell_color=&#8221;#022d64&#8243; _builder_version=&#8221;4.27.3&#8243; _module_preset=&#8221;default&#8221; col_tcell_text_text_color=&#8221;#000000&#8243; col_chead_text_font=&#8221;|700|||||||&#8221; col_chead_text_text_color=&#8221;#FFFFFF&#8221; global_colors_info=&#8221;{}&#8221;][\/dvmd_table_maker_item][dvmd_table_maker_item col_label=&#8221;Version&#8221; col_content=&#8221;Version<br \/>\n<strong><em>ALFRIMAL<sup>\u00ae<\/sup> 104<\/em><\/strong><br \/>\n<strong><em>ALFRIMAL<sup>\u00ae<\/sup> 105<\/em><\/strong><br \/>\n<strong><em>ALFRIMAL<sup>\u00ae<\/sup> 106<\/em><\/strong><br \/>\n<strong><em>ALFRIMAL<sup>\u00ae<\/sup> 506 P<\/em><\/strong><br \/>\n<strong><em>ALFRIMAL<sup>\u00ae<\/sup> MG-H 4<\/em><\/strong>&#8221; col_column_max_width=&#8221;1fr&#8221; col_chead_cell_color=&#8221;#022d64&#8243; _builder_version=&#8221;4.27.3&#8243; _module_preset=&#8221;default&#8221; col_tcell_text_text_color=&#8221;#000000&#8243; col_chead_text_font=&#8221;|700|||||||&#8221; col_chead_text_text_color=&#8221;#FFFFFF&#8221; global_colors_info=&#8221;{}&#8221;][\/dvmd_table_maker_item][dvmd_table_maker_item col_label=&#8221;Base&#8221; col_content=&#8221;Base<br \/>\nATH Base<br \/>\nATH Base<br \/>\nATH Base<br \/>\nATH Base<br \/>\nMG (OH)2 Basis&#8221; col_column_max_width=&#8221;1fr&#8221; col_chead_cell_color=&#8221;#022d64&#8243; _builder_version=&#8221;4.27.3&#8243; _module_preset=&#8221;default&#8221; col_tcell_text_text_color=&#8221;#000000&#8243; col_chead_text_font=&#8221;|700|||||||&#8221; col_chead_text_text_color=&#8221;#FFFFFF&#8221; global_colors_info=&#8221;{}&#8221;][\/dvmd_table_maker_item][dvmd_table_maker_item col_label=&#8221;Properties \/ Description&#8221; col_content=&#8221;Properties \/ Description<br \/>\nserve to increase the service life of the plastic and protect against various damaging influences during its use\/ flame retardant \/ suitable for processing temperatures up to 200 \u00b0 C \/ finest particle size \/ alternative for finest precipitated ATH \/ narrow decomposition temperature gap \/ independent of pH value<br \/>\nflame retardant \/ suitable for processing temperatures up to 200 \u00b0 C \/ fine particle size \/ alternative for finest precipitated ATH \/ narrow decomposition temperature gap \/ independent of pH-value<br \/>\nflame retardant \/ suitable for processing temperatures up to 200 \u00b0 C \/ fine particle size \/ alternative for finest precipitated ATH \/ narrow decomposition temperature gap \/ independent of pH-value<br \/>\nflame retardant \/ combines highest whiteness with small particle size greater 2\u00b5m\/ halogen free<br \/>\nflame retardant \/ suitable for processing temperatures above 250 \u00b0 C&#8221; col_column_max_width=&#8221;3fr&#8221; col_chead_cell_color=&#8221;#022d64&#8243; _builder_version=&#8221;4.27.3&#8243; _module_preset=&#8221;default&#8221; col_tcell_text_text_color=&#8221;#000000&#8243; col_chead_text_font=&#8221;|700|||||||&#8221; col_chead_text_text_color=&#8221;#FFFFFF&#8221; global_colors_info=&#8221;{}&#8221;][\/dvmd_table_maker_item][dvmd_table_maker_item col_label=&#8221;Download Datenblatt&#8221; col_content=&#8221;Download Data sheet<br \/>\n<a href=%22https:\/\/alpha-calcit.net\/wp-content\/uploads\/2022\/05\/AL-ALFRIMAL-Finest-V1-2020-12-21.pdf%22><img src=%22https:\/\/alpha-calcit.net\/wp-content\/uploads\/2022\/09\/download-icon.png%22><\/a><br \/>\n<a href=%22https:\/\/alpha-calcit.net\/wp-content\/uploads\/2022\/05\/AL-ALFRIMAL-Finest-V1-2020-12-21.pdf%22><img src=%22https:\/\/alpha-calcit.net\/wp-content\/uploads\/2022\/09\/download-icon.png%22><\/a><br \/>\n<a href=%22https:\/\/alpha-calcit.net\/wp-content\/uploads\/2020\/10\/AL-ALFRIMAL-106-V3.pdf%22><img src=%22https:\/\/alpha-calcit.net\/wp-content\/uploads\/2022\/09\/download-icon.png%22><\/a><br \/>\n<a href=%22https:\/\/alpha-calcit.net\/wp-content\/uploads\/2020\/11\/AL-ALFRIMAL-V2-2020-08-24.pdf%22><img src=%22https:\/\/alpha-calcit.net\/wp-content\/uploads\/2022\/09\/download-icon.png%22><\/a><br \/>\n<a href=%22https:\/\/alpha-calcit.net\/wp-content\/uploads\/2020\/10\/AL-ALFRIMAL-MG-H-4-V1.pdf%22><img src=%22https:\/\/alpha-calcit.net\/wp-content\/uploads\/2022\/09\/download-icon.png%22><\/a>&#8221; col_column_max_width=&#8221;0.3fr&#8221; col_chead_cell_color=&#8221;#022d64&#8243; _builder_version=&#8221;4.27.3&#8243; _module_preset=&#8221;default&#8221; col_tcell_text_text_color=&#8221;#000000&#8243; col_chead_text_font=&#8221;|700|||||||&#8221; col_chead_text_text_color=&#8221;#FFFFFF&#8221; global_colors_info=&#8221;{}&#8221;][\/dvmd_table_maker_item][\/dvmd_table_maker][\/et_pb_column][\/et_pb_row][\/et_pb_section][et_pb_section fb_built=&#8221;1&#8243; admin_label=&#8221;Footer1&#8243; _builder_version=&#8221;4.16&#8243; background_color=&#8221;#022D64&#8243; custom_padding=&#8221;|||&#8221; saved_tabs=&#8221;all&#8221; global_colors_info=&#8221;{}&#8221;][et_pb_row use_custom_gutter=&#8221;on&#8221; gutter_width=&#8221;2&#8243; module_id=&#8221;kontakt&#8221; _builder_version=&#8221;4.16&#8243; background_enable_color=&#8221;off&#8221; max_width=&#8221;1440px&#8221; use_custom_width=&#8221;on&#8221; custom_width_px=&#8221;1440px&#8221; locked=&#8221;off&#8221; global_colors_info=&#8221;{}&#8221;][et_pb_column type=&#8221;4_4&#8243; _builder_version=&#8221;4.16&#8243; custom_padding=&#8221;|||&#8221; global_colors_info=&#8221;{}&#8221; custom_padding__hover=&#8221;|||&#8221;][et_pb_menu menu_id=&#8221;9&#8243; menu_style=&#8221;centered&#8221; active_link_color=&#8221;#ffffff&#8221; dropdown_menu_bg_color=&#8221;#00478a&#8221; dropdown_menu_line_color=&#8221;#00478a&#8221; dropdown_menu_text_color=&#8221;#ffffff&#8221; dropdown_menu_active_link_color=&#8221;#ffffff&#8221; mobile_menu_bg_color=&#8221;#00478a&#8221; mobile_menu_text_color=&#8221;#ffffff&#8221; logo=&#8221;https:\/\/alpha-calcit.net\/wp-content\/uploads\/2020\/06\/alpha_logo-300&#215;87-1.png&#8221; _builder_version=&#8221;4.16&#8243; menu_text_color=&#8221;#ffffff&#8221; background_color=&#8221;rgba(0,0,0,0)&#8221; background_layout=&#8221;dark&#8221; global_colors_info=&#8221;{}&#8221;][\/et_pb_menu][\/et_pb_column][\/et_pb_row][et_pb_row use_custom_gutter=&#8221;on&#8221; gutter_width=&#8221;2&#8243; module_id=&#8221;kontakt&#8221; _builder_version=&#8221;4.16&#8243; background_enable_color=&#8221;off&#8221; max_width=&#8221;1440px&#8221; use_custom_width=&#8221;on&#8221; custom_width_px=&#8221;1440px&#8221; locked=&#8221;off&#8221; global_colors_info=&#8221;{}&#8221;][et_pb_column type=&#8221;4_4&#8243; _builder_version=&#8221;4.16&#8243; custom_padding=&#8221;|||&#8221; global_colors_info=&#8221;{}&#8221; custom_padding__hover=&#8221;|||&#8221;][\/et_pb_column][\/et_pb_row][\/et_pb_section]<\/p>\n","protected":false},"excerpt":{"rendered":"<p>Stabilizzatori in PVCI minerali industriali vengono aggiunti ai prodotti in PVC come riempitivi per migliorare propriet\u00e0 specifiche del polimero, come la resistenza alla trazione e la tenacit\u00e0. L&#8217;aggiunta non \u00e8 finalizzata solo alla riduzione dei costi, ma principalmente al miglioramento delle propriet\u00e0 del polimero. Pertanto, il minerale industriale deve essere chimicamente molto puro e rimanere [&hellip;]<\/p>\n","protected":false},"author":8,"featured_media":0,"parent":0,"menu_order":0,"comment_status":"closed","ping_status":"closed","template":"","meta":{"_et_pb_use_builder":"on","_et_pb_old_content":"","_et_gb_content_width":"","footnotes":""},"class_list":["post-15744","page","type-page","status-publish","hentry"],"yoast_head":"<!-- This site is optimized with the Yoast SEO plugin v27.4 - https:\/\/yoast.com\/product\/yoast-seo-wordpress\/ -->\n<title>Stabilizzatori in PVC - Alpha Calcit<\/title>\n<meta name=\"description\" content=\"I minerali industriali vengono aggiunti ai prodotti in PVC come riempitivi per migliorare propriet\u00e0 specifiche del polimero, come la resistenza alla trazione e la tenacit\u00e0.\" \/>\n<meta name=\"robots\" content=\"index, follow, max-snippet:-1, max-image-preview:large, max-video-preview:-1\" \/>\n<link rel=\"canonical\" href=\"https:\/\/alpha-calcit.net\/it\/stabilizzatori-in-pvc\/\" \/>\n<meta property=\"og:locale\" content=\"it_IT\" \/>\n<meta property=\"og:type\" content=\"article\" \/>\n<meta property=\"og:title\" content=\"Stabilizzatori in PVC - Alpha Calcit\" \/>\n<meta property=\"og:description\" content=\"I minerali industriali vengono aggiunti ai prodotti in PVC come riempitivi per migliorare propriet\u00e0 specifiche del polimero, come la resistenza alla trazione e la tenacit\u00e0.\" \/>\n<meta property=\"og:url\" content=\"https:\/\/alpha-calcit.net\/it\/stabilizzatori-in-pvc\/\" \/>\n<meta property=\"og:site_name\" content=\"Alpha Calcit\" \/>\n<meta property=\"article:modified_time\" content=\"2026-03-12T11:36:08+00:00\" \/>\n<meta name=\"twitter:card\" content=\"summary_large_image\" \/>\n<script type=\"application\/ld+json\" class=\"yoast-schema-graph\">{\"@context\":\"https:\\\/\\\/schema.org\",\"@graph\":[{\"@type\":\"WebPage\",\"@id\":\"https:\\\/\\\/alpha-calcit.net\\\/it\\\/stabilizzatori-in-pvc\\\/\",\"url\":\"https:\\\/\\\/alpha-calcit.net\\\/it\\\/stabilizzatori-in-pvc\\\/\",\"name\":\"Stabilizzatori in PVC - Alpha Calcit\",\"isPartOf\":{\"@id\":\"https:\\\/\\\/alpha-calcit.net\\\/it\\\/#website\"},\"datePublished\":\"2025-09-28T16:03:32+00:00\",\"dateModified\":\"2026-03-12T11:36:08+00:00\",\"description\":\"I minerali industriali vengono aggiunti ai prodotti in PVC come riempitivi per migliorare propriet\u00e0 specifiche del polimero, come la resistenza alla trazione e la tenacit\u00e0.\",\"breadcrumb\":{\"@id\":\"https:\\\/\\\/alpha-calcit.net\\\/it\\\/stabilizzatori-in-pvc\\\/#breadcrumb\"},\"inLanguage\":\"it-IT\",\"potentialAction\":[{\"@type\":\"ReadAction\",\"target\":[\"https:\\\/\\\/alpha-calcit.net\\\/it\\\/stabilizzatori-in-pvc\\\/\"]}]},{\"@type\":\"BreadcrumbList\",\"@id\":\"https:\\\/\\\/alpha-calcit.net\\\/it\\\/stabilizzatori-in-pvc\\\/#breadcrumb\",\"itemListElement\":[{\"@type\":\"ListItem\",\"position\":1,\"name\":\"Startseite\",\"item\":\"https:\\\/\\\/alpha-calcit.net\\\/it\\\/\"},{\"@type\":\"ListItem\",\"position\":2,\"name\":\"Stabilizzatori in PVC\"}]},{\"@type\":\"WebSite\",\"@id\":\"https:\\\/\\\/alpha-calcit.net\\\/it\\\/#website\",\"url\":\"https:\\\/\\\/alpha-calcit.net\\\/it\\\/\",\"name\":\"Alpha Calcit\",\"description\":\"\",\"publisher\":{\"@id\":\"https:\\\/\\\/alpha-calcit.net\\\/it\\\/#organization\"},\"potentialAction\":[{\"@type\":\"SearchAction\",\"target\":{\"@type\":\"EntryPoint\",\"urlTemplate\":\"https:\\\/\\\/alpha-calcit.net\\\/it\\\/?s={search_term_string}\"},\"query-input\":{\"@type\":\"PropertyValueSpecification\",\"valueRequired\":true,\"valueName\":\"search_term_string\"}}],\"inLanguage\":\"it-IT\"},{\"@type\":\"Organization\",\"@id\":\"https:\\\/\\\/alpha-calcit.net\\\/it\\\/#organization\",\"name\":\"Alpha Calcit F\u00fcllstoff Gesellschaft mbH & Co. KG\",\"alternateName\":\"Alpha Calcit\",\"url\":\"https:\\\/\\\/alpha-calcit.net\\\/it\\\/\",\"logo\":{\"@type\":\"ImageObject\",\"inLanguage\":\"it-IT\",\"@id\":\"https:\\\/\\\/alpha-calcit.net\\\/it\\\/#\\\/schema\\\/logo\\\/image\\\/\",\"url\":\"https:\\\/\\\/alpha-calcit.net\\\/wp-content\\\/uploads\\\/2022\\\/07\\\/alpha-512px.png\",\"contentUrl\":\"https:\\\/\\\/alpha-calcit.net\\\/wp-content\\\/uploads\\\/2022\\\/07\\\/alpha-512px.png\",\"width\":512,\"height\":512,\"caption\":\"Alpha Calcit F\u00fcllstoff Gesellschaft mbH & Co. KG\"},\"image\":{\"@id\":\"https:\\\/\\\/alpha-calcit.net\\\/it\\\/#\\\/schema\\\/logo\\\/image\\\/\"},\"sameAs\":[\"https:\\\/\\\/www.linkedin.com\\\/company\\\/106003634\"]}]}<\/script>\n<!-- \/ Yoast SEO plugin. -->","yoast_head_json":{"title":"Stabilizzatori in PVC - Alpha Calcit","description":"I minerali industriali vengono aggiunti ai prodotti in PVC come riempitivi per migliorare propriet\u00e0 specifiche del polimero, come la resistenza alla trazione e la tenacit\u00e0.","robots":{"index":"index","follow":"follow","max-snippet":"max-snippet:-1","max-image-preview":"max-image-preview:large","max-video-preview":"max-video-preview:-1"},"canonical":"https:\/\/alpha-calcit.net\/it\/stabilizzatori-in-pvc\/","og_locale":"it_IT","og_type":"article","og_title":"Stabilizzatori in PVC - Alpha Calcit","og_description":"I minerali industriali vengono aggiunti ai prodotti in PVC come riempitivi per migliorare propriet\u00e0 specifiche del polimero, come la resistenza alla trazione e la tenacit\u00e0.","og_url":"https:\/\/alpha-calcit.net\/it\/stabilizzatori-in-pvc\/","og_site_name":"Alpha Calcit","article_modified_time":"2026-03-12T11:36:08+00:00","twitter_card":"summary_large_image","schema":{"@context":"https:\/\/schema.org","@graph":[{"@type":"WebPage","@id":"https:\/\/alpha-calcit.net\/it\/stabilizzatori-in-pvc\/","url":"https:\/\/alpha-calcit.net\/it\/stabilizzatori-in-pvc\/","name":"Stabilizzatori in PVC - Alpha Calcit","isPartOf":{"@id":"https:\/\/alpha-calcit.net\/it\/#website"},"datePublished":"2025-09-28T16:03:32+00:00","dateModified":"2026-03-12T11:36:08+00:00","description":"I minerali industriali vengono aggiunti ai prodotti in PVC come riempitivi per migliorare propriet\u00e0 specifiche del polimero, come la resistenza alla trazione e la tenacit\u00e0.","breadcrumb":{"@id":"https:\/\/alpha-calcit.net\/it\/stabilizzatori-in-pvc\/#breadcrumb"},"inLanguage":"it-IT","potentialAction":[{"@type":"ReadAction","target":["https:\/\/alpha-calcit.net\/it\/stabilizzatori-in-pvc\/"]}]},{"@type":"BreadcrumbList","@id":"https:\/\/alpha-calcit.net\/it\/stabilizzatori-in-pvc\/#breadcrumb","itemListElement":[{"@type":"ListItem","position":1,"name":"Startseite","item":"https:\/\/alpha-calcit.net\/it\/"},{"@type":"ListItem","position":2,"name":"Stabilizzatori in PVC"}]},{"@type":"WebSite","@id":"https:\/\/alpha-calcit.net\/it\/#website","url":"https:\/\/alpha-calcit.net\/it\/","name":"Alpha Calcit","description":"","publisher":{"@id":"https:\/\/alpha-calcit.net\/it\/#organization"},"potentialAction":[{"@type":"SearchAction","target":{"@type":"EntryPoint","urlTemplate":"https:\/\/alpha-calcit.net\/it\/?s={search_term_string}"},"query-input":{"@type":"PropertyValueSpecification","valueRequired":true,"valueName":"search_term_string"}}],"inLanguage":"it-IT"},{"@type":"Organization","@id":"https:\/\/alpha-calcit.net\/it\/#organization","name":"Alpha Calcit F\u00fcllstoff Gesellschaft mbH & Co. KG","alternateName":"Alpha Calcit","url":"https:\/\/alpha-calcit.net\/it\/","logo":{"@type":"ImageObject","inLanguage":"it-IT","@id":"https:\/\/alpha-calcit.net\/it\/#\/schema\/logo\/image\/","url":"https:\/\/alpha-calcit.net\/wp-content\/uploads\/2022\/07\/alpha-512px.png","contentUrl":"https:\/\/alpha-calcit.net\/wp-content\/uploads\/2022\/07\/alpha-512px.png","width":512,"height":512,"caption":"Alpha Calcit F\u00fcllstoff Gesellschaft mbH & Co. KG"},"image":{"@id":"https:\/\/alpha-calcit.net\/it\/#\/schema\/logo\/image\/"},"sameAs":["https:\/\/www.linkedin.com\/company\/106003634"]}]}},"_links":{"self":[{"href":"https:\/\/alpha-calcit.net\/it\/wp-json\/wp\/v2\/pages\/15744","targetHints":{"allow":["GET"]}}],"collection":[{"href":"https:\/\/alpha-calcit.net\/it\/wp-json\/wp\/v2\/pages"}],"about":[{"href":"https:\/\/alpha-calcit.net\/it\/wp-json\/wp\/v2\/types\/page"}],"author":[{"embeddable":true,"href":"https:\/\/alpha-calcit.net\/it\/wp-json\/wp\/v2\/users\/8"}],"replies":[{"embeddable":true,"href":"https:\/\/alpha-calcit.net\/it\/wp-json\/wp\/v2\/comments?post=15744"}],"version-history":[{"count":13,"href":"https:\/\/alpha-calcit.net\/it\/wp-json\/wp\/v2\/pages\/15744\/revisions"}],"predecessor-version":[{"id":18119,"href":"https:\/\/alpha-calcit.net\/it\/wp-json\/wp\/v2\/pages\/15744\/revisions\/18119"}],"wp:attachment":[{"href":"https:\/\/alpha-calcit.net\/it\/wp-json\/wp\/v2\/media?parent=15744"}],"curies":[{"name":"wp","href":"https:\/\/api.w.org\/{rel}","templated":true}]}}