{"id":15821,"date":"2025-09-28T18:04:51","date_gmt":"2025-09-28T16:04:51","guid":{"rendered":"https:\/\/alpha-calcit.net\/biossidi-di-titanio-pigmenti-bianchi\/"},"modified":"2026-03-12T15:07:44","modified_gmt":"2026-03-12T14:07:44","slug":"biossidi-di-titanio-pigmenti-bianchi","status":"publish","type":"page","link":"https:\/\/alpha-calcit.net\/it\/biossidi-di-titanio-pigmenti-bianchi\/","title":{"rendered":"Biossidi di titanio &#8211; Pigmenti bianchi"},"content":{"rendered":"<p>[et_pb_section fb_built=&#8221;1&#8243; next_background_color=&#8221;#f7f7f7&#8243; admin_label=&#8221;Hero&#8221; _builder_version=&#8221;4.16&#8243; background_color=&#8221;#00478a&#8221; use_background_color_gradient=&#8221;on&#8221; background_color_gradient_direction=&#8221;70deg&#8221; background_color_gradient_stops=&#8221;rgba(40,61,75,0.3) 0%|rgba(128,103,79,0.22) 100%&#8221; background_color_gradient_overlays_image=&#8221;on&#8221; background_color_gradient_start=&#8221;rgba(40,61,75,0.3)&#8221; background_color_gradient_end=&#8221;rgba(128,103,79,0.22)&#8221; background_image=&#8221;https:\/\/alpha-calcit.net\/wp-content\/uploads\/2022\/07\/paint-933395-1-scaled.jpg&#8221; custom_margin=&#8221;|||&#8221; custom_padding=&#8221;6vw|||&#8221; bottom_divider_style=&#8221;mountains2&#8243; bottom_divider_height=&#8221;20vw&#8221; bottom_divider_repeat=&#8221;0.5x&#8221; bottom_divider_flip=&#8221;horizontal|vertical&#8221; animation_style=&#8221;zoom&#8221; global_colors_info=&#8221;{}&#8221;][et_pb_row _builder_version=&#8221;4.16&#8243; custom_margin=&#8221;|||&#8221; custom_padding=&#8221;27px|0px|0|0px|false|false&#8221; global_colors_info=&#8221;{}&#8221;][et_pb_column type=&#8221;4_4&#8243; _builder_version=&#8221;4.16&#8243; custom_padding=&#8221;|||&#8221; global_colors_info=&#8221;{}&#8221; custom_padding__hover=&#8221;|||&#8221;][et_pb_text _builder_version=&#8221;4.16&#8243; text_font=&#8221;||||||||&#8221; header_font=&#8221;|700|||||||&#8221; header_text_color=&#8221;#ffffff&#8221; header_font_size=&#8221;64px&#8221; header_line_height=&#8221;1.4em&#8221; header_2_font=&#8221;Josefin Sans||||||||&#8221; header_2_text_color=&#8221;rgba(255,255,255,0.6)&#8221; header_2_font_size=&#8221;32px&#8221; header_2_line_height=&#8221;1.4em&#8221; background_layout=&#8221;dark&#8221; animation_style=&#8221;slide&#8221; animation_direction=&#8221;right&#8221; animation_intensity_slide=&#8221;4%&#8221; header_font_size_tablet=&#8221;50px&#8221; header_font_size_phone=&#8221;32px&#8221; header_font_size_last_edited=&#8221;on|desktop&#8221; header_2_font_size_tablet=&#8221;&#8221; header_2_font_size_phone=&#8221;24px&#8221; header_2_font_size_last_edited=&#8221;on|phone&#8221; header_text_shadow_style=&#8221;preset3&#8243; header_text_shadow_color=&#8221;#000000&#8243; global_colors_info=&#8221;{}&#8221;]<\/p>\n<h1>Pigmenti bianchi<br \/> DIOSSIDO DI TITANIO<\/h1>\n<p>[\/et_pb_text][\/et_pb_column][\/et_pb_row][et_pb_row column_structure=&#8221;1_2,1_2&#8243; _builder_version=&#8221;4.16&#8243; custom_padding=&#8221;0|0px|27px|0px|false|false&#8221; locked=&#8221;off&#8221; global_colors_info=&#8221;{}&#8221;][et_pb_column type=&#8221;1_2&#8243; _builder_version=&#8221;4.16&#8243; custom_padding=&#8221;|||&#8221; global_colors_info=&#8221;{}&#8221; custom_padding__hover=&#8221;|||&#8221;][et_pb_text _builder_version=&#8221;4.16&#8243; global_colors_info=&#8221;{}&#8221;][\/et_pb_text][\/et_pb_column][et_pb_column type=&#8221;1_2&#8243; _builder_version=&#8221;4.16&#8243; custom_padding=&#8221;|||&#8221; global_colors_info=&#8221;{}&#8221; custom_padding__hover=&#8221;|||&#8221;][et_pb_button button_url=&#8221;#sektion&#8221; button_text=&#8221;Per saperne di pi\u00f9 &#8230;&#8221; button_alignment=&#8221;right&#8221; module_id=&#8221;sektion&#8221; _builder_version=&#8221;4.16&#8243; _module_preset=&#8221;default&#8221; custom_button=&#8221;on&#8221; button_text_size=&#8221;23px&#8221; button_text_color=&#8221;#FFFFFF&#8221; button_bg_color=&#8221;#00478A&#8221; button_border_width=&#8221;0px&#8221; button_border_color=&#8221;#00478A&#8221; button_border_radius=&#8221;100px&#8221; button_font=&#8221;|700|||||||&#8221; custom_padding=&#8221;|||32px||&#8221; animation_style=&#8221;slide&#8221; animation_intensity_slide=&#8221;8%&#8221; motion_trigger_start=&#8221;bottom&#8221; box_shadow_style=&#8221;preset3&#8243; box_shadow_blur=&#8221;20px&#8221; box_shadow_spread=&#8221;-10px&#8221; global_colors_info=&#8221;{}&#8221;][\/et_pb_button][\/et_pb_column][\/et_pb_row][et_pb_row use_custom_gutter=&#8221;on&#8221; gutter_width=&#8221;1&#8243; disabled_on=&#8221;on|off|off&#8221; module_class=&#8221; et_pb_row_fullwidth&#8221; _builder_version=&#8221;4.16&#8243; width=&#8221;100%&#8221; width_tablet=&#8221;100%&#8221; width_phone=&#8221;&#8221; width_last_edited=&#8221;on|desktop&#8221; max_width=&#8221;100%&#8221; max_width_tablet=&#8221;100%&#8221; max_width_phone=&#8221;&#8221; max_width_last_edited=&#8221;on|desktop&#8221; make_fullwidth=&#8221;on&#8221; locked=&#8221;off&#8221; global_colors_info=&#8221;{}&#8221;][et_pb_column type=&#8221;4_4&#8243; _builder_version=&#8221;4.16&#8243; custom_padding=&#8221;|||&#8221; global_colors_info=&#8221;{}&#8221; custom_padding__hover=&#8221;|||&#8221;][\/et_pb_column][\/et_pb_row][\/et_pb_section][et_pb_section fb_built=&#8221;1&#8243; _builder_version=&#8221;4.16&#8243; background_color=&#8221;#f7f7f7&#8243; custom_padding=&#8221;||0px|||&#8221; global_colors_info=&#8221;{}&#8221;][et_pb_row _builder_version=&#8221;4.27.3&#8243; global_colors_info=&#8221;{}&#8221;][et_pb_column type=&#8221;4_4&#8243; _builder_version=&#8221;4.16&#8243; global_colors_info=&#8221;{}&#8221;][et_pb_text _builder_version=&#8221;4.27.3&#8243; _module_preset=&#8221;default&#8221; global_colors_info=&#8221;{}&#8221;]<\/p>\n<p>Il biossido di titanio (TiO2) \u00e8 uno dei pigmenti bianchi pi\u00f9 efficaci sul mercato ed \u00e8 caratterizzato da un eccellente potere coprente, un elevato grado di bianco e un&#8217;alta superficie specifica.<\/p>\n<p>I principali vantaggi dell&#8217;utilizzo dei nostri prodotti a base di TiO2 sono la luminosit\u00e0 e l&#8217;indice di rifrazione molto elevato, oltre all&#8217;eccellente lavorabilit\u00e0 dei pigmenti, alla durata, alla stabilit\u00e0 termica e all&#8217;attivit\u00e0 fotochimica.<\/p>\n<p>Grazie alla sua elevata opacit\u00e0, il TiO2 \u00e8 particolarmente adatto per applicazioni in<\/p>\n<ul>\n<li>vernici<\/li>\n<li>plastica<\/li>\n<li>carta<\/li>\n<li>Inchiostro<\/li>\n<li>rivestimenti<\/li>\n<li>farmaci dentifricio<\/li>\n<\/ul>\n<p>[\/et_pb_text][\/et_pb_column][\/et_pb_row][\/et_pb_section][et_pb_section fb_built=&#8221;1&#8243; _builder_version=&#8221;4.16&#8243; min_height=&#8221;612px&#8221; custom_padding=&#8221;0px|||||&#8221; global_colors_info=&#8221;{}&#8221;][et_pb_row _builder_version=&#8221;4.27.3&#8243; min_height=&#8221;505.8px&#8221; global_colors_info=&#8221;{}&#8221;][et_pb_column type=&#8221;4_4&#8243; _builder_version=&#8221;4.16&#8243; global_colors_info=&#8221;{}&#8221;][et_pb_text _builder_version=&#8221;4.27.3&#8243; _module_preset=&#8221;default&#8221; global_colors_info=&#8221;{}&#8221;]<\/p>\n<h3><span style=\"color: #00458c;\"><em><strong>ALPHAWHITE\u00ae<\/strong><\/em><\/span><\/h3>\n<p>La famiglia di prodotti <span style=\"color: #00458c;\"><em><strong>ALPHAWHITE\u00ae<\/strong><\/em> <\/span> include gradi di biossido di titanio pre-dispersi.<br \/>L&#8217;uso di questi prodotti evita i problemi di dispersione spesso descritti dagli utenti quando si disperde biossido di titanio puro ed estremamente fine.<br \/>L&#8217;efficacia di questi biossidi di titanio si sviluppa pienamente nel pi\u00f9 breve tempo di dispersione.<\/p>\n<p>Per selezionare la variante ottimale per la vostra applicazione, contattateci: sono disponibili le seguenti varianti:<\/p>\n<p>&nbsp;<\/p>\n<ul>\n<li><span style=\"color: #00458c;\"><a style=\"color: #00458c;\" href=\"https:\/\/alpha-calcit.net\/wp-content\/uploads\/2022\/10\/Application-leaflet_ALPHAWHITE.pdf\"><em><strong>ALPHAWHITE\u00ae TI RC GX 1 P \/ 81 P  <\/strong><\/em><\/a><\/span><\/li>\n<li><span style=\"color: #00458c;\"><em><strong><a style=\"color: #00458c;\" href=\"https:\/\/alpha-calcit.net\/wp-content\/uploads\/2024\/04\/AL-ALPHAWHITE-TI-RC-823_Vers.-08.2023_KS.pdf\">ALPHAWHITE\u00ae RC 823<\/a><\/strong><\/em><\/span><\/li>\n<li><span style=\"color: #00458c;\"><em><strong>Titandioxid RCL 188 \/ 595 \/ 596\/ 696 (su richiesta speciale)<\/strong><\/em><\/span><\/li>\n<\/ul>\n<p>[\/et_pb_text][\/et_pb_column][\/et_pb_row][\/et_pb_section][et_pb_section fb_built=&#8221;1&#8243; admin_label=&#8221;Footer1&#8243; _builder_version=&#8221;4.16&#8243; background_color=&#8221;#022D64&#8243; min_height=&#8221;826px&#8221; custom_margin=&#8221;187px|||||&#8221; custom_padding=&#8221;|||&#8221; saved_tabs=&#8221;all&#8221; global_colors_info=&#8221;{}&#8221;][et_pb_row use_custom_gutter=&#8221;on&#8221; gutter_width=&#8221;2&#8243; module_id=&#8221;kontakt&#8221; _builder_version=&#8221;4.16&#8243; background_enable_color=&#8221;off&#8221; max_width=&#8221;1440px&#8221; use_custom_width=&#8221;on&#8221; custom_width_px=&#8221;1440px&#8221; locked=&#8221;off&#8221; global_colors_info=&#8221;{}&#8221;][et_pb_column type=&#8221;4_4&#8243; _builder_version=&#8221;4.16&#8243; custom_padding=&#8221;|||&#8221; global_colors_info=&#8221;{}&#8221; custom_padding__hover=&#8221;|||&#8221;][et_pb_menu menu_id=&#8221;9&#8243; menu_style=&#8221;centered&#8221; active_link_color=&#8221;#ffffff&#8221; dropdown_menu_bg_color=&#8221;#00478a&#8221; dropdown_menu_line_color=&#8221;#00478a&#8221; dropdown_menu_text_color=&#8221;#ffffff&#8221; dropdown_menu_active_link_color=&#8221;#ffffff&#8221; mobile_menu_bg_color=&#8221;#00478a&#8221; mobile_menu_text_color=&#8221;#ffffff&#8221; logo=&#8221;https:\/\/alpha-calcit.net\/wp-content\/uploads\/2020\/06\/alpha_logo-300&#215;87-1.png&#8221; _builder_version=&#8221;4.16&#8243; menu_text_color=&#8221;#ffffff&#8221; background_color=&#8221;rgba(0,0,0,0)&#8221; background_layout=&#8221;dark&#8221; global_colors_info=&#8221;{}&#8221;][\/et_pb_menu][\/et_pb_column][\/et_pb_row][et_pb_row use_custom_gutter=&#8221;on&#8221; gutter_width=&#8221;2&#8243; module_id=&#8221;kontakt&#8221; _builder_version=&#8221;4.16&#8243; background_enable_color=&#8221;off&#8221; max_width=&#8221;1440px&#8221; use_custom_width=&#8221;on&#8221; custom_width_px=&#8221;1440px&#8221; locked=&#8221;off&#8221; global_colors_info=&#8221;{}&#8221;][et_pb_column type=&#8221;4_4&#8243; _builder_version=&#8221;4.16&#8243; custom_padding=&#8221;|||&#8221; global_colors_info=&#8221;{}&#8221; custom_padding__hover=&#8221;|||&#8221;][\/et_pb_column][\/et_pb_row][\/et_pb_section]<\/p>\n","protected":false},"excerpt":{"rendered":"<p>Pigmenti bianchi DIOSSIDO DI TITANIOIl biossido di titanio (TiO2) \u00e8 uno dei pigmenti bianchi pi\u00f9 efficaci sul mercato ed \u00e8 caratterizzato da un eccellente potere coprente, un elevato grado di bianco e un&#8217;alta superficie specifica. I principali vantaggi dell&#8217;utilizzo dei nostri prodotti a base di TiO2 sono la luminosit\u00e0 e l&#8217;indice di rifrazione molto elevato, [&hellip;]<\/p>\n","protected":false},"author":2,"featured_media":0,"parent":0,"menu_order":0,"comment_status":"closed","ping_status":"closed","template":"","meta":{"_et_pb_use_builder":"on","_et_pb_old_content":"","_et_gb_content_width":"","footnotes":""},"class_list":["post-15821","page","type-page","status-publish","hentry"],"yoast_head":"<!-- This site is optimized with the Yoast SEO plugin v27.3 - https:\/\/yoast.com\/product\/yoast-seo-wordpress\/ -->\n<title>Biossidi di titanio - Pigmenti bianchi - Alpha Calcit<\/title>\n<meta name=\"description\" content=\"Il biossido di titanio (TiO2) \u00e8 uno dei pigmenti bianchi pi\u00f9 efficaci sul mercato ed \u00e8 caratterizzato da un eccellente potere coprente, un elevato grado di bianco e un\u2019alta superficie specifica.\" \/>\n<meta name=\"robots\" content=\"index, follow, max-snippet:-1, max-image-preview:large, max-video-preview:-1\" \/>\n<link rel=\"canonical\" href=\"https:\/\/alpha-calcit.net\/it\/biossidi-di-titanio-pigmenti-bianchi\/\" \/>\n<meta property=\"og:locale\" content=\"it_IT\" \/>\n<meta property=\"og:type\" content=\"article\" \/>\n<meta property=\"og:title\" content=\"Biossidi di titanio - Pigmenti bianchi - Alpha Calcit\" \/>\n<meta property=\"og:description\" content=\"Il biossido di titanio (TiO2) \u00e8 uno dei pigmenti bianchi pi\u00f9 efficaci sul mercato ed \u00e8 caratterizzato da un eccellente potere coprente, un elevato grado di bianco e un\u2019alta superficie specifica.\" \/>\n<meta property=\"og:url\" content=\"https:\/\/alpha-calcit.net\/it\/biossidi-di-titanio-pigmenti-bianchi\/\" \/>\n<meta property=\"og:site_name\" content=\"Alpha Calcit\" \/>\n<meta property=\"article:modified_time\" content=\"2026-03-12T14:07:44+00:00\" \/>\n<meta name=\"twitter:card\" content=\"summary_large_image\" \/>\n<script type=\"application\/ld+json\" class=\"yoast-schema-graph\">{\"@context\":\"https:\\\/\\\/schema.org\",\"@graph\":[{\"@type\":\"WebPage\",\"@id\":\"https:\\\/\\\/alpha-calcit.net\\\/it\\\/biossidi-di-titanio-pigmenti-bianchi\\\/\",\"url\":\"https:\\\/\\\/alpha-calcit.net\\\/it\\\/biossidi-di-titanio-pigmenti-bianchi\\\/\",\"name\":\"Biossidi di titanio - Pigmenti bianchi - Alpha Calcit\",\"isPartOf\":{\"@id\":\"https:\\\/\\\/alpha-calcit.net\\\/it\\\/#website\"},\"datePublished\":\"2025-09-28T16:04:51+00:00\",\"dateModified\":\"2026-03-12T14:07:44+00:00\",\"description\":\"Il biossido di titanio (TiO2) \u00e8 uno dei pigmenti bianchi pi\u00f9 efficaci sul mercato ed \u00e8 caratterizzato da un eccellente potere coprente, un elevato grado di bianco e un\u2019alta superficie specifica.\",\"breadcrumb\":{\"@id\":\"https:\\\/\\\/alpha-calcit.net\\\/it\\\/biossidi-di-titanio-pigmenti-bianchi\\\/#breadcrumb\"},\"inLanguage\":\"it-IT\",\"potentialAction\":[{\"@type\":\"ReadAction\",\"target\":[\"https:\\\/\\\/alpha-calcit.net\\\/it\\\/biossidi-di-titanio-pigmenti-bianchi\\\/\"]}]},{\"@type\":\"BreadcrumbList\",\"@id\":\"https:\\\/\\\/alpha-calcit.net\\\/it\\\/biossidi-di-titanio-pigmenti-bianchi\\\/#breadcrumb\",\"itemListElement\":[{\"@type\":\"ListItem\",\"position\":1,\"name\":\"Startseite\",\"item\":\"https:\\\/\\\/alpha-calcit.net\\\/it\\\/\"},{\"@type\":\"ListItem\",\"position\":2,\"name\":\"Biossidi di titanio &#8211; Pigmenti bianchi\"}]},{\"@type\":\"WebSite\",\"@id\":\"https:\\\/\\\/alpha-calcit.net\\\/it\\\/#website\",\"url\":\"https:\\\/\\\/alpha-calcit.net\\\/it\\\/\",\"name\":\"Alpha Calcit\",\"description\":\"\",\"publisher\":{\"@id\":\"https:\\\/\\\/alpha-calcit.net\\\/it\\\/#organization\"},\"potentialAction\":[{\"@type\":\"SearchAction\",\"target\":{\"@type\":\"EntryPoint\",\"urlTemplate\":\"https:\\\/\\\/alpha-calcit.net\\\/it\\\/?s={search_term_string}\"},\"query-input\":{\"@type\":\"PropertyValueSpecification\",\"valueRequired\":true,\"valueName\":\"search_term_string\"}}],\"inLanguage\":\"it-IT\"},{\"@type\":\"Organization\",\"@id\":\"https:\\\/\\\/alpha-calcit.net\\\/it\\\/#organization\",\"name\":\"Alpha Calcit F\u00fcllstoff Gesellschaft mbH & Co. KG\",\"alternateName\":\"Alpha Calcit\",\"url\":\"https:\\\/\\\/alpha-calcit.net\\\/it\\\/\",\"logo\":{\"@type\":\"ImageObject\",\"inLanguage\":\"it-IT\",\"@id\":\"https:\\\/\\\/alpha-calcit.net\\\/it\\\/#\\\/schema\\\/logo\\\/image\\\/\",\"url\":\"https:\\\/\\\/alpha-calcit.net\\\/wp-content\\\/uploads\\\/2022\\\/07\\\/alpha-512px.png\",\"contentUrl\":\"https:\\\/\\\/alpha-calcit.net\\\/wp-content\\\/uploads\\\/2022\\\/07\\\/alpha-512px.png\",\"width\":512,\"height\":512,\"caption\":\"Alpha Calcit F\u00fcllstoff Gesellschaft mbH & Co. KG\"},\"image\":{\"@id\":\"https:\\\/\\\/alpha-calcit.net\\\/it\\\/#\\\/schema\\\/logo\\\/image\\\/\"},\"sameAs\":[\"https:\\\/\\\/www.linkedin.com\\\/company\\\/106003634\"]}]}<\/script>\n<!-- \/ Yoast SEO plugin. -->","yoast_head_json":{"title":"Biossidi di titanio - Pigmenti bianchi - Alpha Calcit","description":"Il biossido di titanio (TiO2) \u00e8 uno dei pigmenti bianchi pi\u00f9 efficaci sul mercato ed \u00e8 caratterizzato da un eccellente potere coprente, un elevato grado di bianco e un\u2019alta superficie specifica.","robots":{"index":"index","follow":"follow","max-snippet":"max-snippet:-1","max-image-preview":"max-image-preview:large","max-video-preview":"max-video-preview:-1"},"canonical":"https:\/\/alpha-calcit.net\/it\/biossidi-di-titanio-pigmenti-bianchi\/","og_locale":"it_IT","og_type":"article","og_title":"Biossidi di titanio - Pigmenti bianchi - Alpha Calcit","og_description":"Il biossido di titanio (TiO2) \u00e8 uno dei pigmenti bianchi pi\u00f9 efficaci sul mercato ed \u00e8 caratterizzato da un eccellente potere coprente, un elevato grado di bianco e un\u2019alta superficie specifica.","og_url":"https:\/\/alpha-calcit.net\/it\/biossidi-di-titanio-pigmenti-bianchi\/","og_site_name":"Alpha Calcit","article_modified_time":"2026-03-12T14:07:44+00:00","twitter_card":"summary_large_image","schema":{"@context":"https:\/\/schema.org","@graph":[{"@type":"WebPage","@id":"https:\/\/alpha-calcit.net\/it\/biossidi-di-titanio-pigmenti-bianchi\/","url":"https:\/\/alpha-calcit.net\/it\/biossidi-di-titanio-pigmenti-bianchi\/","name":"Biossidi di titanio - Pigmenti bianchi - Alpha Calcit","isPartOf":{"@id":"https:\/\/alpha-calcit.net\/it\/#website"},"datePublished":"2025-09-28T16:04:51+00:00","dateModified":"2026-03-12T14:07:44+00:00","description":"Il biossido di titanio (TiO2) \u00e8 uno dei pigmenti bianchi pi\u00f9 efficaci sul mercato ed \u00e8 caratterizzato da un eccellente potere coprente, un elevato grado di bianco e un\u2019alta superficie specifica.","breadcrumb":{"@id":"https:\/\/alpha-calcit.net\/it\/biossidi-di-titanio-pigmenti-bianchi\/#breadcrumb"},"inLanguage":"it-IT","potentialAction":[{"@type":"ReadAction","target":["https:\/\/alpha-calcit.net\/it\/biossidi-di-titanio-pigmenti-bianchi\/"]}]},{"@type":"BreadcrumbList","@id":"https:\/\/alpha-calcit.net\/it\/biossidi-di-titanio-pigmenti-bianchi\/#breadcrumb","itemListElement":[{"@type":"ListItem","position":1,"name":"Startseite","item":"https:\/\/alpha-calcit.net\/it\/"},{"@type":"ListItem","position":2,"name":"Biossidi di titanio &#8211; Pigmenti bianchi"}]},{"@type":"WebSite","@id":"https:\/\/alpha-calcit.net\/it\/#website","url":"https:\/\/alpha-calcit.net\/it\/","name":"Alpha Calcit","description":"","publisher":{"@id":"https:\/\/alpha-calcit.net\/it\/#organization"},"potentialAction":[{"@type":"SearchAction","target":{"@type":"EntryPoint","urlTemplate":"https:\/\/alpha-calcit.net\/it\/?s={search_term_string}"},"query-input":{"@type":"PropertyValueSpecification","valueRequired":true,"valueName":"search_term_string"}}],"inLanguage":"it-IT"},{"@type":"Organization","@id":"https:\/\/alpha-calcit.net\/it\/#organization","name":"Alpha Calcit F\u00fcllstoff Gesellschaft mbH & Co. KG","alternateName":"Alpha Calcit","url":"https:\/\/alpha-calcit.net\/it\/","logo":{"@type":"ImageObject","inLanguage":"it-IT","@id":"https:\/\/alpha-calcit.net\/it\/#\/schema\/logo\/image\/","url":"https:\/\/alpha-calcit.net\/wp-content\/uploads\/2022\/07\/alpha-512px.png","contentUrl":"https:\/\/alpha-calcit.net\/wp-content\/uploads\/2022\/07\/alpha-512px.png","width":512,"height":512,"caption":"Alpha Calcit F\u00fcllstoff Gesellschaft mbH & Co. KG"},"image":{"@id":"https:\/\/alpha-calcit.net\/it\/#\/schema\/logo\/image\/"},"sameAs":["https:\/\/www.linkedin.com\/company\/106003634"]}]}},"_links":{"self":[{"href":"https:\/\/alpha-calcit.net\/it\/wp-json\/wp\/v2\/pages\/15821","targetHints":{"allow":["GET"]}}],"collection":[{"href":"https:\/\/alpha-calcit.net\/it\/wp-json\/wp\/v2\/pages"}],"about":[{"href":"https:\/\/alpha-calcit.net\/it\/wp-json\/wp\/v2\/types\/page"}],"author":[{"embeddable":true,"href":"https:\/\/alpha-calcit.net\/it\/wp-json\/wp\/v2\/users\/2"}],"replies":[{"embeddable":true,"href":"https:\/\/alpha-calcit.net\/it\/wp-json\/wp\/v2\/comments?post=15821"}],"version-history":[{"count":2,"href":"https:\/\/alpha-calcit.net\/it\/wp-json\/wp\/v2\/pages\/15821\/revisions"}],"predecessor-version":[{"id":18193,"href":"https:\/\/alpha-calcit.net\/it\/wp-json\/wp\/v2\/pages\/15821\/revisions\/18193"}],"wp:attachment":[{"href":"https:\/\/alpha-calcit.net\/it\/wp-json\/wp\/v2\/media?parent=15821"}],"curies":[{"name":"wp","href":"https:\/\/api.w.org\/{rel}","templated":true}]}}