{"id":16827,"date":"2025-10-07T08:36:14","date_gmt":"2025-10-07T06:36:14","guid":{"rendered":"https:\/\/alpha-calcit.net\/pellicole-traspiranti-2\/"},"modified":"2025-10-07T08:36:49","modified_gmt":"2025-10-07T06:36:49","slug":"pellicole-traspiranti-2","status":"publish","type":"page","link":"https:\/\/alpha-calcit.net\/it\/pellicole-traspiranti-2\/","title":{"rendered":"Pellicole traspiranti"},"content":{"rendered":"<p>[et_pb_section fb_built=&#8221;1&#8243; next_background_color=&#8221;#f7f7f7&#8243; admin_label=&#8221;Hero&#8221; _builder_version=&#8221;4.16&#8243; use_background_color_gradient=&#8221;on&#8221; background_color_gradient_direction=&#8221;70deg&#8221; background_color_gradient_stops=&#8221;rgba(40,61,75,0.3) 0%|rgba(128,103,79,0.22) 100%&#8221; background_color_gradient_overlays_image=&#8221;on&#8221; background_color_gradient_start=&#8221;rgba(40,61,75,0.3)&#8221; background_color_gradient_end=&#8221;rgba(128,103,79,0.22)&#8221; background_image=&#8221;https:\/\/alpha-calcit.net\/wp-content\/uploads\/2022\/09\/Atmungsaktive-Folien-e1685000435485.jpg&#8221; custom_margin=&#8221;|||&#8221; custom_padding=&#8221;6vw|||&#8221; bottom_divider_style=&#8221;mountains2&#8243; bottom_divider_height=&#8221;20vw&#8221; bottom_divider_repeat=&#8221;0.5x&#8221; bottom_divider_flip=&#8221;horizontal|vertical&#8221; animation_style=&#8221;zoom&#8221; global_colors_info=&#8221;{}&#8221;][et_pb_row _builder_version=&#8221;4.16&#8243; custom_margin=&#8221;|||&#8221; custom_padding=&#8221;27px|0px|0|0px|false|false&#8221; global_colors_info=&#8221;{}&#8221;][et_pb_column type=&#8221;4_4&#8243; _builder_version=&#8221;4.16&#8243; custom_padding=&#8221;|||&#8221; global_colors_info=&#8221;{}&#8221; custom_padding__hover=&#8221;|||&#8221;][et_pb_text _builder_version=&#8221;4.27.3&#8243; text_font=&#8221;||||||||&#8221; header_font=&#8221;|700|||||||&#8221; header_text_color=&#8221;#ffffff&#8221; header_font_size=&#8221;90px&#8221; header_line_height=&#8221;1.4em&#8221; header_2_font=&#8221;Josefin Sans||||||||&#8221; header_2_text_color=&#8221;rgba(255,255,255,0.6)&#8221; header_2_font_size=&#8221;32px&#8221; header_2_line_height=&#8221;1.4em&#8221; background_layout=&#8221;dark&#8221; animation_style=&#8221;slide&#8221; animation_direction=&#8221;right&#8221; animation_intensity_slide=&#8221;4%&#8221; header_font_size_tablet=&#8221;50px&#8221; header_font_size_phone=&#8221;32px&#8221; header_font_size_last_edited=&#8221;on|desktop&#8221; header_2_font_size_tablet=&#8221;&#8221; header_2_font_size_phone=&#8221;24px&#8221; header_2_font_size_last_edited=&#8221;on|phone&#8221; header_text_shadow_style=&#8221;preset3&#8243; header_text_shadow_color=&#8221;#000000&#8243; global_colors_info=&#8221;{}&#8221;]<\/p>\n<h1>Pellicole traspiranti<\/h1>\n<div id=\"gtx-trans\" style=\"position: absolute; left: 159px; top: 7px;\">\n<div class=\"gtx-trans-icon\"> <\/div>\n<\/div>\n<p>[\/et_pb_text][\/et_pb_column][\/et_pb_row][et_pb_row column_structure=&#8221;1_2,1_2&#8243; _builder_version=&#8221;4.16&#8243; custom_padding=&#8221;0|0px|27px|0px|false|false&#8221; locked=&#8221;off&#8221; global_colors_info=&#8221;{}&#8221;][et_pb_column type=&#8221;1_2&#8243; _builder_version=&#8221;4.16&#8243; custom_padding=&#8221;|||&#8221; global_colors_info=&#8221;{}&#8221; custom_padding__hover=&#8221;|||&#8221;][et_pb_text admin_label=&#8221;Text&#8221; _builder_version=&#8221;4.16&#8243; global_colors_info=&#8221;{}&#8221;][\/et_pb_text][\/et_pb_column][et_pb_column type=&#8221;1_2&#8243; _builder_version=&#8221;4.16&#8243; custom_padding=&#8221;|||&#8221; global_colors_info=&#8221;{}&#8221; custom_padding__hover=&#8221;|||&#8221;][et_pb_button button_url=&#8221;#Bereiche&#8221; button_text=&#8221;Scopri le varianti di prodotto&#8230;&#8221; button_alignment=&#8221;right&#8221; _builder_version=&#8221;4.16&#8243; _module_preset=&#8221;default&#8221; custom_button=&#8221;on&#8221; button_text_size=&#8221;23px&#8221; button_text_color=&#8221;#FFFFFF&#8221; button_bg_color=&#8221;#00478A&#8221; button_border_width=&#8221;0px&#8221; button_border_color=&#8221;#00478A&#8221; button_border_radius=&#8221;100px&#8221; button_font=&#8221;|700|||||||&#8221; animation_style=&#8221;slide&#8221; animation_intensity_slide=&#8221;8%&#8221; box_shadow_style=&#8221;preset3&#8243; box_shadow_blur=&#8221;20px&#8221; box_shadow_spread=&#8221;-10px&#8221; global_colors_info=&#8221;{}&#8221;][\/et_pb_button][\/et_pb_column][\/et_pb_row][et_pb_row use_custom_gutter=&#8221;on&#8221; gutter_width=&#8221;1&#8243; disabled_on=&#8221;on|off|off&#8221; module_class=&#8221; et_pb_row_fullwidth&#8221; _builder_version=&#8221;4.16&#8243; width=&#8221;100%&#8221; width_tablet=&#8221;100%&#8221; width_phone=&#8221;&#8221; width_last_edited=&#8221;on|desktop&#8221; max_width=&#8221;100%&#8221; max_width_tablet=&#8221;100%&#8221; max_width_phone=&#8221;&#8221; max_width_last_edited=&#8221;on|desktop&#8221; make_fullwidth=&#8221;on&#8221; locked=&#8221;off&#8221; global_colors_info=&#8221;{}&#8221;][et_pb_column type=&#8221;4_4&#8243; _builder_version=&#8221;4.16&#8243; custom_padding=&#8221;|||&#8221; global_colors_info=&#8221;{}&#8221; custom_padding__hover=&#8221;|||&#8221;][\/et_pb_column][\/et_pb_row][\/et_pb_section][et_pb_section fb_built=&#8221;1&#8243; custom_padding_last_edited=&#8221;off|desktop&#8221; admin_label=&#8221;Services&#8221; _builder_version=&#8221;4.16&#8243; background_color=&#8221;#f7f7f7&#8243; custom_padding=&#8221;|||&#8221; global_colors_info=&#8221;{}&#8221;][et_pb_row admin_label=&#8221;Area del contenuto&#8221; _builder_version=&#8221;4.16&#8243; global_colors_info=&#8221;{}&#8221;][et_pb_column type=&#8221;4_4&#8243; _builder_version=&#8221;4.16&#8243; custom_padding=&#8221;|||&#8221; global_colors_info=&#8221;{}&#8221; custom_padding__hover=&#8221;|||&#8221;][et_pb_text admin_label=&#8221;Text&#8221; _builder_version=&#8221;4.16&#8243; text_font=&#8221;||||||||&#8221; text_font_size=&#8221;18px&#8221; text_line_height=&#8221;1.8em&#8221; header_font=&#8221;||||||||&#8221; header_text_color=&#8221;rgba(0,0,0,0)&#8221; header_2_font=&#8221;Josefin Sans|700|||||||&#8221; header_2_font_size=&#8221;48px&#8221; header_2_line_height=&#8221;1.4em&#8221; header_3_font=&#8221;Josefin Sans|700||on|||||&#8221; header_3_text_color=&#8221;rgba(43,51,68,0.2)&#8221; text_orientation=&#8221;justified&#8221; max_width=&#8221;1024px&#8221; module_alignment=&#8221;center&#8221; custom_margin=&#8221;|||&#8221; custom_padding=&#8221;|||&#8221; header_2_font_size_tablet=&#8221;&#8221; header_2_font_size_phone=&#8221;24px&#8221; header_2_font_size_last_edited=&#8221;on|phone&#8221; header_2_line_height_tablet=&#8221;1.4em&#8221; header_2_line_height_last_edited=&#8221;off|desktop&#8221; locked=&#8221;off&#8221; global_colors_info=&#8221;{}&#8221;]<\/p>\n<p>Sono state sviluppate molte nuove materie plastiche a base polimerica per applicazioni in vari tipi di pellicole, adesivi e sigillanti, che reagiscono molto pi\u00f9 velocemente rispetto al passato.<\/p>\n<p>I carbonati di calcio convenzionali, a causa della loro percentuale di &gt; 0,2% di umidit\u00e0, portano a reazioni secondarie con il polimero o con gli additivi, il che riduce la durata di tali prodotti.<\/p>\n<p>Per offrire una vera alternativa per tali applicazioni, \u00e8 stata sviluppata la serie di prodotti <span style=\"color: #00478a;\"><br \/>\n  <strong><br \/>\n    <em>CALCIPLAST<\/em><br \/>\n  <\/strong><br \/>\n  <strong><br \/>\n    <em>\u00ae<\/em><br \/>\n  <\/strong><br \/>\n<\/span> per pellicole traspiranti, che presenta un contenuto di umidit\u00e0 minimizzato di solo lo 0,1*%. L&#8217;elevata portata risultante porta a una lavorazione pi\u00f9 rapida e a un risparmio sui costi. (*misurato durante la produzione)  <\/p>\n<p>Grazie alla sua stabilit\u00e0 termica fino a oltre 270 \u00b0C, questa serie di prodotti \u00e8 particolarmente adatta per pellicole in PE e PP, nonch\u00e9 per pellicole traspiranti, e si distingue inoltre per un elevato grado di bianco e una buona stampabilit\u00e0, oltre a una piccola dimensione delle particelle.<\/p>\n<p>[\/et_pb_text][\/et_pb_column][\/et_pb_row][\/et_pb_section][et_pb_section fb_built=&#8221;1&#8243; disabled_on=&#8221;off|off|off&#8221; admin_label=&#8221;6-er Auswahl&#8221; module_id=&#8221;Aree&#8221; _builder_version=&#8221;4.16&#8243; background_enable_image=&#8221;off&#8221; background_position=&#8221;top_left&#8221; custom_margin=&#8221;0px||||false|false&#8221; custom_padding=&#8221;0px||||false|false&#8221; global_colors_info=&#8221;{}&#8221;][et_pb_row _builder_version=&#8221;4.16&#8243; _module_preset=&#8221;default&#8221; custom_padding=&#8221;50px||||false|false&#8221; global_colors_info=&#8221;{}&#8221;][et_pb_column type=&#8221;4_4&#8243; _builder_version=&#8221;4.16&#8243; _module_preset=&#8221;default&#8221; global_colors_info=&#8221;{}&#8221;][et_pb_text admin_label=&#8221;Text&#8221; _builder_version=&#8221;4.16&#8243; _module_preset=&#8221;default&#8221; global_colors_info=&#8221;{}&#8221;]<\/p>\n<h2 style=\"text-align: center;\"><strong><span style=\"color: #00478a;\">Varianti di prodotto<\/span><\/strong><\/h2>\n<div id=\"gtx-trans\" style=\"position: absolute; left: 118px; top: 72.5781px;\">\n<div class=\"gtx-trans-icon\"> <\/div>\n<\/div>\n<p>[\/et_pb_text][\/et_pb_column][\/et_pb_row][et_pb_row _builder_version=&#8221;4.16&#8243; _module_preset=&#8221;default&#8221; global_colors_info=&#8221;{}&#8221;][et_pb_column type=&#8221;4_4&#8243; _builder_version=&#8221;4.16&#8243; _module_preset=&#8221;default&#8221; global_colors_info=&#8221;{}&#8221;][dvmd_table_maker tbl_row_header_count=&#8221;0&#8243; admin_label=&#8221;Table Maker&#8221; _builder_version=&#8221;4.16&#8243; _module_preset=&#8221;default&#8221; global_colors_info=&#8221;{}&#8221;][dvmd_table_maker_item col_label=&#8221;Produktlinie&#8221; col_content=&#8221;Produktlinie <strong><em>CALCIPLAST<sup>\u00ae<\/sup><\/em><\/strong>   &#8221; col_column_max_width=&#8221;1fr&#8221; col_chead_cell_color=&#8221;#022d64&#8243; _builder_version=&#8221;4.16&#8243; _module_preset=&#8221;default&#8221; col_tcell_text_text_color=&#8221;#000000&#8243; col_chead_text_font=&#8221;|700|||||||&#8221; col_chead_text_text_color=&#8221;#FFFFFF&#8221; global_colors_info=&#8221;{}&#8221;][\/dvmd_table_maker_item][dvmd_table_maker_item col_label=&#8221;Variante&#8221; col_content=&#8221;Variante <strong><em>CALCIPLAST<sup>\u00ae<\/sup>2 HS<\/em><\/strong> <strong><em>CALCIPLAST<sup>\u00ae<\/sup> f\u00fcr atmungsaktive Folien<\/em><\/strong>&#8221; col_column_max_width=&#8221;1fr&#8221; col_chead_cell_color=&#8221;#022d64&#8243; _builder_version=&#8221;4.16&#8243; _module_preset=&#8221;default&#8221; col_tcell_text_text_color=&#8221;#000000&#8243; col_chead_text_font=&#8221;|700|||||||&#8221; col_chead_text_text_color=&#8221;#FFFFFF&#8221; global_colors_info=&#8221;{}&#8221;][\/dvmd_table_maker_item][dvmd_table_maker_item col_label=&#8221;Basis&#8221; col_content=&#8221;Basis Calciumcarbonat Calciumcarbonat&#8221; col_column_max_width=&#8221;1fr&#8221; col_chead_cell_color=&#8221;#022d64&#8243; _builder_version=&#8221;4.16&#8243; _module_preset=&#8221;default&#8221; col_tcell_text_text_color=&#8221;#000000&#8243; col_chead_text_font=&#8221;|700|||||||&#8221; col_chead_text_text_color=&#8221;#FFFFFF&#8221; global_colors_info=&#8221;{}&#8221;][\/dvmd_table_maker_item][dvmd_table_maker_item col_label=&#8221;Eigenschaften\/Beschreibung&#8221; col_content=&#8221;Eigenschaften\/Beschreibung besonders feink\u00f6rnig\/ geringe Feuchtigkeit\/ verbesserte Rheologie + hohe Flie\u00dfspanne \/ keine Nebenreaktionen aufgrund von Oberfl\u00e4chenwasser \/ Restfeuchtigkeitsgehalt: 0,1 *% \/ (*gemessen bei Produktion) \/bestens geeignet f\u00fcr reaktive Polymersysteme feink\u00f6rnige Partikelgr\u00f6\u00dfe von 2 \u00b5m\/ Restfeuchtigkeitsgehalt: 0,1 *% \/ (*gemessen bei Produktion) \/ thermisch stabil bis \u00fcber 270 \u00b0C \/ besonders geeignet f\u00fcr PE- \/PP- und atmungsaktive Folien \/ verbessert die Folien-Dehnbarkeit und -Bedruckbarkeit&#8221; col_column_max_width=&#8221;3fr&#8221; col_chead_cell_color=&#8221;#022d64&#8243; _builder_version=&#8221;4.16&#8243; _module_preset=&#8221;default&#8221; col_tcell_text_text_color=&#8221;#000000&#8243; col_chead_text_font=&#8221;|700|||||||&#8221; col_chead_text_text_color=&#8221;#FFFFFF&#8221; global_colors_info=&#8221;{}&#8221;][\/dvmd_table_maker_item][dvmd_table_maker_item col_label=&#8221;Download Datenblatt&#8221; col_content=&#8221;Download Datenblatt <a href=\"%22https:\/\/alpha-calcit.net\/wp-content\/uploads\/2022\/10\/Application-leaflet_CALCIPLAST-2-HS-for-sealants-adhesives.pdf%22\"><img decoding=\"async\" src=\"%22https:\/\/alpha-calcit.net\/wp-content\/uploads\/2022\/09\/download-icon.png%22\"\/><\/a> <a href=\"%22https:\/\/alpha-calcit.net\/wp-content\/uploads\/2022\/10\/Application-leaflet_CALCIPLAST-for-breathable-films.pdf%22\"><img decoding=\"async\" src=\"%22https:\/\/alpha-calcit.net\/wp-content\/uploads\/2022\/09\/download-icon.png%22\"\/><\/a>&#8221; col_column_max_width=&#8221;0.3fr&#8221; col_chead_cell_color=&#8221;#022d64&#8243; _builder_version=&#8221;4.16&#8243; _module_preset=&#8221;default&#8221; col_tcell_text_text_color=&#8221;#000000&#8243; col_chead_text_font=&#8221;|700|||||||&#8221; col_chead_text_text_color=&#8221;#FFFFFF&#8221; global_colors_info=&#8221;{}&#8221;][\/dvmd_table_maker_item][\/dvmd_table_maker][\/et_pb_column][\/et_pb_row][\/et_pb_section][et_pb_section fb_built=&#8221;1&#8243; admin_label=&#8221;Footer1&#8243; _builder_version=&#8221;4.16&#8243; background_color=&#8221;#022D64&#8243; custom_padding=&#8221;|||&#8221; saved_tabs=&#8221;all&#8221; global_colors_info=&#8221;{}&#8221;][et_pb_row use_custom_gutter=&#8221;on&#8221; gutter_width=&#8221;2&#8243; module_id=&#8221;kontakt&#8221; _builder_version=&#8221;4.16&#8243; background_enable_color=&#8221;off&#8221; max_width=&#8221;1440px&#8221; use_custom_width=&#8221;on&#8221; custom_width_px=&#8221;1440px&#8221; locked=&#8221;off&#8221; global_colors_info=&#8221;{}&#8221;][et_pb_column type=&#8221;4_4&#8243; _builder_version=&#8221;4.16&#8243; custom_padding=&#8221;|||&#8221; global_colors_info=&#8221;{}&#8221; custom_padding__hover=&#8221;|||&#8221;][et_pb_menu menu_id=&#8221;9&#8243; menu_style=&#8221;centered&#8221; active_link_color=&#8221;#ffffff&#8221; dropdown_menu_bg_color=&#8221;#00478a&#8221; dropdown_menu_line_color=&#8221;#00478a&#8221; dropdown_menu_text_color=&#8221;#ffffff&#8221; dropdown_menu_active_link_color=&#8221;#ffffff&#8221; mobile_menu_bg_color=&#8221;#00478a&#8221; mobile_menu_text_color=&#8221;#ffffff&#8221; logo=&#8221;https:\/\/alpha-calcit.net\/wp-content\/uploads\/2020\/06\/alpha_logo-300&#215;87-1.png&#8221; _builder_version=&#8221;4.16&#8243; menu_text_color=&#8221;#ffffff&#8221; background_color=&#8221;rgba(0,0,0,0)&#8221; background_layout=&#8221;dark&#8221; global_colors_info=&#8221;{}&#8221;][\/et_pb_menu][\/et_pb_column][\/et_pb_row][et_pb_row use_custom_gutter=&#8221;on&#8221; gutter_width=&#8221;2&#8243; module_id=&#8221;kontakt&#8221; _builder_version=&#8221;4.16&#8243; background_enable_color=&#8221;off&#8221; max_width=&#8221;1440px&#8221; use_custom_width=&#8221;on&#8221; custom_width_px=&#8221;1440px&#8221; locked=&#8221;off&#8221; global_colors_info=&#8221;{}&#8221;][et_pb_column type=&#8221;4_4&#8243; _builder_version=&#8221;4.16&#8243; custom_padding=&#8221;|||&#8221; global_colors_info=&#8221;{}&#8221; custom_padding__hover=&#8221;|||&#8221;][\/et_pb_column][\/et_pb_row][\/et_pb_section]<\/p>\n","protected":false},"excerpt":{"rendered":"<p>Pellicole traspiranti Sono state sviluppate molte nuove materie plastiche a base polimerica per applicazioni in vari tipi di pellicole, adesivi e sigillanti, che reagiscono molto pi\u00f9 velocemente rispetto al passato. I carbonati di calcio convenzionali, a causa della loro percentuale di &gt; 0,2% di umidit\u00e0, portano a reazioni secondarie con il polimero o con gli [&hellip;]<\/p>\n","protected":false},"author":8,"featured_media":0,"parent":0,"menu_order":0,"comment_status":"closed","ping_status":"closed","template":"","meta":{"_et_pb_use_builder":"on","_et_pb_old_content":"","_et_gb_content_width":"","footnotes":""},"class_list":["post-16827","page","type-page","status-publish","hentry"],"yoast_head":"<!-- This site is optimized with the Yoast SEO plugin v27.3 - https:\/\/yoast.com\/product\/yoast-seo-wordpress\/ -->\n<title>Pellicole traspiranti - Alpha Calcit<\/title>\n<meta name=\"description\" content=\"Scopri i filler con contenuto di umidit\u00e0 minimizzato per migliorare la durata delle pellicole traspiranti in PE e PP.\" \/>\n<meta name=\"robots\" content=\"index, follow, max-snippet:-1, max-image-preview:large, max-video-preview:-1\" \/>\n<link rel=\"canonical\" href=\"https:\/\/alpha-calcit.net\/it\/pellicole-traspiranti-2\/\" \/>\n<meta property=\"og:locale\" content=\"it_IT\" \/>\n<meta property=\"og:type\" content=\"article\" \/>\n<meta property=\"og:title\" content=\"Pellicole traspiranti - Alpha Calcit\" \/>\n<meta property=\"og:description\" content=\"Scopri i filler con contenuto di umidit\u00e0 minimizzato per migliorare la durata delle pellicole traspiranti in PE e PP.\" \/>\n<meta property=\"og:url\" content=\"https:\/\/alpha-calcit.net\/it\/pellicole-traspiranti-2\/\" \/>\n<meta property=\"og:site_name\" content=\"Alpha Calcit\" \/>\n<meta property=\"article:modified_time\" content=\"2025-10-07T06:36:49+00:00\" \/>\n<meta name=\"twitter:card\" content=\"summary_large_image\" \/>\n<script type=\"application\/ld+json\" class=\"yoast-schema-graph\">{\"@context\":\"https:\\\/\\\/schema.org\",\"@graph\":[{\"@type\":\"WebPage\",\"@id\":\"https:\\\/\\\/alpha-calcit.net\\\/it\\\/pellicole-traspiranti-2\\\/\",\"url\":\"https:\\\/\\\/alpha-calcit.net\\\/it\\\/pellicole-traspiranti-2\\\/\",\"name\":\"Pellicole traspiranti - Alpha Calcit\",\"isPartOf\":{\"@id\":\"https:\\\/\\\/alpha-calcit.net\\\/it\\\/#website\"},\"datePublished\":\"2025-10-07T06:36:14+00:00\",\"dateModified\":\"2025-10-07T06:36:49+00:00\",\"description\":\"Scopri i filler con contenuto di umidit\u00e0 minimizzato per migliorare la durata delle pellicole traspiranti in PE e PP.\",\"breadcrumb\":{\"@id\":\"https:\\\/\\\/alpha-calcit.net\\\/it\\\/pellicole-traspiranti-2\\\/#breadcrumb\"},\"inLanguage\":\"it-IT\",\"potentialAction\":[{\"@type\":\"ReadAction\",\"target\":[\"https:\\\/\\\/alpha-calcit.net\\\/it\\\/pellicole-traspiranti-2\\\/\"]}]},{\"@type\":\"BreadcrumbList\",\"@id\":\"https:\\\/\\\/alpha-calcit.net\\\/it\\\/pellicole-traspiranti-2\\\/#breadcrumb\",\"itemListElement\":[{\"@type\":\"ListItem\",\"position\":1,\"name\":\"Startseite\",\"item\":\"https:\\\/\\\/alpha-calcit.net\\\/it\\\/\"},{\"@type\":\"ListItem\",\"position\":2,\"name\":\"Pellicole traspiranti\"}]},{\"@type\":\"WebSite\",\"@id\":\"https:\\\/\\\/alpha-calcit.net\\\/it\\\/#website\",\"url\":\"https:\\\/\\\/alpha-calcit.net\\\/it\\\/\",\"name\":\"Alpha Calcit\",\"description\":\"\",\"publisher\":{\"@id\":\"https:\\\/\\\/alpha-calcit.net\\\/it\\\/#organization\"},\"potentialAction\":[{\"@type\":\"SearchAction\",\"target\":{\"@type\":\"EntryPoint\",\"urlTemplate\":\"https:\\\/\\\/alpha-calcit.net\\\/it\\\/?s={search_term_string}\"},\"query-input\":{\"@type\":\"PropertyValueSpecification\",\"valueRequired\":true,\"valueName\":\"search_term_string\"}}],\"inLanguage\":\"it-IT\"},{\"@type\":\"Organization\",\"@id\":\"https:\\\/\\\/alpha-calcit.net\\\/it\\\/#organization\",\"name\":\"Alpha Calcit F\u00fcllstoff Gesellschaft mbH & Co. KG\",\"alternateName\":\"Alpha Calcit\",\"url\":\"https:\\\/\\\/alpha-calcit.net\\\/it\\\/\",\"logo\":{\"@type\":\"ImageObject\",\"inLanguage\":\"it-IT\",\"@id\":\"https:\\\/\\\/alpha-calcit.net\\\/it\\\/#\\\/schema\\\/logo\\\/image\\\/\",\"url\":\"https:\\\/\\\/alpha-calcit.net\\\/wp-content\\\/uploads\\\/2022\\\/07\\\/alpha-512px.png\",\"contentUrl\":\"https:\\\/\\\/alpha-calcit.net\\\/wp-content\\\/uploads\\\/2022\\\/07\\\/alpha-512px.png\",\"width\":512,\"height\":512,\"caption\":\"Alpha Calcit F\u00fcllstoff Gesellschaft mbH & Co. KG\"},\"image\":{\"@id\":\"https:\\\/\\\/alpha-calcit.net\\\/it\\\/#\\\/schema\\\/logo\\\/image\\\/\"},\"sameAs\":[\"https:\\\/\\\/www.linkedin.com\\\/company\\\/106003634\"]}]}<\/script>\n<!-- \/ Yoast SEO plugin. -->","yoast_head_json":{"title":"Pellicole traspiranti - Alpha Calcit","description":"Scopri i filler con contenuto di umidit\u00e0 minimizzato per migliorare la durata delle pellicole traspiranti in PE e PP.","robots":{"index":"index","follow":"follow","max-snippet":"max-snippet:-1","max-image-preview":"max-image-preview:large","max-video-preview":"max-video-preview:-1"},"canonical":"https:\/\/alpha-calcit.net\/it\/pellicole-traspiranti-2\/","og_locale":"it_IT","og_type":"article","og_title":"Pellicole traspiranti - Alpha Calcit","og_description":"Scopri i filler con contenuto di umidit\u00e0 minimizzato per migliorare la durata delle pellicole traspiranti in PE e PP.","og_url":"https:\/\/alpha-calcit.net\/it\/pellicole-traspiranti-2\/","og_site_name":"Alpha Calcit","article_modified_time":"2025-10-07T06:36:49+00:00","twitter_card":"summary_large_image","schema":{"@context":"https:\/\/schema.org","@graph":[{"@type":"WebPage","@id":"https:\/\/alpha-calcit.net\/it\/pellicole-traspiranti-2\/","url":"https:\/\/alpha-calcit.net\/it\/pellicole-traspiranti-2\/","name":"Pellicole traspiranti - Alpha Calcit","isPartOf":{"@id":"https:\/\/alpha-calcit.net\/it\/#website"},"datePublished":"2025-10-07T06:36:14+00:00","dateModified":"2025-10-07T06:36:49+00:00","description":"Scopri i filler con contenuto di umidit\u00e0 minimizzato per migliorare la durata delle pellicole traspiranti in PE e PP.","breadcrumb":{"@id":"https:\/\/alpha-calcit.net\/it\/pellicole-traspiranti-2\/#breadcrumb"},"inLanguage":"it-IT","potentialAction":[{"@type":"ReadAction","target":["https:\/\/alpha-calcit.net\/it\/pellicole-traspiranti-2\/"]}]},{"@type":"BreadcrumbList","@id":"https:\/\/alpha-calcit.net\/it\/pellicole-traspiranti-2\/#breadcrumb","itemListElement":[{"@type":"ListItem","position":1,"name":"Startseite","item":"https:\/\/alpha-calcit.net\/it\/"},{"@type":"ListItem","position":2,"name":"Pellicole traspiranti"}]},{"@type":"WebSite","@id":"https:\/\/alpha-calcit.net\/it\/#website","url":"https:\/\/alpha-calcit.net\/it\/","name":"Alpha Calcit","description":"","publisher":{"@id":"https:\/\/alpha-calcit.net\/it\/#organization"},"potentialAction":[{"@type":"SearchAction","target":{"@type":"EntryPoint","urlTemplate":"https:\/\/alpha-calcit.net\/it\/?s={search_term_string}"},"query-input":{"@type":"PropertyValueSpecification","valueRequired":true,"valueName":"search_term_string"}}],"inLanguage":"it-IT"},{"@type":"Organization","@id":"https:\/\/alpha-calcit.net\/it\/#organization","name":"Alpha Calcit F\u00fcllstoff Gesellschaft mbH & Co. KG","alternateName":"Alpha Calcit","url":"https:\/\/alpha-calcit.net\/it\/","logo":{"@type":"ImageObject","inLanguage":"it-IT","@id":"https:\/\/alpha-calcit.net\/it\/#\/schema\/logo\/image\/","url":"https:\/\/alpha-calcit.net\/wp-content\/uploads\/2022\/07\/alpha-512px.png","contentUrl":"https:\/\/alpha-calcit.net\/wp-content\/uploads\/2022\/07\/alpha-512px.png","width":512,"height":512,"caption":"Alpha Calcit F\u00fcllstoff Gesellschaft mbH & Co. KG"},"image":{"@id":"https:\/\/alpha-calcit.net\/it\/#\/schema\/logo\/image\/"},"sameAs":["https:\/\/www.linkedin.com\/company\/106003634"]}]}},"_links":{"self":[{"href":"https:\/\/alpha-calcit.net\/it\/wp-json\/wp\/v2\/pages\/16827","targetHints":{"allow":["GET"]}}],"collection":[{"href":"https:\/\/alpha-calcit.net\/it\/wp-json\/wp\/v2\/pages"}],"about":[{"href":"https:\/\/alpha-calcit.net\/it\/wp-json\/wp\/v2\/types\/page"}],"author":[{"embeddable":true,"href":"https:\/\/alpha-calcit.net\/it\/wp-json\/wp\/v2\/users\/8"}],"replies":[{"embeddable":true,"href":"https:\/\/alpha-calcit.net\/it\/wp-json\/wp\/v2\/comments?post=16827"}],"version-history":[{"count":6,"href":"https:\/\/alpha-calcit.net\/it\/wp-json\/wp\/v2\/pages\/16827\/revisions"}],"predecessor-version":[{"id":16834,"href":"https:\/\/alpha-calcit.net\/it\/wp-json\/wp\/v2\/pages\/16827\/revisions\/16834"}],"wp:attachment":[{"href":"https:\/\/alpha-calcit.net\/it\/wp-json\/wp\/v2\/media?parent=16827"}],"curies":[{"name":"wp","href":"https:\/\/api.w.org\/{rel}","templated":true}]}}